{"id":7785,"date":"2026-01-22T12:59:56","date_gmt":"2026-01-22T20:59:56","guid":{"rendered":"https:\/\/lemonlaws.com\/?page_id=7785"},"modified":"2026-01-22T12:59:56","modified_gmt":"2026-01-22T20:59:56","slug":"john-myers","status":"publish","type":"page","link":"https:\/\/lemonlaws.com\/es\/attorneys\/john-myers\/","title":{"rendered":"John Myers"},"content":{"rendered":"<div class=\"wpb-content-wrapper\"><div class=\"vc_row wpb_row cta-row dark1\"><div class=\"container\"><div class=\"wpb_column vc_column_container vc_col-sm-12\"><div class=\"vc_column-inner\"><div class=\"wpb_wrapper\">\n\t<div class=\"wpb_text_column wpb_content_element  mb0\" >\n\t\t<div class=\"wpb_wrapper\">\n\t\t\t<h3>Evaluamos su caso gratis y sin honorarios<\/h3>\n<!-- HFCM by 99 Robots - Snippet # 19: National &quot;See if You Qualify&quot; Button (EN+ES) -->\n<div data-tf-live=\"01JEEWYR1ZCXMY8M6WGKZTQK4Z\"><\/div><script src=\"\/\/embed.typeform.com\/next\/embed.js\"><\/script>\n<!-- \/end HFCM by 99 Robots -->\n\n\n\t\t<\/div>\n\t<\/div>\n<\/div><\/div><\/div><\/div><\/div><div class=\"vc_row wpb_row fifty-fifty image-left light11 individual-lawyer\"><div class=\"container\"><div class=\"andrea-column wpb_column vc_column_container vc_col-sm-6\"><div class=\"vc_column-inner\"><div class=\"wpb_wrapper\">\n\t<div class=\"wpb_text_column wpb_content_element  mb0\" >\n\t\t<div class=\"wpb_wrapper\">\n\t\t\t<p><img decoding=\"async\" class=\"aligncenter wp-image-7794 size-full\" src=\"https:\/\/lemonlaws.com\/wp-content\/uploads\/2026\/01\/John-Myers-Senior-Counsel-v2-1920-x-1920.png\" alt=\"John Myers, Consejero Principal\" width=\"1920\" height=\"1920\" srcset=\"https:\/\/lemonlaws.com\/wp-content\/uploads\/2026\/01\/John-Myers-Senior-Counsel-v2-1920-x-1920.png 1920w, https:\/\/lemonlaws.com\/wp-content\/uploads\/2026\/01\/John-Myers-Senior-Counsel-v2-1920-x-1920-300x300.png 300w, https:\/\/lemonlaws.com\/wp-content\/uploads\/2026\/01\/John-Myers-Senior-Counsel-v2-1920-x-1920-1024x1024.png 1024w, https:\/\/lemonlaws.com\/wp-content\/uploads\/2026\/01\/John-Myers-Senior-Counsel-v2-1920-x-1920-150x150.png 150w, https:\/\/lemonlaws.com\/wp-content\/uploads\/2026\/01\/John-Myers-Senior-Counsel-v2-1920-x-1920-768x768.png 768w, https:\/\/lemonlaws.com\/wp-content\/uploads\/2026\/01\/John-Myers-Senior-Counsel-v2-1920-x-1920-1536x1536.png 1536w, https:\/\/lemonlaws.com\/wp-content\/uploads\/2026\/01\/John-Myers-Senior-Counsel-v2-1920-x-1920-12x12.png 12w, https:\/\/lemonlaws.com\/wp-content\/uploads\/2026\/01\/John-Myers-Senior-Counsel-v2-1920-x-1920-75x75.png 75w, https:\/\/lemonlaws.com\/wp-content\/uploads\/2026\/01\/John-Myers-Senior-Counsel-v2-1920-x-1920-1568x1568.png 1568w\" sizes=\"(max-width: 1920px) 100vw, 1920px\" \/><\/p>\n\n\t\t<\/div>\n\t<\/div>\n<\/div><\/div><\/div><div class=\"wpb_column vc_column_container vc_col-sm-6\"><div class=\"vc_column-inner\"><div class=\"wpb_wrapper\">\n\t<div class=\"wpb_text_column wpb_content_element  mb0\" >\n\t\t<div class=\"wpb_wrapper\">\n\t\t\t<h4 style=\"text-align: left;\">John Myers, Esq.<\/h4>\n<hr class=\"line fw-line\" \/>\n<p>John Myers es Consejero Principal de <a href=\"https:\/\/plsfirm.com\/\">Prestige Legal Solutions, P.C.<\/a>, donde se centra en representar a los consumidores de California en litigios complejos relacionados con la ley del lim\u00f3n. Ha llevado con \u00e9xito miles de casos en nombre de particulares que reclaman contra los principales fabricantes de autom\u00f3viles.<\/p>\n<p>John es licenciado en Filolog\u00eda Inglesa por la <a href=\"https:\/\/www.gcc.edu\/\">Colegio Grove City<\/a> y su Doctorado en Derecho por la <a href=\"https:\/\/www.sandiego.edu\/law\/\">Facultad de Derecho de la Universidad de San Diego<\/a>. Mientras estudiaba Derecho, hizo pr\u00e1cticas en la Oficina del Asesor Jur\u00eddico Jefe del Servicio de Impuestos Internos (IRS), donde apoy\u00f3 los esfuerzos de litigaci\u00f3n federal en nombre de la agencia. Despu\u00e9s de graduarse, John se centr\u00f3 en la defensa de los consumidores y se uni\u00f3 a uno de los mayores bufetes de abogados demandantes en San Diego, donde adquiri\u00f3 una amplia experiencia litigando casos de defectos de veh\u00edculos.<\/p>\n<p>En la actualidad, John aporta un enfoque experimentado y centrado en el cliente a cada asunto que trata, combinando una visi\u00f3n estrat\u00e9gica con un profundo conocimiento de las leyes de protecci\u00f3n del consumidor de California.<\/p>\n<p>ADMISIONES<\/p>\n<ul>\n<li><a title=\"null\" href=\"https:\/\/apps.calbar.ca.gov\/attorney\/Licensee\/Detail\/317633\" target=\"_blank\" rel=\"noopener\">Colegio de Abogados del Estado de California #317633<\/a><\/li>\n<li><a href=\"https:\/\/www.cacd.uscourts.gov\/\">Tribunal de Distrito de EE.UU., Distrito Central de California<\/a><\/li>\n<li><a class=\"in-cell-link\" href=\"https:\/\/www.casd.uscourts.gov\/\" target=\"_blank\" rel=\"noopener\">Tribunal de Distrito de EE.UU., Distrito Sur de California<\/a><\/li>\n<\/ul>\n<p>&nbsp;<\/p>\n<p>EDUCACI\u00d3N<\/p>\n<ul>\n<li><a href=\"https:\/\/www.gcc.edu\/\">Colegio Grove City<\/a><\/li>\n<li><a href=\"https:\/\/www.sandiego.edu\/law\/\">Facultad de Derecho de la Universidad de San Diego<\/a><\/li>\n<\/ul>\n\n\t\t<\/div>\n\t<\/div>\n<\/div><\/div><\/div><\/div><\/div><div class=\"vc_row wpb_row cta-row dark1\"><div class=\"container\"><div class=\"wpb_column vc_column_container vc_col-sm-12\"><div class=\"vc_column-inner\"><div class=\"wpb_wrapper\">\n\t<div class=\"wpb_text_column wpb_content_element  mb0\" >\n\t\t<div class=\"wpb_wrapper\">\n\t\t\t<h3>\u00bfEs su VEH\u00cdCULO un \"lim\u00f3n\"? \u00a1Aver\u00edg\u00fcelo ahora!<\/h3>\n<!-- HFCM by 99 Robots - Snippet # 19: National &quot;See if You Qualify&quot; Button (EN+ES) -->\n<div data-tf-live=\"01JEEWYR1ZCXMY8M6WGKZTQK4Z\"><\/div><script src=\"\/\/embed.typeform.com\/next\/embed.js\"><\/script>\n<!-- \/end HFCM by 99 Robots -->\n\n\n\t\t<\/div>\n\t<\/div>\n<\/div><\/div><\/div><\/div><\/div><div class=\"vc_row wpb_row bottom-cta home-bottom-cta add-parallax vc_custom_1718042544393 vc_row-has-fill\"><div class=\"container\"><div class=\"wpb_column vc_column_container vc_col-sm-12\"><div class=\"vc_column-inner\"><div class=\"wpb_wrapper\">\n\t<div class=\"wpb_text_column wpb_content_element\" >\n\t\t<div class=\"wpb_wrapper\">\n\t\t\t<h2 style=\"text-align: center;\">CONTACTE HOY MISMO CON NUESTROS ABOGADOS ESPECIALIZADOS EN LA LEY LIM\u00d3N<\/h2>\n<p style=\"text-align: center;\">Si usted est\u00e1 enfrentando problemas con un coche de lim\u00f3n, la b\u00fasqueda de ayuda legal de abogados con experiencia especializados en la ley de lim\u00f3n es importante. Nuestro equipo en Prestige Legal Solutions est\u00e1 aqu\u00ed para ayudarle a navegar el complejo proceso legal y asegurar que reciba la compensaci\u00f3n y la justicia que se merece. P\u00f3ngase en contacto con nosotros hoy para programar una consulta y discutir su caso con nuestros abogados expertos en la ley del lim\u00f3n.<\/p>\n\n\t\t<\/div>\n\t<\/div>\n\n\t<div class=\"wpb_raw_code wpb_raw_js\" >\n\t\t<div class=\"wpb_wrapper\">\n\t\t\t<script charset=\"utf-8\" type=\"text\/javascript\" src=\"\/\/js.hsforms.net\/forms\/embed\/v2.js\"><\/script>\n<script>\n  hbspt.forms.create({\n    region: \"na1\",\n    portalId: \"8932302\",\n    formId: \"0843527b-ee7b-48b5-ad10-2f7d3567927b\"\n  });\n<\/script>\n\t\t<\/div>\n\t<\/div>\n<\/div><\/div><\/div><\/div><\/div>\n<\/div>","protected":false},"excerpt":{"rendered":"Free Case Evaluations &amp; No Fees Until We Win John Myers, Esq. John Myers is Senior Counsel at Prestige Legal Solutions, P.C., where he focuses on representing California consumers in complex lemon law litigation. He has successfully handled thousands of cases on behalf of individuals pursuing claims against major automotive manufacturers. John earned his B.A.&hellip; <a class=\"more-link\" href=\"https:\/\/lemonlaws.com\/es\/attorneys\/john-myers\/\">Seguir leyendo <span class=\"screen-reader-text\">John Myers<\/span><\/a>","protected":false},"author":8,"featured_media":7794,"parent":2781,"menu_order":0,"comment_status":"closed","ping_status":"closed","template":"","meta":{"_acf_changed":false,"content-type":"","h5ap_radio_sources":[],"footnotes":""},"class_list":["post-7785","page","type-page","status-publish","has-post-thumbnail","entry"],"acf":[],"aioseo_notices":[],"_links":{"self":[{"href":"https:\/\/lemonlaws.com\/es\/wp-json\/wp\/v2\/pages\/7785","targetHints":{"allow":["GET"]}}],"collection":[{"href":"https:\/\/lemonlaws.com\/es\/wp-json\/wp\/v2\/pages"}],"about":[{"href":"https:\/\/lemonlaws.com\/es\/wp-json\/wp\/v2\/types\/page"}],"author":[{"embeddable":true,"href":"https:\/\/lemonlaws.com\/es\/wp-json\/wp\/v2\/users\/8"}],"replies":[{"embeddable":true,"href":"https:\/\/lemonlaws.com\/es\/wp-json\/wp\/v2\/comments?post=7785"}],"version-history":[{"count":0,"href":"https:\/\/lemonlaws.com\/es\/wp-json\/wp\/v2\/pages\/7785\/revisions"}],"up":[{"embeddable":true,"href":"https:\/\/lemonlaws.com\/es\/wp-json\/wp\/v2\/pages\/2781"}],"wp:featuredmedia":[{"embeddable":true,"href":"https:\/\/lemonlaws.com\/es\/wp-json\/wp\/v2\/media\/7794"}],"wp:attachment":[{"href":"https:\/\/lemonlaws.com\/es\/wp-json\/wp\/v2\/media?parent=7785"}],"curies":[{"name":"wp","href":"https:\/\/api.w.org\/{rel}","templated":true}]}}