{"id":7765,"date":"2026-01-20T09:18:57","date_gmt":"2026-01-20T17:18:57","guid":{"rendered":"https:\/\/lemonlaws.com\/?page_id=7765"},"modified":"2026-01-20T09:18:57","modified_gmt":"2026-01-20T17:18:57","slug":"vivian-chen","status":"publish","type":"page","link":"https:\/\/lemonlaws.com\/es\/attorneys\/vivian-chen\/","title":{"rendered":"Vivian Chen"},"content":{"rendered":"<div class=\"wpb-content-wrapper\"><div class=\"vc_row wpb_row cta-row dark1\"><div class=\"container\"><div class=\"wpb_column vc_column_container vc_col-sm-12\"><div class=\"vc_column-inner\"><div class=\"wpb_wrapper\">\n\t<div class=\"wpb_text_column wpb_content_element  mb0\" >\n\t\t<div class=\"wpb_wrapper\">\n\t\t\t<h3>Evaluamos su caso gratis y sin honorarios<\/h3>\n<!-- HFCM by 99 Robots - Snippet # 19: National &quot;See if You Qualify&quot; Button (EN+ES) -->\n<div data-tf-live=\"01JEEWYR1ZCXMY8M6WGKZTQK4Z\"><\/div><script src=\"\/\/embed.typeform.com\/next\/embed.js\"><\/script>\n<!-- \/end HFCM by 99 Robots -->\n\n\n\t\t<\/div>\n\t<\/div>\n<\/div><\/div><\/div><\/div><\/div><div class=\"vc_row wpb_row fifty-fifty image-left light11 individual-lawyer\"><div class=\"container\"><div class=\"andrea-column wpb_column vc_column_container vc_col-sm-6\"><div class=\"vc_column-inner\"><div class=\"wpb_wrapper\">\n\t<div class=\"wpb_text_column wpb_content_element  mb0\" >\n\t\t<div class=\"wpb_wrapper\">\n\t\t\t<p><img decoding=\"async\" class=\"aligncenter wp-image-7780 size-full\" src=\"https:\/\/lemonlaws.com\/wp-content\/uploads\/2026\/01\/Vivian-Chen-Associate-Attorney.png\" alt=\"Vivian Chen, abogada asociada\" width=\"1920\" height=\"1920\" srcset=\"https:\/\/lemonlaws.com\/wp-content\/uploads\/2026\/01\/Vivian-Chen-Associate-Attorney.png 1920w, https:\/\/lemonlaws.com\/wp-content\/uploads\/2026\/01\/Vivian-Chen-Associate-Attorney-300x300.png 300w, https:\/\/lemonlaws.com\/wp-content\/uploads\/2026\/01\/Vivian-Chen-Associate-Attorney-1024x1024.png 1024w, https:\/\/lemonlaws.com\/wp-content\/uploads\/2026\/01\/Vivian-Chen-Associate-Attorney-150x150.png 150w, https:\/\/lemonlaws.com\/wp-content\/uploads\/2026\/01\/Vivian-Chen-Associate-Attorney-768x768.png 768w, https:\/\/lemonlaws.com\/wp-content\/uploads\/2026\/01\/Vivian-Chen-Associate-Attorney-1536x1536.png 1536w, https:\/\/lemonlaws.com\/wp-content\/uploads\/2026\/01\/Vivian-Chen-Associate-Attorney-12x12.png 12w, https:\/\/lemonlaws.com\/wp-content\/uploads\/2026\/01\/Vivian-Chen-Associate-Attorney-75x75.png 75w, https:\/\/lemonlaws.com\/wp-content\/uploads\/2026\/01\/Vivian-Chen-Associate-Attorney-1568x1568.png 1568w\" sizes=\"(max-width: 1920px) 100vw, 1920px\" \/><\/p>\n\n\t\t<\/div>\n\t<\/div>\n<\/div><\/div><\/div><div class=\"wpb_column vc_column_container vc_col-sm-6\"><div class=\"vc_column-inner\"><div class=\"wpb_wrapper\">\n\t<div class=\"wpb_text_column wpb_content_element  mb0\" >\n\t\t<div class=\"wpb_wrapper\">\n\t\t\t<h4 style=\"text-align: left;\">Vivian Chen, Abogada.<\/h4>\n<hr class=\"line fw-line\" \/>\n<p>Vivian Chen es abogada asociada en <a href=\"https:\/\/plsfirm.com\/\">Prestige Legal Solutions<\/a>, donde defiende los intereses de empleados y consumidores de toda California. Aporta una s\u00f3lida base en derecho de inter\u00e9s p\u00fablico y defensa en juicios a su papel como abogada de los demandantes, combinando la compasi\u00f3n con un compromiso implacable con la justicia.<\/p>\n<p>Vivian obtuvo su licenciatura en la <a href=\"https:\/\/www.berkeley.edu\/\">Universidad de California, Berkeley<\/a>, y se doctor\u00f3 en Derecho por la Universidad de Harvard. <a href=\"https:\/\/www.swlaw.edu\/\">Facultad de Derecho Southwestern<\/a>. Durante sus estudios de Derecho, trabaj\u00f3 con el Centro Harriet Buhai y el Centro Regional Lanterman, ofreciendo defensa jur\u00eddica a comunidades desfavorecidas y subatendidas.<\/p>\n<p>Despu\u00e9s de obtener su licencia en 2023, Vivian se desempe\u00f1\u00f3 como abogada defensora en el tribunal de dependencia juvenil, donde asegur\u00f3 m\u00faltiples desestimaciones completas en nombre de sus clientes. Su experiencia temprana navegando litigios de alto riesgo en asuntos emocionalmente sensibles ha dado forma a su enfoque emp\u00e1tico, orientado a los resultados a la pr\u00e1ctica del lado demandante.<\/p>\n<p>ADMISIONES<\/p>\n<ul>\n<li><a title=\"null\" href=\"https:\/\/apps.calbar.ca.gov\/attorney\/Licensee\/Detail\/352110\" target=\"_blank\" rel=\"noopener\">Colegio de Abogados del Estado de California #352110<\/a><\/li>\n<\/ul>\n<p>EDUCACI\u00d3N<\/p>\n<ul>\n<li><a href=\"https:\/\/www.berkeley.edu\/\" target=\"_blank\" rel=\"noopener\">Universidad de California, Berkeley<\/a><\/li>\n<li><a href=\"https:\/\/www.swlaw.edu\/\">Facultad de Derecho Southwestern<\/a><\/li>\n<\/ul>\n\n\t\t<\/div>\n\t<\/div>\n<\/div><\/div><\/div><\/div><\/div><div class=\"vc_row wpb_row cta-row dark1\"><div class=\"container\"><div class=\"wpb_column vc_column_container vc_col-sm-12\"><div class=\"vc_column-inner\"><div class=\"wpb_wrapper\">\n\t<div class=\"wpb_text_column wpb_content_element  mb0\" >\n\t\t<div class=\"wpb_wrapper\">\n\t\t\t<h3>\u00bfEs su VEH\u00cdCULO un \"lim\u00f3n\"? \u00a1Aver\u00edg\u00fcelo ahora!<\/h3>\n<!-- HFCM by 99 Robots - Snippet # 19: National &quot;See if You Qualify&quot; Button (EN+ES) -->\n<div data-tf-live=\"01JEEWYR1ZCXMY8M6WGKZTQK4Z\"><\/div><script src=\"\/\/embed.typeform.com\/next\/embed.js\"><\/script>\n<!-- \/end HFCM by 99 Robots -->\n\n\n\t\t<\/div>\n\t<\/div>\n<\/div><\/div><\/div><\/div><\/div><div class=\"vc_row wpb_row bottom-cta home-bottom-cta add-parallax vc_custom_1718042544393 vc_row-has-fill\"><div class=\"container\"><div class=\"wpb_column vc_column_container vc_col-sm-12\"><div class=\"vc_column-inner\"><div class=\"wpb_wrapper\">\n\t<div class=\"wpb_text_column wpb_content_element\" >\n\t\t<div class=\"wpb_wrapper\">\n\t\t\t<h2 style=\"text-align: center;\">CONTACTE HOY MISMO CON NUESTROS ABOGADOS ESPECIALIZADOS EN LA LEY LIM\u00d3N<\/h2>\n<p style=\"text-align: center;\">Si usted est\u00e1 enfrentando problemas con un coche de lim\u00f3n, la b\u00fasqueda de ayuda legal de abogados con experiencia especializados en la ley de lim\u00f3n es importante. Nuestro equipo en Prestige Legal Solutions est\u00e1 aqu\u00ed para ayudarle a navegar el complejo proceso legal y asegurar que reciba la compensaci\u00f3n y la justicia que se merece. P\u00f3ngase en contacto con nosotros hoy para programar una consulta y discutir su caso con nuestros abogados expertos en la ley del lim\u00f3n.<\/p>\n\n\t\t<\/div>\n\t<\/div>\n\n\t<div class=\"wpb_raw_code wpb_raw_js\" >\n\t\t<div class=\"wpb_wrapper\">\n\t\t\t<script charset=\"utf-8\" type=\"text\/javascript\" src=\"\/\/js.hsforms.net\/forms\/embed\/v2.js\"><\/script>\n<script>\n  hbspt.forms.create({\n    region: \"na1\",\n    portalId: \"8932302\",\n    formId: \"0843527b-ee7b-48b5-ad10-2f7d3567927b\"\n  });\n<\/script>\n\t\t<\/div>\n\t<\/div>\n<\/div><\/div><\/div><\/div><\/div>\n<\/div>","protected":false},"excerpt":{"rendered":"Free Case Evaluations &amp; No Fees Until We Win Vivian Chen, Esq. Vivian Chen is an Associate Attorney at Prestige Legal Solutions, where she advocates on behalf of employees and consumers across California. She brings a strong foundation in public interest law and trial advocacy to her role as plaintiff\u2019s counsel, combining compassion with a&hellip; <a class=\"more-link\" href=\"https:\/\/lemonlaws.com\/es\/attorneys\/vivian-chen\/\">Seguir leyendo <span class=\"screen-reader-text\">Vivian Chen<\/span><\/a>","protected":false},"author":8,"featured_media":7780,"parent":2781,"menu_order":0,"comment_status":"closed","ping_status":"closed","template":"","meta":{"_acf_changed":false,"content-type":"","h5ap_radio_sources":[],"footnotes":""},"class_list":["post-7765","page","type-page","status-publish","has-post-thumbnail","entry"],"acf":[],"aioseo_notices":[],"_links":{"self":[{"href":"https:\/\/lemonlaws.com\/es\/wp-json\/wp\/v2\/pages\/7765","targetHints":{"allow":["GET"]}}],"collection":[{"href":"https:\/\/lemonlaws.com\/es\/wp-json\/wp\/v2\/pages"}],"about":[{"href":"https:\/\/lemonlaws.com\/es\/wp-json\/wp\/v2\/types\/page"}],"author":[{"embeddable":true,"href":"https:\/\/lemonlaws.com\/es\/wp-json\/wp\/v2\/users\/8"}],"replies":[{"embeddable":true,"href":"https:\/\/lemonlaws.com\/es\/wp-json\/wp\/v2\/comments?post=7765"}],"version-history":[{"count":0,"href":"https:\/\/lemonlaws.com\/es\/wp-json\/wp\/v2\/pages\/7765\/revisions"}],"up":[{"embeddable":true,"href":"https:\/\/lemonlaws.com\/es\/wp-json\/wp\/v2\/pages\/2781"}],"wp:featuredmedia":[{"embeddable":true,"href":"https:\/\/lemonlaws.com\/es\/wp-json\/wp\/v2\/media\/7780"}],"wp:attachment":[{"href":"https:\/\/lemonlaws.com\/es\/wp-json\/wp\/v2\/media?parent=7765"}],"curies":[{"name":"wp","href":"https:\/\/api.w.org\/{rel}","templated":true}]}}