{"id":7719,"date":"2025-12-30T09:22:01","date_gmt":"2025-12-30T17:22:01","guid":{"rendered":"https:\/\/lemonlaws.com\/?page_id=7719"},"modified":"2025-12-30T09:22:01","modified_gmt":"2025-12-30T17:22:01","slug":"toyota-lemon-law","status":"publish","type":"page","link":"https:\/\/lemonlaws.com\/es\/manufacturers\/toyota-lemon-law\/","title":{"rendered":"Ley del Lim\u00f3n de Toyota"},"content":{"rendered":"<div class=\"wpb-content-wrapper\"><div class=\"vc_row wpb_row cta-row dark1\"><div class=\"container\"><div class=\"wpb_column vc_column_container vc_col-sm-12\"><div class=\"vc_column-inner\"><div class=\"wpb_wrapper\">\n\t<div class=\"wpb_text_column wpb_content_element  mb0\" >\n\t\t<div class=\"wpb_wrapper\">\n\t\t\t<h3>Evaluamos su caso gratis y sin honorarios<\/h3>\n<!-- HFCM by 99 Robots - Snippet # 19: National &quot;See if You Qualify&quot; Button (EN+ES) -->\n<div data-tf-live=\"01JEEWYR1ZCXMY8M6WGKZTQK4Z\"><\/div><script src=\"\/\/embed.typeform.com\/next\/embed.js\"><\/script>\n<!-- \/end HFCM by 99 Robots -->\n\n\n\t\t<\/div>\n\t<\/div>\n<\/div><\/div><\/div><\/div><\/div><div class=\"vc_row wpb_row table-of-content-row\"><div class=\"container\"><div class=\"wpb_column vc_column_container vc_col-sm-6\" id=\"lemon-laws-for-toyota-vehicles\"><div class=\"vc_column-inner\"><div class=\"wpb_wrapper\">\n\t<div class=\"wpb_text_column wpb_content_element\" >\n\t\t<div class=\"wpb_wrapper\">\n\t\t\t<h2>Toyota Lemon Law Buybacks en California<\/h2>\n<p>Si tu Toyota sigue volviendo al concesionario por el mismo problema, podr\u00edas tener derecho a una indemnizaci\u00f3n en virtud de la Ley del Lim\u00f3n de California. Si un defecto afecta a la seguridad, el valor o el uso diario de tu coche y el problema persiste tras varias reparaciones, podr\u00edas optar a una recompra.<\/p>\n<p>Un abogado con experiencia puede asegurarse de que su caso se tramita adecuadamente, de que sus pruebas est\u00e1n a salvo y de que sus derechos est\u00e1n protegidos. Los fabricantes suelen impugnar las reclamaciones, por lo que contar con un abogado puede suponer una gran diferencia. Una recompra de Toyota seg\u00fan la ley del lim\u00f3n puede ayudarte a recuperar los pagos de la compra, las tasas de matriculaci\u00f3n y otros costes, dependiendo de tu situaci\u00f3n.<\/p>\n\n\t\t<\/div>\n\t<\/div>\n<\/div><\/div><\/div><div class=\"accent1 table-of-contents wpb_column vc_column_container vc_col-sm-6 vc_col-has-fill\"><div class=\"vc_column-inner vc_custom_1718206463659\"><div class=\"wpb_wrapper\">\n\t<div class=\"wpb_text_column wpb_content_element\" >\n\t\t<div class=\"wpb_wrapper\">\n\t\t\t<h5>\u00cdNDICE<\/h5>\n<hr class=\"line fw-line\" \/>\n<ul class=\"table-of-contents\">\n<li><a href=\"#lemon-laws-for-toyota-vehicles\">Leyes del lim\u00f3n para veh\u00edculos Toyota<\/a><\/li>\n<li><a href=\"#toyota-lemon-law-process\">El proceso de la Ley del Lim\u00f3n con los veh\u00edculos Toyota<\/a><\/li>\n<li><a href=\"#is-your-toyota-eligible-for-a-lemon-law-buyback\">\u00bfPuede su Toyota acogerse a la Ley del Lim\u00f3n?<\/a><\/li>\n<li><a href=\"#how-to-know-if-your-toyota-is-a-lemon\">C\u00f3mo saber si tu Toyota es un coche defectuoso<\/a><\/li>\n<li><a href=\"#common-toyota-models-classifying-as-lemons\">Modelos Toyota comunes con retiradas y defectos<\/a><\/li>\n<li><a href=\"#toyota-lemon-law-faqs\">Preguntas frecuentes sobre Toyota Lemons &amp; Buybacks<\/a><\/li>\n<li><a href=\"#contact-a-toyota-lemon-law-attorney-today\">P\u00f3ngase en contacto con un abogado de Toyota Lemon Law hoy<\/a><\/li>\n<\/ul>\n\n\t\t<\/div>\n\t<\/div>\n<\/div><\/div><\/div><\/div><\/div><div class=\"vc_row wpb_row fifty-fifty image-right dark2\"><div class=\"container\"><div class=\"wpb_column vc_column_container vc_col-sm-6\"><div class=\"vc_column-inner\"><div class=\"wpb_wrapper\">\n\t<div class=\"wpb_text_column wpb_content_element  mb0 align-right\" >\n\t\t<div class=\"wpb_wrapper\">\n\t\t\t<h3 style=\"text-align: right;\">Comience hoy mismo la revisi\u00f3n gratuita de su caso Toyota<\/h3>\n<p style=\"text-align: right;\">Si su Toyota tiene defectos recurrentes, nuestro equipo evaluar\u00e1 su situaci\u00f3n sin costo alguno. Con\u00e9ctese con nuestro equipo, y r\u00e1pidamente determinaremos si su veh\u00edculo puede calificar bajo la Ley del Lim\u00f3n de California.<\/p>\n<p style=\"text-align: right;\">Nuestros abogados expertos en la ley del lim\u00f3n de Toyota en Prestige Legal Solutions pueden darle respuestas, una orientaci\u00f3n clara y ayudarle a dar los siguientes pasos.<\/p>\n<div style=\"text-align: right;\"><!-- HFCM by 99 Robots - Snippet # 19: National &quot;See if You Qualify&quot; Button (EN+ES) -->\n<div data-tf-live=\"01JEEWYR1ZCXMY8M6WGKZTQK4Z\"><\/div><script src=\"\/\/embed.typeform.com\/next\/embed.js\"><\/script>\n<!-- \/end HFCM by 99 Robots -->\n<\/div>\n\n\t\t<\/div>\n\t<\/div>\n<\/div><\/div><\/div><div class=\"start-your-free-column wpb_column vc_column_container vc_col-sm-6 vc_col-has-fill\"><div class=\"vc_column-inner vc_custom_1737498145879\"><div class=\"wpb_wrapper\"><\/div><\/div><\/div><\/div><\/div><div id=\"toyota-lemon-law-process\" class=\"vc_row wpb_row light1 blurb-row vc_custom_1767115267556\"><div class=\"container\"><div class=\"wpb_column vc_column_container vc_col-sm-1\"><div class=\"vc_column-inner\"><div class=\"wpb_wrapper\"><\/div><\/div><\/div><div class=\"wpb_column vc_column_container vc_col-sm-10\"><div class=\"vc_column-inner\"><div class=\"wpb_wrapper\">\n\t<div class=\"wpb_text_column wpb_content_element  mb0\" >\n\t\t<div class=\"wpb_wrapper\">\n\t\t\t<h2 style=\"text-align: center;\">Proceso de la Ley del Lim\u00f3n de Toyota<\/h2>\n<hr class=\"line\" \/>\n<p style=\"text-align: center;\">Un abogado especializado en la ley del lim\u00f3n puede hacer que el proceso de reclamaci\u00f3n sea mucho menos estresante y protegerte de las t\u00e1cticas comunes que los fabricantes utilizan para evitar o rechazar las reclamaciones. Su abogado comenzar\u00e1 por comprobar sus registros de reparaci\u00f3n para ver si su Toyota cumple con las normas legales de California para un lim\u00f3n. Si cumple los requisitos, organizar\u00e1 sus documentos, llevar\u00e1 un seguimiento de los plazos y se encargar\u00e1 de toda la comunicaci\u00f3n con el fabricante.<\/p>\n<p style=\"text-align: center;\">Su abogado tambi\u00e9n averiguar\u00e1 qu\u00e9 indemnizaci\u00f3n puede corresponderle y se asegurar\u00e1 de que se cumplan todos los requisitos y plazos. Le guiar\u00e1 en cada paso, le explicar\u00e1 qu\u00e9 puede esperar y se encargar\u00e1 de las negociaciones para que no tenga que hacerlo solo. Este apoyo suele conducir a un resultado mejor y m\u00e1s r\u00e1pido.<\/p>\n\n\t\t<\/div>\n\t<\/div>\n<\/div><\/div><\/div><div class=\"wpb_column vc_column_container vc_col-sm-1\"><div class=\"vc_column-inner\"><div class=\"wpb_wrapper\"><\/div><\/div><\/div><\/div><\/div><div id=\"is-your-toyota-eligible-for-a-lemon-law-buyback\" class=\"vc_row wpb_row dark1 blurb-row vc_custom_1767115273969\"><div class=\"container\"><div class=\"wpb_column vc_column_container vc_col-sm-1\"><div class=\"vc_column-inner\"><div class=\"wpb_wrapper\"><\/div><\/div><\/div><div class=\"wpb_column vc_column_container vc_col-sm-10\"><div class=\"vc_column-inner\"><div class=\"wpb_wrapper\">\n\t<div class=\"wpb_text_column wpb_content_element  mb0\" >\n\t\t<div class=\"wpb_wrapper\">\n\t\t\t<h2 style=\"text-align: center;\">\u00bfPuede su Toyota acogerse a la Ley del Lim\u00f3n?<\/h2>\n<hr class=\"line\" \/>\n<p style=\"text-align: center;\">Su Toyota puede calificar para una demanda de la ley del lim\u00f3n si:<\/p>\n<p style=\"text-align: center;\">El defecto se produjo durante la <strong>per\u00edodo de garant\u00eda del fabricante.<\/strong><br \/>\nEl problema afecta a <strong>seguridad, valor o uso<\/strong>.<br \/>\nEl concesionario <strong>intento de reparaci\u00f3n en m\u00faltiples ocasiones<\/strong> sin \u00e9xito.<br \/>\nEl veh\u00edculo pas\u00f3 un <strong>n\u00famero excesivo de d\u00edas fuera de servicio.<\/strong><br \/>\nEl defecto es <strong>documentado<\/strong> mediante \u00f3rdenes de reparaci\u00f3n y registros de servicio.<\/p>\n<p style=\"text-align: center;\">Estos factores ayudan a decidir si puede obtener una recompra o una indemnizaci\u00f3n. Dado que cada caso es diferente, un abogado que examine su historial de reparaciones puede darle respuestas claras y ayudarle a decidir con seguridad qu\u00e9 hacer a continuaci\u00f3n.<\/p>\n<p><center><!-- HFCM by 99 Robots - Snippet # 19: National &quot;See if You Qualify&quot; Button (EN+ES) -->\n<div data-tf-live=\"01JEEWYR1ZCXMY8M6WGKZTQK4Z\"><\/div><script src=\"\/\/embed.typeform.com\/next\/embed.js\"><\/script>\n<!-- \/end HFCM by 99 Robots -->\n<\/center><\/p>\n\n\t\t<\/div>\n\t<\/div>\n<\/div><\/div><\/div><div class=\"wpb_column vc_column_container vc_col-sm-1\"><div class=\"vc_column-inner\"><div class=\"wpb_wrapper\"><\/div><\/div><\/div><\/div><\/div><div id=\"how-to-know-if-your-toyota-is-a-lemon\" class=\"vc_row wpb_row light1 blurb-row vc_custom_1767115281617\"><div class=\"container\"><div class=\"wpb_column vc_column_container vc_col-sm-1\"><div class=\"vc_column-inner\"><div class=\"wpb_wrapper\"><\/div><\/div><\/div><div class=\"wpb_column vc_column_container vc_col-sm-10\"><div class=\"vc_column-inner\"><div class=\"wpb_wrapper\">\n\t<div class=\"wpb_text_column wpb_content_element  mb0\" >\n\t\t<div class=\"wpb_wrapper\">\n\t\t\t<h2 style=\"text-align: center;\">C\u00f3mo saber si tu Toyota es un coche defectuoso<\/h2>\n<hr class=\"line\" \/>\n<p style=\"text-align: center;\">Tu Toyota puede ser considerado un \"lim\u00f3n\" si tiene problemas continuos que el concesionario no puede arreglar en garant\u00eda. Esto incluye problemas con el motor, la transmisi\u00f3n, los frenos, los sistemas el\u00e9ctricos o cualquier defecto que afecte a la seguridad o al uso normal.<\/p>\n<p style=\"text-align: center;\">La ley de California tambi\u00e9n tiene en cuenta el tiempo que tu coche ha estado en el taller. Si los problemas de tu Toyota empezaron durante la garant\u00eda y siguen sucediendo despu\u00e9s de varios intentos de reparaci\u00f3n, puede que tengas derecho a la protecci\u00f3n de la Ley del Lim\u00f3n.<\/p>\n\n\t\t<\/div>\n\t<\/div>\n<\/div><\/div><\/div><div class=\"wpb_column vc_column_container vc_col-sm-1\"><div class=\"vc_column-inner\"><div class=\"wpb_wrapper\"><\/div><\/div><\/div><\/div><\/div><div id=\"common-toyota-models-classifying-as-lemons\" class=\"vc_row wpb_row fifty-fifty image-left dark2 flip-mobile\"><div class=\"container\"><div class=\"common-column wpb_column vc_column_container vc_col-sm-6 vc_col-has-fill\"><div class=\"vc_column-inner vc_custom_1767109164178\"><div class=\"wpb_wrapper\"><\/div><\/div><\/div><div class=\"wpb_column vc_column_container vc_col-sm-6\"><div class=\"vc_column-inner\"><div class=\"wpb_wrapper\">\n\t<div class=\"wpb_text_column wpb_content_element  mb0\" >\n\t\t<div class=\"wpb_wrapper\">\n\t\t\t<h2>Modelos Toyota comunes clasificados como Limones<\/h2>\n<p>La mayor\u00eda de los veh\u00edculos Toyota son fiables, pero algunos siguen teniendo problemas recurrentes. Si tu coche sigue teniendo problemas despu\u00e9s de varios intentos de reparaci\u00f3n, puede acogerse a la Ley del Lim\u00f3n de California.<\/p>\n<p>Los modelos de Toyota con problemas m\u00e1s frecuentes son:<\/p>\n<ul class=\"exclamation\">\n<li><strong>Toyota Camry<\/strong> - fallos del sistema de frenos, vacilaci\u00f3n de la transmisi\u00f3n, aver\u00edas el\u00e9ctricas<\/li>\n<li><strong>Toyota Corolla<\/strong> - calado del motor, defectos del aire acondicionado, problemas de direcci\u00f3n<\/li>\n<li><strong>Toyota RAV4<\/strong> - problemas en el sistema de combustible, agotamiento de la bater\u00eda, cambios bruscos de marcha<\/li>\n<li><strong>Toyota Highlander<\/strong> - Fallos del sistema de calefacci\u00f3n, ventilaci\u00f3n y aire acondicionado, problemas el\u00e9ctricos, luces de revisi\u00f3n del motor repetidas<\/li>\n<li><strong>Toyota Tacoma<\/strong> - sacudidas de la transmisi\u00f3n, vibraciones de la transmisi\u00f3n, retardo del acelerador<\/li>\n<li><strong>Toyota Tundra<\/strong> - fallos de la bomba de inyecci\u00f3n de aire, vacilaci\u00f3n del motor, problemas de frenado<\/li>\n<li><strong>Toyota Prius<\/strong> - aver\u00edas del sistema h\u00edbrido, fallo del inversor, errores el\u00e9ctricos<\/li>\n<\/ul>\n<p>Estos defectos pueden interferir en la conducci\u00f3n diaria, comprometer la seguridad y reducir el valor de su veh\u00edculo. Cuando los problemas contin\u00faan bajo garant\u00eda, sin soluci\u00f3n duradera, a menudo es una se\u00f1al de que es el momento de buscar ayuda legal para proteger sus derechos y explorar una posible compensaci\u00f3n.<\/p>\n\n\t\t<\/div>\n\t<\/div>\n<\/div><\/div><\/div><\/div><\/div><div id=\"toyota-lemon-law-faqs\" class=\"vc_row wpb_row accordion light1 vc_custom_1767115299142\"><div class=\"container\"><div class=\"wpb_column vc_column_container vc_col-sm-1\"><div class=\"vc_column-inner\"><div class=\"wpb_wrapper\"><\/div><\/div><\/div><div class=\"wpb_column vc_column_container vc_col-sm-10\"><div class=\"vc_column-inner\"><div class=\"wpb_wrapper\">\n\t<div class=\"wpb_text_column wpb_content_element\" >\n\t\t<div class=\"wpb_wrapper\">\n\t\t\t<h2 style=\"text-align: center;\">Preguntas frecuentes sobre la Ley del Lim\u00f3n de Toyota<\/h2>\n<p>&nbsp;<\/p>\n<p>Los consumidores de California a menudo tienen preguntas sobre c\u00f3mo funciona la Ley del Lim\u00f3n de Toyota y qu\u00e9 esperar durante una reclamaci\u00f3n.<\/p>\n\n\t\t<\/div>\n\t<\/div>\n<div class=\"vc_tta-container\" data-vc-action=\"collapse\"><div class=\"vc_general vc_tta vc_tta-accordion vc_tta-color-grey vc_tta-style-classic vc_tta-shape-rounded vc_tta-o-shape-group vc_tta-controls-align-default\"><div class=\"vc_tta-panels-container\"><div class=\"vc_tta-panels\"><div class=\"vc_tta-panel vc_active\" id=\"what-types-of-toyota-defects-qualify-under-california-lemon-law\" data-vc-content=\".vc_tta-panel-body\"><div class=\"vc_tta-panel-heading\"><h3 class=\"vc_tta-panel-title vc_tta-controls-icon-position-left\"><a href=\"#what-types-of-toyota-defects-qualify-under-california-lemon-law\" data-vc-accordion data-vc-container=\".vc_tta-container\"><span class=\"vc_tta-title-text\">\u00bfQu\u00e9 tipos de defectos de Toyota pueden acogerse a la Ley del Lim\u00f3n de California?<\/span><i class=\"vc_tta-controls-icon vc_tta-controls-icon-plus\"><\/i><\/a><\/h3><\/div><div class=\"vc_tta-panel-body\">\n\t<div class=\"wpb_text_column wpb_content_element\" >\n\t\t<div class=\"wpb_wrapper\">\n\t\t\t<p>S\u00ed. Siempre que el defecto aparezca durante el periodo de garant\u00eda del fabricante y afecte a la seguridad, el uso o el valor del veh\u00edculo, tu Toyota puede cumplir los requisitos. Esto se aplica tanto a los modelos nuevos como a los de segunda mano. La clave es demostrar que el problema persiste a pesar de los m\u00faltiples intentos de reparaci\u00f3n, un proceso que un abogado puede guiar a trav\u00e9s.<\/p>\n\n\t\t<\/div>\n\t<\/div>\n<\/div><\/div><div class=\"vc_tta-panel\" id=\"does-toyota-have-known-issues-that-commonly-lead-to-lemon-law-claims\" data-vc-content=\".vc_tta-panel-body\"><div class=\"vc_tta-panel-heading\"><h3 class=\"vc_tta-panel-title vc_tta-controls-icon-position-left\"><a href=\"#does-toyota-have-known-issues-that-commonly-lead-to-lemon-law-claims\" data-vc-accordion data-vc-container=\".vc_tta-container\"><span class=\"vc_tta-title-text\">\u00bfTiene Toyota problemas conocidos que suelen dar lugar a reclamaciones de la ley del lim\u00f3n?<\/span><i class=\"vc_tta-controls-icon vc_tta-controls-icon-plus\"><\/i><\/a><\/h3><\/div><div class=\"vc_tta-panel-body\">\n\t<div class=\"wpb_text_column wpb_content_element\" >\n\t\t<div class=\"wpb_wrapper\">\n\t\t\t<p>Los defectos de Toyota van desde vacilaciones del motor y fallos de frenos hasta problemas el\u00e9ctricos, fallos de climatizaci\u00f3n, errores del sistema h\u00edbrido y sacudidas de la transmisi\u00f3n. Aunque Toyota tiene una s\u00f3lida reputaci\u00f3n de fiabilidad, estos problemas est\u00e1n bien documentados en m\u00faltiples modelos y pueden afectar significativamente a la facilidad de conducci\u00f3n y al valor a largo plazo si contin\u00faan sin resolverse.<\/p>\n\n\t\t<\/div>\n\t<\/div>\n<\/div><\/div><div class=\"vc_tta-panel\" id=\"how-long-does-a-toyota-lemon-law-case-take\" data-vc-content=\".vc_tta-panel-body\"><div class=\"vc_tta-panel-heading\"><h3 class=\"vc_tta-panel-title vc_tta-controls-icon-position-left\"><a href=\"#how-long-does-a-toyota-lemon-law-case-take\" data-vc-accordion data-vc-container=\".vc_tta-container\"><span class=\"vc_tta-title-text\">\u00bfCu\u00e1nto dura un caso de la Ley del Lim\u00f3n de Toyota?<\/span><i class=\"vc_tta-controls-icon vc_tta-controls-icon-plus\"><\/i><\/a><\/h3><\/div><div class=\"vc_tta-panel-body\">\n\t<div class=\"wpb_text_column wpb_content_element\" >\n\t\t<div class=\"wpb_wrapper\">\n\t\t\t<p>Los plazos var\u00edan en funci\u00f3n de la complejidad del defecto, el n\u00famero de reparaciones y la rapidez con que pueda reunirse la documentaci\u00f3n. Algunos casos se resuelven en pocos meses; otros tardan m\u00e1s. Trabajar con un abogado ayuda a agilizar la comunicaci\u00f3n con el fabricante y mantiene su caso en movimiento de manera eficiente.<\/p>\n\n\t\t<\/div>\n\t<\/div>\n<\/div><\/div><div class=\"vc_tta-panel\" id=\"what-documentation-should-i-keep-for-a-toyota-lemon-law-claim\" data-vc-content=\".vc_tta-panel-body\"><div class=\"vc_tta-panel-heading\"><h3 class=\"vc_tta-panel-title vc_tta-controls-icon-position-left\"><a href=\"#what-documentation-should-i-keep-for-a-toyota-lemon-law-claim\" data-vc-accordion data-vc-container=\".vc_tta-container\"><span class=\"vc_tta-title-text\">\u00bfQu\u00e9 documentaci\u00f3n debo conservar para una reclamaci\u00f3n de la ley del lim\u00f3n de Toyota?<\/span><i class=\"vc_tta-controls-icon vc_tta-controls-icon-plus\"><\/i><\/a><\/h3><\/div><div class=\"vc_tta-panel-body\">\n\t<div class=\"wpb_text_column wpb_content_element\" >\n\t\t<div class=\"wpb_wrapper\">\n\t\t\t<p>Guardar <em>cada<\/em> orden de reparaci\u00f3n, factura y registro de servicio, asegur\u00e1ndose de que cada documento enumera claramente la reclamaci\u00f3n, las conclusiones del t\u00e9cnico y el kilometraje. Conserve tambi\u00e9n toda comunicaci\u00f3n con el concesionario. Estos documentos son la base de su caso y le ayudar\u00e1n a demostrar que los problemas se repiten.<\/p>\n\n\t\t<\/div>\n\t<\/div>\n<\/div><\/div><div class=\"vc_tta-panel\" id=\"do-certified-pre-owned-toyotas-qualify\" data-vc-content=\".vc_tta-panel-body\"><div class=\"vc_tta-panel-heading\"><h3 class=\"vc_tta-panel-title vc_tta-controls-icon-position-left\"><a href=\"#do-certified-pre-owned-toyotas-qualify\" data-vc-accordion data-vc-container=\".vc_tta-container\"><span class=\"vc_tta-title-text\">\u00bfCumplen los requisitos los Toyotas Seminuevos Certificados?<\/span><i class=\"vc_tta-controls-icon vc_tta-controls-icon-plus\"><\/i><\/a><\/h3><\/div><div class=\"vc_tta-panel-body\">\n\t<div class=\"wpb_text_column wpb_content_element\" >\n\t\t<div class=\"wpb_wrapper\">\n\t\t\t<p>S\u00ed. Los Toyotas CPO est\u00e1n cubiertos siempre que el defecto aparezca y los intentos de reparaci\u00f3n se produzcan durante la garant\u00eda respaldada por el fabricante.<\/p>\n\n\t\t<\/div>\n\t<\/div>\n<\/div><\/div><div class=\"vc_tta-panel\" id=\"what-if-my-toyota-has-had-multiple-recalls\" data-vc-content=\".vc_tta-panel-body\"><div class=\"vc_tta-panel-heading\"><h3 class=\"vc_tta-panel-title vc_tta-controls-icon-position-left\"><a href=\"#what-if-my-toyota-has-had-multiple-recalls\" data-vc-accordion data-vc-container=\".vc_tta-container\"><span class=\"vc_tta-title-text\">\u00bfQu\u00e9 ocurre si mi Toyota ha sufrido varias retiradas del mercado?<\/span><i class=\"vc_tta-controls-icon vc_tta-controls-icon-plus\"><\/i><\/a><\/h3><\/div><div class=\"vc_tta-panel-body\">\n\t<div class=\"wpb_text_column wpb_content_element\" >\n\t\t<div class=\"wpb_wrapper\">\n\t\t\t<p>Las llamadas a revisi\u00f3n por s\u00ed solas no hacen que un veh\u00edculo se considere defectuoso, pero s\u00ed los defectos recurrentes que persisten a pesar de las reparaciones. La documentaci\u00f3n de las retiradas puede reforzar su caso.<\/p>\n\n\t\t<\/div>\n\t<\/div>\n<\/div><\/div><\/div><\/div><\/div><\/div><\/div><\/div><\/div><div class=\"wpb_column vc_column_container vc_col-sm-1\"><div class=\"vc_column-inner\"><div class=\"wpb_wrapper\"><\/div><\/div><\/div><\/div><\/div><div class=\"vc_row wpb_row light1 blurb-row vc_custom_1666280653497\"><div class=\"container\"><div class=\"wpb_column vc_column_container vc_col-sm-1\"><div class=\"vc_column-inner\"><div class=\"wpb_wrapper\"><\/div><\/div><\/div><div class=\"wpb_column vc_column_container vc_col-sm-10\"><div class=\"vc_column-inner\"><div class=\"wpb_wrapper\">\n\t<div class=\"wpb_text_column wpb_content_element  mb0\" >\n\t\t<div class=\"wpb_wrapper\">\n\t\t\t<h3 style=\"text-align: center;\">Otros fabricantes de veh\u00edculos con los que trabajamos<\/h3>\n<hr class=\"line\" \/>\n\n\t\t<\/div>\n\t<\/div>\n<\/div><\/div><\/div><div class=\"wpb_column vc_column_container vc_col-sm-1\"><div class=\"vc_column-inner\"><div class=\"wpb_wrapper\"><\/div><\/div><\/div><\/div><\/div><div class=\"vc_row wpb_row vc_custom_1718218721603\"><div class=\"container\"><div class=\"wpb_column vc_column_container vc_col-sm-3\"><div class=\"vc_column-inner\"><div class=\"wpb_wrapper\">\n\t<div class=\"wpb_text_column wpb_content_element  mb0-desktop\" >\n\t\t<div class=\"wpb_wrapper\">\n\t\t\t<p><a href=\"https:\/\/lemonlaws.com\/es\/fabricantes\/chevrolet-ley-limon\/\"><img decoding=\"async\" class=\"aligncenter size-full wp-image-3076\" src=\"https:\/\/lemonlaws.com\/wp-content\/uploads\/2024\/06\/logo-chevrolet@2x-1.png\" alt=\"ley del lim\u00f3n de chevrolet\" width=\"240\" height=\"auto\" srcset=\"https:\/\/lemonlaws.com\/wp-content\/uploads\/2024\/06\/logo-chevrolet@2x-1.png 480w, https:\/\/lemonlaws.com\/wp-content\/uploads\/2024\/06\/logo-chevrolet@2x-1-300x263.png 300w\" sizes=\"(max-width: 480px) 100vw, 480px\" \/><\/a><\/p>\n\n\t\t<\/div>\n\t<\/div>\n<\/div><\/div><\/div><div class=\"wpb_column vc_column_container vc_col-sm-3\"><div class=\"vc_column-inner\"><div class=\"wpb_wrapper\">\n\t<div class=\"wpb_text_column wpb_content_element  mb0-desktop\" >\n\t\t<div class=\"wpb_wrapper\">\n\t\t\t<p><a href=\"https:\/\/lemonlaws.com\/es\/fabricantes\/hyundai-ley-limon\/\"><img decoding=\"async\" class=\"aligncenter size-full wp-image-3249\" src=\"https:\/\/lemonlaws.com\/wp-content\/uploads\/2024\/06\/logo-hyundai.png\" alt=\"ley del lim\u00f3n de hyundai\" width=\"241\" height=\"210\" \/><\/a><\/p>\n\n\t\t<\/div>\n\t<\/div>\n<\/div><\/div><\/div><div class=\"wpb_column vc_column_container vc_col-sm-3\"><div class=\"vc_column-inner\"><div class=\"wpb_wrapper\">\n\t<div class=\"wpb_text_column wpb_content_element  mb0-desktop\" >\n\t\t<div class=\"wpb_wrapper\">\n\t\t\t<p><a href=\"https:\/\/lemonlaws.com\/es\/fabricantes\/ford-ley-limon\/\"><img decoding=\"async\" class=\"aligncenter size-full wp-image-3078\" src=\"https:\/\/lemonlaws.com\/wp-content\/uploads\/2024\/06\/logo-ford@2x-1.png\" alt=\"ley del lim\u00f3n de ford\" width=\"240\" height=\"auto\" srcset=\"https:\/\/lemonlaws.com\/wp-content\/uploads\/2024\/06\/logo-ford@2x-1.png 480w, https:\/\/lemonlaws.com\/wp-content\/uploads\/2024\/06\/logo-ford@2x-1-300x263.png 300w\" sizes=\"(max-width: 480px) 100vw, 480px\" \/><\/a><\/p>\n\n\t\t<\/div>\n\t<\/div>\n<\/div><\/div><\/div><div class=\"wpb_column vc_column_container vc_col-sm-3\"><div class=\"vc_column-inner\"><div class=\"wpb_wrapper\">\n\t<div class=\"wpb_text_column wpb_content_element  mb0\" >\n\t\t<div class=\"wpb_wrapper\">\n\t\t\t<p><a href=\"https:\/\/lemonlaws.com\/es\/fabricantes\/gmc-ley-limon\/\"><img decoding=\"async\" class=\"aligncenter size-full wp-image-3248\" src=\"https:\/\/lemonlaws.com\/wp-content\/uploads\/2024\/06\/logo-gmc.png\" alt=\"gmc ley de lim\u00f3n\" width=\"240\" height=\"210\" \/><\/a><\/p>\n\n\t\t<\/div>\n\t<\/div>\n<\/div><\/div><\/div><\/div><\/div><div id=\"contact-a-toyota-lemon-law-attorney-today\" class=\"vc_row wpb_row bottom-cta home-bottom-cta add-parallax vc_custom_1767115311985 vc_row-has-fill\"><div class=\"container\"><div class=\"wpb_column vc_column_container vc_col-sm-12\"><div class=\"vc_column-inner\"><div class=\"wpb_wrapper\">\n\t<div class=\"wpb_text_column wpb_content_element\" >\n\t\t<div class=\"wpb_wrapper\">\n\t\t\t<h2 style=\"text-align: center;\">P\u00f3ngase en contacto con un abogado de Toyota Lemon Law hoy<\/h2>\n<p style=\"text-align: center;\">Si su Toyota sigue teniendo problemas, no necesita luchar contra el fabricante por su cuenta. Nuestros abogados se encargan de cada paso, desde evaluar su elegibilidad hasta tratar directamente con el fabricante de autom\u00f3viles. Trabajamos para asegurar la compensaci\u00f3n a la que tiene derecho legalmente, y Toyota suele ser responsable de los honorarios del abogado en las reclamaciones exitosas.<\/p>\n<p style=\"text-align: center;\">P\u00f3ngase en contacto con nosotros hoy mismo para empezar con una revisi\u00f3n gratuita de su caso.<\/p>\n\n\t\t<\/div>\n\t<\/div>\n\n\t<div class=\"wpb_raw_code wpb_raw_js\" >\n\t\t<div class=\"wpb_wrapper\">\n\t\t\t<script charset=\"utf-8\" type=\"text\/javascript\" src=\"\/\/js.hsforms.net\/forms\/embed\/v2.js\"><\/script>\n<script>\n  hbspt.forms.create({\n    region: \"na1\",\n    portalId: \"8932302\",\n    formId: \"0843527b-ee7b-48b5-ad10-2f7d3567927b\"\n  });\n<\/script>\n\t\t<\/div>\n\t<\/div>\n<\/div><\/div><\/div><\/div><\/div>\n<\/div>","protected":false},"excerpt":{"rendered":"Free Case Evaluations &amp; No Fees Until We Win Toyota Lemon Law Buybacks in California If your Toyota keeps going back to the dealership for the same problem, you might qualify for compensation under California\u2019s Lemon Law. If a defect affects your car\u2019s safety, value, or daily use and the issue continues after several repairs,&hellip; <a class=\"more-link\" href=\"https:\/\/lemonlaws.com\/es\/manufacturers\/toyota-lemon-law\/\">Seguir leyendo <span class=\"screen-reader-text\">Ley del Lim\u00f3n de Toyota<\/span><\/a>","protected":false},"author":1,"featured_media":0,"parent":2494,"menu_order":0,"comment_status":"closed","ping_status":"closed","template":"","meta":{"_acf_changed":false,"content-type":"","h5ap_radio_sources":[],"footnotes":""},"class_list":["post-7719","page","type-page","status-publish","entry"],"acf":[],"aioseo_notices":[],"_links":{"self":[{"href":"https:\/\/lemonlaws.com\/es\/wp-json\/wp\/v2\/pages\/7719","targetHints":{"allow":["GET"]}}],"collection":[{"href":"https:\/\/lemonlaws.com\/es\/wp-json\/wp\/v2\/pages"}],"about":[{"href":"https:\/\/lemonlaws.com\/es\/wp-json\/wp\/v2\/types\/page"}],"author":[{"embeddable":true,"href":"https:\/\/lemonlaws.com\/es\/wp-json\/wp\/v2\/users\/1"}],"replies":[{"embeddable":true,"href":"https:\/\/lemonlaws.com\/es\/wp-json\/wp\/v2\/comments?post=7719"}],"version-history":[{"count":0,"href":"https:\/\/lemonlaws.com\/es\/wp-json\/wp\/v2\/pages\/7719\/revisions"}],"up":[{"embeddable":true,"href":"https:\/\/lemonlaws.com\/es\/wp-json\/wp\/v2\/pages\/2494"}],"wp:attachment":[{"href":"https:\/\/lemonlaws.com\/es\/wp-json\/wp\/v2\/media?parent=7719"}],"curies":[{"name":"wp","href":"https:\/\/api.w.org\/{rel}","templated":true}]}}