{"id":7518,"date":"2025-11-19T17:18:59","date_gmt":"2025-11-20T01:18:59","guid":{"rendered":"https:\/\/lemonlaws.com\/?page_id=7518"},"modified":"2026-01-15T09:25:30","modified_gmt":"2026-01-15T17:25:30","slug":"gary-balyezyan","status":"publish","type":"page","link":"https:\/\/lemonlaws.com\/es\/attorneys\/gary-balyezyan\/","title":{"rendered":"Gary Balyezyan"},"content":{"rendered":"<div class=\"wpb-content-wrapper\"><div class=\"vc_row wpb_row cta-row dark1\"><div class=\"container\"><div class=\"wpb_column vc_column_container vc_col-sm-12\"><div class=\"vc_column-inner\"><div class=\"wpb_wrapper\">\n\t<div class=\"wpb_text_column wpb_content_element  mb0\" >\n\t\t<div class=\"wpb_wrapper\">\n\t\t\t<h3>Evaluamos su caso gratis y sin honorarios<\/h3>\n<!-- HFCM by 99 Robots - Snippet # 19: National &quot;See if You Qualify&quot; Button (EN+ES) -->\n<div data-tf-live=\"01JEEWYR1ZCXMY8M6WGKZTQK4Z\"><\/div><script src=\"\/\/embed.typeform.com\/next\/embed.js\"><\/script>\n<!-- \/end HFCM by 99 Robots -->\n\n\n\t\t<\/div>\n\t<\/div>\n<\/div><\/div><\/div><\/div><\/div><div class=\"vc_row wpb_row fifty-fifty image-left light11 individual-lawyer\"><div class=\"container\"><div class=\"gary-column wpb_column vc_column_container vc_col-sm-6\"><div class=\"vc_column-inner\"><div class=\"wpb_wrapper\">\n\t<div class=\"wpb_text_column wpb_content_element  mb0\" >\n\t\t<div class=\"wpb_wrapper\">\n\t\t\t<p><img decoding=\"async\" class=\"aligncenter wp-image-7771 size-full\" src=\"https:\/\/lemonlaws.com\/wp-content\/uploads\/2026\/01\/Gary-Balyezyan-Esq.-1920-x-1920-e1768495819292.png\" alt=\"Gary Balyezyan, abogado asociado\" width=\"1920\" height=\"1920\" srcset=\"https:\/\/lemonlaws.com\/wp-content\/uploads\/2026\/01\/Gary-Balyezyan-Esq.-1920-x-1920-e1768495819292.png 1920w, https:\/\/lemonlaws.com\/wp-content\/uploads\/2026\/01\/Gary-Balyezyan-Esq.-1920-x-1920-e1768495819292-300x300.png 300w, https:\/\/lemonlaws.com\/wp-content\/uploads\/2026\/01\/Gary-Balyezyan-Esq.-1920-x-1920-e1768495819292-1024x1024.png 1024w, https:\/\/lemonlaws.com\/wp-content\/uploads\/2026\/01\/Gary-Balyezyan-Esq.-1920-x-1920-e1768495819292-150x150.png 150w, https:\/\/lemonlaws.com\/wp-content\/uploads\/2026\/01\/Gary-Balyezyan-Esq.-1920-x-1920-e1768495819292-768x768.png 768w, https:\/\/lemonlaws.com\/wp-content\/uploads\/2026\/01\/Gary-Balyezyan-Esq.-1920-x-1920-e1768495819292-1536x1536.png 1536w, https:\/\/lemonlaws.com\/wp-content\/uploads\/2026\/01\/Gary-Balyezyan-Esq.-1920-x-1920-e1768495819292-12x12.png 12w, https:\/\/lemonlaws.com\/wp-content\/uploads\/2026\/01\/Gary-Balyezyan-Esq.-1920-x-1920-e1768495819292-75x75.png 75w, https:\/\/lemonlaws.com\/wp-content\/uploads\/2026\/01\/Gary-Balyezyan-Esq.-1920-x-1920-e1768495819292-1568x1568.png 1568w, https:\/\/lemonlaws.com\/wp-content\/uploads\/2026\/01\/Gary-Balyezyan-Esq.-1920-x-1920-e1768495819292-400x400.png 400w, https:\/\/lemonlaws.com\/wp-content\/uploads\/2026\/01\/Gary-Balyezyan-Esq.-1920-x-1920-e1768495819292-600x600.png 600w\" sizes=\"(max-width: 1920px) 100vw, 1920px\" \/><\/p>\n\n\t\t<\/div>\n\t<\/div>\n<\/div><\/div><\/div><div class=\"wpb_column vc_column_container vc_col-sm-6\"><div class=\"vc_column-inner\"><div class=\"wpb_wrapper\">\n\t<div class=\"wpb_text_column wpb_content_element  mb0\" >\n\t\t<div class=\"wpb_wrapper\">\n\t\t\t<h4 style=\"text-align: left;\">Gary Balyezyan, Esq.<\/h4>\n<hr class=\"line fw-line\" \/>\n<p>Gary K. Balyezyan es un abogado asociado en Prestige Legal Solutions, P.C., donde representa a los consumidores de California en el incumplimiento de la garant\u00eda y las reclamaciones de la ley del lim\u00f3n. Su pr\u00e1ctica legal se basa en un fuerte compromiso con la defensa del cliente, la atenci\u00f3n al detalle y una mentalidad orientada a los resultados.<\/p>\n<p>Gary es licenciado en Ciencias Econ\u00f3micas por la <a href=\"https:\/\/www.csun.edu\/\">Universidad Estatal de California, Northridge<\/a>, y obtuvo el doctorado en Derecho en la <a href=\"http:\/\/www.swlaw.edu\/\">Facultad de Derecho Southwestern<\/a>. Mientras estudiaba Derecho, dedic\u00f3 gran parte de su tiempo al servicio p\u00fablico, trabajando en la Fiscal\u00eda del Distrito de Los \u00c1ngeles y defendiendo los derechos de los inquilinos. Estas primeras experiencias le ayudaron a perfeccionar sus habilidades de litigaci\u00f3n y profundizaron su compromiso de defender a las personas que se enfrentan a desaf\u00edos legales.<\/p>\n<p>Antes de unirse a Prestige Legal Solutions, Gary trabaj\u00f3 en un bufete de abogados laboralistas, donde represent\u00f3 a trabajadores en casos relacionados con la Ley de Empleo y Vivienda Justos (FEHA), violaciones del C\u00f3digo Laboral y disputas sobre salarios y horas. Su trabajo responsabilizando a los empleadores corporativos ahora alimenta su pasi\u00f3n por la protecci\u00f3n del consumidor y su b\u00fasqueda de justicia en nombre de los propietarios de veh\u00edculos en todo California.<\/p>\n<p>En PLS, Gary aporta un enfoque reflexivo y centrado en el cliente a cada caso y se compromete a asegurar resultados significativos mientras gu\u00eda a los clientes a trav\u00e9s del proceso legal con claridad y confianza.<\/p>\n<p>ADMISIONES<\/p>\n<ul>\n<li><a title=\"null\" href=\"https:\/\/apps.calbar.ca.gov\/attorney\/Licensee\/Detail\/359786\" target=\"_blank\" rel=\"noopener\">Colegio de Abogados del Estado de California #359786<\/a><\/li>\n<li><a class=\"in-cell-link\" href=\"https:\/\/www.cacd.uscourts.gov\/\" target=\"_blank\" rel=\"noopener\">Tribunal de Distrito de EE.UU., Distrito Central de California<\/a><\/li>\n<\/ul>\n<p>ASOCIACIONES<\/p>\n<ul>\n<li><a href=\"https:\/\/armenianbar.org\/\" target=\"_blank\" rel=\"noopener\">Colegio de Abogados de Armenia<\/a><\/li>\n<li><a href=\"https:\/\/bhba.org\/\">Colegio de Abogados de Beverly Hills<\/a><\/li>\n<\/ul>\n<p>EDUCACI\u00d3N<\/p>\n<ul>\n<li><a href=\"https:\/\/www.csun.edu\/\">Universidad Estatal de California, Northridge<\/a><\/li>\n<li><a href=\"http:\/\/www.swlaw.edu\/\" target=\"_blank\" rel=\"noopener\">Facultad de Derecho Southwestern<\/a><\/li>\n<\/ul>\n\n\t\t<\/div>\n\t<\/div>\n<\/div><\/div><\/div><\/div><\/div><div class=\"vc_row wpb_row cta-row dark1\"><div class=\"container\"><div class=\"wpb_column vc_column_container vc_col-sm-12\"><div class=\"vc_column-inner\"><div class=\"wpb_wrapper\">\n\t<div class=\"wpb_text_column wpb_content_element  mb0\" >\n\t\t<div class=\"wpb_wrapper\">\n\t\t\t<h3>\u00bfEs su VEH\u00cdCULO un \"lim\u00f3n\"? \u00a1Aver\u00edg\u00fcelo ahora!<\/h3>\n<!-- HFCM by 99 Robots - Snippet # 19: National &quot;See if You Qualify&quot; Button (EN+ES) -->\n<div data-tf-live=\"01JEEWYR1ZCXMY8M6WGKZTQK4Z\"><\/div><script src=\"\/\/embed.typeform.com\/next\/embed.js\"><\/script>\n<!-- \/end HFCM by 99 Robots -->\n\n\n\t\t<\/div>\n\t<\/div>\n<\/div><\/div><\/div><\/div><\/div><div class=\"vc_row wpb_row bottom-cta home-bottom-cta add-parallax vc_custom_1718042544393 vc_row-has-fill\"><div class=\"container\"><div class=\"wpb_column vc_column_container vc_col-sm-12\"><div class=\"vc_column-inner\"><div class=\"wpb_wrapper\">\n\t<div class=\"wpb_text_column wpb_content_element\" >\n\t\t<div class=\"wpb_wrapper\">\n\t\t\t<h2 style=\"text-align: center;\">CONTACTE HOY MISMO CON NUESTROS ABOGADOS ESPECIALIZADOS EN LA LEY LIM\u00d3N<\/h2>\n<p style=\"text-align: center;\">Si usted est\u00e1 enfrentando problemas con un coche de lim\u00f3n, la b\u00fasqueda de ayuda legal de abogados con experiencia especializados en la ley de lim\u00f3n es importante. Nuestro equipo en Prestige Legal Solutions est\u00e1 aqu\u00ed para ayudarle a navegar el complejo proceso legal y asegurar que reciba la compensaci\u00f3n y la justicia que se merece. P\u00f3ngase en contacto con nosotros hoy para programar una consulta y discutir su caso con nuestros abogados expertos en la ley del lim\u00f3n.<\/p>\n\n\t\t<\/div>\n\t<\/div>\n\n\t<div class=\"wpb_raw_code wpb_raw_js\" >\n\t\t<div class=\"wpb_wrapper\">\n\t\t\t<script charset=\"utf-8\" type=\"text\/javascript\" src=\"\/\/js.hsforms.net\/forms\/embed\/v2.js\"><\/script>\n<script>\n  hbspt.forms.create({\n    region: \"na1\",\n    portalId: \"8932302\",\n    formId: \"0843527b-ee7b-48b5-ad10-2f7d3567927b\"\n  });\n<\/script>\n\t\t<\/div>\n\t<\/div>\n<\/div><\/div><\/div><\/div><\/div>\n<\/div>","protected":false},"excerpt":{"rendered":"Evaluaciones de casos gratuitas y sin honorarios hasta que ganemos Gary Balyezyan, Esq. Gary K. Balyezyan es un abogado asociado en Prestige Legal Solutions, P.C., donde representa a los consumidores de California en el incumplimiento de la garant\u00eda y las reclamaciones de la ley del lim\u00f3n. Su pr\u00e1ctica legal se basa en un fuerte compromiso con la defensa del cliente, la atenci\u00f3n al detalle, y... <a class=\"more-link\" href=\"https:\/\/lemonlaws.com\/es\/attorneys\/gary-balyezyan\/\">Seguir leyendo <span class=\"screen-reader-text\">Gary Balyezyan<\/span><\/a>","protected":false},"author":8,"featured_media":7524,"parent":2781,"menu_order":0,"comment_status":"closed","ping_status":"closed","template":"","meta":{"_acf_changed":false,"content-type":"","h5ap_radio_sources":[],"footnotes":""},"class_list":["post-7518","page","type-page","status-publish","has-post-thumbnail","entry"],"acf":[],"aioseo_notices":[],"_links":{"self":[{"href":"https:\/\/lemonlaws.com\/es\/wp-json\/wp\/v2\/pages\/7518","targetHints":{"allow":["GET"]}}],"collection":[{"href":"https:\/\/lemonlaws.com\/es\/wp-json\/wp\/v2\/pages"}],"about":[{"href":"https:\/\/lemonlaws.com\/es\/wp-json\/wp\/v2\/types\/page"}],"author":[{"embeddable":true,"href":"https:\/\/lemonlaws.com\/es\/wp-json\/wp\/v2\/users\/8"}],"replies":[{"embeddable":true,"href":"https:\/\/lemonlaws.com\/es\/wp-json\/wp\/v2\/comments?post=7518"}],"version-history":[{"count":0,"href":"https:\/\/lemonlaws.com\/es\/wp-json\/wp\/v2\/pages\/7518\/revisions"}],"up":[{"embeddable":true,"href":"https:\/\/lemonlaws.com\/es\/wp-json\/wp\/v2\/pages\/2781"}],"wp:featuredmedia":[{"embeddable":true,"href":"https:\/\/lemonlaws.com\/es\/wp-json\/wp\/v2\/media\/7524"}],"wp:attachment":[{"href":"https:\/\/lemonlaws.com\/es\/wp-json\/wp\/v2\/media?parent=7518"}],"curies":[{"name":"wp","href":"https:\/\/api.w.org\/{rel}","templated":true}]}}