{"id":7374,"date":"2025-09-05T14:10:58","date_gmt":"2025-09-05T21:10:58","guid":{"rendered":"https:\/\/lemonlaws.com\/?page_id=7374"},"modified":"2026-01-15T08:52:35","modified_gmt":"2026-01-15T16:52:35","slug":"stephanie-pengilley","status":"publish","type":"page","link":"https:\/\/lemonlaws.com\/es\/attorneys\/stephanie-pengilley\/","title":{"rendered":"Stephanie Pengilley"},"content":{"rendered":"<div class=\"wpb-content-wrapper\"><div class=\"vc_row wpb_row cta-row dark1\"><div class=\"container\"><div class=\"wpb_column vc_column_container vc_col-sm-12\"><div class=\"vc_column-inner\"><div class=\"wpb_wrapper\">\n\t<div class=\"wpb_text_column wpb_content_element  mb0\" >\n\t\t<div class=\"wpb_wrapper\">\n\t\t\t<h3>Evaluamos su caso gratis y sin honorarios<\/h3>\n<!-- HFCM by 99 Robots - Snippet # 19: National &quot;See if You Qualify&quot; Button (EN+ES) -->\n<div data-tf-live=\"01JEEWYR1ZCXMY8M6WGKZTQK4Z\"><\/div><script src=\"\/\/embed.typeform.com\/next\/embed.js\"><\/script>\n<!-- \/end HFCM by 99 Robots -->\n\n\n\t\t<\/div>\n\t<\/div>\n<\/div><\/div><\/div><\/div><\/div><div class=\"vc_row wpb_row fifty-fifty image-left light11 individual-lawyer\"><div class=\"container\"><div class=\"andrea-column wpb_column vc_column_container vc_col-sm-6\"><div class=\"vc_column-inner\"><div class=\"wpb_wrapper\">\n\t<div class=\"wpb_text_column wpb_content_element  mb0\" >\n\t\t<div class=\"wpb_wrapper\">\n\t\t\t<p><img decoding=\"async\" class=\"aligncenter wp-image-7768 size-full\" src=\"https:\/\/lemonlaws.com\/wp-content\/uploads\/2026\/01\/Stephanie-Pengilley-Esq.-1920-x-1920.png\" alt=\"Stephanie Pengilley, Consejera Principal\" width=\"1920\" height=\"1920\" srcset=\"https:\/\/lemonlaws.com\/wp-content\/uploads\/2026\/01\/Stephanie-Pengilley-Esq.-1920-x-1920.png 1920w, https:\/\/lemonlaws.com\/wp-content\/uploads\/2026\/01\/Stephanie-Pengilley-Esq.-1920-x-1920-300x300.png 300w, https:\/\/lemonlaws.com\/wp-content\/uploads\/2026\/01\/Stephanie-Pengilley-Esq.-1920-x-1920-1024x1024.png 1024w, https:\/\/lemonlaws.com\/wp-content\/uploads\/2026\/01\/Stephanie-Pengilley-Esq.-1920-x-1920-150x150.png 150w, https:\/\/lemonlaws.com\/wp-content\/uploads\/2026\/01\/Stephanie-Pengilley-Esq.-1920-x-1920-768x768.png 768w, https:\/\/lemonlaws.com\/wp-content\/uploads\/2026\/01\/Stephanie-Pengilley-Esq.-1920-x-1920-1536x1536.png 1536w, https:\/\/lemonlaws.com\/wp-content\/uploads\/2026\/01\/Stephanie-Pengilley-Esq.-1920-x-1920-12x12.png 12w, https:\/\/lemonlaws.com\/wp-content\/uploads\/2026\/01\/Stephanie-Pengilley-Esq.-1920-x-1920-75x75.png 75w, https:\/\/lemonlaws.com\/wp-content\/uploads\/2026\/01\/Stephanie-Pengilley-Esq.-1920-x-1920-1568x1568.png 1568w\" sizes=\"(max-width: 1920px) 100vw, 1920px\" \/><\/p>\n\n\t\t<\/div>\n\t<\/div>\n<\/div><\/div><\/div><div class=\"wpb_column vc_column_container vc_col-sm-6\"><div class=\"vc_column-inner\"><div class=\"wpb_wrapper\">\n\t<div class=\"wpb_text_column wpb_content_element  mb0\" >\n\t\t<div class=\"wpb_wrapper\">\n\t\t\t<h4 style=\"text-align: left;\">Stephanie Pengilley, Esq.<\/h4>\n<hr class=\"line fw-line\" \/>\n<p>Stephanie S. Pengilley es abogada principal en Prestige Legal Solutions, P.C., donde centra su pr\u00e1ctica en litigios sobre garant\u00edas de los consumidores. Aporta a\u00f1os de experiencia en juicios, un profundo conocimiento de la industria del autom\u00f3vil y un s\u00f3lido historial de resultados favorables para sus clientes en casos de alto riesgo.<\/p>\n<p>Licenciada en Estudios Jur\u00eddicos con especializaci\u00f3n en Pol\u00edtica por la <a href=\"https:\/\/www.ucsc.edu\/\">Universidad de California, Santa Cruz<\/a>En el a\u00f1o 2000, se doctor\u00f3 en Derecho por la <a href=\"https:\/\/www.sandiego.edu\/law\/\">Facultad de Derecho de la Universidad de San Diego<\/a>donde se especializ\u00f3 en Derecho Internacional y fue Presidenta de la Sociedad de Derecho Internacional.<\/p>\n<p>La experiencia de Stephanie en litigios es excepcionalmente amplia. Habiendo representado a consumidores, concesionarios de autom\u00f3viles y fabricantes, aporta m\u00faltiples perspectivas a cada caso, lo que le permite elaborar enfoques estrat\u00e9gicos basados en conocimientos pr\u00e1cticos. Ha llevado a juicio con \u00e9xito m\u00faltiples casos de garant\u00edas de consumidores en tribunales estatales y federales de California, obteniendo veredictos favorables y mayores sanciones civiles contra los principales fabricantes.<\/p>\n<p>En 2023, la Sra. Pengilley fue elegida miembro de la Junta Directiva del Colegio de Abogados del Condado de San Diego. Tambi\u00e9n ha recibido honores del Proyecto de Justicia de Inmigraci\u00f3n por su servicio pro bono, lo que refleja su compromiso de larga data con la defensa tanto dentro como fuera de la sala del tribunal.<\/p>\n<p>ADMISIONES<\/p>\n<ul>\n<li><a title=\"null\" href=\"https:\/\/apps.calbar.ca.gov\/attorney\/Licensee\/Detail\/306508\" target=\"_blank\" rel=\"noopener\">Colegio de Abogados del Estado de California #306508<\/a><\/li>\n<li><a href=\"https:\/\/www.cacd.uscourts.gov\/\">Tribunal de Distrito de EE.UU., Distrito Central de California<\/a><\/li>\n<li><a href=\"https:\/\/www.caed.uscourts.gov\/caednew\/\">Tribunal de Distrito de EE.UU., Distrito Este de California<\/a><\/li>\n<li><a class=\"in-cell-link\" href=\"https:\/\/www.casd.uscourts.gov\/\" target=\"_blank\" rel=\"noopener\">Tribunal de Distrito de EE.UU., Distrito Sur de California<\/a><\/li>\n<\/ul>\n<p>ASOCIACIONES<\/p>\n<ul>\n<li><a href=\"https:\/\/www.sdcba.org\/?pg=BoardofDirectors\">Consejo de Administraci\u00f3n del Colegio de Abogados del Condado de San Diego<\/a><\/li>\n<\/ul>\n<p>EDUCACI\u00d3N<\/p>\n<ul>\n<li><a href=\"https:\/\/www.ucsc.edu\/\" target=\"_blank\" rel=\"noopener\">Universidad de California, Santa Cruz<\/a><\/li>\n<li><a href=\"https:\/\/www.sandiego.edu\/law\/\" target=\"_blank\" rel=\"noopener\">Universidad de San Diego, Facultad de Derecho<\/a><\/li>\n<\/ul>\n\n\t\t<\/div>\n\t<\/div>\n<\/div><\/div><\/div><\/div><\/div><div class=\"vc_row wpb_row cta-row dark1\"><div class=\"container\"><div class=\"wpb_column vc_column_container vc_col-sm-12\"><div class=\"vc_column-inner\"><div class=\"wpb_wrapper\">\n\t<div class=\"wpb_text_column wpb_content_element  mb0\" >\n\t\t<div class=\"wpb_wrapper\">\n\t\t\t<h3>\u00bfEs su VEH\u00cdCULO un \"lim\u00f3n\"? \u00a1Aver\u00edg\u00fcelo ahora!<\/h3>\n<!-- HFCM by 99 Robots - Snippet # 19: National &quot;See if You Qualify&quot; Button (EN+ES) -->\n<div data-tf-live=\"01JEEWYR1ZCXMY8M6WGKZTQK4Z\"><\/div><script src=\"\/\/embed.typeform.com\/next\/embed.js\"><\/script>\n<!-- \/end HFCM by 99 Robots -->\n\n\n\t\t<\/div>\n\t<\/div>\n<\/div><\/div><\/div><\/div><\/div><div class=\"vc_row wpb_row bottom-cta home-bottom-cta add-parallax vc_custom_1718042544393 vc_row-has-fill\"><div class=\"container\"><div class=\"wpb_column vc_column_container vc_col-sm-12\"><div class=\"vc_column-inner\"><div class=\"wpb_wrapper\">\n\t<div class=\"wpb_text_column wpb_content_element\" >\n\t\t<div class=\"wpb_wrapper\">\n\t\t\t<h2 style=\"text-align: center;\">CONTACTE HOY MISMO CON NUESTROS ABOGADOS ESPECIALIZADOS EN LA LEY LIM\u00d3N<\/h2>\n<p style=\"text-align: center;\">Si usted est\u00e1 enfrentando problemas con un coche de lim\u00f3n, la b\u00fasqueda de ayuda legal de abogados con experiencia especializados en la ley de lim\u00f3n es importante. Nuestro equipo en Prestige Legal Solutions est\u00e1 aqu\u00ed para ayudarle a navegar el complejo proceso legal y asegurar que reciba la compensaci\u00f3n y la justicia que se merece. P\u00f3ngase en contacto con nosotros hoy para programar una consulta y discutir su caso con nuestros abogados expertos en la ley del lim\u00f3n.<\/p>\n\n\t\t<\/div>\n\t<\/div>\n\n\t<div class=\"wpb_raw_code wpb_raw_js\" >\n\t\t<div class=\"wpb_wrapper\">\n\t\t\t<script charset=\"utf-8\" type=\"text\/javascript\" src=\"\/\/js.hsforms.net\/forms\/embed\/v2.js\"><\/script>\n<script>\n  hbspt.forms.create({\n    region: \"na1\",\n    portalId: \"8932302\",\n    formId: \"0843527b-ee7b-48b5-ad10-2f7d3567927b\"\n  });\n<\/script>\n\t\t<\/div>\n\t<\/div>\n<\/div><\/div><\/div><\/div><\/div>\n<\/div>","protected":false},"excerpt":{"rendered":"Evaluaciones de casos gratuitas y sin honorarios hasta que ganemos Stephanie Pengilley, Esq. Stephanie S. Pengilley es Consejera Senior en Prestige Legal Solutions, P.C., donde centra su pr\u00e1ctica en litigios de garant\u00eda del consumidor. Aporta a\u00f1os de experiencia en juicios, un profundo conocimiento de la industria automotriz y un s\u00f3lido historial de... <a class=\"more-link\" href=\"https:\/\/lemonlaws.com\/es\/attorneys\/stephanie-pengilley\/\">Seguir leyendo <span class=\"screen-reader-text\">Stephanie Pengilley<\/span><\/a>","protected":false},"author":8,"featured_media":7376,"parent":2781,"menu_order":0,"comment_status":"closed","ping_status":"closed","template":"","meta":{"_acf_changed":false,"content-type":"","h5ap_radio_sources":[],"footnotes":""},"class_list":["post-7374","page","type-page","status-publish","has-post-thumbnail","entry"],"acf":[],"aioseo_notices":[],"_links":{"self":[{"href":"https:\/\/lemonlaws.com\/es\/wp-json\/wp\/v2\/pages\/7374","targetHints":{"allow":["GET"]}}],"collection":[{"href":"https:\/\/lemonlaws.com\/es\/wp-json\/wp\/v2\/pages"}],"about":[{"href":"https:\/\/lemonlaws.com\/es\/wp-json\/wp\/v2\/types\/page"}],"author":[{"embeddable":true,"href":"https:\/\/lemonlaws.com\/es\/wp-json\/wp\/v2\/users\/8"}],"replies":[{"embeddable":true,"href":"https:\/\/lemonlaws.com\/es\/wp-json\/wp\/v2\/comments?post=7374"}],"version-history":[{"count":0,"href":"https:\/\/lemonlaws.com\/es\/wp-json\/wp\/v2\/pages\/7374\/revisions"}],"up":[{"embeddable":true,"href":"https:\/\/lemonlaws.com\/es\/wp-json\/wp\/v2\/pages\/2781"}],"wp:featuredmedia":[{"embeddable":true,"href":"https:\/\/lemonlaws.com\/es\/wp-json\/wp\/v2\/media\/7376"}],"wp:attachment":[{"href":"https:\/\/lemonlaws.com\/es\/wp-json\/wp\/v2\/media?parent=7374"}],"curies":[{"name":"wp","href":"https:\/\/api.w.org\/{rel}","templated":true}]}}