{"id":7273,"date":"2025-08-12T15:10:45","date_gmt":"2025-08-12T22:10:45","guid":{"rendered":"https:\/\/lemonlaws.com\/?page_id=7273"},"modified":"2025-12-30T07:41:20","modified_gmt":"2025-12-30T15:41:20","slug":"ley-del-limon-de-audi","status":"publish","type":"page","link":"https:\/\/lemonlaws.com\/es\/manufacturers\/audi-lemon-law\/","title":{"rendered":"Ley del Lim\u00f3n de Audi"},"content":{"rendered":"<div class=\"wpb-content-wrapper\"><div class=\"vc_row wpb_row cta-row dark1\"><div class=\"container\"><div class=\"wpb_column vc_column_container vc_col-sm-12\"><div class=\"vc_column-inner\"><div class=\"wpb_wrapper\">\n\t<div class=\"wpb_text_column wpb_content_element  mb0\" >\n\t\t<div class=\"wpb_wrapper\">\n\t\t\t<h3>Evaluamos su caso gratis y sin honorarios<\/h3>\n<!-- HFCM by 99 Robots - Snippet # 19: National &quot;See if You Qualify&quot; Button (EN+ES) -->\n<div data-tf-live=\"01JEEWYR1ZCXMY8M6WGKZTQK4Z\"><\/div><script src=\"\/\/embed.typeform.com\/next\/embed.js\"><\/script>\n<!-- \/end HFCM by 99 Robots -->\n\n\n\t\t<\/div>\n\t<\/div>\n<\/div><\/div><\/div><\/div><\/div><div class=\"vc_row wpb_row table-of-content-row\"><div class=\"container\"><div class=\"wpb_column vc_column_container vc_col-sm-6\" id=\"lemon-laws-for-audi-vehicles\"><div class=\"vc_column-inner\"><div class=\"wpb_wrapper\">\n\t<div class=\"wpb_text_column wpb_content_element\" >\n\t\t<div class=\"wpb_wrapper\">\n\t\t\t<p>Si tiene constantes problemas con su Audi, es probable que se sienta estancado y frustrado: un veh\u00edculo problem\u00e1tico puede suponer un gran estr\u00e9s para su cartera y su vida diaria. Afortunadamente, la ley del lim\u00f3n Audi de California protege a los consumidores como usted.<\/p>\n<p>Cuando un veh\u00edculo no puede ser reparado despu\u00e9s de m\u00faltiples intentos, usted puede tener derecho a una recompra, donde el fabricante debe reembolsar el precio de compra. Trabajar con un abogado con experiencia en la ley del lim\u00f3n Audi asegura que usted reciba la compensaci\u00f3n a la que tiene derecho y le ayuda a navegar por las complejidades del proceso. Nuestro equipo legal gestionar\u00e1 los detalles, permiti\u00e9ndole centrarse en resolver el problema.<\/p>\n\n\t\t<\/div>\n\t<\/div>\n<\/div><\/div><\/div><div class=\"accent1 table-of-contents wpb_column vc_column_container vc_col-sm-6 vc_col-has-fill\"><div class=\"vc_column-inner vc_custom_1718206463659\"><div class=\"wpb_wrapper\">\n\t<div class=\"wpb_text_column wpb_content_element\" >\n\t\t<div class=\"wpb_wrapper\">\n\t\t\t<h5>\u00cdNDICE<\/h5>\n<hr class=\"line fw-line\" \/>\n<ul class=\"table-of-contents\">\n<li><a href=\"#lemon-laws-for-audi-vehicles\">Leyes del lim\u00f3n para veh\u00edculos Audi<\/a><\/li>\n<li><a href=\"#audi-lemon-law-process\">El proceso de la Ley del Lim\u00f3n con veh\u00edculos Audi<\/a><\/li>\n<li><a href=\"#is-your-audi-eligible-for-a-lemon-law-buyback\">\u00bfPuede su Audi acogerse a la Ley del Lim\u00f3n?<\/a><\/li>\n<li><a href=\"#how-to-know-if-your-audi-is-a-lemon\">C\u00f3mo saber si su Audi es un coche defectuoso<\/a><\/li>\n<li><a href=\"#common-audi-models-classifying-as-lemons\">Modelos comunes de Audi con llamadas a revisi\u00f3n y defectos<\/a><\/li>\n<li><a href=\"#audi-lemon-law-faqs\">Preguntas frecuentes sobre Audi Lemons &amp; Buybacks<\/a><\/li>\n<li><a href=\"#contact-an-audi-lemon-law-attorney-today\">P\u00f3ngase en contacto con un abogado de Audi Lemon Law hoy<\/a><\/li>\n<\/ul>\n\n\t\t<\/div>\n\t<\/div>\n<\/div><\/div><\/div><\/div><\/div><div class=\"vc_row wpb_row fifty-fifty image-right dark2\"><div class=\"container\"><div class=\"wpb_column vc_column_container vc_col-sm-6\"><div class=\"vc_column-inner\"><div class=\"wpb_wrapper\">\n\t<div class=\"wpb_text_column wpb_content_element  mb0 align-right\" >\n\t\t<div class=\"wpb_wrapper\">\n\t\t\t<h3 style=\"text-align: right;\">Comience hoy mismo la revisi\u00f3n gratuita de su caso Audi<\/h3>\n<p style=\"text-align: right;\">Si usted sospecha que su Audi puede ser un lim\u00f3n, p\u00f3ngase en contacto con nosotros de inmediato. Nuestro equipo de abogados expertos en la ley del lim\u00f3n Audi est\u00e1 aqu\u00ed para proporcionar una consulta gratuita y revisar su caso. Vamos a evaluar la situaci\u00f3n, le guiar\u00e1 a trav\u00e9s de sus opciones, y trabajar para asegurar la compensaci\u00f3n que se merece por su veh\u00edculo defectuoso.<\/p>\n<p style=\"text-align: right;\">P\u00f3ngase en contacto con nosotros hoy mismo para obtener m\u00e1s informaci\u00f3n y para empezar a resolver su reclamaci\u00f3n de la ley del lim\u00f3n.<\/p>\n<p><center><!-- HFCM by 99 Robots - Snippet # 19: National &quot;See if You Qualify&quot; Button (EN+ES) -->\n<div data-tf-live=\"01JEEWYR1ZCXMY8M6WGKZTQK4Z\"><\/div><script src=\"\/\/embed.typeform.com\/next\/embed.js\"><\/script>\n<!-- \/end HFCM by 99 Robots -->\n<\/center><\/p>\n\n\t\t<\/div>\n\t<\/div>\n<\/div><\/div><\/div><div class=\"start-your-free-column wpb_column vc_column_container vc_col-sm-6 vc_col-has-fill\"><div class=\"vc_column-inner vc_custom_1737498145879\"><div class=\"wpb_wrapper\"><\/div><\/div><\/div><\/div><\/div><div id=\"audi-lemon-law-process\" class=\"vc_row wpb_row light1 blurb-row vc_custom_1767109081881\"><div class=\"container\"><div class=\"wpb_column vc_column_container vc_col-sm-1\"><div class=\"vc_column-inner\"><div class=\"wpb_wrapper\"><\/div><\/div><\/div><div class=\"wpb_column vc_column_container vc_col-sm-10\"><div class=\"vc_column-inner\"><div class=\"wpb_wrapper\">\n\t<div class=\"wpb_text_column wpb_content_element  mb0\" >\n\t\t<div class=\"wpb_wrapper\">\n\t\t\t<h2 style=\"text-align: center;\">Proceso Audi Lemon Law<\/h2>\n<hr class=\"line\" \/>\n<p style=\"text-align: center;\">El proceso de la ley del lim\u00f3n de Audi comienza por identificar si su Audi califica como un lim\u00f3n. Una vez que se ponga en contacto con un abogado especialista en Audi, \u00e9ste revisar\u00e1 su situaci\u00f3n, evaluar\u00e1 el defecto y determinar\u00e1 si el veh\u00edculo re\u00fane los requisitos para una recompra conforme a la ley del lim\u00f3n. Despu\u00e9s de eso, su abogado reunir\u00e1 la documentaci\u00f3n necesaria, se encargar\u00e1 de todas las comunicaciones con Audi, y se asegurar\u00e1 de que la reclamaci\u00f3n se presente correctamente y dentro del plazo requerido.<\/p>\n<p style=\"text-align: center;\">Nuestro objetivo es ayudarle a navegar por la complicada ley del lim\u00f3n y lograr el mejor resultado posible, ya sea un reembolso o una indemnizaci\u00f3n por sus p\u00e9rdidas.<\/p>\n\n\t\t<\/div>\n\t<\/div>\n<\/div><\/div><\/div><div class=\"wpb_column vc_column_container vc_col-sm-1\"><div class=\"vc_column-inner\"><div class=\"wpb_wrapper\"><\/div><\/div><\/div><\/div><\/div><div id=\"is-your-audi-eligible-for-a-lemon-law-buyback\" class=\"vc_row wpb_row dark1 blurb-row vc_custom_1767109060485\"><div class=\"container\"><div class=\"wpb_column vc_column_container vc_col-sm-1\"><div class=\"vc_column-inner\"><div class=\"wpb_wrapper\"><\/div><\/div><\/div><div class=\"wpb_column vc_column_container vc_col-sm-10\"><div class=\"vc_column-inner\"><div class=\"wpb_wrapper\">\n\t<div class=\"wpb_text_column wpb_content_element  mb0\" >\n\t\t<div class=\"wpb_wrapper\">\n\t\t\t<h2 style=\"text-align: center;\">\u00bfPuede su Audi acogerse a la Ley del Lim\u00f3n?<\/h2>\n<hr class=\"line\" \/>\n<p style=\"text-align: center;\">Para poder acogerse a la ley del lim\u00f3n de California, se deben cumplir los siguientes requisitos:<\/p>\n<p style=\"text-align: center;\">El veh\u00edculo a\u00fan debe estar bajo la <strong>garant\u00eda del fabricante<\/strong> en el momento de la notificaci\u00f3n del defecto.<br \/>\nEl defecto debe <strong>perjudicar sustancialmente<\/strong> el uso, el valor o la seguridad del veh\u00edculo.<br \/>\nEl defecto debe haber sido objeto de <strong>intentos de reparaci\u00f3n<\/strong>Normalmente de 2 a 4 intentos, sin resoluci\u00f3n.<br \/>\nEl veh\u00edculo debe haber sido <strong>fuera de servicio<\/strong> durante m\u00e1s de 30 d\u00edas acumulativos debido a reparaciones.<\/p>\n<p style=\"text-align: center;\">Si su Audi cumple con estas condiciones, usted podr\u00eda ser elegible para una recompra. Un abogado de Audi de Prestige Legal Solutions le ayudar\u00e1 a reunir la documentaci\u00f3n necesaria y navegar por el proceso de reclamaci\u00f3n para asegurar que sus derechos est\u00e1n protegidos.<\/p>\n<p><center><!-- HFCM by 99 Robots - Snippet # 19: National &quot;See if You Qualify&quot; Button (EN+ES) -->\n<div data-tf-live=\"01JEEWYR1ZCXMY8M6WGKZTQK4Z\"><\/div><script src=\"\/\/embed.typeform.com\/next\/embed.js\"><\/script>\n<!-- \/end HFCM by 99 Robots -->\n<\/center><\/p>\n\n\t\t<\/div>\n\t<\/div>\n<\/div><\/div><\/div><div class=\"wpb_column vc_column_container vc_col-sm-1\"><div class=\"vc_column-inner\"><div class=\"wpb_wrapper\"><\/div><\/div><\/div><\/div><\/div><div id=\"how-to-know-if-your-audi-is-a-lemon\" class=\"vc_row wpb_row light1 blurb-row vc_custom_1767109138963\"><div class=\"container\"><div class=\"wpb_column vc_column_container vc_col-sm-1\"><div class=\"vc_column-inner\"><div class=\"wpb_wrapper\"><\/div><\/div><\/div><div class=\"wpb_column vc_column_container vc_col-sm-10\"><div class=\"vc_column-inner\"><div class=\"wpb_wrapper\">\n\t<div class=\"wpb_text_column wpb_content_element  mb0\" >\n\t\t<div class=\"wpb_wrapper\">\n\t\t\t<h2 style=\"text-align: center;\">C\u00f3mo saber si su Audi es un coche defectuoso<\/h2>\n<hr class=\"line\" \/>\n<p style=\"text-align: center;\">Si su Audi tiene problemas continuos que afectan a su seguridad, valor o funcionalidad, puede ser considerado un veh\u00edculo defectuoso seg\u00fan la Ley del Lim\u00f3n de Audi de California. Los problemas m\u00e1s comunes incluyen motores defectuosos, fallos de transmisi\u00f3n, sistemas el\u00e9ctricos defectuosos o frenos defectuosos. Si su Audi ha estado en el taller para m\u00faltiples reparaciones y el problema persiste, podr\u00eda ser el momento de consultar con un abogado de Audi para determinar si usted tiene una reclamaci\u00f3n v\u00e1lida.<\/p>\n<p style=\"text-align: center;\">Recuerde que tambi\u00e9n debe aportar documentaci\u00f3n que demuestre que el defecto estaba cubierto por la garant\u00eda del fabricante.<\/p>\n\n\t\t<\/div>\n\t<\/div>\n<\/div><\/div><\/div><div class=\"wpb_column vc_column_container vc_col-sm-1\"><div class=\"vc_column-inner\"><div class=\"wpb_wrapper\"><\/div><\/div><\/div><\/div><\/div><div id=\"common-audi-models-classifying-as-lemons\" class=\"vc_row wpb_row fifty-fifty image-left dark2 flip-mobile\"><div class=\"container\"><div class=\"common-column wpb_column vc_column_container vc_col-sm-6 vc_col-has-fill\"><div class=\"vc_column-inner vc_custom_1767109164178\"><div class=\"wpb_wrapper\"><\/div><\/div><\/div><div class=\"wpb_column vc_column_container vc_col-sm-6\"><div class=\"vc_column-inner\"><div class=\"wpb_wrapper\">\n\t<div class=\"wpb_text_column wpb_content_element  mb0\" >\n\t\t<div class=\"wpb_wrapper\">\n\t\t\t<h2>Modelos comunes de Audi clasificados como Limones<\/h2>\n<p>Ciertos modelos de Audi han sido m\u00e1s propensos a defectos que pueden calificarlos como limones bajo la ley de California. Estos problemas pueden incluir mal funcionamiento del motor, fallos de transmisi\u00f3n, problemas del sistema el\u00e9ctrico, y m\u00e1s. A continuaci\u00f3n se presentan algunos modelos comunes de Audi y los defectos que a menudo conducen a reclamaciones de la ley del lim\u00f3n:<\/p>\n<ul class=\"exclamation\">\n<li><strong>Audi A6:<\/strong> Conocido por problemas recurrentes del sistema el\u00e9ctrico, problemas de refrigeraci\u00f3n del motor y defectos del airbag.<\/li>\n<li><strong>Audi A4:<\/strong> Suele experimentar aver\u00edas en el sistema de combustible, problemas de encendido y sistemas el\u00e9ctricos defectuosos.<\/li>\n<li><strong>Audi Q5:<\/strong> Entre los problemas m\u00e1s frecuentes se incluyen defectos en la refrigeraci\u00f3n del motor, problemas estructurales y mal funcionamiento de los airbags.<\/li>\n<li><strong>Audi A3:<\/strong> Los propietarios suelen informar de fallos el\u00e9ctricos, problemas con los airbags y defectos en el sistema de combustible.<\/li>\n<\/ul>\n<p>Si usted es due\u00f1o de uno de estos modelos o ha experimentado problemas similares con otro Audi, usted puede calificar para una reclamaci\u00f3n de la ley del lim\u00f3n. P\u00f3ngase en contacto con Prestige Legal Solutions para una evaluaci\u00f3n gratuita de su caso hoy, para que pueda dar el primer paso hacia una resoluci\u00f3n.<\/p>\n<p><span style=\"color: #999999;\">Cr\u00e9dito de la imagen: <a style=\"color: #999999;\" href=\"https:\/\/www.shutterstock.com\/image-photo\/man-disconnecting-terminal-on-car-battery-1238222080\" target=\"_blank\" rel=\"nofollow noopener\">Bykfa<\/a>\/Shutterstock<\/span><\/p>\n\n\t\t<\/div>\n\t<\/div>\n<\/div><\/div><\/div><\/div><\/div><div id=\"audi-lemon-law-faqs\" class=\"vc_row wpb_row accordion light1 vc_custom_1767109218584\"><div class=\"container\"><div class=\"wpb_column vc_column_container vc_col-sm-1\"><div class=\"vc_column-inner\"><div class=\"wpb_wrapper\"><\/div><\/div><\/div><div class=\"wpb_column vc_column_container vc_col-sm-10\"><div class=\"vc_column-inner\"><div class=\"wpb_wrapper\">\n\t<div class=\"wpb_text_column wpb_content_element\" >\n\t\t<div class=\"wpb_wrapper\">\n\t\t\t<h2 style=\"text-align: center;\">Preguntas frecuentes sobre la Ley del Lim\u00f3n de Audi<\/h2>\n<p>&nbsp;<\/p>\n<p>Estas son algunas de las preguntas m\u00e1s frecuentes sobre las reclamaciones de la ley del lim\u00f3n de Audi. Si tiene m\u00e1s preguntas o necesita alguna aclaraci\u00f3n, no dude en ponerse en contacto con nuestro experimentado equipo.<\/p>\n\n\t\t<\/div>\n\t<\/div>\n<div class=\"vc_tta-container\" data-vc-action=\"collapse\"><div class=\"vc_general vc_tta vc_tta-accordion vc_tta-color-grey vc_tta-style-classic vc_tta-shape-rounded vc_tta-o-shape-group vc_tta-controls-align-default\"><div class=\"vc_tta-panels-container\"><div class=\"vc_tta-panels\"><div class=\"vc_tta-panel vc_active\" id=\"can-i-file-a-lemon-law-claim-for-a-used-audi\" data-vc-content=\".vc_tta-panel-body\"><div class=\"vc_tta-panel-heading\"><h3 class=\"vc_tta-panel-title vc_tta-controls-icon-position-left\"><a href=\"#can-i-file-a-lemon-law-claim-for-a-used-audi\" data-vc-accordion data-vc-container=\".vc_tta-container\"><span class=\"vc_tta-title-text\">\u00bfPuedo reclamar por un Audi usado?<\/span><i class=\"vc_tta-controls-icon vc_tta-controls-icon-plus\"><\/i><\/a><\/h3><\/div><div class=\"vc_tta-panel-body\">\n\t<div class=\"wpb_text_column wpb_content_element\" >\n\t\t<div class=\"wpb_wrapper\">\n\t\t\t<p>S\u00ed, si su Audi usado a\u00fan est\u00e1 en garant\u00eda original o en garant\u00eda de segunda mano, puede acogerse a la ley del lim\u00f3n. Aseg\u00farese de comprobar el estado de la garant\u00eda de su veh\u00edculo y consulte con un abogado de Audi para evaluar su elegibilidad.<\/p>\n\n\t\t<\/div>\n\t<\/div>\n<\/div><\/div><div class=\"vc_tta-panel\" id=\"what-kind-of-compensation-can-i-receive-for-an-audi-lemon-law-claim\" data-vc-content=\".vc_tta-panel-body\"><div class=\"vc_tta-panel-heading\"><h3 class=\"vc_tta-panel-title vc_tta-controls-icon-position-left\"><a href=\"#what-kind-of-compensation-can-i-receive-for-an-audi-lemon-law-claim\" data-vc-accordion data-vc-container=\".vc_tta-container\"><span class=\"vc_tta-title-text\">\u00bfQu\u00e9 tipo de indemnizaci\u00f3n puedo recibir por una reclamaci\u00f3n de la ley del lim\u00f3n de Audi?<\/span><i class=\"vc_tta-controls-icon vc_tta-controls-icon-plus\"><\/i><\/a><\/h3><\/div><div class=\"vc_tta-panel-body\">\n\t<div class=\"wpb_text_column wpb_content_element\" >\n\t\t<div class=\"wpb_wrapper\">\n\t\t\t<p>La indemnizaci\u00f3n por una demanda de Audi incluye normalmente la recompra del veh\u00edculo, la devoluci\u00f3n del precio de compra y el reembolso de gastos adicionales como impuestos, tasas y gastos incidentales como el remolque o el alquiler de un coche. Su abogado se asegurar\u00e1 de que todos los costes aplicables se tengan en cuenta durante las negociaciones.<\/p>\n\n\t\t<\/div>\n\t<\/div>\n<\/div><\/div><div class=\"vc_tta-panel\" id=\"what-should-i-do-if-my-audi-has-multiple-defects\" data-vc-content=\".vc_tta-panel-body\"><div class=\"vc_tta-panel-heading\"><h3 class=\"vc_tta-panel-title vc_tta-controls-icon-position-left\"><a href=\"#what-should-i-do-if-my-audi-has-multiple-defects\" data-vc-accordion data-vc-container=\".vc_tta-container\"><span class=\"vc_tta-title-text\">\u00bfQu\u00e9 debo hacer si mi Audi tiene varios defectos?<\/span><i class=\"vc_tta-controls-icon vc_tta-controls-icon-plus\"><\/i><\/a><\/h3><\/div><div class=\"vc_tta-panel-body\">\n\t<div class=\"wpb_text_column wpb_content_element\" >\n\t\t<div class=\"wpb_wrapper\">\n\t\t\t<p>Si su Audi tiene varios defectos, a\u00fan puede acogerse a la ley del lim\u00f3n. La clave es que estos defectos deben ser lo suficientemente importantes como para afectar a la seguridad, el valor o el uso del veh\u00edculo. Lleve un registro detallado de todos los intentos de reparaci\u00f3n y consulte con un abogado especializado en la ley del lim\u00f3n de Audi para determinar si su caso re\u00fane los requisitos para una recompra.<\/p>\n\n\t\t<\/div>\n\t<\/div>\n<\/div><\/div><div class=\"vc_tta-panel\" id=\"how-long-do-i-have-to-file-a-claim-under-audi-lemon-law\" data-vc-content=\".vc_tta-panel-body\"><div class=\"vc_tta-panel-heading\"><h3 class=\"vc_tta-panel-title vc_tta-controls-icon-position-left\"><a href=\"#how-long-do-i-have-to-file-a-claim-under-audi-lemon-law\" data-vc-accordion data-vc-container=\".vc_tta-container\"><span class=\"vc_tta-title-text\">\u00bfDe cu\u00e1nto tiempo dispongo para presentar una reclamaci\u00f3n conforme a la Ley del lim\u00f3n de Audi?<\/span><i class=\"vc_tta-controls-icon vc_tta-controls-icon-plus\"><\/i><\/a><\/h3><\/div><div class=\"vc_tta-panel-body\">\n\t<div class=\"wpb_text_column wpb_content_element\" >\n\t\t<div class=\"wpb_wrapper\">\n\t\t\t<p>En California, tienes hasta 4 a\u00f1os a partir de la fecha en que descubriste o deber\u00edas haber descubierto el defecto para presentar una reclamaci\u00f3n conforme a la ley del lim\u00f3n. Sin embargo, es crucial actuar lo antes posible para asegurarse de que su reclamaci\u00f3n es v\u00e1lida y para maximizar sus posibilidades de recibir una resoluci\u00f3n justa.<\/p>\n\n\t\t<\/div>\n\t<\/div>\n<\/div><\/div><\/div><\/div><\/div><\/div><\/div><\/div><\/div><div class=\"wpb_column vc_column_container vc_col-sm-1\"><div class=\"vc_column-inner\"><div class=\"wpb_wrapper\"><\/div><\/div><\/div><\/div><\/div><div class=\"vc_row wpb_row light1 blurb-row vc_custom_1666280653497\"><div class=\"container\"><div class=\"wpb_column vc_column_container vc_col-sm-1\"><div class=\"vc_column-inner\"><div class=\"wpb_wrapper\"><\/div><\/div><\/div><div class=\"wpb_column vc_column_container vc_col-sm-10\"><div class=\"vc_column-inner\"><div class=\"wpb_wrapper\">\n\t<div class=\"wpb_text_column wpb_content_element  mb0\" >\n\t\t<div class=\"wpb_wrapper\">\n\t\t\t<h3 style=\"text-align: center;\">Otros fabricantes de veh\u00edculos con los que trabajamos<\/h3>\n<hr class=\"line\" \/>\n\n\t\t<\/div>\n\t<\/div>\n<\/div><\/div><\/div><div class=\"wpb_column vc_column_container vc_col-sm-1\"><div class=\"vc_column-inner\"><div class=\"wpb_wrapper\"><\/div><\/div><\/div><\/div><\/div><div class=\"vc_row wpb_row vc_custom_1718218721603\"><div class=\"container\"><div class=\"wpb_column vc_column_container vc_col-sm-3\"><div class=\"vc_column-inner\"><div class=\"wpb_wrapper\">\n\t<div class=\"wpb_text_column wpb_content_element  mb0-desktop\" >\n\t\t<div class=\"wpb_wrapper\">\n\t\t\t<p><a href=\"https:\/\/lemonlaws.com\/es\/fabricantes\/chevrolet-ley-limon\/\"><img decoding=\"async\" class=\"aligncenter size-full wp-image-3076\" src=\"https:\/\/lemonlaws.com\/wp-content\/uploads\/2024\/06\/logo-chevrolet@2x-1.png\" alt=\"ley del lim\u00f3n de chevrolet\" width=\"240\" height=\"auto\" srcset=\"https:\/\/lemonlaws.com\/wp-content\/uploads\/2024\/06\/logo-chevrolet@2x-1.png 480w, https:\/\/lemonlaws.com\/wp-content\/uploads\/2024\/06\/logo-chevrolet@2x-1-300x263.png 300w\" sizes=\"(max-width: 480px) 100vw, 480px\" \/><\/a><\/p>\n\n\t\t<\/div>\n\t<\/div>\n<\/div><\/div><\/div><div class=\"wpb_column vc_column_container vc_col-sm-3\"><div class=\"vc_column-inner\"><div class=\"wpb_wrapper\">\n\t<div class=\"wpb_text_column wpb_content_element  mb0-desktop\" >\n\t\t<div class=\"wpb_wrapper\">\n\t\t\t<p><a href=\"https:\/\/lemonlaws.com\/es\/fabricantes\/hyundai-ley-limon\/\"><img decoding=\"async\" class=\"aligncenter size-full wp-image-3249\" src=\"https:\/\/lemonlaws.com\/wp-content\/uploads\/2024\/06\/logo-hyundai.png\" alt=\"ley del lim\u00f3n de hyundai\" width=\"241\" height=\"210\" \/><\/a><\/p>\n\n\t\t<\/div>\n\t<\/div>\n<\/div><\/div><\/div><div class=\"wpb_column vc_column_container vc_col-sm-3\"><div class=\"vc_column-inner\"><div class=\"wpb_wrapper\">\n\t<div class=\"wpb_text_column wpb_content_element  mb0-desktop\" >\n\t\t<div class=\"wpb_wrapper\">\n\t\t\t<p><a href=\"https:\/\/lemonlaws.com\/es\/fabricantes\/ford-ley-limon\/\"><img decoding=\"async\" class=\"aligncenter size-full wp-image-3078\" src=\"https:\/\/lemonlaws.com\/wp-content\/uploads\/2024\/06\/logo-ford@2x-1.png\" alt=\"ley del lim\u00f3n de ford\" width=\"240\" height=\"auto\" srcset=\"https:\/\/lemonlaws.com\/wp-content\/uploads\/2024\/06\/logo-ford@2x-1.png 480w, https:\/\/lemonlaws.com\/wp-content\/uploads\/2024\/06\/logo-ford@2x-1-300x263.png 300w\" sizes=\"(max-width: 480px) 100vw, 480px\" \/><\/a><\/p>\n\n\t\t<\/div>\n\t<\/div>\n<\/div><\/div><\/div><div class=\"wpb_column vc_column_container vc_col-sm-3\"><div class=\"vc_column-inner\"><div class=\"wpb_wrapper\">\n\t<div class=\"wpb_text_column wpb_content_element  mb0\" >\n\t\t<div class=\"wpb_wrapper\">\n\t\t\t<p><a href=\"https:\/\/lemonlaws.com\/es\/fabricantes\/gmc-ley-limon\/\"><img decoding=\"async\" class=\"aligncenter size-full wp-image-3248\" src=\"https:\/\/lemonlaws.com\/wp-content\/uploads\/2024\/06\/logo-gmc.png\" alt=\"gmc ley de lim\u00f3n\" width=\"240\" height=\"210\" \/><\/a><\/p>\n\n\t\t<\/div>\n\t<\/div>\n<\/div><\/div><\/div><\/div><\/div><div id=\"contact-an-audi-lemon-law-attorney-today\" class=\"vc_row wpb_row bottom-cta home-bottom-cta add-parallax vc_custom_1767109257700 vc_row-has-fill\"><div class=\"container\"><div class=\"wpb_column vc_column_container vc_col-sm-12\"><div class=\"vc_column-inner\"><div class=\"wpb_wrapper\">\n\t<div class=\"wpb_text_column wpb_content_element\" >\n\t\t<div class=\"wpb_wrapper\">\n\t\t\t<h2 style=\"text-align: center;\">P\u00f3ngase en contacto con un abogado de Audi Lemon Law hoy<\/h2>\n<p style=\"text-align: center;\">Si sospecha que su Audi es un producto defectuoso, es importante actuar con rapidez. Cuanto antes se ponga en contacto con un abogado especializado en la ley del lim\u00f3n de Audi, mayores ser\u00e1n sus posibilidades de obtener una resoluci\u00f3n justa. Nuestro equipo legal trabajar\u00e1 incansablemente para asegurar que usted reciba la compensaci\u00f3n que merece, ya sea a trav\u00e9s de una recompra, reembolso u otra compensaci\u00f3n.<\/p>\n<p style=\"text-align: center;\">P\u00f3ngase en contacto con nosotros hoy para programar su consulta gratuita y comenzar el proceso de presentaci\u00f3n de su demanda de la ley del lim\u00f3n.<\/p>\n\n\t\t<\/div>\n\t<\/div>\n\n\t<div class=\"wpb_raw_code wpb_raw_js\" >\n\t\t<div class=\"wpb_wrapper\">\n\t\t\t<script charset=\"utf-8\" type=\"text\/javascript\" src=\"\/\/js.hsforms.net\/forms\/embed\/v2.js\"><\/script>\n<script>\n  hbspt.forms.create({\n    region: \"na1\",\n    portalId: \"8932302\",\n    formId: \"0843527b-ee7b-48b5-ad10-2f7d3567927b\"\n  });\n<\/script>\n\t\t<\/div>\n\t<\/div>\n<\/div><\/div><\/div><\/div><\/div>\n<\/div>","protected":false},"excerpt":{"rendered":"Evaluaciones de casos gratuitas y sin honorarios hasta que ganemos Si tiene problemas constantes con su Audi, es probable que se sienta atascado y frustrado: un veh\u00edculo problem\u00e1tico puede suponer un gran estr\u00e9s para su cartera y su vida diaria. Afortunadamente, la ley del lim\u00f3n Audi de California protege a los consumidores como usted. Cuando un veh\u00edculo no puede ser reparado... <a class=\"more-link\" href=\"https:\/\/lemonlaws.com\/es\/manufacturers\/audi-lemon-law\/\">Seguir leyendo <span class=\"screen-reader-text\">Ley del Lim\u00f3n de Audi<\/span><\/a>","protected":false},"author":1,"featured_media":0,"parent":2494,"menu_order":0,"comment_status":"closed","ping_status":"closed","template":"","meta":{"_acf_changed":false,"content-type":"","h5ap_radio_sources":[],"footnotes":""},"class_list":["post-7273","page","type-page","status-publish","entry"],"acf":[],"aioseo_notices":[],"_links":{"self":[{"href":"https:\/\/lemonlaws.com\/es\/wp-json\/wp\/v2\/pages\/7273","targetHints":{"allow":["GET"]}}],"collection":[{"href":"https:\/\/lemonlaws.com\/es\/wp-json\/wp\/v2\/pages"}],"about":[{"href":"https:\/\/lemonlaws.com\/es\/wp-json\/wp\/v2\/types\/page"}],"author":[{"embeddable":true,"href":"https:\/\/lemonlaws.com\/es\/wp-json\/wp\/v2\/users\/1"}],"replies":[{"embeddable":true,"href":"https:\/\/lemonlaws.com\/es\/wp-json\/wp\/v2\/comments?post=7273"}],"version-history":[{"count":0,"href":"https:\/\/lemonlaws.com\/es\/wp-json\/wp\/v2\/pages\/7273\/revisions"}],"up":[{"embeddable":true,"href":"https:\/\/lemonlaws.com\/es\/wp-json\/wp\/v2\/pages\/2494"}],"wp:attachment":[{"href":"https:\/\/lemonlaws.com\/es\/wp-json\/wp\/v2\/media?parent=7273"}],"curies":[{"name":"wp","href":"https:\/\/api.w.org\/{rel}","templated":true}]}}