{"id":7269,"date":"2025-08-12T13:01:15","date_gmt":"2025-08-12T20:01:15","guid":{"rendered":"https:\/\/lemonlaws.com\/?page_id=7269"},"modified":"2025-08-12T13:04:36","modified_gmt":"2025-08-12T20:04:36","slug":"ley-del-limon-de-volkswagen","status":"publish","type":"page","link":"https:\/\/lemonlaws.com\/es\/manufacturers\/volkswagen-lemon-law\/","title":{"rendered":"Ley del Lim\u00f3n de Volkswagen"},"content":{"rendered":"<div class=\"wpb-content-wrapper\"><div class=\"vc_row wpb_row cta-row dark1\"><div class=\"container\"><div class=\"wpb_column vc_column_container vc_col-sm-12\"><div class=\"vc_column-inner\"><div class=\"wpb_wrapper\">\n\t<div class=\"wpb_text_column wpb_content_element  mb0\" >\n\t\t<div class=\"wpb_wrapper\">\n\t\t\t<h3>Evaluamos su caso gratis y sin honorarios<\/h3>\n<!-- HFCM by 99 Robots - Snippet # 19: National &quot;See if You Qualify&quot; Button (EN+ES) -->\n<div data-tf-live=\"01JEEWYR1ZCXMY8M6WGKZTQK4Z\"><\/div><script src=\"\/\/embed.typeform.com\/next\/embed.js\"><\/script>\n<!-- \/end HFCM by 99 Robots -->\n\n\n\t\t<\/div>\n\t<\/div>\n<\/div><\/div><\/div><\/div><\/div><div class=\"vc_row wpb_row table-of-content-row\"><div class=\"container\"><div class=\"wpb_column vc_column_container vc_col-sm-6\" id=\"1\"><div class=\"vc_column-inner\"><div class=\"wpb_wrapper\">\n\t<div class=\"wpb_text_column wpb_content_element\" >\n\t\t<div class=\"wpb_wrapper\">\n\t\t\t<p>Si has comprado o alquilado un Volkswagen que tiene problemas continuos, puedes tener derecho a una recompra bajo la ley del lim\u00f3n de Volkswagen en California. Esto significa que si tu VW tiene defectos que no se pueden reparar tras un n\u00famero razonable de intentos, el fabricante debe devolverte el precio de compra.<\/p>\n<p>Trabajar con un abogado con experiencia en la ley del lim\u00f3n VW puede asegurar que usted navegue por el proceso de manera eficiente y obtener la compensaci\u00f3n que se merece. Nuestros abogados se encargar\u00e1n de los detalles, incluyendo las negociaciones con Volkswagen, para que pueda centrarse en seguir adelante.<\/p>\n\n\t\t<\/div>\n\t<\/div>\n<\/div><\/div><\/div><div class=\"accent1 table-of-contents wpb_column vc_column_container vc_col-sm-6 vc_col-has-fill\"><div class=\"vc_column-inner vc_custom_1718206463659\"><div class=\"wpb_wrapper\">\n\t<div class=\"wpb_text_column wpb_content_element\" >\n\t\t<div class=\"wpb_wrapper\">\n\t\t\t<h5>\u00cdNDICE<\/h5>\n<hr class=\"line fw-line\">\n<ul class=\"table-of-contents\">\n<li><a href=\"#1\">Leyes del lim\u00f3n para veh\u00edculos Volkswagen<\/a><\/li>\n<li><a href=\"#4\">El proceso de la Ley del Lim\u00f3n con Volkswagen<\/a><\/li>\n<li><a href=\"#2\">\u00bfPuede su Volkswagen acogerse a la Ley del Lim\u00f3n?<\/a><\/li>\n<li><a href=\"#3\">C\u00f3mo saber si su Volkswagen es un coche defectuoso<\/a><\/li>\n<li><a href=\"#6\">Modelos comunes de Volkswagen con retiradas del mercado y defectos<\/a><\/li>\n<li><a href=\"#7\">Preguntas frecuentes sobre Volkswagen Lemons &amp; Buybacks<\/a><\/li>\n<li><a href=\"#8\">P\u00f3ngase en contacto con un abogado de Volkswagen Lemon Law hoy<\/a><\/li>\n<\/ul>\n\n\t\t<\/div>\n\t<\/div>\n<\/div><\/div><\/div><\/div><\/div><div class=\"vc_row wpb_row fifty-fifty image-right dark2\"><div class=\"container\"><div class=\"wpb_column vc_column_container vc_col-sm-6\"><div class=\"vc_column-inner\"><div class=\"wpb_wrapper\">\n\t<div class=\"wpb_text_column wpb_content_element  mb0 align-right\" >\n\t\t<div class=\"wpb_wrapper\">\n\t\t\t<h3 style=\"text-align: right;\">Comience hoy mismo la revisi\u00f3n gratuita de su caso Volkswagen<\/h3>\n<p style=\"text-align: right;\">Si usted sospecha que su Volkswagen es un lim\u00f3n, no espere para tomar medidas - nuestros abogados de la ley de lim\u00f3n Volkswagen est\u00e1n aqu\u00ed para responder a sus preguntas y proporcionar una consulta gratuita. Vamos a revisar su caso, explicar sus derechos, y determinar el mejor curso de acci\u00f3n.<\/p>\n<p style=\"text-align: right;\">Ll\u00e1menos hoy mismo y d\u00e9 el primer paso para resolver su problema con la ley del lim\u00f3n.<\/p>\n<p><center><!-- HFCM by 99 Robots - Snippet # 19: National &quot;See if You Qualify&quot; Button (EN+ES) -->\n<div data-tf-live=\"01JEEWYR1ZCXMY8M6WGKZTQK4Z\"><\/div><script src=\"\/\/embed.typeform.com\/next\/embed.js\"><\/script>\n<!-- \/end HFCM by 99 Robots -->\n<\/center><\/p>\n\n\t\t<\/div>\n\t<\/div>\n<\/div><\/div><\/div><div class=\"start-your-free-column wpb_column vc_column_container vc_col-sm-6 vc_col-has-fill\"><div class=\"vc_column-inner vc_custom_1737498145879\"><div class=\"wpb_wrapper\"><\/div><\/div><\/div><\/div><\/div><div id=\"3\" class=\"vc_row wpb_row light1 blurb-row vc_custom_1741903620958\"><div class=\"container\"><div class=\"wpb_column vc_column_container vc_col-sm-1\"><div class=\"vc_column-inner\"><div class=\"wpb_wrapper\"><\/div><\/div><\/div><div class=\"wpb_column vc_column_container vc_col-sm-10\" id=\"4\"><div class=\"vc_column-inner\"><div class=\"wpb_wrapper\">\n\t<div class=\"wpb_text_column wpb_content_element  mb0\" >\n\t\t<div class=\"wpb_wrapper\">\n\t\t\t<h2 style=\"text-align: center;\">Proceso de la Ley del Lim\u00f3n de Volkswagen<\/h2>\n<hr class=\"line\">\n<p style=\"text-align: center;\">El proceso de presentaci\u00f3n de una reclamaci\u00f3n de la ley del lim\u00f3n VW comienza con la recopilaci\u00f3n de documentaci\u00f3n y la consulta con un abogado calificado de la ley del lim\u00f3n Volkswagen. Una vez que evaluemos su caso y determinemos su elegibilidad, le ayudaremos a presentar su reclamaci\u00f3n. Gestionaremos todos los aspectos del proceso, incluida la negociaci\u00f3n con Volkswagen en su nombre.<\/p>\n<p style=\"text-align: center;\">Nuestro objetivo es asegurarnos de que reciba la m\u00e1xima indemnizaci\u00f3n disponible, ya sea a trav\u00e9s de una recompra u otra resoluci\u00f3n. Con nuestra experiencia, puede sentirse seguro del resultado de su caso.<\/p>\n\n\t\t<\/div>\n\t<\/div>\n<\/div><\/div><\/div><div class=\"wpb_column vc_column_container vc_col-sm-1\"><div class=\"vc_column-inner\"><div class=\"wpb_wrapper\"><\/div><\/div><\/div><\/div><\/div><div id=\"1\" class=\"vc_row wpb_row dark1 blurb-row vc_custom_1741903601225\"><div class=\"container\"><div class=\"wpb_column vc_column_container vc_col-sm-1\"><div class=\"vc_column-inner\"><div class=\"wpb_wrapper\"><\/div><\/div><\/div><div class=\"wpb_column vc_column_container vc_col-sm-10\" id=\"2\"><div class=\"vc_column-inner\"><div class=\"wpb_wrapper\">\n\t<div class=\"wpb_text_column wpb_content_element  mb0\" >\n\t\t<div class=\"wpb_wrapper\">\n\t\t\t<h2 style=\"text-align: center;\">\u00bfPuede su Volkswagen acogerse a la Ley del Lim\u00f3n?<\/h2>\n<hr class=\"line\">\n<p style=\"text-align: center;\">Para poder acogerse a la ley de recompra de veh\u00edculos defectuosos de VW, tu veh\u00edculo debe cumplir ciertos requisitos:<\/p>\n<p style=\"text-align: center;\">El veh\u00edculo debe tener <strong>defecto<\/strong> que menoscabe sustancialmente su uso, valor o seguridad.<br \/>\nEl defecto debe haber sido <strong>reparado sin \u00e9xito<\/strong> tras un n\u00famero razonable de intentos (normalmente 2-4).<br \/>\nEl veh\u00edculo debe seguir siendo <strong>dentro del periodo de garant\u00eda del fabricante<\/strong>.<br \/>\nEl veh\u00edculo debe haber sido <strong>fuera de servicio durante un periodo prolongado<\/strong> (30 d\u00edas o m\u00e1s) debido a reparaciones.<\/p>\n<p style=\"text-align: center;\">Si su veh\u00edculo cumple estas condiciones, podr\u00eda optar a una recompra, en la que recibir\u00e1 el reembolso del precio de compra menos una cantidad prorrateada en funci\u00f3n del kilometraje.<\/p>\n<p><center><!-- HFCM by 99 Robots - Snippet # 19: National &quot;See if You Qualify&quot; Button (EN+ES) -->\n<div data-tf-live=\"01JEEWYR1ZCXMY8M6WGKZTQK4Z\"><\/div><script src=\"\/\/embed.typeform.com\/next\/embed.js\"><\/script>\n<!-- \/end HFCM by 99 Robots -->\n<\/center><\/p>\n\n\t\t<\/div>\n\t<\/div>\n<\/div><\/div><\/div><div class=\"wpb_column vc_column_container vc_col-sm-1\"><div class=\"vc_column-inner\"><div class=\"wpb_wrapper\"><\/div><\/div><\/div><\/div><\/div><div id=\"3\" class=\"vc_row wpb_row light1 blurb-row vc_custom_1755029028527\"><div class=\"container\"><div class=\"wpb_column vc_column_container vc_col-sm-1\"><div class=\"vc_column-inner\"><div class=\"wpb_wrapper\"><\/div><\/div><\/div><div class=\"wpb_column vc_column_container vc_col-sm-10\" id=\"3\"><div class=\"vc_column-inner\"><div class=\"wpb_wrapper\">\n\t<div class=\"wpb_text_column wpb_content_element  mb0\" >\n\t\t<div class=\"wpb_wrapper\">\n\t\t\t<h2 style=\"text-align: center;\">C\u00f3mo saber si su Volkswagen es un coche defectuoso<\/h2>\n<hr class=\"line\">\n<p style=\"text-align: center;\">Si su Volkswagen tiene problemas continuos que no se han solucionado despu\u00e9s de varios intentos, puede ser clasificado como un lim\u00f3n bajo la ley de California. Entre los problemas m\u00e1s comunes que podr\u00edan calificarse se incluyen el mal funcionamiento del motor, una transmisi\u00f3n defectuosa, problemas de frenos, defectos el\u00e9ctricos y m\u00e1s. Si te has enfrentado a este tipo de problemas, puede que tengas un caso. La clave est\u00e1 en si el defecto afecta a la seguridad, el valor o la utilidad del veh\u00edculo, y si has dado al fabricante una oportunidad razonable de reparar el defecto.<\/p>\n\n\t\t<\/div>\n\t<\/div>\n<\/div><\/div><\/div><div class=\"wpb_column vc_column_container vc_col-sm-1\"><div class=\"vc_column-inner\"><div class=\"wpb_wrapper\"><\/div><\/div><\/div><\/div><\/div><div id=\"6\" class=\"vc_row wpb_row fifty-fifty image-left dark2 flip-mobile\"><div class=\"container\"><div class=\"common-column wpb_column vc_column_container vc_col-sm-6 vc_col-has-fill\" id=\"5\"><div class=\"vc_column-inner vc_custom_1751909072198\"><div class=\"wpb_wrapper\"><\/div><\/div><\/div><div class=\"wpb_column vc_column_container vc_col-sm-6\"><div class=\"vc_column-inner\"><div class=\"wpb_wrapper\">\n\t<div class=\"wpb_text_column wpb_content_element  mb0\" >\n\t\t<div class=\"wpb_wrapper\">\n\t\t\t<h2>Modelos comunes de Volkswagen clasificados como Limones<\/h2>\n<p>Los veh\u00edculos Volkswagen son conocidos por su rendimiento, pero ciertos modelos han experimentado problemas comunes que pueden dar lugar a reclamaciones de la ley del lim\u00f3n. Estos problemas suelen incluir problemas de motor, fallos el\u00e9ctricos y transmisiones defectuosas. A continuaci\u00f3n se presentan algunos modelos de Volkswagen que han sido reportados como limones con frecuencia:<\/p>\n<ul class=\"exclamation\">\n<li><strong>Volkswagen Jetta:<\/strong> Entre los defectos m\u00e1s comunes se encuentran los fallos de transmisi\u00f3n, el mal funcionamiento del sistema el\u00e9ctrico y los problemas con el sistema de aire acondicionado.<\/li>\n<li><strong>Volkswagen Passat:<\/strong> Conocido por problemas de motor, sistemas de frenos defectuosos y mal funcionamiento de la direcci\u00f3n asistida.<\/li>\n<li><strong>Volkswagen Tiguan:<\/strong> Las quejas m\u00e1s frecuentes incluyen problemas de consumo de aceite, calado del motor y sistemas de combustible problem\u00e1ticos.<\/li>\n<li><strong>Volkswagen Escarabajo:<\/strong> Los problemas suelen incluir el mal funcionamiento de los frenos, defectos el\u00e9ctricos y problemas de transmisi\u00f3n.<\/li>\n<li><strong>Volkswagen Golf:<\/strong> Los propietarios informan de problemas con la unidad de control del motor (ECU), fallos en la transmisi\u00f3n y componentes de la suspensi\u00f3n defectuosos.<\/li>\n<\/ul>\n<p>Si eres propietario de alguno de estos modelos y te encuentras con defectos similares, merece la pena investigar si tienes derecho a reclamar una indemnizaci\u00f3n por da\u00f1os y perjuicios.<\/p>\n<p><span style=\"color: #999999;\">Cr\u00e9dito de la imagen: <a style=\"color: #999999;\" href=\"https:\/\/www.shutterstock.com\/image-photo\/man-disconnecting-terminal-on-car-battery-1238222080\" target=\"_blank\" rel=\"nofollow noopener\">Bykfa<\/a>\/Shutterstock<\/span><\/p>\n\n\t\t<\/div>\n\t<\/div>\n<\/div><\/div><\/div><\/div><\/div><div id=\"7\" class=\"vc_row wpb_row accordion light1 vc_custom_1741902846500\"><div class=\"container\"><div class=\"wpb_column vc_column_container vc_col-sm-1\"><div class=\"vc_column-inner\"><div class=\"wpb_wrapper\"><\/div><\/div><\/div><div class=\"wpb_column vc_column_container vc_col-sm-10\" id=\"6\"><div class=\"vc_column-inner\"><div class=\"wpb_wrapper\">\n\t<div class=\"wpb_text_column wpb_content_element\" >\n\t\t<div class=\"wpb_wrapper\">\n\t\t\t<h2 style=\"text-align: center;\">Preguntas frecuentes sobre la Ley del Lim\u00f3n de Volkswagen<\/h2>\n<p>&nbsp;<\/p>\n<p>Las siguientes son algunas preguntas comunes con respecto a las reclamaciones de la ley de lim\u00f3n VW en California. Si usted tiene alguna pregunta adicional, no dude en ponerse en contacto para una consulta gratuita.<\/p>\n\n\t\t<\/div>\n\t<\/div>\n<div class=\"vc_tta-container\" data-vc-action=\"collapse\"><div class=\"vc_general vc_tta vc_tta-accordion vc_tta-color-grey vc_tta-style-classic vc_tta-shape-rounded vc_tta-o-shape-group vc_tta-controls-align-default\"><div class=\"vc_tta-panels-container\"><div class=\"vc_tta-panels\"><div class=\"vc_tta-panel vc_active\" id=\"do-i-need-an-attorney-to-file-a-lemon-law-claim-in-ca\" data-vc-content=\".vc_tta-panel-body\"><div class=\"vc_tta-panel-heading\"><h3 class=\"vc_tta-panel-title vc_tta-controls-icon-position-left\"><a href=\"#do-i-need-an-attorney-to-file-a-lemon-law-claim-in-ca\" data-vc-accordion data-vc-container=\".vc_tta-container\"><span class=\"vc_tta-title-text\">\u00bfNecesito un abogado para presentar una reclamaci\u00f3n de la ley del lim\u00f3n en CA?<\/span><i class=\"vc_tta-controls-icon vc_tta-controls-icon-plus\"><\/i><\/a><\/h3><\/div><div class=\"vc_tta-panel-body\">\n\t<div class=\"wpb_text_column wpb_content_element\" >\n\t\t<div class=\"wpb_wrapper\">\n\t\t\t<p>S\u00ed, es muy recomendable que trabaje con un abogado al presentar una reclamaci\u00f3n de la ley del lim\u00f3n en California. El proceso puede ser complejo, y tener un abogado experto en la ley del lim\u00f3n de Volkswagen de su lado asegura que sus derechos est\u00e1n protegidos y que su reclamo se maneja correctamente.<\/p>\n<p>Los abogados tienen la experiencia necesaria para negociar con los fabricantes, que a menudo dificultan el proceso a los consumidores. Un abogado le ayudar\u00e1 a asegurarse de que re\u00fane la documentaci\u00f3n necesaria, sigue los procedimientos legales y busca la mejor resoluci\u00f3n posible para su caso.<\/p>\n\n\t\t<\/div>\n\t<\/div>\n<\/div><\/div><div class=\"vc_tta-panel\" id=\"can-i-file-a-claim-for-a-used-volkswagen-under-the-lemon-law\" data-vc-content=\".vc_tta-panel-body\"><div class=\"vc_tta-panel-heading\"><h3 class=\"vc_tta-panel-title vc_tta-controls-icon-position-left\"><a href=\"#can-i-file-a-claim-for-a-used-volkswagen-under-the-lemon-law\" data-vc-accordion data-vc-container=\".vc_tta-container\"><span class=\"vc_tta-title-text\">\u00bfPuedo presentar una reclamaci\u00f3n por un Volkswagen usado en virtud de la Ley del Lim\u00f3n?<\/span><i class=\"vc_tta-controls-icon vc_tta-controls-icon-plus\"><\/i><\/a><\/h3><\/div><div class=\"vc_tta-panel-body\">\n\t<div class=\"wpb_text_column wpb_content_element\" >\n\t\t<div class=\"wpb_wrapper\">\n\t\t\t<p>S\u00ed, si su Volkswagen usado todav\u00eda est\u00e1 cubierto por la garant\u00eda del fabricante, usted puede calificar para la protecci\u00f3n de la ley de lim\u00f3n. Los veh\u00edculos de segunda mano certificados (CPO) o aquellos con la garant\u00eda original son a menudo elegibles, pero es importante consultar a un abogado de la ley de lim\u00f3n VW para determinar si su situaci\u00f3n espec\u00edfica califica.<\/p>\n\n\t\t<\/div>\n\t<\/div>\n<\/div><\/div><div class=\"vc_tta-panel\" id=\"how-do-i-know-if-my-volkswagen-qualifies-for-a-lemon-law-claim\" data-vc-content=\".vc_tta-panel-body\"><div class=\"vc_tta-panel-heading\"><h3 class=\"vc_tta-panel-title vc_tta-controls-icon-position-left\"><a href=\"#how-do-i-know-if-my-volkswagen-qualifies-for-a-lemon-law-claim\" data-vc-accordion data-vc-container=\".vc_tta-container\"><span class=\"vc_tta-title-text\">\u00bfC\u00f3mo puedo saber si mi Volkswagen puede acogerse a la ley del lim\u00f3n?<\/span><i class=\"vc_tta-controls-icon vc_tta-controls-icon-plus\"><\/i><\/a><\/h3><\/div><div class=\"vc_tta-panel-body\">\n\t<div class=\"wpb_text_column wpb_content_element\" >\n\t\t<div class=\"wpb_wrapper\">\n\t\t\t<p>Para determinar si tu Volkswagen cumple los requisitos para una reclamaci\u00f3n de la ley del lim\u00f3n, debes demostrar que el veh\u00edculo tiene defectos significativos que perjudican su uso, seguridad o valor. Si el defecto no se ha reparado despu\u00e9s de un n\u00famero razonable de intentos (normalmente de 2 a 4), es posible que tenga derecho a reclamar. Consulte con un abogado especializado en la ley del lim\u00f3n de Volkswagen para evaluar su situaci\u00f3n y confirmar si cumple los requisitos.<\/p>\n\n\t\t<\/div>\n\t<\/div>\n<\/div><\/div><div class=\"vc_tta-panel\" id=\"what-kind-of-compensation-can-i-expect-from-a-vw-lemon-law-claim\" data-vc-content=\".vc_tta-panel-body\"><div class=\"vc_tta-panel-heading\"><h3 class=\"vc_tta-panel-title vc_tta-controls-icon-position-left\"><a href=\"#what-kind-of-compensation-can-i-expect-from-a-vw-lemon-law-claim\" data-vc-accordion data-vc-container=\".vc_tta-container\"><span class=\"vc_tta-title-text\">\u00bfQu\u00e9 tipo de indemnizaci\u00f3n puedo esperar de una reclamaci\u00f3n basada en la ley del lim\u00f3n de VW?<\/span><i class=\"vc_tta-controls-icon vc_tta-controls-icon-plus\"><\/i><\/a><\/h3><\/div><div class=\"vc_tta-panel-body\">\n\t<div class=\"wpb_text_column wpb_content_element\" >\n\t\t<div class=\"wpb_wrapper\">\n\t\t\t<p>La indemnizaci\u00f3n en virtud de la ley del lim\u00f3n de VW puede incluir el reembolso total del precio de compra de su veh\u00edculo o la recompra por parte del fabricante. En algunos casos, tambi\u00e9n pueden cubrirse gastos adicionales, como los de remolque, alquiler de coches y defensa jur\u00eddica.<\/p>\n\n\t\t<\/div>\n\t<\/div>\n<\/div><\/div><div class=\"vc_tta-panel\" id=\"how-long-do-i-have-to-file-a-volkswagen-lemon-law-claim\" data-vc-content=\".vc_tta-panel-body\"><div class=\"vc_tta-panel-heading\"><h3 class=\"vc_tta-panel-title vc_tta-controls-icon-position-left\"><a href=\"#how-long-do-i-have-to-file-a-volkswagen-lemon-law-claim\" data-vc-accordion data-vc-container=\".vc_tta-container\"><span class=\"vc_tta-title-text\">\u00bfDe cu\u00e1nto tiempo dispongo para presentar una demanda Volkswagen Lemon Law?<\/span><i class=\"vc_tta-controls-icon vc_tta-controls-icon-plus\"><\/i><\/a><\/h3><\/div><div class=\"vc_tta-panel-body\">\n\t<div class=\"wpb_text_column wpb_content_element\" >\n\t\t<div class=\"wpb_wrapper\">\n\t\t\t<p>En California, el plazo de prescripci\u00f3n para presentar una reclamaci\u00f3n basada en la ley del lim\u00f3n suele ser de 4 a\u00f1os a partir de la fecha en que descubri\u00f3 o deber\u00eda haber descubierto el defecto. Sin embargo, es importante actuar con rapidez, esperar demasiado tiempo puede impedirle presentar una reclamaci\u00f3n. P\u00f3ngase en contacto con un abogado de la ley del lim\u00f3n de Volkswagen para empezar antes de que pase la fecha l\u00edmite.<\/p>\n\n\t\t<\/div>\n\t<\/div>\n<\/div><\/div><\/div><\/div><\/div><\/div><\/div><\/div><\/div><div class=\"wpb_column vc_column_container vc_col-sm-1\"><div class=\"vc_column-inner\"><div class=\"wpb_wrapper\"><\/div><\/div><\/div><\/div><\/div><div class=\"vc_row wpb_row light1 blurb-row vc_custom_1666280653497\"><div class=\"container\"><div class=\"wpb_column vc_column_container vc_col-sm-1\"><div class=\"vc_column-inner\"><div class=\"wpb_wrapper\"><\/div><\/div><\/div><div class=\"wpb_column vc_column_container vc_col-sm-10\"><div class=\"vc_column-inner\"><div class=\"wpb_wrapper\">\n\t<div class=\"wpb_text_column wpb_content_element  mb0\" >\n\t\t<div class=\"wpb_wrapper\">\n\t\t\t<h3 style=\"text-align: center;\">Otros fabricantes de veh\u00edculos con los que trabajamos<\/h3>\n<hr class=\"line\" \/>\n\n\t\t<\/div>\n\t<\/div>\n<\/div><\/div><\/div><div class=\"wpb_column vc_column_container vc_col-sm-1\"><div class=\"vc_column-inner\"><div class=\"wpb_wrapper\"><\/div><\/div><\/div><\/div><\/div><div class=\"vc_row wpb_row vc_custom_1718218721603\"><div class=\"container\"><div class=\"wpb_column vc_column_container vc_col-sm-3\"><div class=\"vc_column-inner\"><div class=\"wpb_wrapper\">\n\t<div class=\"wpb_text_column wpb_content_element  mb0-desktop\" >\n\t\t<div class=\"wpb_wrapper\">\n\t\t\t<p><a href=\"https:\/\/lemonlaws.com\/es\/fabricantes\/chevrolet-ley-limon\/\"><img decoding=\"async\" class=\"aligncenter size-full wp-image-3076\" src=\"https:\/\/lemonlaws.com\/wp-content\/uploads\/2024\/06\/logo-chevrolet@2x-1.png\" alt=\"ley del lim\u00f3n de chevrolet\" width=\"240\" height=\"auto\" srcset=\"https:\/\/lemonlaws.com\/wp-content\/uploads\/2024\/06\/logo-chevrolet@2x-1.png 480w, https:\/\/lemonlaws.com\/wp-content\/uploads\/2024\/06\/logo-chevrolet@2x-1-300x263.png 300w\" sizes=\"(max-width: 480px) 100vw, 480px\" \/><\/a><\/p>\n\n\t\t<\/div>\n\t<\/div>\n<\/div><\/div><\/div><div class=\"wpb_column vc_column_container vc_col-sm-3\"><div class=\"vc_column-inner\"><div class=\"wpb_wrapper\">\n\t<div class=\"wpb_text_column wpb_content_element  mb0-desktop\" >\n\t\t<div class=\"wpb_wrapper\">\n\t\t\t<p><a href=\"https:\/\/lemonlaws.com\/es\/fabricantes\/hyundai-ley-limon\/\"><img decoding=\"async\" class=\"aligncenter size-full wp-image-3249\" src=\"https:\/\/lemonlaws.com\/wp-content\/uploads\/2024\/06\/logo-hyundai.png\" alt=\"ley del lim\u00f3n de hyundai\" width=\"241\" height=\"210\" \/><\/a><\/p>\n\n\t\t<\/div>\n\t<\/div>\n<\/div><\/div><\/div><div class=\"wpb_column vc_column_container vc_col-sm-3\"><div class=\"vc_column-inner\"><div class=\"wpb_wrapper\">\n\t<div class=\"wpb_text_column wpb_content_element  mb0-desktop\" >\n\t\t<div class=\"wpb_wrapper\">\n\t\t\t<p><a href=\"https:\/\/lemonlaws.com\/es\/fabricantes\/ford-ley-limon\/\"><img decoding=\"async\" class=\"aligncenter size-full wp-image-3078\" src=\"https:\/\/lemonlaws.com\/wp-content\/uploads\/2024\/06\/logo-ford@2x-1.png\" alt=\"ley del lim\u00f3n de ford\" width=\"240\" height=\"auto\" srcset=\"https:\/\/lemonlaws.com\/wp-content\/uploads\/2024\/06\/logo-ford@2x-1.png 480w, https:\/\/lemonlaws.com\/wp-content\/uploads\/2024\/06\/logo-ford@2x-1-300x263.png 300w\" sizes=\"(max-width: 480px) 100vw, 480px\" \/><\/a><\/p>\n\n\t\t<\/div>\n\t<\/div>\n<\/div><\/div><\/div><div class=\"wpb_column vc_column_container vc_col-sm-3\"><div class=\"vc_column-inner\"><div class=\"wpb_wrapper\">\n\t<div class=\"wpb_text_column wpb_content_element  mb0\" >\n\t\t<div class=\"wpb_wrapper\">\n\t\t\t<p><a href=\"https:\/\/lemonlaws.com\/es\/fabricantes\/gmc-ley-limon\/\"><img decoding=\"async\" class=\"aligncenter size-full wp-image-3248\" src=\"https:\/\/lemonlaws.com\/wp-content\/uploads\/2024\/06\/logo-gmc.png\" alt=\"gmc ley de lim\u00f3n\" width=\"240\" height=\"210\" \/><\/a><\/p>\n\n\t\t<\/div>\n\t<\/div>\n<\/div><\/div><\/div><\/div><\/div><div id=\"8\" class=\"vc_row wpb_row bottom-cta home-bottom-cta add-parallax vc_custom_1741903660441 vc_row-has-fill\"><div class=\"container\"><div class=\"wpb_column vc_column_container vc_col-sm-12\" id=\"7\"><div class=\"vc_column-inner\"><div class=\"wpb_wrapper\">\n\t<div class=\"wpb_text_column wpb_content_element\" >\n\t\t<div class=\"wpb_wrapper\">\n\t\t\t<h2 style=\"text-align: center;\">P\u00f3ngase en contacto con un abogado de Volkswagen Lemon Law hoy<\/h2>\n<p style=\"text-align: center;\">Si usted est\u00e1 experimentando problemas con su Volkswagen y cree que puede ser un lim\u00f3n, p\u00f3ngase en contacto con nuestros abogados de la ley de lim\u00f3n Volkswagen hoy. Estamos aqu\u00ed para proporcionar el apoyo legal que necesita para obtener una resoluci\u00f3n justa. Nuestros abogados experimentados le ayudar\u00e1n a navegar por el proceso legal, negociar con Volkswagen, y asegurar la compensaci\u00f3n que se merece.<\/p>\n<p style=\"text-align: center;\">No permita que un veh\u00edculo defectuoso perturbe su vida: perm\u00edtanos ayudarle a iniciar su reclamaci\u00f3n hoy mismo.<\/p>\n\n\t\t<\/div>\n\t<\/div>\n\n\t<div class=\"wpb_raw_code wpb_raw_js\" >\n\t\t<div class=\"wpb_wrapper\">\n\t\t\t<script charset=\"utf-8\" type=\"text\/javascript\" src=\"\/\/js.hsforms.net\/forms\/embed\/v2.js\"><\/script>\n<script>\n  hbspt.forms.create({\n    region: \"na1\",\n    portalId: \"8932302\",\n    formId: \"0843527b-ee7b-48b5-ad10-2f7d3567927b\"\n  });\n<\/script>\n\t\t<\/div>\n\t<\/div>\n<\/div><\/div><\/div><\/div><\/div>\n<\/div>","protected":false},"excerpt":{"rendered":"Evaluaciones de casos gratis y sin honorarios hasta que ganemos Si usted ha comprado o alquilado un Volkswagen que tiene problemas continuos, usted puede tener derecho a una recompra bajo la ley de lim\u00f3n de Volkswagen en California. Esto significa que si su VW tiene defectos que no pueden ser reparados despu\u00e9s de un n\u00famero razonable de intentos, el fabricante debe... <a class=\"more-link\" href=\"https:\/\/lemonlaws.com\/es\/manufacturers\/volkswagen-lemon-law\/\">Seguir leyendo <span class=\"screen-reader-text\">Ley del Lim\u00f3n de Volkswagen<\/span><\/a>","protected":false},"author":1,"featured_media":0,"parent":2494,"menu_order":0,"comment_status":"closed","ping_status":"closed","template":"","meta":{"_acf_changed":false,"content-type":"","h5ap_radio_sources":[],"footnotes":""},"class_list":["post-7269","page","type-page","status-publish","entry"],"acf":[],"aioseo_notices":[],"_links":{"self":[{"href":"https:\/\/lemonlaws.com\/es\/wp-json\/wp\/v2\/pages\/7269","targetHints":{"allow":["GET"]}}],"collection":[{"href":"https:\/\/lemonlaws.com\/es\/wp-json\/wp\/v2\/pages"}],"about":[{"href":"https:\/\/lemonlaws.com\/es\/wp-json\/wp\/v2\/types\/page"}],"author":[{"embeddable":true,"href":"https:\/\/lemonlaws.com\/es\/wp-json\/wp\/v2\/users\/1"}],"replies":[{"embeddable":true,"href":"https:\/\/lemonlaws.com\/es\/wp-json\/wp\/v2\/comments?post=7269"}],"version-history":[{"count":0,"href":"https:\/\/lemonlaws.com\/es\/wp-json\/wp\/v2\/pages\/7269\/revisions"}],"up":[{"embeddable":true,"href":"https:\/\/lemonlaws.com\/es\/wp-json\/wp\/v2\/pages\/2494"}],"wp:attachment":[{"href":"https:\/\/lemonlaws.com\/es\/wp-json\/wp\/v2\/media?parent=7269"}],"curies":[{"name":"wp","href":"https:\/\/api.w.org\/{rel}","templated":true}]}}