{"id":7122,"date":"2025-07-07T10:25:08","date_gmt":"2025-07-07T17:25:08","guid":{"rendered":"https:\/\/lemonlaws.com\/?page_id=7122"},"modified":"2025-07-07T10:29:08","modified_gmt":"2025-07-07T17:29:08","slug":"subaru-lemon-law","status":"publish","type":"page","link":"https:\/\/lemonlaws.com\/es\/manufacturers\/subaru-lemon-law\/","title":{"rendered":"Ley del Lim\u00f3n de Subaru"},"content":{"rendered":"<div class=\"wpb-content-wrapper\"><div class=\"vc_row wpb_row cta-row dark1\"><div class=\"container\"><div class=\"wpb_column vc_column_container vc_col-sm-12\"><div class=\"vc_column-inner\"><div class=\"wpb_wrapper\">\n\t<div class=\"wpb_text_column wpb_content_element  mb0\" >\n\t\t<div class=\"wpb_wrapper\">\n\t\t\t<h3>Evaluamos su caso gratis y sin honorarios<\/h3>\n<!-- HFCM by 99 Robots - Snippet # 19: National &quot;See if You Qualify&quot; Button (EN+ES) -->\n<div data-tf-live=\"01JEEWYR1ZCXMY8M6WGKZTQK4Z\"><\/div><script src=\"\/\/embed.typeform.com\/next\/embed.js\"><\/script>\n<!-- \/end HFCM by 99 Robots -->\n\n\n\t\t<\/div>\n\t<\/div>\n<\/div><\/div><\/div><\/div><\/div><div class=\"vc_row wpb_row table-of-content-row\"><div class=\"container\"><div class=\"wpb_column vc_column_container vc_col-sm-6\" id=\"1\"><div class=\"vc_column-inner\"><div class=\"wpb_wrapper\">\n\t<div class=\"wpb_text_column wpb_content_element\" >\n\t\t<div class=\"wpb_wrapper\">\n\t\t\t<p>Si usted est\u00e1 luchando con problemas en curso con su Subaru, usted puede calificar para una demanda de la ley del lim\u00f3n de Subaru. En Prestige Legal Solutions, nos especializamos en ayudar a los propietarios de Subaru a navegar por la Ley del Lim\u00f3n de California, proporcionando la experiencia que necesitan para obtener una resoluci\u00f3n justa. Nuestro experimentado equipo trabajar\u00e1 incansablemente para asegurar la compensaci\u00f3n que se merece, gui\u00e1ndole a trav\u00e9s de cada paso del proceso. No deje que un veh\u00edculo defectuoso contin\u00fae drenando su tiempo y dinero - \u00a1hable con un abogado de la ley del lim\u00f3n de Subaru hoy!<\/p>\n<h2>Ley del Lim\u00f3n de Subaru<\/h2>\n<p>Un Subaru lim\u00f3n ley de recompra es una opci\u00f3n disponible bajo la ley de California para los veh\u00edculos que tienen defectos persistentes que el fabricante no puede reparar despu\u00e9s de un n\u00famero razonable de intentos. Si su Subaru cumple los requisitos, el fabricante est\u00e1 obligado a recomprar o reembolsar el veh\u00edculo. El proceso de recompra incluye la compensaci\u00f3n del precio de compra completo, impuestos y tasas.<\/p>\n<p>Si usted cree que su Subaru podr\u00eda calificar para una recompra, consultar a un abogado de la ley del lim\u00f3n es el mejor siguiente paso para asegurarse de que obtiene una resoluci\u00f3n justa en su caso.<\/p>\n\n\t\t<\/div>\n\t<\/div>\n<\/div><\/div><\/div><div class=\"accent1 table-of-contents wpb_column vc_column_container vc_col-sm-6 vc_col-has-fill\"><div class=\"vc_column-inner vc_custom_1718206463659\"><div class=\"wpb_wrapper\">\n\t<div class=\"wpb_text_column wpb_content_element\" >\n\t\t<div class=\"wpb_wrapper\">\n\t\t\t<h5>\u00cdNDICE<\/h5>\n<hr class=\"line fw-line\">\n<ul class=\"table-of-contents\">\n<li><a href=\"#1\">Leyes del lim\u00f3n para veh\u00edculos Subaru<\/a><\/li>\n<li><a href=\"#2\">\u00bfPuede su Subaru acogerse a la Ley del Lim\u00f3n?<\/a><\/li>\n<li><a href=\"#3\">\u00bfQu\u00e9 es la retirada de Subaru Buyback?<\/a><\/li>\n<li><a href=\"#4\">El proceso de la Ley del Lim\u00f3n con Subaru<\/a><\/li>\n<li><a href=\"#6\">Modelos comunes de Subaru con retiradas del mercado y defectos<\/a><\/li>\n<li><a href=\"#7\">Preguntas frecuentes sobre Subaru Lemons &amp; Buybacks<\/a><\/li>\n<li><a href=\"#8\">P\u00f3ngase en contacto con un abogado de la Ley del Lim\u00f3n Subaru hoy<\/a><\/li>\n<\/ul>\n\n\t\t<\/div>\n\t<\/div>\n<\/div><\/div><\/div><\/div><\/div><div id=\"1\" class=\"vc_row wpb_row dark1 blurb-row vc_custom_1741903601225\"><div class=\"container\"><div class=\"wpb_column vc_column_container vc_col-sm-1\"><div class=\"vc_column-inner\"><div class=\"wpb_wrapper\"><\/div><\/div><\/div><div class=\"wpb_column vc_column_container vc_col-sm-10\" id=\"2\"><div class=\"vc_column-inner\"><div class=\"wpb_wrapper\">\n\t<div class=\"wpb_text_column wpb_content_element  mb0\" >\n\t\t<div class=\"wpb_wrapper\">\n\t\t\t<h2 style=\"text-align: center;\">\u00bfPuede su Subaru acogerse a la Ley del Lim\u00f3n?<\/h2>\n<hr class=\"line\">\n<p style=\"text-align: center;\">\u00bfC\u00f3mo puede saber si su Subaru cumple los requisitos para acogerse a la ley de recompra de veh\u00edculos defectuosos? Aqu\u00ed est\u00e1n los factores clave descritos por la ley de California:<\/p>\n<p style=\"text-align: center;\"><strong>Defectos significativos: <\/strong><br \/>\nEl defecto debe afectar sustancialmente a la seguridad, el uso o el valor del veh\u00edculo.<\/p>\n<p style=\"text-align: center;\">\n<strong>Intentos de reparaci\u00f3n: <\/strong><br \/>\nSu Subaru debe haber sufrido varios intentos de reparaci\u00f3n por el mismo problema, normalmente entre 2 y 4 veces.<\/p>\n<p style=\"text-align: center;\">\n<strong>Tiempo fuera de servicio: <\/strong><br \/>\nSi su veh\u00edculo ha estado fuera de servicio durante m\u00e1s de 30 d\u00edas acumulativos debido a intentos de reparaci\u00f3n, puede optar a una recompra.<\/p>\n<p style=\"text-align: center;\">Si estos criterios se aplican a su situaci\u00f3n, es posible que tenga una reclamaci\u00f3n v\u00e1lida de la ley del lim\u00f3n. Un abogado especializado en la ley del lim\u00f3n de Subaru puede ayudarle a navegar por el proceso y determinar su elegibilidad para una recompra.<\/p>\n<p><center><!-- HFCM by 99 Robots - Snippet # 19: National &quot;See if You Qualify&quot; Button (EN+ES) -->\n<div data-tf-live=\"01JEEWYR1ZCXMY8M6WGKZTQK4Z\"><\/div><script src=\"\/\/embed.typeform.com\/next\/embed.js\"><\/script>\n<!-- \/end HFCM by 99 Robots -->\n<\/center><\/p>\n\n\t\t<\/div>\n\t<\/div>\n<\/div><\/div><\/div><div class=\"wpb_column vc_column_container vc_col-sm-1\"><div class=\"vc_column-inner\"><div class=\"wpb_wrapper\"><\/div><\/div><\/div><\/div><\/div><div id=\"2\" class=\"vc_row wpb_row light1 blurb-row vc_custom_1741903606972\"><div class=\"container\"><div class=\"wpb_column vc_column_container vc_col-sm-1\"><div class=\"vc_column-inner\"><div class=\"wpb_wrapper\"><\/div><\/div><\/div><div class=\"wpb_column vc_column_container vc_col-sm-10\" id=\"3\"><div class=\"vc_column-inner\"><div class=\"wpb_wrapper\">\n\t<div class=\"wpb_text_column wpb_content_element  mb0\" >\n\t\t<div class=\"wpb_wrapper\">\n\t\t\t<h2 style=\"text-align: center;\">\u00bfQu\u00e9 es la retirada de Subaru Buyback?<\/h2>\n<hr class=\"line\">\n<p style=\"text-align: center;\">Una llamada a revisi\u00f3n Subaru se refiere a una situaci\u00f3n en la que Subaru puede emitir una llamada a revisi\u00f3n para un modelo espec\u00edfico debido a defectos recurrentes. Si su Subaru forma parte de una llamada a revisi\u00f3n y el problema no se puede resolver, puede tener derecho a una recompra en virtud de la ley del lim\u00f3n. Esta recompra normalmente incluye un reembolso completo del precio de compra del veh\u00edculo, impuestos y tasas, asegurando que usted es compensado por el veh\u00edculo defectuoso.<\/p>\n<p style=\"text-align: center;\">En estos casos, lo mejor es ponerse en contacto con un abogado especializado en la ley del lim\u00f3n para asegurarse de obtener una soluci\u00f3n justa.<\/p>\n\n\t\t<\/div>\n\t<\/div>\n<\/div><\/div><\/div><div class=\"wpb_column vc_column_container vc_col-sm-1\"><div class=\"vc_column-inner\"><div class=\"wpb_wrapper\"><\/div><\/div><\/div><\/div><\/div><div class=\"vc_row wpb_row fifty-fifty image-right dark2\"><div class=\"container\"><div class=\"wpb_column vc_column_container vc_col-sm-6\"><div class=\"vc_column-inner\"><div class=\"wpb_wrapper\">\n\t<div class=\"wpb_text_column wpb_content_element  mb0 align-right\" >\n\t\t<div class=\"wpb_wrapper\">\n\t\t\t<h3 style=\"text-align: right;\">Comience hoy mismo la revisi\u00f3n gratuita de su caso Subaru.<\/h3>\n<p style=\"text-align: right;\">Si necesita asistencia legal para su caso Subaru, puede iniciar una revisi\u00f3n gratuita de su caso Subaru para proteger sus derechos. P\u00f3ngase en contacto con ellos para programar una consulta y resolver su problema.<\/p>\n<p><center><!-- HFCM by 99 Robots - Snippet # 19: National &quot;See if You Qualify&quot; Button (EN+ES) -->\n<div data-tf-live=\"01JEEWYR1ZCXMY8M6WGKZTQK4Z\"><\/div><script src=\"\/\/embed.typeform.com\/next\/embed.js\"><\/script>\n<!-- \/end HFCM by 99 Robots -->\n<\/center><\/p>\n\n\t\t<\/div>\n\t<\/div>\n<\/div><\/div><\/div><div class=\"start-your-free-column wpb_column vc_column_container vc_col-sm-6 vc_col-has-fill\"><div class=\"vc_column-inner vc_custom_1737498145879\"><div class=\"wpb_wrapper\"><\/div><\/div><\/div><\/div><\/div><div id=\"3\" class=\"vc_row wpb_row light1 blurb-row vc_custom_1741903620958\"><div class=\"container\"><div class=\"wpb_column vc_column_container vc_col-sm-1\"><div class=\"vc_column-inner\"><div class=\"wpb_wrapper\"><\/div><\/div><\/div><div class=\"wpb_column vc_column_container vc_col-sm-10\" id=\"4\"><div class=\"vc_column-inner\"><div class=\"wpb_wrapper\">\n\t<div class=\"wpb_text_column wpb_content_element  mb0\" >\n\t\t<div class=\"wpb_wrapper\">\n\t\t\t<h2 style=\"text-align: center;\">El proceso de la Ley del Lim\u00f3n con Subaru<\/h2>\n<hr class=\"line\">\n<p style=\"text-align: center;\">El proceso de la ley del lim\u00f3n de Subaru en California est\u00e1 dise\u00f1ado para proteger a los consumidores de los veh\u00edculos defectuosos. He aqu\u00ed un desglose b\u00e1sico de los pasos a seguir:<\/p>\n<p style=\"text-align: center;\"><strong>1. Evaluaci\u00f3n:<\/strong><br \/>\nUn abogado especializado en la ley del lim\u00f3n revisar\u00e1 los defectos de su Subaru y determinar\u00e1 si cumple los requisitos para una reclamaci\u00f3n basada en la ley del lim\u00f3n.<\/p>\n<p style=\"text-align: center;\"><strong>2. 2. Documentaci\u00f3n:<\/strong><br \/>\nRecopilar todos los registros de reparaci\u00f3n y las comunicaciones relacionadas con los defectos.<\/p>\n<p style=\"text-align: center;\"><strong>3. Presentaci\u00f3n de reclamaciones:<\/strong><br \/>\nSu abogado preparar\u00e1 y presentar\u00e1 una reclamaci\u00f3n detallada en su nombre.<\/p>\n<p style=\"text-align: center;\"><strong>4. Negociaci\u00f3n:<\/strong><br \/>\nNegociaremos con Subaru para garantizar la recompra o el reembolso de su veh\u00edculo.<\/p>\n<p style=\"text-align: center;\"><strong>5. Resoluci\u00f3n:<\/strong><br \/>\nNuestro objetivo es conseguirle el mejor resultado posible, ya sea mediante una recompra u otro tipo de indemnizaci\u00f3n.<\/p>\n<p style=\"text-align: center;\">A lo largo de todo el proceso, el equipo de Prestige Legal Solutions trabajar\u00e1 incansablemente para garantizar que usted reciba una compensaci\u00f3n completa por su Subaru defectuoso.<\/p>\n\n\t\t<\/div>\n\t<\/div>\n<\/div><\/div><\/div><div class=\"wpb_column vc_column_container vc_col-sm-1\"><div class=\"vc_column-inner\"><div class=\"wpb_wrapper\"><\/div><\/div><\/div><\/div><\/div><div id=\"6\" class=\"vc_row wpb_row fifty-fifty image-left dark2 flip-mobile\"><div class=\"container\"><div class=\"common-column wpb_column vc_column_container vc_col-sm-6 vc_col-has-fill\" id=\"5\"><div class=\"vc_column-inner vc_custom_1751909072198\"><div class=\"wpb_wrapper\"><\/div><\/div><\/div><div class=\"wpb_column vc_column_container vc_col-sm-6\"><div class=\"vc_column-inner\"><div class=\"wpb_wrapper\">\n\t<div class=\"wpb_text_column wpb_content_element  mb0\" >\n\t\t<div class=\"wpb_wrapper\">\n\t\t\t<h2>Modelos comunes de Subaru con retiradas del mercado y defectos<\/h2>\n<p>Algunos modelos Subaru han sido m\u00e1s propensos a defectos que pueden dar lugar a reclamaciones de la ley del lim\u00f3n. Los problemas m\u00e1s comunes incluyen:<\/p>\n<ul class=\"exclamation\">\n<li><strong>Subaru Outback:<\/strong> Frecuentemente implicado en fallos de transmisi\u00f3n y problemas de motor.<\/li>\n<li><strong>Subaru Forester:<\/strong> Entre los defectos m\u00e1s comunes se encuentran el calado del motor y los problemas con el sistema el\u00e9ctrico del veh\u00edculo.<\/li>\n<li><strong>Subaru Legacy:<\/strong> Conocido por los persistentes problemas de transmisi\u00f3n y el mal funcionamiento de las caracter\u00edsticas de seguridad, lo que lleva a las reclamaciones de la ley del lim\u00f3n.<\/li>\n<\/ul>\n<p>Si usted posee uno de estos modelos y est\u00e1 lidiando con problemas en curso, es importante consultar a un abogado de la ley de lim\u00f3n Subaru para explorar sus opciones.<\/p>\n<p><span style=\"color: #999999;\">Cr\u00e9dito de la imagen: <a style=\"color: #999999;\" href=\"https:\/\/www.shutterstock.com\/image-photo\/man-disconnecting-terminal-on-car-battery-1238222080\" target=\"_blank\" rel=\"nofollow noopener\">Bykfa<\/a>\/Shutterstock<\/span><\/p>\n\n\t\t<\/div>\n\t<\/div>\n<\/div><\/div><\/div><\/div><\/div><div id=\"7\" class=\"vc_row wpb_row accordion light1 vc_custom_1741902846500\"><div class=\"container\"><div class=\"wpb_column vc_column_container vc_col-sm-1\"><div class=\"vc_column-inner\"><div class=\"wpb_wrapper\"><\/div><\/div><\/div><div class=\"wpb_column vc_column_container vc_col-sm-10\" id=\"6\"><div class=\"vc_column-inner\"><div class=\"wpb_wrapper\">\n\t<div class=\"wpb_text_column wpb_content_element\" >\n\t\t<div class=\"wpb_wrapper\">\n\t\t\t<h2 style=\"text-align: center;\">Preguntas frecuentes sobre Subaru Lemons &amp; Buybacks<\/h2>\n\n\t\t<\/div>\n\t<\/div>\n<div class=\"vc_tta-container\" data-vc-action=\"collapse\"><div class=\"vc_general vc_tta vc_tta-accordion vc_tta-color-grey vc_tta-style-classic vc_tta-shape-rounded vc_tta-o-shape-group vc_tta-controls-align-default\"><div class=\"vc_tta-panels-container\"><div class=\"vc_tta-panels\"><div class=\"vc_tta-panel vc_active\" id=\"common-subaru-defects-and-recalls\" data-vc-content=\".vc_tta-panel-body\"><div class=\"vc_tta-panel-heading\"><h3 class=\"vc_tta-panel-title vc_tta-controls-icon-position-left\"><a href=\"#common-subaru-defects-and-recalls\" data-vc-accordion data-vc-container=\".vc_tta-container\"><span class=\"vc_tta-title-text\">\u00bfCu\u00e1les son los defectos comunes de Subaru que dan lugar a reclamaciones?<\/span><i class=\"vc_tta-controls-icon vc_tta-controls-icon-plus\"><\/i><\/a><\/h3><\/div><div class=\"vc_tta-panel-body\">\n\t<div class=\"wpb_text_column wpb_content_element\" >\n\t\t<div class=\"wpb_wrapper\">\n\t\t\t<p>Los defectos comunes de Subaru que pueden dar lugar a reclamaciones de la ley del lim\u00f3n incluyen fallos del motor, problemas de transmisi\u00f3n, fallos el\u00e9ctricos, fallos de frenos y defectos de seguridad como airbags defectuosos o sistemas de direcci\u00f3n que funcionan mal. Si su veh\u00edculo tiene alguno de estos problemas que persisten despu\u00e9s de m\u00faltiples intentos de reparaci\u00f3n, puede calificar para una recompra.<\/p>\n\n\t\t<\/div>\n\t<\/div>\n<\/div><\/div><div class=\"vc_tta-panel\" id=\"how-do-i-begin-a-claim-against-subaru\" data-vc-content=\".vc_tta-panel-body\"><div class=\"vc_tta-panel-heading\"><h3 class=\"vc_tta-panel-title vc_tta-controls-icon-position-left\"><a href=\"#how-do-i-begin-a-claim-against-subaru\" data-vc-accordion data-vc-container=\".vc_tta-container\"><span class=\"vc_tta-title-text\">\u00bfC\u00f3mo puedo iniciar una reclamaci\u00f3n contra Subaru?<\/span><i class=\"vc_tta-controls-icon vc_tta-controls-icon-plus\"><\/i><\/a><\/h3><\/div><div class=\"vc_tta-panel-body\">\n\t<div class=\"wpb_text_column wpb_content_element\" >\n\t\t<div class=\"wpb_wrapper\">\n\t\t\t<p>Para iniciar una reclamaci\u00f3n contra Subaru, documente todos los intentos de reparaci\u00f3n y los defectos y, a continuaci\u00f3n, p\u00f3ngase en contacto con un abogado especializado en la ley del lim\u00f3n de Subaru. Evaluaremos su caso, recopilaremos la documentaci\u00f3n necesaria y le guiaremos a trav\u00e9s del proceso para garantizar una recompra o un reembolso.<\/p>\n\n\t\t<\/div>\n\t<\/div>\n<\/div><\/div><div class=\"vc_tta-panel\" id=\"how-much-does-subaru-lemon-law-attorney-cost\" data-vc-content=\".vc_tta-panel-body\"><div class=\"vc_tta-panel-heading\"><h3 class=\"vc_tta-panel-title vc_tta-controls-icon-position-left\"><a href=\"#how-much-does-subaru-lemon-law-attorney-cost\" data-vc-accordion data-vc-container=\".vc_tta-container\"><span class=\"vc_tta-title-text\">\u00bfCu\u00e1nto cuesta un abogado especializado en la ley del lim\u00f3n de Subaru?<\/span><i class=\"vc_tta-controls-icon vc_tta-controls-icon-plus\"><\/i><\/a><\/h3><\/div><div class=\"vc_tta-panel-body\">\n\t<div class=\"wpb_text_column wpb_content_element\" >\n\t\t<div class=\"wpb_wrapper\">\n\t\t\t<p>La mayor\u00eda de los abogados de Subaru trabajan sobre una base de contingencia, lo que significa que s\u00f3lo paga si gana el caso. En muchos casos, Subaru est\u00e1 obligado a cubrir los honorarios del abogado, por lo que puede seguir su reclamo sin costos por adelantado. P\u00f3ngase en contacto con nosotros hoy mismo para obtener m\u00e1s informaci\u00f3n sobre c\u00f3mo podemos ayudarle.<\/p>\n\n\t\t<\/div>\n\t<\/div>\n<\/div><\/div><div class=\"vc_tta-panel\" id=\"what-is-considered-a-lemon-under-subaru-s-lemon-law\" data-vc-content=\".vc_tta-panel-body\"><div class=\"vc_tta-panel-heading\"><h3 class=\"vc_tta-panel-title vc_tta-controls-icon-position-left\"><a href=\"#what-is-considered-a-lemon-under-subaru-s-lemon-law\" data-vc-accordion data-vc-container=\".vc_tta-container\"><span class=\"vc_tta-title-text\">\u00bfQu\u00e9 se considera un producto defectuoso seg\u00fan la ley de productos defectuosos de Subaru?<\/span><i class=\"vc_tta-controls-icon vc_tta-controls-icon-plus\"><\/i><\/a><\/h3><\/div><div class=\"vc_tta-panel-body\">\n\t<div class=\"wpb_text_column wpb_content_element\" >\n\t\t<div class=\"wpb_wrapper\">\n\t\t\t<p>Seg\u00fan la ley de veh\u00edculos defectuosos de Subaru, un veh\u00edculo se considera defectuoso si tiene uno o m\u00e1s defectos significativos que perjudican su uso, seguridad o valor, y el fabricante no ha podido reparar el defecto tras un n\u00famero razonable de intentos. Por lo general, si su Subaru ha sido reparado varias veces por el mismo problema (por lo general 2-4 veces) o ha estado fuera de servicio durante 30 o m\u00e1s d\u00edas acumulativos, puede calificarse como un lim\u00f3n. Si su Subaru cumple estos criterios, puede tener derecho a una recompra o a un reembolso.<\/p>\n\n\t\t<\/div>\n\t<\/div>\n<\/div><\/div><div class=\"vc_tta-panel\" id=\"can-i-file-a-lemon-law-claim-for-a-used-subaru\" data-vc-content=\".vc_tta-panel-body\"><div class=\"vc_tta-panel-heading\"><h3 class=\"vc_tta-panel-title vc_tta-controls-icon-position-left\"><a href=\"#can-i-file-a-lemon-law-claim-for-a-used-subaru\" data-vc-accordion data-vc-container=\".vc_tta-container\"><span class=\"vc_tta-title-text\">\u00bfPuedo presentar una reclamaci\u00f3n por un Subaru usado?<\/span><i class=\"vc_tta-controls-icon vc_tta-controls-icon-plus\"><\/i><\/a><\/h3><\/div><div class=\"vc_tta-panel-body\">\n\t<div class=\"wpb_text_column wpb_content_element\" >\n\t\t<div class=\"wpb_wrapper\">\n\t\t\t<p>S\u00ed, puedes presentar una reclamaci\u00f3n por un Subaru usado, siempre que el veh\u00edculo est\u00e9 cubierto por la garant\u00eda del fabricante en el momento en que se produce el defecto. Si tu Subaru usado tiene un defecto que afecta sustancialmente a su uso, seguridad o valor, y el fabricante no consigue reparar el defecto tras un n\u00famero razonable de intentos, puedes optar a la recompra o al reembolso. Ten en cuenta que si el Subaru usado est\u00e1 en garant\u00eda, puede acogerse a las protecciones de la ley del lim\u00f3n al igual que un coche nuevo.<\/p>\n\n\t\t<\/div>\n\t<\/div>\n<\/div><\/div><\/div><\/div><\/div><\/div><\/div><\/div><\/div><div class=\"wpb_column vc_column_container vc_col-sm-1\"><div class=\"vc_column-inner\"><div class=\"wpb_wrapper\"><\/div><\/div><\/div><\/div><\/div><div class=\"vc_row wpb_row light1 blurb-row vc_custom_1666280653497\"><div class=\"container\"><div class=\"wpb_column vc_column_container vc_col-sm-1\"><div class=\"vc_column-inner\"><div class=\"wpb_wrapper\"><\/div><\/div><\/div><div class=\"wpb_column vc_column_container vc_col-sm-10\"><div class=\"vc_column-inner\"><div class=\"wpb_wrapper\">\n\t<div class=\"wpb_text_column wpb_content_element  mb0\" >\n\t\t<div class=\"wpb_wrapper\">\n\t\t\t<h3 style=\"text-align: center;\">Otros fabricantes de veh\u00edculos con los que trabajamos<\/h3>\n<hr class=\"line\" \/>\n\n\t\t<\/div>\n\t<\/div>\n<\/div><\/div><\/div><div class=\"wpb_column vc_column_container vc_col-sm-1\"><div class=\"vc_column-inner\"><div class=\"wpb_wrapper\"><\/div><\/div><\/div><\/div><\/div><div class=\"vc_row wpb_row vc_custom_1718218721603\"><div class=\"container\"><div class=\"wpb_column vc_column_container vc_col-sm-3\"><div class=\"vc_column-inner\"><div class=\"wpb_wrapper\">\n\t<div class=\"wpb_text_column wpb_content_element  mb0-desktop\" >\n\t\t<div class=\"wpb_wrapper\">\n\t\t\t<p><a href=\"https:\/\/lemonlaws.com\/es\/fabricantes\/chevrolet-ley-limon\/\"><img decoding=\"async\" class=\"aligncenter size-full wp-image-3076\" src=\"https:\/\/lemonlaws.com\/wp-content\/uploads\/2024\/06\/logo-chevrolet@2x-1.png\" alt=\"ley del lim\u00f3n de chevrolet\" width=\"240\" height=\"auto\" srcset=\"https:\/\/lemonlaws.com\/wp-content\/uploads\/2024\/06\/logo-chevrolet@2x-1.png 480w, https:\/\/lemonlaws.com\/wp-content\/uploads\/2024\/06\/logo-chevrolet@2x-1-300x263.png 300w\" sizes=\"(max-width: 480px) 100vw, 480px\" \/><\/a><\/p>\n\n\t\t<\/div>\n\t<\/div>\n<\/div><\/div><\/div><div class=\"wpb_column vc_column_container vc_col-sm-3\"><div class=\"vc_column-inner\"><div class=\"wpb_wrapper\">\n\t<div class=\"wpb_text_column wpb_content_element  mb0-desktop\" >\n\t\t<div class=\"wpb_wrapper\">\n\t\t\t<p><a href=\"https:\/\/lemonlaws.com\/es\/fabricantes\/hyundai-ley-limon\/\"><img decoding=\"async\" class=\"aligncenter size-full wp-image-3249\" src=\"https:\/\/lemonlaws.com\/wp-content\/uploads\/2024\/06\/logo-hyundai.png\" alt=\"ley del lim\u00f3n de hyundai\" width=\"241\" height=\"210\" \/><\/a><\/p>\n\n\t\t<\/div>\n\t<\/div>\n<\/div><\/div><\/div><div class=\"wpb_column vc_column_container vc_col-sm-3\"><div class=\"vc_column-inner\"><div class=\"wpb_wrapper\">\n\t<div class=\"wpb_text_column wpb_content_element  mb0-desktop\" >\n\t\t<div class=\"wpb_wrapper\">\n\t\t\t<p><a href=\"https:\/\/lemonlaws.com\/es\/fabricantes\/ford-ley-limon\/\"><img decoding=\"async\" class=\"aligncenter size-full wp-image-3078\" src=\"https:\/\/lemonlaws.com\/wp-content\/uploads\/2024\/06\/logo-ford@2x-1.png\" alt=\"ley del lim\u00f3n de ford\" width=\"240\" height=\"auto\" srcset=\"https:\/\/lemonlaws.com\/wp-content\/uploads\/2024\/06\/logo-ford@2x-1.png 480w, https:\/\/lemonlaws.com\/wp-content\/uploads\/2024\/06\/logo-ford@2x-1-300x263.png 300w\" sizes=\"(max-width: 480px) 100vw, 480px\" \/><\/a><\/p>\n\n\t\t<\/div>\n\t<\/div>\n<\/div><\/div><\/div><div class=\"wpb_column vc_column_container vc_col-sm-3\"><div class=\"vc_column-inner\"><div class=\"wpb_wrapper\">\n\t<div class=\"wpb_text_column wpb_content_element  mb0\" >\n\t\t<div class=\"wpb_wrapper\">\n\t\t\t<p><a href=\"https:\/\/lemonlaws.com\/es\/fabricantes\/gmc-ley-limon\/\"><img decoding=\"async\" class=\"aligncenter size-full wp-image-3248\" src=\"https:\/\/lemonlaws.com\/wp-content\/uploads\/2024\/06\/logo-gmc.png\" alt=\"gmc ley de lim\u00f3n\" width=\"240\" height=\"210\" \/><\/a><\/p>\n\n\t\t<\/div>\n\t<\/div>\n<\/div><\/div><\/div><\/div><\/div><div id=\"8\" class=\"vc_row wpb_row bottom-cta home-bottom-cta add-parallax vc_custom_1741903660441 vc_row-has-fill\"><div class=\"container\"><div class=\"wpb_column vc_column_container vc_col-sm-12\" id=\"7\"><div class=\"vc_column-inner\"><div class=\"wpb_wrapper\">\n\t<div class=\"wpb_text_column wpb_content_element\" >\n\t\t<div class=\"wpb_wrapper\">\n\t\t\t<h2 style=\"text-align: center;\">CONTACTE CON UN ABOGADO DE SUBARU HOY MISMO<\/h2>\n<p style=\"text-align: center;\">Si usted est\u00e1 experimentando problemas con su veh\u00edculo Subaru que caen bajo la ley del lim\u00f3n, ponerse en contacto con un abogado de la ley del lim\u00f3n Subaru es crucial tan pronto como sea posible. Prestige Legal representa a clientes que han comprado un veh\u00edculo defectuoso y buscan una compensaci\u00f3n o un reembolso. Su equipo de abogados experimentados le guiar\u00e1 a trav\u00e9s del proceso legal y luchar\u00e1 por sus derechos como consumidor. P\u00f3ngase en contacto con nuestros abogados de la ley del lim\u00f3n hoy en <a href=\"tel:8446612669\">(844) 661-2669<\/a> para una consulta gratuita para discutir su caso.<\/p>\n\n\t\t<\/div>\n\t<\/div>\n\n\t<div class=\"wpb_raw_code wpb_raw_js\" >\n\t\t<div class=\"wpb_wrapper\">\n\t\t\t<script charset=\"utf-8\" type=\"text\/javascript\" src=\"\/\/js.hsforms.net\/forms\/embed\/v2.js\"><\/script>\n<script>\n  hbspt.forms.create({\n    region: \"na1\",\n    portalId: \"8932302\",\n    formId: \"0843527b-ee7b-48b5-ad10-2f7d3567927b\"\n  });\n<\/script>\n\t\t<\/div>\n\t<\/div>\n<\/div><\/div><\/div><\/div><\/div>\n<\/div>","protected":false},"excerpt":{"rendered":"Evaluaciones de casos gratuitas y sin honorarios hasta que ganemos Si usted est\u00e1 luchando con problemas continuos con su Subaru, usted puede calificar para una demanda de la ley del lim\u00f3n de Subaru. En Prestige Legal Solutions, nos especializamos en ayudar a los propietarios de Subaru a navegar por la Ley del Lim\u00f3n de California, proporcionando la experiencia que necesitan para obtener una resoluci\u00f3n justa. Nuestro equipo experimentado... <a class=\"more-link\" href=\"https:\/\/lemonlaws.com\/es\/manufacturers\/subaru-lemon-law\/\">Seguir leyendo <span class=\"screen-reader-text\">Ley del Lim\u00f3n de Subaru<\/span><\/a>","protected":false},"author":1,"featured_media":0,"parent":2494,"menu_order":0,"comment_status":"closed","ping_status":"closed","template":"","meta":{"_acf_changed":false,"content-type":"","h5ap_radio_sources":[],"footnotes":""},"class_list":["post-7122","page","type-page","status-publish","entry"],"acf":[],"aioseo_notices":[],"_links":{"self":[{"href":"https:\/\/lemonlaws.com\/es\/wp-json\/wp\/v2\/pages\/7122","targetHints":{"allow":["GET"]}}],"collection":[{"href":"https:\/\/lemonlaws.com\/es\/wp-json\/wp\/v2\/pages"}],"about":[{"href":"https:\/\/lemonlaws.com\/es\/wp-json\/wp\/v2\/types\/page"}],"author":[{"embeddable":true,"href":"https:\/\/lemonlaws.com\/es\/wp-json\/wp\/v2\/users\/1"}],"replies":[{"embeddable":true,"href":"https:\/\/lemonlaws.com\/es\/wp-json\/wp\/v2\/comments?post=7122"}],"version-history":[{"count":0,"href":"https:\/\/lemonlaws.com\/es\/wp-json\/wp\/v2\/pages\/7122\/revisions"}],"up":[{"embeddable":true,"href":"https:\/\/lemonlaws.com\/es\/wp-json\/wp\/v2\/pages\/2494"}],"wp:attachment":[{"href":"https:\/\/lemonlaws.com\/es\/wp-json\/wp\/v2\/media?parent=7122"}],"curies":[{"name":"wp","href":"https:\/\/api.w.org\/{rel}","templated":true}]}}