{"id":6720,"date":"2025-06-11T10:04:29","date_gmt":"2025-06-11T17:04:29","guid":{"rendered":"https:\/\/lemonlaws.com\/?page_id=6720"},"modified":"2026-02-11T10:54:20","modified_gmt":"2026-02-11T18:54:20","slug":"testimonios","status":"publish","type":"page","link":"https:\/\/lemonlaws.com\/es\/testimonials\/","title":{"rendered":"Testimonios"},"content":{"rendered":"<div class=\"wpb-content-wrapper\"><div class=\"vc_row wpb_row\"><div class=\"container\"><div class=\"wpb_column vc_column_container vc_col-sm-12\"><div class=\"vc_column-inner\"><div class=\"wpb_wrapper\">\n\t<div class=\"wpb_text_column wpb_content_element\" >\n\t\t<div class=\"wpb_wrapper\">\n\t\t\t<h2 style=\"text-align: center;\" data-pm-slice=\"1 1 &#091;&#093;\">Historias reales. Resultados reales. Justicia real para los conductores de California.<\/h2>\n\n\t\t<\/div>\n\t<\/div>\n\n\t<div class=\"wpb_text_column wpb_content_element\" >\n\t\t<div class=\"wpb_wrapper\">\n\t\t\t<p style=\"text-align: center;\" data-pm-slice=\"1 1 &#091;&#093;\">Lemon Laws by Prestige Legal Solutions ha ayudado a miles de conductores de California a recuperar una indemnizaci\u00f3n o devolver sus veh\u00edculos defectuosos. Nuestros experimentados abogados de la ley del lim\u00f3n se enfrentan a los fabricantes de autom\u00f3viles y concesionarios, luchando por los derechos de nuestros clientes con transparencia, eficiencia y resultados. Estas rese\u00f1as verificadas de clientes reflejan la confianza que nos hemos ganado y los resultados que hemos obtenido. Es por eso que muchos de nuestros clientes se refieren a sus amigos y familiares con confianza.<\/p>\n\n\t\t<\/div>\n\t<\/div>\n<\/div><\/div><\/div><\/div><\/div><div class=\"vc_row wpb_row vc_custom_1749663245282\"><div class=\"container\"><div class=\"wpb_column vc_column_container vc_col-sm-12\"><div class=\"vc_column-inner\"><div class=\"wpb_wrapper\">\n\t<div class=\"wpb_raw_code wpb_content_element wpb_raw_html\" >\n\t\t<div class=\"wpb_wrapper\">\n\t\t\t<iframe src='https:\/\/widgets.sociablekit.com\/google-reviews\/iframe\/25566058' frameborder='0' width='100%' height='1000'><\/iframe>\n\t\t<\/div>\n\t<\/div>\n<\/div><\/div><\/div><\/div><\/div>\n<\/div>","protected":false},"excerpt":{"rendered":"Historias reales. Resultados reales. Justicia real para los conductores de California. Prestige Legal Solutions ha ayudado a miles de conductores de California a recuperar una indemnizaci\u00f3n o devolver sus veh\u00edculos defectuosos. Nuestros abogados experimentados en la ley del lim\u00f3n se enfrentan a los fabricantes y concesionarios de autom\u00f3viles, luchando por los derechos de nuestros clientes con transparencia, eficiencia y resultados. Estas rese\u00f1as verificadas de clientes reflejan... <a class=\"more-link\" href=\"https:\/\/lemonlaws.com\/es\/testimonials\/\">Seguir leyendo <span class=\"screen-reader-text\">Testimonios<\/span><\/a>","protected":false},"author":1,"featured_media":0,"parent":0,"menu_order":0,"comment_status":"closed","ping_status":"closed","template":"","meta":{"_acf_changed":false,"content-type":"","h5ap_radio_sources":[],"footnotes":""},"class_list":["post-6720","page","type-page","status-publish","entry"],"acf":[],"aioseo_notices":[],"_links":{"self":[{"href":"https:\/\/lemonlaws.com\/es\/wp-json\/wp\/v2\/pages\/6720","targetHints":{"allow":["GET"]}}],"collection":[{"href":"https:\/\/lemonlaws.com\/es\/wp-json\/wp\/v2\/pages"}],"about":[{"href":"https:\/\/lemonlaws.com\/es\/wp-json\/wp\/v2\/types\/page"}],"author":[{"embeddable":true,"href":"https:\/\/lemonlaws.com\/es\/wp-json\/wp\/v2\/users\/1"}],"replies":[{"embeddable":true,"href":"https:\/\/lemonlaws.com\/es\/wp-json\/wp\/v2\/comments?post=6720"}],"version-history":[{"count":1,"href":"https:\/\/lemonlaws.com\/es\/wp-json\/wp\/v2\/pages\/6720\/revisions"}],"predecessor-version":[{"id":8056,"href":"https:\/\/lemonlaws.com\/es\/wp-json\/wp\/v2\/pages\/6720\/revisions\/8056"}],"wp:attachment":[{"href":"https:\/\/lemonlaws.com\/es\/wp-json\/wp\/v2\/media?parent=6720"}],"curies":[{"name":"wp","href":"https:\/\/api.w.org\/{rel}","templated":true}]}}