{"id":6473,"date":"2025-06-13T12:46:31","date_gmt":"2025-06-13T19:46:31","guid":{"rendered":"https:\/\/lemonlaws.com\/?page_id=6473"},"modified":"2025-08-29T11:53:27","modified_gmt":"2025-08-29T18:53:27","slug":"sanam-vaziri-esq","status":"publish","type":"page","link":"https:\/\/lemonlaws.com\/es\/attorneys\/sanam-vaziri-esq\/","title":{"rendered":"Sanam Vaziri"},"content":{"rendered":"<div class=\"wpb-content-wrapper\"><div class=\"vc_row wpb_row cta-row dark1\"><div class=\"container\"><div class=\"wpb_column vc_column_container vc_col-sm-12\"><div class=\"vc_column-inner\"><div class=\"wpb_wrapper\">\n\t<div class=\"wpb_text_column wpb_content_element  mb0\" >\n\t\t<div class=\"wpb_wrapper\">\n\t\t\t<h3>Evaluamos su caso gratis y sin honorarios<\/h3>\n<!-- HFCM by 99 Robots - Snippet # 19: National &quot;See if You Qualify&quot; Button (EN+ES) -->\n<div data-tf-live=\"01JEEWYR1ZCXMY8M6WGKZTQK4Z\"><\/div><script src=\"\/\/embed.typeform.com\/next\/embed.js\"><\/script>\n<!-- \/end HFCM by 99 Robots -->\n\n\n\t\t<\/div>\n\t<\/div>\n<\/div><\/div><\/div><\/div><\/div><div class=\"vc_row wpb_row fifty-fifty image-left light11 individual-lawyer\"><div class=\"container\"><div class=\"wpb_column vc_column_container vc_col-sm-6\"><div class=\"vc_column-inner\"><div class=\"wpb_wrapper\">\n\t<div class=\"wpb_text_column wpb_content_element  mb0\" >\n\t\t<div class=\"wpb_wrapper\">\n\t\t\t<p><img decoding=\"async\" class=\"aligncenter wp-image-6816 size-full\" src=\"https:\/\/lemonlaws.com\/wp-content\/uploads\/2025\/06\/SanamVaziri_HS_1.jpg\" alt=\"\" width=\"1920\" height=\"1920\" srcset=\"https:\/\/lemonlaws.com\/wp-content\/uploads\/2025\/06\/SanamVaziri_HS_1.jpg 1920w, https:\/\/lemonlaws.com\/wp-content\/uploads\/2025\/06\/SanamVaziri_HS_1-300x300.jpg 300w, https:\/\/lemonlaws.com\/wp-content\/uploads\/2025\/06\/SanamVaziri_HS_1-1024x1024.jpg 1024w, https:\/\/lemonlaws.com\/wp-content\/uploads\/2025\/06\/SanamVaziri_HS_1-150x150.jpg 150w, https:\/\/lemonlaws.com\/wp-content\/uploads\/2025\/06\/SanamVaziri_HS_1-768x768.jpg 768w, https:\/\/lemonlaws.com\/wp-content\/uploads\/2025\/06\/SanamVaziri_HS_1-1536x1536.jpg 1536w, https:\/\/lemonlaws.com\/wp-content\/uploads\/2025\/06\/SanamVaziri_HS_1-12x12.jpg 12w, https:\/\/lemonlaws.com\/wp-content\/uploads\/2025\/06\/SanamVaziri_HS_1-75x75.jpg 75w, https:\/\/lemonlaws.com\/wp-content\/uploads\/2025\/06\/SanamVaziri_HS_1-1568x1568.jpg 1568w\" sizes=\"(max-width: 1920px) 100vw, 1920px\" \/><\/p>\n\n\t\t<\/div>\n\t<\/div>\n<\/div><\/div><\/div><div class=\"wpb_column vc_column_container vc_col-sm-6\"><div class=\"vc_column-inner\"><div class=\"wpb_wrapper\">\n\t<div class=\"wpb_text_column wpb_content_element  mb0\" >\n\t\t<div class=\"wpb_wrapper\">\n\t\t\t<h4 style=\"text-align: left;\">Sanam Vaziri, Esq.<\/h4>\n<hr class=\"line fw-line\" \/>\n<p>Sanam Vaziri es abogada asociada en Prestige Legal Solutions, P.C., donde se centra en representar a los consumidores de California en casos de la ley del lim\u00f3n. Con m\u00e1s de dos d\u00e9cadas de experiencia legal y empresarial, Sanam ofrece a los clientes una mente legal aguda y habilidades de negociaci\u00f3n asertivas. Se ocupa de reclamaciones relacionadas con veh\u00edculos defectuosos en virtud de la Ley Song-Beverly de garant\u00eda del consumidor de California, trabajando estrechamente con los clientes para obtener una indemnizaci\u00f3n de los fabricantes. Su profundo sentido de la justicia, junto con el reconocimiento nacional por su defensa, la convierten en un poderoso activo para los clientes que buscan hacer valer sus derechos.<\/p>\n<p>ADMISIONES<\/p>\n<ul>\n<li><a href=\"https:\/\/apps.calbar.ca.gov\/attorney\/Licensee\/Detail\/177384\" target=\"_blank\" rel=\"noopener\">Colegio de Abogados del Estado de California #177384<\/a><\/li>\n<li><a href=\"https:\/\/www.cacd.uscourts.gov\/\" target=\"_blank\" rel=\"noopener\">Tribunal de Distrito de EE.UU., Distrito Central de California<\/a><\/li>\n<li><a href=\"https:\/\/www.casd.uscourts.gov\/\" target=\"_blank\" rel=\"noopener\">Tribunal de Distrito de EE.UU., Distrito Sur de California<\/a><\/li>\n<\/ul>\n<p>ASOCIACIONES<\/p>\n<ul>\n<li><a href=\"https:\/\/bhba.org\/\" target=\"_blank\" rel=\"noopener\">Colegio de Abogados de Beverly Hills<\/a><\/li>\n<\/ul>\n<p>EDUCACI\u00d3N<\/p>\n<ul>\n<li><a href=\"https:\/\/www.ucla.edu\/\" target=\"_blank\" rel=\"noopener\">Universidad de California, Los \u00c1ngeles<\/a><\/li>\n<li><a href=\"https:\/\/www.swlaw.edu\/\" target=\"_blank\" rel=\"noopener\">Facultad de Derecho de la Universidad Southwestern<\/a><\/li>\n<\/ul>\n\n\t\t<\/div>\n\t<\/div>\n<\/div><\/div><\/div><\/div><\/div><div class=\"vc_row wpb_row cta-row dark1\"><div class=\"container\"><div class=\"wpb_column vc_column_container vc_col-sm-12\"><div class=\"vc_column-inner\"><div class=\"wpb_wrapper\">\n\t<div class=\"wpb_text_column wpb_content_element  mb0\" >\n\t\t<div class=\"wpb_wrapper\">\n\t\t\t<h3>\u00bfEs su VEH\u00cdCULO un \"lim\u00f3n\"? \u00a1Aver\u00edg\u00fcelo ahora!<\/h3>\n<!-- HFCM by 99 Robots - Snippet # 19: National &quot;See if You Qualify&quot; Button (EN+ES) -->\n<div data-tf-live=\"01JEEWYR1ZCXMY8M6WGKZTQK4Z\"><\/div><script src=\"\/\/embed.typeform.com\/next\/embed.js\"><\/script>\n<!-- \/end HFCM by 99 Robots -->\n\n\n\t\t<\/div>\n\t<\/div>\n<\/div><\/div><\/div><\/div><\/div><div class=\"vc_row wpb_row bottom-cta home-bottom-cta add-parallax vc_custom_1718042544393 vc_row-has-fill\"><div class=\"container\"><div class=\"wpb_column vc_column_container vc_col-sm-12\"><div class=\"vc_column-inner\"><div class=\"wpb_wrapper\">\n\t<div class=\"wpb_text_column wpb_content_element\" >\n\t\t<div class=\"wpb_wrapper\">\n\t\t\t<h2 style=\"text-align: center;\">CONTACTE HOY MISMO CON NUESTROS ABOGADOS ESPECIALIZADOS EN LA LEY LIM\u00d3N<\/h2>\n<p style=\"text-align: center;\">Si usted est\u00e1 enfrentando problemas con un veh\u00edculo de lim\u00f3n, la b\u00fasqueda de ayuda legal de abogados con experiencia especializados en la ley estatal y federal de lim\u00f3n es importante. Nuestro equipo de la ley del lim\u00f3n en Prestige Legal est\u00e1 aqu\u00ed para ayudarle a navegar el complejo proceso legal y asegurar que reciba la compensaci\u00f3n y la justicia que se merece. P\u00f3ngase en contacto con nosotros hoy para programar una consulta y discutir su caso con nuestros abogados expertos en la ley del lim\u00f3n.<\/p>\n\n\t\t<\/div>\n\t<\/div>\n\n\t<div class=\"wpb_raw_code wpb_raw_js\" >\n\t\t<div class=\"wpb_wrapper\">\n\t\t\t<script charset=\"utf-8\" type=\"text\/javascript\" src=\"\/\/js.hsforms.net\/forms\/embed\/v2.js\"><\/script>\n<script>\n  hbspt.forms.create({\n    region: \"na1\",\n    portalId: \"8932302\",\n    formId: \"0843527b-ee7b-48b5-ad10-2f7d3567927b\"\n  });\n<\/script>\n\t\t<\/div>\n\t<\/div>\n<\/div><\/div><\/div><\/div><\/div>\n<\/div>","protected":false},"excerpt":{"rendered":"Evaluaciones de casos gratuitas y sin honorarios hasta que ganemos Sanam Vaziri, Esq. Sanam Vaziri es una abogada asociada en Prestige Legal Solutions, P.C., donde se centra en representar a los consumidores de California en casos de la ley del lim\u00f3n. Con m\u00e1s de dos d\u00e9cadas de experiencia legal y empresarial, Sanam ofrece a los clientes una mente legal aguda y habilidades de negociaci\u00f3n asertivas .... <a class=\"more-link\" href=\"https:\/\/lemonlaws.com\/es\/attorneys\/sanam-vaziri-esq\/\">Seguir leyendo <span class=\"screen-reader-text\">Sanam Vaziri<\/span><\/a>","protected":false},"author":1,"featured_media":6816,"parent":2781,"menu_order":0,"comment_status":"closed","ping_status":"closed","template":"","meta":{"_acf_changed":false,"content-type":"","h5ap_radio_sources":[],"footnotes":""},"class_list":["post-6473","page","type-page","status-publish","has-post-thumbnail","entry"],"acf":[],"aioseo_notices":[],"_links":{"self":[{"href":"https:\/\/lemonlaws.com\/es\/wp-json\/wp\/v2\/pages\/6473","targetHints":{"allow":["GET"]}}],"collection":[{"href":"https:\/\/lemonlaws.com\/es\/wp-json\/wp\/v2\/pages"}],"about":[{"href":"https:\/\/lemonlaws.com\/es\/wp-json\/wp\/v2\/types\/page"}],"author":[{"embeddable":true,"href":"https:\/\/lemonlaws.com\/es\/wp-json\/wp\/v2\/users\/1"}],"replies":[{"embeddable":true,"href":"https:\/\/lemonlaws.com\/es\/wp-json\/wp\/v2\/comments?post=6473"}],"version-history":[{"count":0,"href":"https:\/\/lemonlaws.com\/es\/wp-json\/wp\/v2\/pages\/6473\/revisions"}],"up":[{"embeddable":true,"href":"https:\/\/lemonlaws.com\/es\/wp-json\/wp\/v2\/pages\/2781"}],"wp:featuredmedia":[{"embeddable":true,"href":"https:\/\/lemonlaws.com\/es\/wp-json\/wp\/v2\/media\/6816"}],"wp:attachment":[{"href":"https:\/\/lemonlaws.com\/es\/wp-json\/wp\/v2\/media?parent=6473"}],"curies":[{"name":"wp","href":"https:\/\/api.w.org\/{rel}","templated":true}]}}