{"id":4598,"date":"2024-11-08T09:36:46","date_gmt":"2024-11-08T17:36:46","guid":{"rendered":"https:\/\/lemonlaws2.vmgagencysites.com\/?page_id=4598"},"modified":"2025-12-29T12:37:22","modified_gmt":"2025-12-29T20:37:22","slug":"california-ley-limon","status":"publish","type":"page","link":"https:\/\/lemonlaws.com\/es\/california-lemon-law\/","title":{"rendered":"\u00c1reas de servicio"},"content":{"rendered":"<div class=\"wpb-content-wrapper\"><div class=\"vc_row wpb_row subpage-banner large vc_custom_1732738099634 vc_row-has-fill\"><div class=\"container\"><div class=\"wpb_column vc_column_container vc_col-sm-12\"><div class=\"vc_column-inner\"><div class=\"wpb_wrapper\">\n\t<div class=\"wpb_text_column wpb_content_element  mb0\" >\n\t\t<div class=\"wpb_wrapper\">\n\t\t\t<h1 style=\"text-align: center; margin-bottom: 15px;\">ENCUENTRE UN ABOGADO ESPECIALIZADO EN LA LEY DEL LIM\u00d3N CERCA DE USTED<\/h1>\n<p style=\"text-align: center; text-shadow: 2px 2px 10px #000000; color: white; font-size: 27px; letter-spacing: 1px; font-weight: 500;\"><strong>Por Prestige Legal Solutions<\/strong><\/p>\n\n\t\t<\/div>\n\t<\/div>\n<\/div><\/div><\/div><\/div><\/div><div class=\"vc_row wpb_row cta-row dark1\"><div class=\"container\"><div class=\"wpb_column vc_column_container vc_col-sm-12\"><div class=\"vc_column-inner\"><div class=\"wpb_wrapper\">\n\t<div class=\"wpb_text_column wpb_content_element  mb0\" >\n\t\t<div class=\"wpb_wrapper\">\n\t\t\t<h3>Evaluamos su caso gratis y sin honorarios<\/h3>\n<!-- HFCM by 99 Robots - Snippet # 17: CA &quot;See if You Qualify&quot; Button (EN+ES) -->\n<div data-tf-live=\"01JEEWYR1ZCXMY8M6WGKZTQK4Z\"><\/div><script src=\"\/\/embed.typeform.com\/next\/embed.js\"><\/script>\n<!-- \/end HFCM by 99 Robots -->\n\n\n\t\t<\/div>\n\t<\/div>\n<\/div><\/div><\/div><\/div><\/div><div class=\"vc_row wpb_row dark2 blurb-row vc_custom_1739990672226\"><div class=\"container\"><div class=\"wpb_column vc_column_container vc_col-sm-1\"><div class=\"vc_column-inner\"><div class=\"wpb_wrapper\"><\/div><\/div><\/div><div class=\"wpb_column vc_column_container vc_col-sm-10\"><div class=\"vc_column-inner\"><div class=\"wpb_wrapper\">\n\t<div class=\"wpb_text_column wpb_content_element  mb0\" >\n\t\t<div class=\"wpb_wrapper\">\n\t\t\t<h2 style=\"margin-bottom: 10px; text-align: center;\">Al servicio de los consumidores de toda California<\/h2>\n<hr class=\"line\" \/>\n<p style=\"text-align: center;\">En Lemon Laws by Prestige Legal Solutions, nuestra firma ayuda a los consumidores de California de veh\u00edculos defectuosos a proteger sus derechos y navegar por el proceso de reclamaci\u00f3n de la ley del lim\u00f3n para asegurar la compensaci\u00f3n. Nuestro equipo de abogados en todo el estado de California son expertos en leyes federales y estatales del lim\u00f3n. Si usted est\u00e1 lidiando con problemas de veh\u00edculos nuevos o usados y cree que compr\u00f3 un coche lim\u00f3n, p\u00f3ngase en contacto con nuestro equipo legal para una consulta gratuita.<\/p>\n<p style=\"text-align: center;\">Proteja sus derechos y obtenga la representaci\u00f3n legal que necesita, hoy mismo.<\/p>\n<p style=\"text-align: center;\"><a class=\"btn-bt default\" href=\"https:\/\/www.sacbee.com\/news\/politics-government\/capitol-alert\/article300067054.html\" target=\"_blank\" rel=\"nofollow noopener\">LEER M\u00c1S AQU\u00cd<\/a><\/p>\n\n\t\t<\/div>\n\t<\/div>\n<\/div><\/div><\/div><div class=\"wpb_column vc_column_container vc_col-sm-1\"><div class=\"vc_column-inner\"><div class=\"wpb_wrapper\"><\/div><\/div><\/div><\/div><\/div><div class=\"vc_row wpb_row blurb-row vc_custom_1749763601072\"><div class=\"container\"><div class=\"wpb_column vc_column_container vc_col-sm-12\"><div class=\"vc_column-inner\"><div class=\"wpb_wrapper\">\n\t<div class=\"wpb_text_column wpb_content_element  mb0\" >\n\t\t<div class=\"wpb_wrapper\">\n\t\t\t<h2 style=\"text-align: center;\">Encuentre hoy mismo un abogado especializado en limones.<\/h2>\n<hr class=\"line\" \/>\n<p style=\"text-align: center;\">Nuestros servicios se extienden por todo el estado de California - desde las principales ciudades como Los \u00c1ngeles y San Francisco, a los suburbios del Valle Central. Nuestro bufete de abogados de lim\u00f3n tiene una sede en Los \u00c1ngeles, CA y proporcionamos servicio localizado en todo el estado. Dondequiera que se encuentre en California, Lemon Laws by Prestige Legal Solutions est\u00e1 listo para ayudarlo.<\/p>\n\n\t\t<\/div>\n\t<\/div>\n<div class=\"vc_row wpb_row vc_inner vc_row-fluid home-buttons-inner\"><div class=\"wpb_column vc_column_container vc_col-sm-1\/5\"><div class=\"vc_column-inner\"><div class=\"wpb_wrapper\">\n\t<div class=\"wpb_text_column wpb_content_element  vc_custom_1756499497074 mb0-desktop los-angeles\" >\n\t\t<div class=\"wpb_wrapper\">\n\t\t\t<p style=\"text-align: center;\"><a class=\"btn-bt alternate\" title=\"Los Angeles Lemon Law Attorney\" href=\"https:\/\/lemonlaws.com\/es\/california-ley-limon\/abogado-de-la-ley-del-limon-de-los-angeles\/\">LOS \u00c1NGELES<\/a><\/p>\n\n\t\t<\/div>\n\t<\/div>\n<\/div><\/div><\/div><div class=\"wpb_column vc_column_container vc_col-sm-1\/5\"><div class=\"vc_column-inner\"><div class=\"wpb_wrapper\">\n\t<div class=\"wpb_text_column wpb_content_element  vc_custom_1756499505625 mb0 san-ber\" >\n\t\t<div class=\"wpb_wrapper\">\n\t\t\t<p style=\"text-align: center;\"><a class=\"btn-bt alternate\" title=\"Abogado de la Ley del Lim\u00f3n de Anaheim\" href=\"https:\/\/lemonlaws.com\/es\/california-ley-limon\/abogado-de-la-ley-del-limon-de-anaheim\/\">ANAHEIM<\/a><\/p>\n\n\t\t<\/div>\n\t<\/div>\n<\/div><\/div><\/div><div class=\"wpb_column vc_column_container vc_col-sm-1\/5\"><div class=\"vc_column-inner\"><div class=\"wpb_wrapper\">\n\t<div class=\"wpb_text_column wpb_content_element  vc_custom_1756499654199 mb0-desktop san-fran\" >\n\t\t<div class=\"wpb_wrapper\">\n\t\t\t<p style=\"text-align: center;\"><a class=\"btn-bt alternate\" title=\"Bakersfield Abogado de la Ley del Lim\u00f3n\" href=\"https:\/\/lemonlaws.com\/es\/california-ley-limon\/abogado-de-la-ley-del-limon-de-bakersfield\/\">BAKERSFIELD<\/a><\/p>\n\n\t\t<\/div>\n\t<\/div>\n<\/div><\/div><\/div><div class=\"wpb_column vc_column_container vc_col-sm-1\/5\"><div class=\"vc_column-inner\"><div class=\"wpb_wrapper\">\n\t<div class=\"wpb_text_column wpb_content_element  vc_custom_1756499704055 mb0-desktop san-jose\" >\n\t\t<div class=\"wpb_wrapper\">\n\t\t\t<p style=\"text-align: center;\"><a class=\"btn-bt alternate\" title=\"Beverly Hills Abogado de la Ley del Lim\u00f3n\" href=\"https:\/\/lemonlaws.com\/es\/california-ley-limon\/beverly-hills-abogado-de-la-ley-de-limon\/\">BEVERLY HILLS<\/a><\/p>\n\n\t\t<\/div>\n\t<\/div>\n<\/div><\/div><\/div><div class=\"wpb_column vc_column_container vc_col-sm-1\/5\"><div class=\"vc_column-inner\"><div class=\"wpb_wrapper\">\n\t<div class=\"wpb_text_column wpb_content_element  vc_custom_1756499714034 mb0-desktop irvine\" >\n\t\t<div class=\"wpb_wrapper\">\n\t\t\t<p style=\"text-align: center;\"><a class=\"btn-bt alternate\" title=\"Abogado de la Ley del Lim\u00f3n de Irvine\" href=\"https:\/\/lemonlaws.com\/es\/california-ley-limon\/abogado-de-la-ley-del-limon-de-irvine\/\">IRVINE<\/a><\/p>\n\n\t\t<\/div>\n\t<\/div>\n<\/div><\/div><\/div><\/div><div class=\"vc_row wpb_row vc_inner vc_row-fluid home-buttons-inner\"><div class=\"wpb_column vc_column_container vc_col-sm-1\/5\"><div class=\"vc_column-inner\"><div class=\"wpb_wrapper\">\n\t<div class=\"wpb_text_column wpb_content_element  vc_custom_1756499522657 mb0-desktop orange-county\" >\n\t\t<div class=\"wpb_wrapper\">\n\t\t\t<p style=\"text-align: center;\"><a class=\"btn-bt alternate\" title=\"Abogado de la Ley Lim\u00f3n del Condado de Orange\" href=\"https:\/\/lemonlaws.com\/es\/california-ley-limon\/abogado-de-la-ley-del-limon-del-condado-de-orange\/\">CONDADO DE ORANGE<\/a><\/p>\n\n\t\t<\/div>\n\t<\/div>\n<\/div><\/div><\/div><div class=\"wpb_column vc_column_container vc_col-sm-1\/5\"><div class=\"vc_column-inner\"><div class=\"wpb_wrapper\">\n\t<div class=\"wpb_text_column wpb_content_element  vc_custom_1756499513681 mb0-desktop san-diego\" >\n\t\t<div class=\"wpb_wrapper\">\n\t\t\t<p style=\"text-align: center;\"><a class=\"btn-bt alternate\" title=\"Abogado de la Ley del Lim\u00f3n de Pasadena\" href=\"https:\/\/lemonlaws.com\/es\/california-ley-limon\/pasadena-abogado-de-la-ley-del-limon\/\">PASADENA<\/a><\/p>\n\n\t\t<\/div>\n\t<\/div>\n<\/div><\/div><\/div><div class=\"wpb_column vc_column_container vc_col-sm-1\/5\"><div class=\"vc_column-inner\"><div class=\"wpb_wrapper\">\n\t<div class=\"wpb_text_column wpb_content_element  vc_custom_1756499674603 mb0-desktop sacra\" >\n\t\t<div class=\"wpb_wrapper\">\n\t\t\t<p style=\"text-align: center;\"><a class=\"btn-bt alternate\" title=\"Abogado de la Ley del Lim\u00f3n en Riverside\" href=\"https:\/\/lemonlaws.com\/es\/california-ley-limon\/riverside-abogado-de-la-ley-de-limon\/\">RIVERSIDE<\/a><\/p>\n\n\t\t<\/div>\n\t<\/div>\n<\/div><\/div><\/div><div class=\"wpb_column vc_column_container vc_col-sm-1\/5\"><div class=\"vc_column-inner\"><div class=\"wpb_wrapper\">\n\t<div class=\"wpb_text_column wpb_content_element  vc_custom_1756499664742 mb0 san-ber\" >\n\t\t<div class=\"wpb_wrapper\">\n\t\t\t<p style=\"text-align: center;\"><a class=\"btn-bt alternate\" title=\"Sacramento Abogado de la Ley Lim\u00f3n\" href=\"https:\/\/lemonlaws.com\/es\/california-ley-limon\/abogado-de-la-ley-del-limon-de-sacramento\/\">SACRAMENTO<\/a><\/p>\n\n\t\t<\/div>\n\t<\/div>\n<\/div><\/div><\/div><div class=\"wpb_column vc_column_container vc_col-sm-1\/5\"><div class=\"vc_column-inner\"><div class=\"wpb_wrapper\">\n\t<div class=\"wpb_text_column wpb_content_element  vc_custom_1756499737115 mb0-desktop san-fran\" >\n\t\t<div class=\"wpb_wrapper\">\n\t\t\t<p style=\"text-align: center;\"><a class=\"btn-bt alternate\" title=\"San Bernardino Abogado de la Ley del Lim\u00f3n\" href=\"https:\/\/lemonlaws.com\/es\/california-ley-limon\/abogado-de-la-ley-del-limon-de-san-bernardino\/\">SAN BERNARDINO<\/a><\/p>\n\n\t\t<\/div>\n\t<\/div>\n<\/div><\/div><\/div><\/div><div class=\"vc_row wpb_row vc_inner vc_row-fluid home-buttons-inner\"><div class=\"wpb_column vc_column_container vc_col-sm-1\/5\"><div class=\"vc_column-inner\"><div class=\"wpb_wrapper\">\n\t<div class=\"wpb_text_column wpb_content_element  vc_custom_1756499617452 mb0-desktop orange-county\" >\n\t\t<div class=\"wpb_wrapper\">\n\t\t\t<p style=\"text-align: center;\"><a class=\"btn-bt alternate\" title=\"San Diego Ley Lim\u00f3n Abogado\" href=\"https:\/\/lemonlaws.com\/es\/california-ley-limon\/abogado-de-la-ley-del-limon-de-san-diego\/\">SAN DIEGO<\/a><\/p>\n\n\t\t<\/div>\n\t<\/div>\n<\/div><\/div><\/div><div class=\"wpb_column vc_column_container vc_col-sm-1\/5\"><div class=\"vc_column-inner\"><div class=\"wpb_wrapper\">\n\t<div class=\"wpb_text_column wpb_content_element  vc_custom_1756499630580 mb0-desktop san-fran\" >\n\t\t<div class=\"wpb_wrapper\">\n\t\t\t<p style=\"text-align: center;\"><a class=\"btn-bt alternate\" title=\"Abogado de la Ley Lim\u00f3n de San Francisco\" href=\"https:\/\/lemonlaws.com\/es\/california-ley-limon\/abogado-de-la-ley-del-limon-de-san-francisco\/\">SAN FRANCISCO<\/a><\/p>\n\n\t\t<\/div>\n\t<\/div>\n<\/div><\/div><\/div><div class=\"wpb_column vc_column_container vc_col-sm-1\/5\"><div class=\"vc_column-inner\"><div class=\"wpb_wrapper\">\n\t<div class=\"wpb_text_column wpb_content_element  vc_custom_1756499684701 mb0-desktop san-jose\" >\n\t\t<div class=\"wpb_wrapper\">\n\t\t\t<p style=\"text-align: center;\"><a class=\"btn-bt alternate\" title=\"San Jose Abogado de la Ley del Lim\u00f3n\" href=\"https:\/\/lemonlaws.com\/es\/california-ley-limon\/abogado-de-la-ley-del-limon-de-san-jose\/\">SAN JOS\u00c9<\/a><\/p>\n\n\t\t<\/div>\n\t<\/div>\n<\/div><\/div><\/div><div class=\"wpb_column vc_column_container vc_col-sm-1\/5\"><div class=\"vc_column-inner\"><div class=\"wpb_wrapper\">\n\t<div class=\"wpb_text_column wpb_content_element  vc_custom_1756499693919 mb0-desktop irvine\" >\n\t\t<div class=\"wpb_wrapper\">\n\t\t\t<p style=\"text-align: center;\"><a class=\"btn-bt alternate\" title=\"Abogado de la Ley del Lim\u00f3n de Santa Ana\" href=\"https:\/\/lemonlaws.com\/es\/california-ley-limon\/santa-ana-abogado-de-la-ley-del-limon\/\">SANTA ANA<\/a><\/p>\n\n\t\t<\/div>\n\t<\/div>\n<\/div><\/div><\/div><div class=\"wpb_column vc_column_container vc_col-sm-1\/5\"><div class=\"vc_column-inner\"><div class=\"wpb_wrapper\">\n\t<div class=\"wpb_text_column wpb_content_element  vc_custom_1756499746122 mb0 san-ber\" >\n\t\t<div class=\"wpb_wrapper\">\n\t\t\t<p style=\"text-align: center;\"><a class=\"btn-bt alternate\" title=\"Santa Monica Abogado de la Ley del Lim\u00f3n\" href=\"https:\/\/lemonlaws.com\/es\/california-ley-limon\/santa-monica-abogado-de-la-ley-del-limon\/\">SANTA MONICA<\/a><\/p>\n\n\t\t<\/div>\n\t<\/div>\n<\/div><\/div><\/div><\/div><\/div><\/div><\/div><\/div><\/div><div class=\"vc_row wpb_row fifty-fifty image-left dark1 flip-mobile\"><div class=\"container\"><div class=\"get-a-free wpb_column vc_column_container vc_col-sm-6 vc_col-has-fill\"><div class=\"vc_column-inner vc_custom_1767040637316\"><div class=\"wpb_wrapper\"><\/div><\/div><\/div><div class=\"wpb_column vc_column_container vc_col-sm-6\"><div class=\"vc_column-inner\"><div class=\"wpb_wrapper\">\n\t<div class=\"wpb_text_column wpb_content_element  mb0\" >\n\t\t<div class=\"wpb_wrapper\">\n\t\t\t<h2>Obtenga una Revisi\u00f3n de Caso GRATIS de los MEJORES Abogados de la Ley del Lim\u00f3n de California<\/h2>\n<p><a href=\"https:\/\/lemonlaws.com\/es\/abogados\/michelle-yang\/\">Michelle Yang<\/a> es la socia directora de Lemon Laws by Prestige Legal Solutions. Dirige un <a href=\"https:\/\/lemonlaws.com\/es\/abogados\/\">equipo de abogados especializados en la ley del lim\u00f3n y expertos en reclamaciones<\/a> que se comprometen a luchar por tus derechos en el Capitolio, <a href=\"https:\/\/www.sacbee.com\/news\/politics-government\/capitol-alert\/article300067054.html\" target=\"_blank\" rel=\"noopener\">en contra del SB 26<\/a>un proyecto de ley peligroso que podr\u00eda debilitar las protecciones de la ley del lim\u00f3n de California.<\/p>\n<p>Si usted sospecha que su veh\u00edculo es un lim\u00f3n, no espere - es importante tomar medidas tan pronto como sea posible. Nuestro equipo de abogados expertos en la ley del lim\u00f3n de California est\u00e1 preparado para evaluar su caso y proporcionar informaci\u00f3n clara sobre sus opciones legales.<\/p>\n<p>&nbsp;<\/p>\n<p style=\"text-align: left;\"><strong><a class=\"btn-bt default2\" href=\"https:\/\/lemonlaws.com\/es\/pongase-en-contacto-con\/\">P\u00d3NGASE EN CONTACTO CON NOSOTROS<\/a><\/strong><\/p>\n\n\t\t<\/div>\n\t<\/div>\n<\/div><\/div><\/div><\/div><\/div><div class=\"vc_row wpb_row blurb-row vc_custom_1727725015377\"><div class=\"container\"><div class=\"wpb_column vc_column_container vc_col-sm-12\"><div class=\"vc_column-inner\"><div class=\"wpb_wrapper\">\n\t<div class=\"wpb_text_column wpb_content_element  mb0\" >\n\t\t<div class=\"wpb_wrapper\">\n\t\t\t<h2 style=\"text-align: center;\">\u00a1Obtenga la justicia que merece para su coche lim\u00f3n!<\/h2>\n<hr class=\"line\" \/>\n<p style=\"text-align: center;\">\u00bfEst\u00e1 cansado de lidiar con un coche lim\u00f3n en California? En Prestige Legal Solutions, hemos ayudado a innumerables clientes como usted a recuperar millones de d\u00f3lares en compensaci\u00f3n por sus veh\u00edculos defectuosos. Nuestro equipo de abogados experimentados en la ley del lim\u00f3n de California se dedica a proteger sus derechos como consumidor y a garantizar que obtenga la justicia que se merece.<\/p>\n<p style=\"text-align: center;\">Nuestro experimentado equipo de abogados ha construido una reputaci\u00f3n como el principal bufete de abogados de lim\u00f3n del estado. Entendemos las frustraciones y las cargas financieras que vienen con ser due\u00f1o de un veh\u00edculo defectuoso, y estamos aqu\u00ed para ayudar.<\/p>\n<p style=\"text-align: center;\"><a class=\"btn-bt alternate\" title=\"acerca de nuestro bufete de abogados\" href=\"https:\/\/lemonlaws.com\/es\/acerca-de\/\">ACERCA DE NUESTRA EMPRESA<\/a><\/p>\n\n\t\t<\/div>\n\t<\/div>\n<\/div><\/div><\/div><\/div><\/div><div id=\"3\" class=\"vc_row wpb_row fifty-fifty image-left dark1 flip-mobile\"><div class=\"container\"><div class=\"why-hire-column wpb_column vc_column_container vc_col-sm-6 vc_col-has-fill\"><div class=\"vc_column-inner vc_custom_1738637725940\"><div class=\"wpb_wrapper\">\n\t<div class=\"wpb_text_column wpb_content_element\" >\n\t\t<div class=\"wpb_wrapper\">\n\t\t\t<p><img decoding=\"async\" class=\"aligncenter wp-image-7223 size-full\" src=\"https:\/\/lemonlaws.com\/wp-content\/uploads\/2025\/08\/PLS_Group_web_2.1.2.png\" alt=\"\" width=\"960\" height=\"740\" srcset=\"https:\/\/lemonlaws.com\/wp-content\/uploads\/2025\/08\/PLS_Group_web_2.1.2.png 960w, https:\/\/lemonlaws.com\/wp-content\/uploads\/2025\/08\/PLS_Group_web_2.1.2-300x231.png 300w, https:\/\/lemonlaws.com\/wp-content\/uploads\/2025\/08\/PLS_Group_web_2.1.2-768x592.png 768w, https:\/\/lemonlaws.com\/wp-content\/uploads\/2025\/08\/PLS_Group_web_2.1.2-16x12.png 16w\" sizes=\"(max-width: 960px) 100vw, 960px\" \/><\/p>\n\n\t\t<\/div>\n\t<\/div>\n<\/div><\/div><\/div><div class=\"wpb_column vc_column_container vc_col-sm-6\"><div class=\"vc_column-inner\"><div class=\"wpb_wrapper\">\n\t<div class=\"wpb_text_column wpb_content_element  mb0\" >\n\t\t<div class=\"wpb_wrapper\">\n\t\t\t<h2>\u00bfPor qu\u00e9 contratar a un abogado de la Ley del Lim\u00f3n de California?<\/h2>\n<hr class=\"line fs-line\" \/>\n<p>Elegir las Leyes del Lim\u00f3n de Prestige Legal Solutions significa optar por una firma con un profundo conocimiento de las leyes del lim\u00f3n de California, un historial de reclamaciones exitosas, y un compromiso para asegurar el mejor resultado posible para usted. Nuestra experiencia y dedicaci\u00f3n son sus ventajas en la navegaci\u00f3n de la a menudo desafiante <a href=\"https:\/\/lemonlaws.com\/es\/faq-preguntas\/proceso-de-reclamacion-de-la-ley-del-limon\/\">proceso de reclamaci\u00f3n de la ley del lim\u00f3n<\/a>.<\/p>\n<p>Con nosotros, tendr\u00e1 acceso a abogados familiarizados con los matices de las normativas espec\u00edficas de cada estado y expertos en negociar con <a href=\"https:\/\/lemonlaws.com\/es\/fabricantes\/\">fabricantes<\/a> y concesionarios. Nos esforzamos por hacer que el proceso sea lo m\u00e1s fluido y libre de estr\u00e9s posible, permiti\u00e9ndole centrarse en lo que m\u00e1s importa en su vida.<\/p>\n\n\t\t<\/div>\n\t<\/div>\n<\/div><\/div><\/div><\/div><\/div><div id=\"9\" class=\"vc_row wpb_row bottom-cta home-bottom-cta add-parallax vc_custom_1727719079278 vc_row-has-fill\"><div class=\"container\"><div class=\"wpb_column vc_column_container vc_col-sm-12\"><div class=\"vc_column-inner\"><div class=\"wpb_wrapper\">\n\t<div class=\"wpb_text_column wpb_content_element\" >\n\t\t<div class=\"wpb_wrapper\">\n\t\t\t<h2 style=\"text-align: center;\">CONTACTE CON LOS MEJORES ABOGADOS DE LA LEY DEL LIM\u00d3N EN CALIFORNIA<\/h2>\n<p style=\"text-align: center;\">\u00bfEst\u00e1 listo para resolver su caso de la ley del lim\u00f3n? Como los mejores abogados de la ley del lim\u00f3n en California, el equipo de Prestige Legal Solutions se dedica a asegurar la justicia y la compensaci\u00f3n que usted merece. Perm\u00edtanos quitarle la carga de sus hombros con nuestros servicios legales expertos, ayud\u00e1ndole a navegar por las complejidades de la ley del lim\u00f3n de California, proteger sus derechos como consumidor y responsabilizar a los fabricantes de autom\u00f3viles. Ll\u00e1menos hoy al\u00a0<a href=\"tel:+18446612669\">(844) 661-2669<\/a>\u00a0para una consulta gratuita y ver si re\u00fane los requisitos para recibir ayuda.<\/p>\n\n\t\t<\/div>\n\t<\/div>\n\n\t<div class=\"wpb_raw_code wpb_raw_js\" >\n\t\t<div class=\"wpb_wrapper\">\n\t\t\t<script charset=\"utf-8\" type=\"text\/javascript\" src=\"\/\/js.hsforms.net\/forms\/embed\/v2.js\"><\/script>\n<script>\n  hbspt.forms.create({\n    region: \"na1\",\n    portalId: \"8932302\",\n    formId: \"0843527b-ee7b-48b5-ad10-2f7d3567927b\"\n  });\n<\/script>\n\t\t<\/div>\n\t<\/div>\n<\/div><\/div><\/div><\/div><\/div>\n<\/div>","protected":false},"excerpt":{"rendered":"ENCUENTRE UN ABOGADO CALIFORNIANO DE LEYES DEL LIM\u00d3N CERCA DE USTED Por Prestige Legal Solutions Evaluaciones gratuitas de casos y sin honorarios hasta que ganemos Sirviendo a consumidores en todo California En Lemon Laws by Prestige Legal Solutions, nuestra firma ayuda a los consumidores de California de veh\u00edculos defectuosos a proteger sus derechos y navegar por el proceso de reclamaci\u00f3n de la ley del lim\u00f3n para asegurar la compensaci\u00f3n. Nuestro equipo... <a class=\"more-link\" href=\"https:\/\/lemonlaws.com\/es\/california-lemon-law\/\">Seguir leyendo <span class=\"screen-reader-text\">\u00c1reas de servicio<\/span><\/a>","protected":false},"author":1,"featured_media":4867,"parent":0,"menu_order":0,"comment_status":"closed","ping_status":"closed","template":"","meta":{"_acf_changed":false,"content-type":"","h5ap_radio_sources":[],"footnotes":""},"class_list":["post-4598","page","type-page","status-publish","has-post-thumbnail","entry"],"acf":[],"aioseo_notices":[],"_links":{"self":[{"href":"https:\/\/lemonlaws.com\/es\/wp-json\/wp\/v2\/pages\/4598","targetHints":{"allow":["GET"]}}],"collection":[{"href":"https:\/\/lemonlaws.com\/es\/wp-json\/wp\/v2\/pages"}],"about":[{"href":"https:\/\/lemonlaws.com\/es\/wp-json\/wp\/v2\/types\/page"}],"author":[{"embeddable":true,"href":"https:\/\/lemonlaws.com\/es\/wp-json\/wp\/v2\/users\/1"}],"replies":[{"embeddable":true,"href":"https:\/\/lemonlaws.com\/es\/wp-json\/wp\/v2\/comments?post=4598"}],"version-history":[{"count":0,"href":"https:\/\/lemonlaws.com\/es\/wp-json\/wp\/v2\/pages\/4598\/revisions"}],"wp:featuredmedia":[{"embeddable":true,"href":"https:\/\/lemonlaws.com\/es\/wp-json\/wp\/v2\/media\/4867"}],"wp:attachment":[{"href":"https:\/\/lemonlaws.com\/es\/wp-json\/wp\/v2\/media?parent=4598"}],"curies":[{"name":"wp","href":"https:\/\/api.w.org\/{rel}","templated":true}]}}