{"id":4425,"date":"2024-10-21T17:00:06","date_gmt":"2024-10-22T00:00:06","guid":{"rendered":"https:\/\/lemonlaws2.vmgagencysites.com\/?page_id=4425"},"modified":"2025-12-29T10:22:49","modified_gmt":"2025-12-29T18:22:49","slug":"david-derderian","status":"publish","type":"page","link":"https:\/\/lemonlaws.com\/es\/attorneys\/david-derderian\/","title":{"rendered":"David Derderian"},"content":{"rendered":"<div class=\"wpb-content-wrapper\"><div class=\"vc_row wpb_row cta-row dark1\"><div class=\"container\"><div class=\"wpb_column vc_column_container vc_col-sm-12\"><div class=\"vc_column-inner\"><div class=\"wpb_wrapper\">\n\t<div class=\"wpb_text_column wpb_content_element  mb0\" >\n\t\t<div class=\"wpb_wrapper\">\n\t\t\t<h3>Evaluamos su caso gratis y sin honorarios<\/h3>\n<!-- HFCM by 99 Robots - Snippet # 19: National &quot;See if You Qualify&quot; Button (EN+ES) -->\n<div data-tf-live=\"01JEEWYR1ZCXMY8M6WGKZTQK4Z\"><\/div><script src=\"\/\/embed.typeform.com\/next\/embed.js\"><\/script>\n<!-- \/end HFCM by 99 Robots -->\n\n\n\t\t<\/div>\n\t<\/div>\n<\/div><\/div><\/div><\/div><\/div><div class=\"vc_row wpb_row fifty-fifty image-left light11 individual-lawyer\"><div class=\"container\"><div class=\"yang-column wpb_column vc_column_container vc_col-sm-6\"><div class=\"vc_column-inner\"><div class=\"wpb_wrapper\">\n\t<div class=\"wpb_text_column wpb_content_element  mb0\" >\n\t\t<div class=\"wpb_wrapper\">\n\t\t\t<p><img decoding=\"async\" class=\"aligncenter size-full wp-image-6814\" src=\"https:\/\/lemonlaws.com\/wp-content\/uploads\/2025\/06\/DavidDerderian_HS_14-e1750099714159.jpg\" alt=\"\" width=\"1920\" height=\"1920\" srcset=\"https:\/\/lemonlaws.com\/wp-content\/uploads\/2025\/06\/DavidDerderian_HS_14-e1750099714159.jpg 1920w, https:\/\/lemonlaws.com\/wp-content\/uploads\/2025\/06\/DavidDerderian_HS_14-e1750099714159-300x300.jpg 300w, https:\/\/lemonlaws.com\/wp-content\/uploads\/2025\/06\/DavidDerderian_HS_14-e1750099714159-1024x1024.jpg 1024w, https:\/\/lemonlaws.com\/wp-content\/uploads\/2025\/06\/DavidDerderian_HS_14-e1750099714159-150x150.jpg 150w, https:\/\/lemonlaws.com\/wp-content\/uploads\/2025\/06\/DavidDerderian_HS_14-e1750099714159-768x768.jpg 768w, https:\/\/lemonlaws.com\/wp-content\/uploads\/2025\/06\/DavidDerderian_HS_14-e1750099714159-1536x1536.jpg 1536w, https:\/\/lemonlaws.com\/wp-content\/uploads\/2025\/06\/DavidDerderian_HS_14-e1750099714159-12x12.jpg 12w, https:\/\/lemonlaws.com\/wp-content\/uploads\/2025\/06\/DavidDerderian_HS_14-e1750099714159-75x75.jpg 75w, https:\/\/lemonlaws.com\/wp-content\/uploads\/2025\/06\/DavidDerderian_HS_14-e1750099714159-1568x1568.jpg 1568w, https:\/\/lemonlaws.com\/wp-content\/uploads\/2025\/06\/DavidDerderian_HS_14-e1750099714159-400x400.jpg 400w, https:\/\/lemonlaws.com\/wp-content\/uploads\/2025\/06\/DavidDerderian_HS_14-e1750099714159-600x600.jpg 600w\" sizes=\"(max-width: 1920px) 100vw, 1920px\" \/><\/p>\n\n\t\t<\/div>\n\t<\/div>\n<\/div><\/div><\/div><div class=\"wpb_column vc_column_container vc_col-sm-6\"><div class=\"vc_column-inner\"><div class=\"wpb_wrapper\">\n\t<div class=\"wpb_text_column wpb_content_element  mb0\" >\n\t\t<div class=\"wpb_wrapper\">\n\t\t\t<h4 style=\"text-align: left;\">David Derderian, Esq.<\/h4>\n<hr class=\"line fw-line\" \/>\n<p>David Derderian es un abogado asociado en Prestige Legal Solutions, P.C., especializado en litigios de consumo, con un enfoque en la representaci\u00f3n de clientes bajo la Ley Song-Beverly de Garant\u00eda al Consumidor. David tiene una amplia experiencia litigando casos en los tribunales, aprovechando su profundo conocimiento de las leyes de protecci\u00f3n al consumidor para defender los derechos de los individuos frente a las grandes corporaciones. La experiencia de David en juicios le ha llevado a adoptar un enfoque estrat\u00e9gico en los litigios y a prestar una meticulosa atenci\u00f3n a los detalles, lo que se ha traducido en resultados favorables para sus clientes.<\/p>\n<p>David se doctor\u00f3 en Derecho <a href=\"https:\/\/www.swlaw.edu\/\" target=\"_blank\" rel=\"noopener\">Facultad de Derecho Southwestern<\/a> y su licenciatura en Filosof\u00eda y Letras por la <a href=\"https:\/\/www.ucla.edu\/\">Universidad de California, Los \u00c1ngeles<\/a>. Est\u00e1 habilitado para ejercer en California y ante todos los Tribunales de Distrito de EE.UU. del Estado, incluidos los Distritos Central, Sur, Norte y Este de California.<\/p>\n<p>ADMISIONES<\/p>\n<ul>\n<li><a title=\"null\" href=\"https:\/\/apps.calbar.ca.gov\/attorney\/Licensee\/Detail\/349787\" target=\"_blank\" rel=\"noopener noreferrer\">Colegio de Abogados del Estado de California #349787<\/a><\/li>\n<li><a title=\"null\" href=\"https:\/\/www.cacd.uscourts.gov\/\" target=\"_blank\" rel=\"noopener noreferrer\">Tribunal de Distrito de EE.UU., Distrito Central de California<\/a><\/li>\n<li><a title=\"null\" href=\"https:\/\/www.casd.uscourts.gov\/\" target=\"_blank\" rel=\"noopener noreferrer\">Tribunal de Distrito de EE.UU., Distrito Sur de California<\/a><\/li>\n<li><a title=\"null\" href=\"https:\/\/cand.uscourts.gov\/\" target=\"_blank\" rel=\"noopener noreferrer\">Tribunal de Distrito de EE.UU., Distrito Norte de California<\/a><\/li>\n<li><a title=\"null\" href=\"https:\/\/www.caed.uscourts.gov\/caednew\/\" target=\"_blank\" rel=\"noopener noreferrer\">Tribunal de Distrito de EE.UU., Distrito Este de California<\/a><\/li>\n<\/ul>\n<p>EDUCACI\u00d3N<\/p>\n<ul>\n<li><a href=\"https:\/\/www.ucla.edu\/\">Universidad de California, Los \u00c1ngeles<\/a><\/li>\n<li><a href=\"https:\/\/www.swlaw.edu\/\" target=\"_blank\" rel=\"noopener\">Facultad de Derecho Southwestern<\/a><\/li>\n<\/ul>\n\n\t\t<\/div>\n\t<\/div>\n<\/div><\/div><\/div><\/div><\/div><div class=\"vc_row wpb_row cta-row dark1\"><div class=\"container\"><div class=\"wpb_column vc_column_container vc_col-sm-12\"><div class=\"vc_column-inner\"><div class=\"wpb_wrapper\">\n\t<div class=\"wpb_text_column wpb_content_element  mb0\" >\n\t\t<div class=\"wpb_wrapper\">\n\t\t\t<h3>\u00bfEs su VEH\u00cdCULO un \"lim\u00f3n\"? \u00a1Aver\u00edg\u00fcelo ahora!<\/h3>\n<!-- HFCM by 99 Robots - Snippet # 19: National &quot;See if You Qualify&quot; Button (EN+ES) -->\n<div data-tf-live=\"01JEEWYR1ZCXMY8M6WGKZTQK4Z\"><\/div><script src=\"\/\/embed.typeform.com\/next\/embed.js\"><\/script>\n<!-- \/end HFCM by 99 Robots -->\n\n\n\t\t<\/div>\n\t<\/div>\n<\/div><\/div><\/div><\/div><\/div><div class=\"vc_row wpb_row bottom-cta home-bottom-cta add-parallax vc_custom_1718042544393 vc_row-has-fill\"><div class=\"container\"><div class=\"wpb_column vc_column_container vc_col-sm-12\"><div class=\"vc_column-inner\"><div class=\"wpb_wrapper\">\n\t<div class=\"wpb_text_column wpb_content_element\" >\n\t\t<div class=\"wpb_wrapper\">\n\t\t\t<h2 style=\"text-align: center;\">CONTACTE HOY MISMO CON NUESTROS ABOGADOS ESPECIALIZADOS EN LA LEY LIM\u00d3N<\/h2>\n<p style=\"text-align: center;\">Si usted est\u00e1 enfrentando problemas con un veh\u00edculo de lim\u00f3n, la b\u00fasqueda de ayuda legal de abogados con experiencia especializados en la ley estatal y federal de lim\u00f3n es importante. Nuestro equipo de la ley del lim\u00f3n en Prestige Legal est\u00e1 aqu\u00ed para ayudarle a navegar el complejo proceso legal y asegurar que reciba la compensaci\u00f3n y la justicia que se merece. P\u00f3ngase en contacto con nosotros hoy para programar una consulta y discutir su caso con nuestros abogados expertos en la ley del lim\u00f3n.<\/p>\n\n\t\t<\/div>\n\t<\/div>\n\n\t<div class=\"wpb_raw_code wpb_raw_js\" >\n\t\t<div class=\"wpb_wrapper\">\n\t\t\t<script charset=\"utf-8\" type=\"text\/javascript\" src=\"\/\/js.hsforms.net\/forms\/embed\/v2.js\"><\/script>\n<script>\n  hbspt.forms.create({\n    region: \"na1\",\n    portalId: \"8932302\",\n    formId: \"0843527b-ee7b-48b5-ad10-2f7d3567927b\"\n  });\n<\/script>\n\t\t<\/div>\n\t<\/div>\n<\/div><\/div><\/div><\/div><\/div>\n<\/div>","protected":false},"excerpt":{"rendered":"Evaluaciones de casos gratuitas y sin honorarios hasta que ganemos David Derderian, Esq. David Derderian es un abogado asociado en Prestige Legal Solutions, P.C., especializado en litigios de consumo, con un enfoque en la representaci\u00f3n de clientes bajo la Ley Song-Beverly de Garant\u00eda al Consumidor. David tiene una amplia experiencia litigando casos en los tribunales, aprovechando su profundo conocimiento de las leyes de protecci\u00f3n al consumidor... <a class=\"more-link\" href=\"https:\/\/lemonlaws.com\/es\/attorneys\/david-derderian\/\">Seguir leyendo <span class=\"screen-reader-text\">David Derderian<\/span><\/a>","protected":false},"author":1,"featured_media":6814,"parent":2781,"menu_order":0,"comment_status":"closed","ping_status":"closed","template":"","meta":{"_acf_changed":false,"content-type":"","h5ap_radio_sources":[],"footnotes":""},"class_list":["post-4425","page","type-page","status-publish","has-post-thumbnail","entry"],"acf":[],"aioseo_notices":[],"_links":{"self":[{"href":"https:\/\/lemonlaws.com\/es\/wp-json\/wp\/v2\/pages\/4425","targetHints":{"allow":["GET"]}}],"collection":[{"href":"https:\/\/lemonlaws.com\/es\/wp-json\/wp\/v2\/pages"}],"about":[{"href":"https:\/\/lemonlaws.com\/es\/wp-json\/wp\/v2\/types\/page"}],"author":[{"embeddable":true,"href":"https:\/\/lemonlaws.com\/es\/wp-json\/wp\/v2\/users\/1"}],"replies":[{"embeddable":true,"href":"https:\/\/lemonlaws.com\/es\/wp-json\/wp\/v2\/comments?post=4425"}],"version-history":[{"count":0,"href":"https:\/\/lemonlaws.com\/es\/wp-json\/wp\/v2\/pages\/4425\/revisions"}],"up":[{"embeddable":true,"href":"https:\/\/lemonlaws.com\/es\/wp-json\/wp\/v2\/pages\/2781"}],"wp:featuredmedia":[{"embeddable":true,"href":"https:\/\/lemonlaws.com\/es\/wp-json\/wp\/v2\/media\/6814"}],"wp:attachment":[{"href":"https:\/\/lemonlaws.com\/es\/wp-json\/wp\/v2\/media?parent=4425"}],"curies":[{"name":"wp","href":"https:\/\/api.w.org\/{rel}","templated":true}]}}