{"id":3973,"date":"2024-08-30T08:40:16","date_gmt":"2024-08-30T15:40:16","guid":{"rendered":"https:\/\/lemonlaws2.vmgagencysites.com\/?page_id=3973"},"modified":"2024-08-30T08:44:45","modified_gmt":"2024-08-30T15:44:45","slug":"mapa-del-sitio","status":"publish","type":"page","link":"https:\/\/lemonlaws.com\/es\/sitemap\/","title":{"rendered":"Mapa del sitio"},"content":{"rendered":"<div class=\"wpb-content-wrapper\"><div class=\"vc_row wpb_row\"><div class=\"container\"><div class=\"wpb_column vc_column_container vc_col-sm-3\"><div class=\"vc_column-inner\"><div class=\"wpb_wrapper\"><\/div><\/div><\/div><div class=\"wpb_column vc_column_container vc_col-sm-9\"><div class=\"vc_column-inner\"><div class=\"wpb_wrapper\">\n\t<div class=\"wpb_text_column wpb_content_element\" >\n\t\t<div class=\"wpb_wrapper\">\n\t\t\t<div class=\"aioseo-html-sitemap\"><style>.aioseo-html-sitemap.labels-hidden ul { margin: 0; }<\/style><div class=\"aioseo-html-post-sitemap\"><h4>Entradas<\/h4><ul><li><a href=\"https:\/\/lemonlaws.com\/es\/blog\/magnuson-moss-warranty-act-federal-lemon-law\/\" >Ley de Garant\u00eda Magnuson Moss y Ley Federal del Lim\u00f3n<\/a><\/li><li><a href=\"https:\/\/lemonlaws.com\/es\/blog\/leased-car-lemon-law\/\" >California Leased Car Lemon Law: \u00bfEst\u00e1 usted arrendando un lim\u00f3n?<\/a><\/li><li><a href=\"https:\/\/lemonlaws.com\/es\/blog\/how-long-can-dealerships-hold-cars-for-repair\/\" >\u00bfCu\u00e1nto tiempo puede un concesionario retener su coche para repararlo?<\/a><\/li><li><a href=\"https:\/\/lemonlaws.com\/es\/blog\/types-of-problems-covered-by-lemon-law\/\" >Tipos de problemas cubiertos por la Ley Lim\u00f3n<\/a><\/li><li><a href=\"https:\/\/lemonlaws.com\/es\/blog\/lemon-law-attorney-fees-costs\/\" >\u00bfCu\u00e1nto cuestan los abogados de la Ley del Lim\u00f3n?<\/a><\/li><li><a href=\"https:\/\/lemonlaws.com\/es\/blog\/average-lemon-law-settlement-california\/\" >Indemnizaci\u00f3n por la Ley del Lim\u00f3n: Da\u00f1os y perjuicios y acuerdos medios en California<\/a><\/li><li><a href=\"https:\/\/lemonlaws.com\/es\/blog\/how-long-does-a-lemon-law-case-take\/\" >\u00bfCu\u00e1nto dura un caso de la Ley Lim\u00f3n?<\/a><\/li><li><a href=\"https:\/\/lemonlaws.com\/es\/blog\/general-motors-gm-transmission-class-action-lawsuit\/\" >Demanda colectiva por transmisi\u00f3n de GM 2024<\/a><\/li><li><a href=\"https:\/\/lemonlaws.com\/es\/blog\/dealership-sold-you-a-lemon-car\/\" >Qu\u00e9 hacer si un concesionario le vende un coche defectuoso<\/a><\/li><li><a href=\"https:\/\/lemonlaws.com\/es\/blog\/what-happens-if-dealership-cannot-fix-car-under-warranty\/\" >\u00bfQu\u00e9 ocurre si un concesionario no puede reparar un coche en garant\u00eda?<\/a><\/li><li><a href=\"https:\/\/lemonlaws.com\/es\/blog\/defective-vehicle-lawsuit-how-to-sue-manufacturer\/\" >C\u00f3mo presentar una demanda por veh\u00edculo defectuoso contra un fabricante de autom\u00f3viles<\/a><\/li><li><a href=\"https:\/\/lemonlaws.com\/es\/blog\/can-you-return-a-car-to-the-dealership\/\" >\u00bfSe puede devolver un coche comprado en el concesionario?<\/a><\/li><li><a href=\"https:\/\/lemonlaws.com\/es\/blog\/do-you-need-an-attorney-for-lemon-law\/\" >\u00bfNecesita un abogado para las reclamaciones de la Ley del Lim\u00f3n?<\/a><\/li><li><a href=\"https:\/\/lemonlaws.com\/es\/blog\/lemon-laws-and-replacement-vehicles-in-california\/\" >Veh\u00edculos de sustituci\u00f3n seg\u00fan la Ley del Lim\u00f3n - Gu\u00eda para los consumidores de California<\/a><\/li><li><a href=\"https:\/\/lemonlaws.com\/es\/blog\/lemon-law-arbitration-in-california\/\" >Arbitraje de la Ley del Lim\u00f3n: Por qu\u00e9 debe evitarlo<\/a><\/li><li><a href=\"https:\/\/lemonlaws.com\/es\/blog\/ab-1755-california-lemon-law-changes\/\" >Entendiendo la AB 1755: Qu\u00e9 significan para usted los cambios en la Ley del Lim\u00f3n de California<\/a><\/li><li><a href=\"https:\/\/lemonlaws.com\/es\/blog\/do-lemon-laws-apply-to-private-sales-in-california\/\" >\u00bfSe aplica la Ley del Lim\u00f3n a las ventas privadas?<\/a><\/li><li><a href=\"https:\/\/lemonlaws.com\/es\/blog\/does-lemon-law-apply-to-leased-vehicles\/\" >\u00bfSe aplica la Ley del Lim\u00f3n a los veh\u00edculos alquilados?<\/a><\/li><li><a href=\"https:\/\/lemonlaws.com\/es\/blog\/new-car-keeps-having-problems\/\" >Qu\u00e9 hacer si su coche nuevo sigue teniendo problemas<\/a><\/li><li><a href=\"https:\/\/lemonlaws.com\/es\/blog\/song-beverly-consumer-warranty-act\/\" >\u00bfQu\u00e9 es la Ley Song-Beverly de garant\u00edas de los consumidores?<\/a><\/li><li><a href=\"https:\/\/lemonlaws.com\/es\/blog\/california-cars-act-sb-766\/\" >La nueva Ley CARS de California (SB 766): Lo que deben saber los compradores de coches<\/a><\/li><li><a href=\"https:\/\/lemonlaws.com\/es\/blog\/are-extended-car-warranties-worth-it\/\" >\u00bfMerece la pena ampliar la garant\u00eda del coche?<\/a><\/li><li><a href=\"https:\/\/lemonlaws.com\/es\/blog\/types-of-vehicles-covered-under-california-lemon-law\/\" >Tipos de veh\u00edculos cubiertos por la Ley del Lim\u00f3n de California<\/a><\/li><li><a href=\"https:\/\/lemonlaws.com\/es\/blog\/how-to-get-rid-of-a-lemon-car\/\" >C\u00f3mo deshacerse de un coche defectuoso<\/a><\/li><li><a href=\"https:\/\/lemonlaws.com\/es\/blog\/lemon-law-repair-attempts\/\" >Intentos de reparaci\u00f3n seg\u00fan la Ley del Lim\u00f3n: \u00bfQu\u00e9 cuenta y cu\u00e1ntos son necesarios para presentar una reclamaci\u00f3n?<\/a><\/li><li><a href=\"https:\/\/lemonlaws.com\/es\/blog\/federal-lemon-law-vs-california-lemon-law\/\" >Ley del Lim\u00f3n Federal vs California: \u00bfCu\u00e1les son las diferencias?<\/a><\/li><li><a href=\"https:\/\/lemonlaws.com\/es\/blog\/what-is-a-lemon-title\/\" >\u00bfDeber\u00eda usted comprar un coche con un t\u00edtulo de lim\u00f3n? Por qu\u00e9 es arriesgado<\/a><\/li><\/ul><\/div><br \/><div class=\"aioseo-html-page-sitemap\"><h4>P\u00e1ginas<\/h4><ul><li><a href=\"https:\/\/lemonlaws.com\/es\/contact\/\" >Cont\u00e1ctenos<\/a><\/li><li><a href=\"https:\/\/lemonlaws.com\/es\/blog\/\" >Blog<\/a><\/li><li><a href=\"https:\/\/lemonlaws.com\/es\/accessibility\/\" >Accesibilidad<\/a><\/li><li><a href=\"https:\/\/lemonlaws.com\/es\/about\/\" >Acerca de<\/a><\/li><li><a href=\"https:\/\/lemonlaws.com\/es\/manufacturers\/\" >Fabricantes<\/a><ul><li><a href=\"https:\/\/lemonlaws.com\/es\/manufacturers\/ford-lemon-law\/\" >Ley Lim\u00f3n de Ford<\/a><\/li><li><a href=\"https:\/\/lemonlaws.com\/es\/manufacturers\/chevrolet-lemon-law\/\" >Ley Lim\u00f3n de Chevrolet<\/a><\/li><li><a href=\"https:\/\/lemonlaws.com\/es\/manufacturers\/hyundai-lemon-law\/\" >Ley Lim\u00f3n de Hyundai<\/a><\/li><li><a href=\"https:\/\/lemonlaws.com\/es\/manufacturers\/bmw-lemon-law\/\" >Ley Lim\u00f3n de BMW<\/a><\/li><li><a href=\"https:\/\/lemonlaws.com\/es\/manufacturers\/gmc-lemon-law\/\" >GMC Ley Lim\u00f3n<\/a><\/li><li><a href=\"https:\/\/lemonlaws.com\/es\/manufacturers\/jeep-lemon-law\/\" >Ley del Lim\u00f3n de Jeep<\/a><\/li><li><a href=\"https:\/\/lemonlaws.com\/es\/manufacturers\/tesla-lemon-law\/\" >Ley del Lim\u00f3n de Tesla<\/a><\/li><li><a href=\"https:\/\/lemonlaws.com\/es\/manufacturers\/nissan-lemon-law\/\" >Ley del Lim\u00f3n de Nissan<\/a><\/li><li><a href=\"https:\/\/lemonlaws.com\/es\/manufacturers\/honda-lemon-law\/\" >Ley del Lim\u00f3n de Honda<\/a><\/li><li><a href=\"https:\/\/lemonlaws.com\/es\/manufacturers\/kia-lemon-law\/\" >Ley del Lim\u00f3n de Kia<\/a><\/li><li><a href=\"https:\/\/lemonlaws.com\/es\/manufacturers\/subaru-lemon-law\/\" >Ley del Lim\u00f3n de Subaru<\/a><\/li><li><a href=\"https:\/\/lemonlaws.com\/es\/manufacturers\/volkswagen-lemon-law\/\" >Ley del Lim\u00f3n de Volkswagen<\/a><\/li><li><a href=\"https:\/\/lemonlaws.com\/es\/manufacturers\/audi-lemon-law\/\" >Ley del Lim\u00f3n de Audi<\/a><\/li><li><a href=\"https:\/\/lemonlaws.com\/es\/manufacturers\/toyota-lemon-law\/\" >Ley del Lim\u00f3n de Toyota<\/a><\/li><li><a href=\"https:\/\/lemonlaws.com\/es\/manufacturers\/volvo-lemon-law\/\" >Ley del Lim\u00f3n de Volvo<\/a><\/li><\/ul><\/li><li><a href=\"https:\/\/lemonlaws.com\/es\/terms-of-service\/\" >Condiciones de uso<\/a><\/li><li><a href=\"https:\/\/lemonlaws.com\/es\/attorneys\/\" >Abogados<\/a><ul><li><a href=\"https:\/\/lemonlaws.com\/es\/attorneys\/michelle-yang\/\" >Michelle Yang<\/a><\/li><li><a href=\"https:\/\/lemonlaws.com\/es\/attorneys\/alessia-berghoudian\/\" >Alessia Berghoudian<\/a><\/li><li><a href=\"https:\/\/lemonlaws.com\/es\/attorneys\/andrea-plata\/\" >Andrea Plata<\/a><\/li><li><a href=\"https:\/\/lemonlaws.com\/es\/attorneys\/david-derderian\/\" >David Derderian<\/a><\/li><li><a href=\"https:\/\/lemonlaws.com\/es\/attorneys\/sanam-vaziri-esq\/\" >Sanam Vaziri<\/a><\/li><li><a href=\"https:\/\/lemonlaws.com\/es\/attorneys\/george-stanley-esq\/\" >George Stanley<\/a><\/li><li><a href=\"https:\/\/lemonlaws.com\/es\/attorneys\/andres-roldan-esq\/\" >Andr\u00e9s Rold\u00e1n<\/a><\/li><li><a href=\"https:\/\/lemonlaws.com\/es\/attorneys\/stephanie-pengilley\/\" >Stephanie Pengilley<\/a><\/li><li><a href=\"https:\/\/lemonlaws.com\/es\/attorneys\/gary-balyezyan\/\" >Gary Balyezyan<\/a><\/li><li><a href=\"https:\/\/lemonlaws.com\/es\/attorneys\/christine-j-haw\/\" >Christine J. Haw<\/a><\/li><li><a href=\"https:\/\/lemonlaws.com\/es\/attorneys\/vivian-chen\/\" >Vivian Chen<\/a><\/li><li><a href=\"https:\/\/lemonlaws.com\/es\/attorneys\/john-myers\/\" >John Myers<\/a><\/li><\/ul><\/li><li><a href=\"https:\/\/lemonlaws.com\/es\/privacy-policy\/\" >Pol\u00edtica de privacidad<\/a><\/li><li><a href=\"https:\/\/lemonlaws.com\/es\/california-rv-lemon-law\/\" >Abogado de la Ley del Lim\u00f3n para Veh\u00edculos Recreativos en California<\/a><\/li><li><a href=\"https:\/\/lemonlaws.com\/es\/faq\/\" >Preguntas frecuentes sobre la Ley Lim\u00f3n<\/a><ul><li><a href=\"https:\/\/lemonlaws.com\/es\/faq\/lemon-law-buyback-process\/\" >Ley del Lim\u00f3n de recompra en California<\/a><\/li><li><a href=\"https:\/\/lemonlaws.com\/es\/faq\/california-used-car-lemon-law-claims\/\" >Ley del Lim\u00f3n de California<\/a><\/li><li><a href=\"https:\/\/lemonlaws.com\/es\/faq\/ca-lemon-law-time-limits-statute\/\" >California Ley del Lim\u00f3n Plazos y Estatuto<\/a><\/li><li><a href=\"https:\/\/lemonlaws.com\/es\/faq\/lemon-law-cash-and-keep-settlements\/\" >Lemon Law Cash &amp; Keep Settlements<\/a><\/li><li><a href=\"https:\/\/lemonlaws.com\/es\/faq\/lemon-law-claim-file-process\/\" >Reclamaci\u00f3n de la Ley del Lim\u00f3n<\/a><\/li><li><a href=\"https:\/\/lemonlaws.com\/es\/faq\/lemon-law-qualification\/\" >Calificaci\u00f3n seg\u00fan la Ley del Lim\u00f3n<\/a><\/li><\/ul><\/li><li><a href=\"https:\/\/lemonlaws.com\/es\/california-lemon-law\/\" >\u00c1reas de servicio<\/a><ul><li><a href=\"https:\/\/lemonlaws.com\/es\/california-lemon-law\/los-angeles-lemon-law-attorney\/\" >Los Angeles Lemon Law Attorney<\/a><\/li><li><a href=\"https:\/\/lemonlaws.com\/es\/california-lemon-law\/san-diego-lemon-law-attorney\/\" >San Diego Ley Lim\u00f3n Abogado<\/a><\/li><li><a href=\"https:\/\/lemonlaws.com\/es\/california-lemon-law\/sacramento-lemon-law-attorney\/\" >Sacramento Abogado de la Ley Lim\u00f3n<\/a><\/li><li><a href=\"https:\/\/lemonlaws.com\/es\/california-lemon-law\/san-francisco-lemon-law-attorney\/\" >Abogado de la Ley Lim\u00f3n de San Francisco<\/a><\/li><li><a href=\"https:\/\/lemonlaws.com\/es\/california-lemon-law\/orange-county-lemon-law-attorney\/\" >Abogado de la Ley Lim\u00f3n del Condado de Orange<\/a><\/li><li><a href=\"https:\/\/lemonlaws.com\/es\/california-lemon-law\/san-bernardino-lemon-law-attorney\/\" >San Bernardino Abogado de la Ley del Lim\u00f3n<\/a><\/li><li><a href=\"https:\/\/lemonlaws.com\/es\/california-lemon-law\/san-jose-lemon-law-attorney\/\" >San Jose Abogado de la Ley del Lim\u00f3n<\/a><\/li><li><a href=\"https:\/\/lemonlaws.com\/es\/california-lemon-law\/irvine-lemon-law-attorney\/\" >Abogado de la Ley del Lim\u00f3n de Irvine<\/a><\/li><li><a href=\"https:\/\/lemonlaws.com\/es\/california-lemon-law\/bakersfield-lemon-law-attorney\/\" >Bakersfield Abogado de la Ley del Lim\u00f3n<\/a><\/li><li><a href=\"https:\/\/lemonlaws.com\/es\/california-lemon-law\/anaheim-lemon-law-attorney\/\" >Abogado de la Ley del Lim\u00f3n de Anaheim<\/a><\/li><li><a href=\"https:\/\/lemonlaws.com\/es\/california-lemon-law\/beverly-hills-lemon-law-attorney\/\" >Abogados de la Ley del Lim\u00f3n en Beverly Hills, CA<\/a><\/li><li><a href=\"https:\/\/lemonlaws.com\/es\/california-lemon-law\/santa-monica-lemon-law-attorney\/\" >Abogados de la Ley del Lim\u00f3n en Santa Monica, CA<\/a><\/li><li><a href=\"https:\/\/lemonlaws.com\/es\/california-lemon-law\/riverside-lemon-law-attorney\/\" >Abogado de la Ley del Lim\u00f3n en Riverside, CA<\/a><\/li><li><a href=\"https:\/\/lemonlaws.com\/es\/california-lemon-law\/pasadena-lemon-law-attorney\/\" >Abogado de la Ley del Lim\u00f3n en Pasadena, CA<\/a><\/li><li><a href=\"https:\/\/lemonlaws.com\/es\/california-lemon-law\/santa-ana-lemon-law-attorney\/\" >Abogado de la Ley del Lim\u00f3n en Santa Ana, CA<\/a><\/li><li><a href=\"https:\/\/lemonlaws.com\/es\/california-lemon-law\/los-angeles-lemon-law-attorney-2-2\/\" >Los Angeles Lemon Law Attorney<\/a><\/li><\/ul><\/li><li><a href=\"https:\/\/lemonlaws.com\/es\/document-resources\/\" >Recursos documentales<\/a><\/li><li><a href=\"https:\/\/lemonlaws.com\/es\/media-accolades\/\" >Medios de comunicaci\u00f3n<\/a><\/li><li><a href=\"https:\/\/lemonlaws.com\/es\/careers\/\" >Carreras profesionales<\/a><\/li><li><a href=\"https:\/\/lemonlaws.com\/es\/testimonials\/\" >Testimonios<\/a><\/li><li><a href=\"https:\/\/lemonlaws.com\/es\/our-team\/\" >Conoce a nuestro equipo<\/a><\/li><li><a href=\"https:\/\/lemonlaws.com\/es\/landing-page\/\" >P\u00e1gina de aterrizaje<\/a><\/li><li><a href=\"https:\/\/lemonlaws.com\/es\/\" >Inicio | Leyes sobre productos defectuosos<\/a><\/li><\/ul><\/div><br \/><\/div>\n\n\t\t<\/div>\n\t<\/div>\n<\/div><\/div><\/div><\/div><\/div>\n<\/div>","protected":false},"excerpt":{"rendered":"EntradasLey de Garant\u00eda Magnuson Moss y Ley Federal del Lim\u00f3nLey del Lim\u00f3n de California: \u00bfCu\u00e1nto tiempo puede un concesionario retener su coche para su reparaci\u00f3n? Tipos de problemas cubiertos por la Ley del Lim\u00f3n\u00bfCu\u00e1nto cuestan los abogados de la Ley del Lim\u00f3n? Compensaci\u00f3n de la Ley del Lim\u00f3n: Da\u00f1os y perjuicios y los asentamientos promedio en California\u00bfCu\u00e1nto dura un caso de la Ley del Lim\u00f3n? <a class=\"more-link\" href=\"https:\/\/lemonlaws.com\/es\/sitemap\/\">Seguir leyendo <span class=\"screen-reader-text\">Mapa del sitio<\/span><\/a>","protected":false},"author":1,"featured_media":0,"parent":0,"menu_order":0,"comment_status":"closed","ping_status":"closed","template":"","meta":{"_acf_changed":false,"content-type":"","h5ap_radio_sources":[],"footnotes":""},"class_list":["post-3973","page","type-page","status-publish","entry"],"acf":[],"aioseo_notices":[],"_links":{"self":[{"href":"https:\/\/lemonlaws.com\/es\/wp-json\/wp\/v2\/pages\/3973","targetHints":{"allow":["GET"]}}],"collection":[{"href":"https:\/\/lemonlaws.com\/es\/wp-json\/wp\/v2\/pages"}],"about":[{"href":"https:\/\/lemonlaws.com\/es\/wp-json\/wp\/v2\/types\/page"}],"author":[{"embeddable":true,"href":"https:\/\/lemonlaws.com\/es\/wp-json\/wp\/v2\/users\/1"}],"replies":[{"embeddable":true,"href":"https:\/\/lemonlaws.com\/es\/wp-json\/wp\/v2\/comments?post=3973"}],"version-history":[{"count":0,"href":"https:\/\/lemonlaws.com\/es\/wp-json\/wp\/v2\/pages\/3973\/revisions"}],"wp:attachment":[{"href":"https:\/\/lemonlaws.com\/es\/wp-json\/wp\/v2\/media?parent=3973"}],"curies":[{"name":"wp","href":"https:\/\/api.w.org\/{rel}","templated":true}]}}