{"id":3957,"date":"2024-08-15T16:43:24","date_gmt":"2024-08-15T23:43:24","guid":{"rendered":"https:\/\/lemonlaws2.vmgagencysites.com\/?page_id=3957"},"modified":"2026-01-15T08:51:32","modified_gmt":"2026-01-15T16:51:32","slug":"andrea-plata","status":"publish","type":"page","link":"https:\/\/lemonlaws.com\/es\/attorneys\/andrea-plata\/","title":{"rendered":"Andrea Plata"},"content":{"rendered":"<div class=\"wpb-content-wrapper\"><div class=\"vc_row wpb_row cta-row dark1\"><div class=\"container\"><div class=\"wpb_column vc_column_container vc_col-sm-12\"><div class=\"vc_column-inner\"><div class=\"wpb_wrapper\">\n\t<div class=\"wpb_text_column wpb_content_element  mb0\" >\n\t\t<div class=\"wpb_wrapper\">\n\t\t\t<h3>Evaluamos su caso gratis y sin honorarios<\/h3>\n<!-- HFCM by 99 Robots - Snippet # 19: National &quot;See if You Qualify&quot; Button (EN+ES) -->\n<div data-tf-live=\"01JEEWYR1ZCXMY8M6WGKZTQK4Z\"><\/div><script src=\"\/\/embed.typeform.com\/next\/embed.js\"><\/script>\n<!-- \/end HFCM by 99 Robots -->\n\n\n\t\t<\/div>\n\t<\/div>\n<\/div><\/div><\/div><\/div><\/div><div class=\"vc_row wpb_row fifty-fifty image-left light11 individual-lawyer\"><div class=\"container\"><div class=\"andrea-column wpb_column vc_column_container vc_col-sm-6\"><div class=\"vc_column-inner\"><div class=\"wpb_wrapper\">\n\t<div class=\"wpb_text_column wpb_content_element  mb0\" >\n\t\t<div class=\"wpb_wrapper\">\n\t\t\t<p><img decoding=\"async\" class=\"aligncenter wp-image-7769 size-full\" src=\"https:\/\/lemonlaws.com\/wp-content\/uploads\/2026\/01\/Andrea-Plata-Esq.-1920-x-1920.png\" alt=\"Andrea Plata, abogada asociada\" width=\"1920\" height=\"1920\" srcset=\"https:\/\/lemonlaws.com\/wp-content\/uploads\/2026\/01\/Andrea-Plata-Esq.-1920-x-1920.png 1920w, https:\/\/lemonlaws.com\/wp-content\/uploads\/2026\/01\/Andrea-Plata-Esq.-1920-x-1920-300x300.png 300w, https:\/\/lemonlaws.com\/wp-content\/uploads\/2026\/01\/Andrea-Plata-Esq.-1920-x-1920-1024x1024.png 1024w, https:\/\/lemonlaws.com\/wp-content\/uploads\/2026\/01\/Andrea-Plata-Esq.-1920-x-1920-150x150.png 150w, https:\/\/lemonlaws.com\/wp-content\/uploads\/2026\/01\/Andrea-Plata-Esq.-1920-x-1920-768x768.png 768w, https:\/\/lemonlaws.com\/wp-content\/uploads\/2026\/01\/Andrea-Plata-Esq.-1920-x-1920-1536x1536.png 1536w, https:\/\/lemonlaws.com\/wp-content\/uploads\/2026\/01\/Andrea-Plata-Esq.-1920-x-1920-12x12.png 12w, https:\/\/lemonlaws.com\/wp-content\/uploads\/2026\/01\/Andrea-Plata-Esq.-1920-x-1920-75x75.png 75w, https:\/\/lemonlaws.com\/wp-content\/uploads\/2026\/01\/Andrea-Plata-Esq.-1920-x-1920-1568x1568.png 1568w\" sizes=\"(max-width: 1920px) 100vw, 1920px\" \/><\/p>\n\n\t\t<\/div>\n\t<\/div>\n<\/div><\/div><\/div><div class=\"wpb_column vc_column_container vc_col-sm-6\"><div class=\"vc_column-inner\"><div class=\"wpb_wrapper\">\n\t<div class=\"wpb_text_column wpb_content_element  mb0\" >\n\t\t<div class=\"wpb_wrapper\">\n\t\t\t<h4 style=\"text-align: left;\">Andrea Plata, Abogada<\/h4>\n<hr class=\"line fw-line\" \/>\n<p><span class=\"ui-provider a b c d e f g h i j k l m n o p q r s t u v w x y z ab ac ae af ag ah ai aj ak\" dir=\"ltr\">Andrea Plata es abogada asociada en Prestige Legal Solutions, P.C. La pr\u00e1ctica de Andrea se centra en litigios de consumo en tribunales estatales y federales. Andrea <\/span>se gradu\u00f3 en la <a href=\"https:\/\/www.ucmerced.edu\/\" target=\"_blank\" rel=\"noopener\">Universidad de California, Merced<\/a>y obtuvo su doctorado en Derecho en la <a href=\"https:\/\/www.lls.edu\/\" target=\"_blank\" rel=\"noopener\">Facultad de Derecho Loyola<\/a>. Mientras cursaba sus estudios de Derecho, se dedic\u00f3 a la defensa del consumidor en un bufete de abogados de consumidores con sede en Los \u00c1ngeles. Antes de incorporarse a <a href=\"\/es\/\">Prestige Legal Solutions, P.C.<\/a>Andrea tambi\u00e9n ejerci\u00f3 en litigios civiles generales y en litigios de defensa representando a fabricantes y distribuidores en asuntos de la ley del lim\u00f3n. Esta experiencia previa de la ley de lim\u00f3n en el lado de la defensa ha reforzado su comprensi\u00f3n y capacidad como litigante de los derechos del consumidor.<\/p>\n<p>ADMISIONES<\/p>\n<ul>\n<li><a title=\"null\" href=\"https:\/\/apps.calbar.ca.gov\/attorney\/Licensee\/Detail\/343766\" target=\"_blank\" rel=\"noopener\">Colegio de Abogados del Estado de California #343766<\/a><\/li>\n<li><a class=\"in-cell-link\" href=\"https:\/\/www.casd.uscourts.gov\/\" target=\"_blank\" rel=\"noopener\">Tribunal de Distrito de EE.UU., Distrito Sur de California<\/a><\/li>\n<\/ul>\n<p>ASOCIACIONES<\/p>\n<ul>\n<li><a href=\"https:\/\/www.caala.org\/\" target=\"_blank\" rel=\"noopener\">Asociaci\u00f3n de Abogados del Consumidor de Los \u00c1ngeles (CAALA)<\/a><\/li>\n<\/ul>\n<p>EDUCACI\u00d3N<\/p>\n<ul>\n<li><a href=\"https:\/\/www.ucmerced.edu\/\" target=\"_blank\" rel=\"noopener\">Universidad de California, Merced<\/a><\/li>\n<li><a href=\"https:\/\/www.lls.edu\/\" target=\"_blank\" rel=\"noopener\">Facultad de Derecho Loyola<\/a><\/li>\n<\/ul>\n<p>IDIOMAS<\/p>\n<ul>\n<li>Espa\u00f1ol\u00a0<em>(fluido)<\/em><\/li>\n<\/ul>\n\n\t\t<\/div>\n\t<\/div>\n<\/div><\/div><\/div><\/div><\/div><div class=\"vc_row wpb_row cta-row dark1\"><div class=\"container\"><div class=\"wpb_column vc_column_container vc_col-sm-12\"><div class=\"vc_column-inner\"><div class=\"wpb_wrapper\">\n\t<div class=\"wpb_text_column wpb_content_element  mb0\" >\n\t\t<div class=\"wpb_wrapper\">\n\t\t\t<h3>\u00bfEs su VEH\u00cdCULO un \"lim\u00f3n\"? \u00a1Aver\u00edg\u00fcelo ahora!<\/h3>\n<!-- HFCM by 99 Robots - Snippet # 19: National &quot;See if You Qualify&quot; Button (EN+ES) -->\n<div data-tf-live=\"01JEEWYR1ZCXMY8M6WGKZTQK4Z\"><\/div><script src=\"\/\/embed.typeform.com\/next\/embed.js\"><\/script>\n<!-- \/end HFCM by 99 Robots -->\n\n\n\t\t<\/div>\n\t<\/div>\n<\/div><\/div><\/div><\/div><\/div><div class=\"vc_row wpb_row bottom-cta home-bottom-cta add-parallax vc_custom_1718042544393 vc_row-has-fill\"><div class=\"container\"><div class=\"wpb_column vc_column_container vc_col-sm-12\"><div class=\"vc_column-inner\"><div class=\"wpb_wrapper\">\n\t<div class=\"wpb_text_column wpb_content_element\" >\n\t\t<div class=\"wpb_wrapper\">\n\t\t\t<h2 style=\"text-align: center;\">CONTACTE HOY MISMO CON NUESTROS ABOGADOS ESPECIALIZADOS EN LA LEY LIM\u00d3N<\/h2>\n<p style=\"text-align: center;\">Si usted est\u00e1 enfrentando problemas con un coche de lim\u00f3n, la b\u00fasqueda de ayuda legal de abogados con experiencia especializados en la ley de lim\u00f3n es importante. Nuestro equipo en Prestige Legal Solutions est\u00e1 aqu\u00ed para ayudarle a navegar el complejo proceso legal y asegurar que reciba la compensaci\u00f3n y la justicia que se merece. P\u00f3ngase en contacto con nosotros hoy para programar una consulta y discutir su caso con nuestros abogados expertos en la ley del lim\u00f3n.<\/p>\n\n\t\t<\/div>\n\t<\/div>\n\n\t<div class=\"wpb_raw_code wpb_raw_js\" >\n\t\t<div class=\"wpb_wrapper\">\n\t\t\t<script charset=\"utf-8\" type=\"text\/javascript\" src=\"\/\/js.hsforms.net\/forms\/embed\/v2.js\"><\/script>\n<script>\n  hbspt.forms.create({\n    region: \"na1\",\n    portalId: \"8932302\",\n    formId: \"0843527b-ee7b-48b5-ad10-2f7d3567927b\"\n  });\n<\/script>\n\t\t<\/div>\n\t<\/div>\n<\/div><\/div><\/div><\/div><\/div>\n<\/div>","protected":false},"excerpt":{"rendered":"Evaluaciones de Caso Gratuitas y Sin Honorarios Hasta Que Ganemos Andrea Plata, Esq. Andrea Plata es una Abogada Asociada en Prestige Legal Solutions, P.C. La pr\u00e1ctica de Andrea se enfoca en litigios del consumidor en cortes estatales y federales. Andrea se gradu\u00f3 de la Universidad de California, Merced, y luego obtuvo su J.D. de la Facultad de Derecho de Loyola. Mientras estudiaba derecho... <a class=\"more-link\" href=\"https:\/\/lemonlaws.com\/es\/attorneys\/andrea-plata\/\">Seguir leyendo <span class=\"screen-reader-text\">Andrea Plata<\/span><\/a>","protected":false},"author":1,"featured_media":3671,"parent":2781,"menu_order":0,"comment_status":"closed","ping_status":"closed","template":"","meta":{"_acf_changed":false,"content-type":"","h5ap_radio_sources":[],"footnotes":""},"class_list":["post-3957","page","type-page","status-publish","has-post-thumbnail","entry"],"acf":[],"aioseo_notices":[],"_links":{"self":[{"href":"https:\/\/lemonlaws.com\/es\/wp-json\/wp\/v2\/pages\/3957","targetHints":{"allow":["GET"]}}],"collection":[{"href":"https:\/\/lemonlaws.com\/es\/wp-json\/wp\/v2\/pages"}],"about":[{"href":"https:\/\/lemonlaws.com\/es\/wp-json\/wp\/v2\/types\/page"}],"author":[{"embeddable":true,"href":"https:\/\/lemonlaws.com\/es\/wp-json\/wp\/v2\/users\/1"}],"replies":[{"embeddable":true,"href":"https:\/\/lemonlaws.com\/es\/wp-json\/wp\/v2\/comments?post=3957"}],"version-history":[{"count":0,"href":"https:\/\/lemonlaws.com\/es\/wp-json\/wp\/v2\/pages\/3957\/revisions"}],"up":[{"embeddable":true,"href":"https:\/\/lemonlaws.com\/es\/wp-json\/wp\/v2\/pages\/2781"}],"wp:featuredmedia":[{"embeddable":true,"href":"https:\/\/lemonlaws.com\/es\/wp-json\/wp\/v2\/media\/3671"}],"wp:attachment":[{"href":"https:\/\/lemonlaws.com\/es\/wp-json\/wp\/v2\/media?parent=3957"}],"curies":[{"name":"wp","href":"https:\/\/api.w.org\/{rel}","templated":true}]}}