{"id":3953,"date":"2024-08-15T16:36:54","date_gmt":"2024-08-15T23:36:54","guid":{"rendered":"https:\/\/lemonlaws2.vmgagencysites.com\/?page_id=3953"},"modified":"2025-06-17T10:21:56","modified_gmt":"2025-06-17T17:21:56","slug":"alessia-berghoudian","status":"publish","type":"page","link":"https:\/\/lemonlaws.com\/es\/attorneys\/alessia-berghoudian\/","title":{"rendered":"Alessia Berghoudian"},"content":{"rendered":"<div class=\"wpb-content-wrapper\"><div class=\"vc_row wpb_row cta-row dark1\"><div class=\"container\"><div class=\"wpb_column vc_column_container vc_col-sm-12\"><div class=\"vc_column-inner\"><div class=\"wpb_wrapper\">\n\t<div class=\"wpb_text_column wpb_content_element  mb0\" >\n\t\t<div class=\"wpb_wrapper\">\n\t\t\t<h3>Evaluamos su caso gratis y sin honorarios<\/h3>\n<!-- HFCM by 99 Robots - Snippet # 19: National &quot;See if You Qualify&quot; Button (EN+ES) -->\n<div data-tf-live=\"01JEEWYR1ZCXMY8M6WGKZTQK4Z\"><\/div><script src=\"\/\/embed.typeform.com\/next\/embed.js\"><\/script>\n<!-- \/end HFCM by 99 Robots -->\n\n\n\t\t<\/div>\n\t<\/div>\n<\/div><\/div><\/div><\/div><\/div><div class=\"vc_row wpb_row fifty-fifty image-left light11 individual-lawyer\"><div class=\"container\"><div class=\"alessia-column wpb_column vc_column_container vc_col-sm-6\"><div class=\"vc_column-inner\"><div class=\"wpb_wrapper\">\n\t<div class=\"wpb_text_column wpb_content_element  mb0\" >\n\t\t<div class=\"wpb_wrapper\">\n\t\t\t<p><img decoding=\"async\" class=\"aligncenter wp-image-6849 size-full\" src=\"https:\/\/lemonlaws.com\/wp-content\/uploads\/2025\/06\/AlessiaBerghodian_HS_13_2.jpg\" alt=\"\" width=\"1920\" height=\"1920\" srcset=\"https:\/\/lemonlaws.com\/wp-content\/uploads\/2025\/06\/AlessiaBerghodian_HS_13_2.jpg 1920w, https:\/\/lemonlaws.com\/wp-content\/uploads\/2025\/06\/AlessiaBerghodian_HS_13_2-300x300.jpg 300w, https:\/\/lemonlaws.com\/wp-content\/uploads\/2025\/06\/AlessiaBerghodian_HS_13_2-1024x1024.jpg 1024w, https:\/\/lemonlaws.com\/wp-content\/uploads\/2025\/06\/AlessiaBerghodian_HS_13_2-150x150.jpg 150w, https:\/\/lemonlaws.com\/wp-content\/uploads\/2025\/06\/AlessiaBerghodian_HS_13_2-768x768.jpg 768w, https:\/\/lemonlaws.com\/wp-content\/uploads\/2025\/06\/AlessiaBerghodian_HS_13_2-1536x1536.jpg 1536w, https:\/\/lemonlaws.com\/wp-content\/uploads\/2025\/06\/AlessiaBerghodian_HS_13_2-12x12.jpg 12w, https:\/\/lemonlaws.com\/wp-content\/uploads\/2025\/06\/AlessiaBerghodian_HS_13_2-75x75.jpg 75w, https:\/\/lemonlaws.com\/wp-content\/uploads\/2025\/06\/AlessiaBerghodian_HS_13_2-1568x1568.jpg 1568w\" sizes=\"(max-width: 1920px) 100vw, 1920px\" \/><\/p>\n\n\t\t<\/div>\n\t<\/div>\n<\/div><\/div><\/div><div class=\"wpb_column vc_column_container vc_col-sm-6\"><div class=\"vc_column-inner\"><div class=\"wpb_wrapper\">\n\t<div class=\"wpb_text_column wpb_content_element  mb0\" >\n\t\t<div class=\"wpb_wrapper\">\n\t\t\t<h4 style=\"text-align: left;\">Alessia Berghoudian, Esq.<\/h4>\n<hr class=\"line fw-line\" \/>\n<p>Alessia Berghoudian es abogada asociada en Prestige Legal Solutions, P.C., y se gradu\u00f3 en el <a href=\"https:\/\/www.ucla.edu\/\" target=\"_blank\" rel=\"noopener\">Universidad de California, Los \u00c1ngeles<\/a>con una licenciatura en Ciencias Pol\u00edticas (especialidad en Relaciones Internacionales) y un doctorado en Derecho por la Universidad de Harvard. <a href=\"https:\/\/www.whittier.edu\/about\/lawschool\" target=\"_blank\" rel=\"noopener\">Universidad Whittier<\/a>. Durante sus estudios, recibi\u00f3 la beca John Keinkle Memorial y fue miembro de la Phi Alpha Theta Honors Society.<\/p>\n<p>Alessia tiene experiencia en las \u00e1reas de protecci\u00f3n al consumidor, lesiones personales y derecho laboral, y es mediadora certificada por CA DRPA. Antes de incorporarse a Prestige y centrar su actividad en litigios laborales y de protecci\u00f3n de los consumidores, Alessia dirigi\u00f3 equipos de operaciones de personal en los \u00e1mbitos de la tecnolog\u00eda financiera y la log\u00edstica. En sus funciones como responsable de operaciones de personal y directora de asesoramiento y consejo de RR.HH., se encarg\u00f3 de supervisar todos los aspectos de las operaciones de personal y de orientar a los l\u00edderes de las organizaciones en la gesti\u00f3n de asuntos complejos relacionados con las relaciones laborales. Dada la oportunidad \u00fanica de ayudar a proteger a las organizaciones de la exposici\u00f3n a la responsabilidad civil y, al mismo tiempo, defender los derechos de los empleados, Alessia cultiv\u00f3 y perfeccion\u00f3 sus habilidades y estrategias tanto en la defensa como en la promoci\u00f3n.<\/p>\n<p>\"Las grandes cosas surgen del trabajo duro y la perseverancia. Sin excusas\". Estas palabras del difunto Kobe Bryant alimentan el empuje de Alessia en todos los aspectos de su vida profesional y personal.<\/p>\n<p>ADMISIONES<\/p>\n<ul>\n<li><a href=\"https:\/\/apps.calbar.ca.gov\/attorney\/Licensee\/Detail\/248656\" target=\"_blank\" rel=\"noopener\">Colegio de Abogados del Estado de California #248656<\/a><\/li>\n<li><a href=\"https:\/\/www.cacd.uscourts.gov\/\" target=\"_blank\" rel=\"noopener\">Tribunal de Distrito de EE.UU., Distrito Central de California<\/a><\/li>\n<li><a href=\"https:\/\/www.casd.uscourts.gov\/\" target=\"_blank\" rel=\"noopener\">Tribunal de Distrito de EE.UU., Distrito Sur de California<\/a><\/li>\n<li><a href=\"https:\/\/cand.uscourts.gov\/\" target=\"_blank\" rel=\"noopener\">Tribunal de Distrito de EE.UU., Distrito Norte de California<\/a><\/li>\n<li><a href=\"https:\/\/www.caed.uscourts.gov\/caednew\/\" target=\"_blank\" rel=\"noopener\">Tribunal de Distrito de EE.UU., Distrito Este de California<\/a><\/li>\n<\/ul>\n<p>ASOCIACIONES<\/p>\n<ul>\n<li><a href=\"https:\/\/armenianbar.org\/\" target=\"_blank\" rel=\"noopener\">Colegio de Abogados de Armenia<\/a><\/li>\n<li><a href=\"https:\/\/www.caala.org\/\" target=\"_blank\" rel=\"noopener\">Asociaci\u00f3n de Abogados del Consumidor de Los \u00c1ngeles (CAALA)<\/a><\/li>\n<\/ul>\n<p>EDUCACI\u00d3N<\/p>\n<ul>\n<li><a href=\"https:\/\/www.ucla.edu\/\" target=\"_blank\" rel=\"noopener\">Universidad de California, Los \u00c1ngeles<\/a><\/li>\n<li><a href=\"https:\/\/www.whittier.edu\/about\/lawschool\" target=\"_blank\" rel=\"noopener\">Universidad Whittier<\/a><\/li>\n<\/ul>\n\n\t\t<\/div>\n\t<\/div>\n<\/div><\/div><\/div><\/div><\/div><div class=\"vc_row wpb_row cta-row dark1\"><div class=\"container\"><div class=\"wpb_column vc_column_container vc_col-sm-12\"><div class=\"vc_column-inner\"><div class=\"wpb_wrapper\">\n\t<div class=\"wpb_text_column wpb_content_element  mb0\" >\n\t\t<div class=\"wpb_wrapper\">\n\t\t\t<h3>\u00bfEs su VEH\u00cdCULO un \"lim\u00f3n\"? \u00a1Aver\u00edg\u00fcelo ahora!<\/h3>\n<!-- HFCM by 99 Robots - Snippet # 19: National &quot;See if You Qualify&quot; Button (EN+ES) -->\n<div data-tf-live=\"01JEEWYR1ZCXMY8M6WGKZTQK4Z\"><\/div><script src=\"\/\/embed.typeform.com\/next\/embed.js\"><\/script>\n<!-- \/end HFCM by 99 Robots -->\n\n\n\t\t<\/div>\n\t<\/div>\n<\/div><\/div><\/div><\/div><\/div><div class=\"vc_row wpb_row bottom-cta home-bottom-cta add-parallax vc_custom_1718042544393 vc_row-has-fill\"><div class=\"container\"><div class=\"wpb_column vc_column_container vc_col-sm-12\"><div class=\"vc_column-inner\"><div class=\"wpb_wrapper\">\n\t<div class=\"wpb_text_column wpb_content_element\" >\n\t\t<div class=\"wpb_wrapper\">\n\t\t\t<h2 style=\"text-align: center;\">CONTACTE HOY MISMO CON NUESTROS ABOGADOS ESPECIALIZADOS EN LA LEY LIM\u00d3N<\/h2>\n<p style=\"text-align: center;\">Si se enfrenta a problemas con un coche lim\u00f3n, buscar ayuda legal de abogados con experiencia especializados en la ley del lim\u00f3n de su estado es importante. Nuestro equipo en Prestige Legal Solutions est\u00e1 aqu\u00ed para ayudarle a navegar el complejo proceso legal y asegurar que reciba la compensaci\u00f3n y la justicia que se merece. P\u00f3ngase en contacto con nosotros hoy para programar una consulta y discutir su caso con nuestros expertos. <a href=\"\/es\/\">abogados de la ley del lim\u00f3n<\/a>.<\/p>\n\n\t\t<\/div>\n\t<\/div>\n\n\t<div class=\"wpb_raw_code wpb_raw_js\" >\n\t\t<div class=\"wpb_wrapper\">\n\t\t\t<script charset=\"utf-8\" type=\"text\/javascript\" src=\"\/\/js.hsforms.net\/forms\/embed\/v2.js\"><\/script>\n<script>\n  hbspt.forms.create({\n    region: \"na1\",\n    portalId: \"8932302\",\n    formId: \"0843527b-ee7b-48b5-ad10-2f7d3567927b\"\n  });\n<\/script>\n\t\t<\/div>\n\t<\/div>\n<\/div><\/div><\/div><\/div><\/div>\n<\/div>","protected":false},"excerpt":{"rendered":"Evaluaciones de casos gratuitas y sin honorarios hasta que ganemos Alessia Berghoudian, Esq. Alessia Berghoudian es una abogada asociada en Prestige Legal Solutions, P.C., graduada de la Universidad de California, Los Angeles, con una Licenciatura en Ciencias Pol\u00edticas (especializaci\u00f3n en Relaciones Internacionales) y un Doctorado en Jurisprudencia de Whittier College. Durante sus estudios... <a class=\"more-link\" href=\"https:\/\/lemonlaws.com\/es\/attorneys\/alessia-berghoudian\/\">Seguir leyendo <span class=\"screen-reader-text\">Alessia Berghoudian<\/span><\/a>","protected":false},"author":1,"featured_media":6849,"parent":2781,"menu_order":0,"comment_status":"closed","ping_status":"closed","template":"","meta":{"_acf_changed":false,"content-type":"","h5ap_radio_sources":[],"footnotes":""},"class_list":["post-3953","page","type-page","status-publish","has-post-thumbnail","entry"],"acf":[],"aioseo_notices":[],"_links":{"self":[{"href":"https:\/\/lemonlaws.com\/es\/wp-json\/wp\/v2\/pages\/3953","targetHints":{"allow":["GET"]}}],"collection":[{"href":"https:\/\/lemonlaws.com\/es\/wp-json\/wp\/v2\/pages"}],"about":[{"href":"https:\/\/lemonlaws.com\/es\/wp-json\/wp\/v2\/types\/page"}],"author":[{"embeddable":true,"href":"https:\/\/lemonlaws.com\/es\/wp-json\/wp\/v2\/users\/1"}],"replies":[{"embeddable":true,"href":"https:\/\/lemonlaws.com\/es\/wp-json\/wp\/v2\/comments?post=3953"}],"version-history":[{"count":0,"href":"https:\/\/lemonlaws.com\/es\/wp-json\/wp\/v2\/pages\/3953\/revisions"}],"up":[{"embeddable":true,"href":"https:\/\/lemonlaws.com\/es\/wp-json\/wp\/v2\/pages\/2781"}],"wp:featuredmedia":[{"embeddable":true,"href":"https:\/\/lemonlaws.com\/es\/wp-json\/wp\/v2\/media\/6849"}],"wp:attachment":[{"href":"https:\/\/lemonlaws.com\/es\/wp-json\/wp\/v2\/media?parent=3953"}],"curies":[{"name":"wp","href":"https:\/\/api.w.org\/{rel}","templated":true}]}}