{"id":3861,"date":"2024-08-09T11:09:44","date_gmt":"2024-08-09T18:09:44","guid":{"rendered":"https:\/\/lemonlaws2.vmgagencysites.com\/?page_id=3861"},"modified":"2025-02-21T11:49:02","modified_gmt":"2025-02-21T19:49:02","slug":"ley-del-limon-en-vehiculos-recreativos-de-california","status":"publish","type":"page","link":"https:\/\/lemonlaws.com\/es\/california-rv-lemon-law\/","title":{"rendered":"Abogado de la Ley del Lim\u00f3n para Veh\u00edculos Recreativos en California"},"content":{"rendered":"<div class=\"wpb-content-wrapper\"><div class=\"vc_row wpb_row cta-row dark1\"><div class=\"container\"><div class=\"wpb_column vc_column_container vc_col-sm-12\"><div class=\"vc_column-inner\"><div class=\"wpb_wrapper\">\n\t<div class=\"wpb_text_column wpb_content_element  mb0\" >\n\t\t<div class=\"wpb_wrapper\">\n\t\t\t<h3>Evaluamos su caso gratis y sin honorarios<\/h3>\n<p style=\"text-align: center;\"><button class=\"uk-button uk-button-primary\" data-tf-popup=\"PEC0TRyG\" data-tf-iframe-props=\"title=Lemon Law: Pre-Qualification Form\" data-tf-medium=\"snippet\" data-tf-transitive-search-params=\"network, keyword, matchtype, targetid, utm_campaign, campaignid, campaignname, adgroupid, adgroupname, creative, creativeid, creativename, feeditemid, device, devicemodel, loc_interest_ms, loc_physical_ms, placement, lpurl, gclid, wbraid, gbraid, msclkid, fbclid, querystring, getemails, source, utm_source, utm_medium, contactmethod\" data-tf-hidden=\"source=,utm_campaign=,utm_term=,utm_content=,network=,keyword=,matchtype=,targetid=,campaignid=,campaignname=,adgroupid=,adgroupname=,creative=,creativeid=,creativename=,feeditemid=,device=,devicemodel=,loc_interest_ms=,loc_physical_ms=,placement=,lpurl=&#091;geturl&#093;,gclid=,wbraid=,gbraid=,msclkid=,fbclid=,querystring=,getemails=,utm_source=,utm_medium=,contactmethod=glphome\">VERIFIQUE SI CALIFICA<br \/>\n<\/button><\/p>\n<p><script src=\"\/\/embed.typeform.com\/next\/embed.js\"><\/script><\/p>\n\n\t\t<\/div>\n\t<\/div>\n<\/div><\/div><\/div><\/div><\/div><div class=\"vc_row wpb_row table-of-content-row\"><div class=\"container\"><div class=\"wpb_column vc_column_container vc_col-sm-6\"><div class=\"vc_column-inner\"><div class=\"wpb_wrapper\">\n\t<div class=\"wpb_text_column wpb_content_element\" >\n\t\t<div class=\"wpb_wrapper\">\n\t\t\t<h2>Ley del Lim\u00f3n en California<\/h2>\n<p>Entender las leyes de lim\u00f3n RV en California es clave para los propietarios de veh\u00edculos recreativos con problemas persistentes de veh\u00edculos. Los consumidores de California pueden solicitar una indemnizaci\u00f3n por veh\u00edculos defectuosos gracias a la ley del lim\u00f3n RV.<\/p>\n<p>En virtud de la Ley de Garant\u00eda del Consumidor Song-Beverly, California ofrece fuertes protecciones al consumidor para los propietarios de veh\u00edculos. Esta ley cubre muchos tipos de veh\u00edculos recreativos, incluyendo autocaravanas y remolques de viaje, asegurando que sus aventuras en la carretera est\u00e1n protegidos contra defectos que perjudiquen el uso, la seguridad o el valor.<\/p>\n<p>La ley del lim\u00f3n de California exige <a href=\"https:\/\/lemonlaws.com\/es\/fabricantes\/\">fabricantes<\/a> para hacer frente a estos defectos con prontitud y eficacia, ya se trate de veh\u00edculos recreativos nuevos o usados en garant\u00eda. Si sospecha que su veh\u00edculo recreativo es defectuoso, consultar con un abogado experto en la ley de veh\u00edculos recreativos defectuosos de California de Prestige Legal Solutions puede proporcionarle la orientaci\u00f3n y la representaci\u00f3n que necesita para tomar las medidas adecuadas.<\/p>\n\n\t\t<\/div>\n\t<\/div>\n<\/div><\/div><\/div><div class=\"accent1 table-of-contents wpb_column vc_column_container vc_col-sm-6 vc_col-has-fill\"><div class=\"vc_column-inner vc_custom_1718206463659\"><div class=\"wpb_wrapper\">\n\t<div class=\"wpb_text_column wpb_content_element\" >\n\t\t<div class=\"wpb_wrapper\">\n\t\t\t<h5>\u00cdNDICE<\/h5>\n<hr class=\"line fw-line\" \/>\n<ul class=\"table-of-contents\">\n<li><a href=\"#1\">\u00bfC\u00f3mo se aplica la Ley del Lim\u00f3n de California a los veh\u00edculos recreativos?<\/a><\/li>\n<li><a href=\"#2\">\u00bfQu\u00e9 cubre la Ley del Lim\u00f3n de California?<\/a><\/li>\n<li><a href=\"#3\">Qu\u00e9 hacer si su veh\u00edculo recreativo puede ser una aver\u00eda<\/a><\/li>\n<li><a href=\"#4\">Posibles consecuencias de una reclamaci\u00f3n basada en la Ley del Lim\u00f3n para veh\u00edculos recreativos<\/a><\/li>\n<li><a href=\"#5\">C\u00f3mo un abogado de la Ley del Lim\u00f3n puede ayudar con su reclamo RV<\/a><\/li>\n<\/ul>\n\n\t\t<\/div>\n\t<\/div>\n<\/div><\/div><\/div><\/div><\/div><div id=\"1\" class=\"vc_row wpb_row dark2 blurb-row vc_custom_1723226019496\"><div class=\"container\"><div class=\"wpb_column vc_column_container vc_col-sm-1\"><div class=\"vc_column-inner\"><div class=\"wpb_wrapper\"><\/div><\/div><\/div><div class=\"wpb_column vc_column_container vc_col-sm-10\"><div class=\"vc_column-inner\"><div class=\"wpb_wrapper\">\n\t<div class=\"wpb_text_column wpb_content_element  mb0\" >\n\t\t<div class=\"wpb_wrapper\">\n\t\t\t<h2 style=\"text-align: center;\">\u00bfC\u00f3mo se aplica la Ley del Lim\u00f3n de California a los veh\u00edculos recreativos?<\/h2>\n<hr class=\"line\" \/>\n<p style=\"text-align: center;\">La ley del lim\u00f3n de California se extiende a los veh\u00edculos recreativos, pero los detalles pueden variar ligeramente de los de los veh\u00edculos est\u00e1ndar.<\/p>\n<p style=\"text-align: center;\">Para poder acogerse a la ley, el veh\u00edculo recreativo debe estar cubierto por la garant\u00eda original del fabricante o por una garant\u00eda de segunda mano certificada. La ley entra en vigor cuando el veh\u00edculo recreativo tiene defectos que afectan sustancialmente a su uso, seguridad o valor y el fabricante no puede solucionarlos en un n\u00famero razonable de intentos.<\/p>\n<p style=\"text-align: center;\">Documente todas las comunicaciones y reparaciones para construir un caso s\u00f3lido bajo la ley del lim\u00f3n de California RV.<\/p>\n\n\t\t<\/div>\n\t<\/div>\n<\/div><\/div><\/div><div class=\"wpb_column vc_column_container vc_col-sm-1\"><div class=\"vc_column-inner\"><div class=\"wpb_wrapper\"><\/div><\/div><\/div><\/div><\/div><div id=\"2\" class=\"vc_row wpb_row fifty-fifty-new light1 vc_custom_1723226026211\"><div class=\"container\"><div class=\"wpb_column vc_column_container vc_col-sm-6\"><div class=\"vc_column-inner\"><div class=\"wpb_wrapper\">\n\t<div class=\"wpb_text_column wpb_content_element\" >\n\t\t<div class=\"wpb_wrapper\">\n\t\t\t<p><img decoding=\"async\" class=\"aligncenter size-full wp-image-3872\" src=\"https:\/\/lemonlaws.com\/wp-content\/uploads\/2024\/08\/rv-lemon-law.jpg\" alt=\"\" width=\"1610\" height=\"1342\" srcset=\"https:\/\/lemonlaws.com\/wp-content\/uploads\/2024\/08\/rv-lemon-law.jpg 1610w, https:\/\/lemonlaws.com\/wp-content\/uploads\/2024\/08\/rv-lemon-law-300x250.jpg 300w, https:\/\/lemonlaws.com\/wp-content\/uploads\/2024\/08\/rv-lemon-law-1024x854.jpg 1024w, https:\/\/lemonlaws.com\/wp-content\/uploads\/2024\/08\/rv-lemon-law-768x640.jpg 768w, https:\/\/lemonlaws.com\/wp-content\/uploads\/2024\/08\/rv-lemon-law-1536x1280.jpg 1536w, https:\/\/lemonlaws.com\/wp-content\/uploads\/2024\/08\/rv-lemon-law-14x12.jpg 14w, https:\/\/lemonlaws.com\/wp-content\/uploads\/2024\/08\/rv-lemon-law-1568x1307.jpg 1568w\" sizes=\"(max-width: 1610px) 100vw, 1610px\" \/><\/p>\n\n\t\t<\/div>\n\t<\/div>\n<\/div><\/div><\/div><div class=\"wpb_column vc_column_container vc_col-sm-6\"><div class=\"vc_column-inner\"><div class=\"wpb_wrapper\">\n\t<div class=\"wpb_text_column wpb_content_element  mb0\" >\n\t\t<div class=\"wpb_wrapper\">\n\t\t\t<h2>\u00bfQu\u00e9 cubre la Ley del Lim\u00f3n de California?<\/h2>\n<hr class=\"line fs-line\" \/>\n<p>La ley del lim\u00f3n para veh\u00edculos recreativos de California ampl\u00eda la cobertura a varios defectos que afectan significativamente a la funcionalidad, la seguridad o el valor de los veh\u00edculos recreativos.<\/p>\n<p>Esto incluye aver\u00edas graves del motor, fallos el\u00e9ctricos menores recurrentes y problemas como fugas de agua persistentes, aver\u00edas del sistema de calefacci\u00f3n, ventilaci\u00f3n y aire acondicionado y problemas de integridad estructural que comprometen la utilidad del veh\u00edculo. Adem\u00e1s, se cubren los fallos del sistema que afectan a la experiencia de conducci\u00f3n, como sistemas de frenos defectuosos y componentes de direcci\u00f3n poco fiables.<\/p>\n<p>La ley interviene cuando estos defectos siguen sin resolverse tras un n\u00famero razonable de intentos de reparaci\u00f3n, proporcionando v\u00edas legales para que los propietarios de veh\u00edculos recreativos busquen soluciones como la recompra o una compensaci\u00f3n econ\u00f3mica por los inconvenientes causados.<\/p>\n\n\t\t<\/div>\n\t<\/div>\n<\/div><\/div><\/div><\/div><\/div><div id=\"3\" class=\"vc_row wpb_row light1 blurb-row steps vc_custom_1723226033412\"><div class=\"container\"><div class=\"wpb_column vc_column_container vc_col-sm-12\"><div class=\"vc_column-inner\"><div class=\"wpb_wrapper\">\n\t<div class=\"wpb_text_column wpb_content_element  mb0\" >\n\t\t<div class=\"wpb_wrapper\">\n\t\t\t<h2 style=\"text-align: center;\">Qu\u00e9 hacer si su veh\u00edculo recreativo puede ser una aver\u00eda<\/h2>\n<hr class=\"line\" \/>\n<p style=\"text-align: center;\">El proceso de la ley del lim\u00f3n implica reunir toda la documentaci\u00f3n que demuestre que su veh\u00edculo recreativo es un lim\u00f3n, asociarse con un abogado especializado en la ley del lim\u00f3n y presentar una reclamaci\u00f3n formal. Dependiendo de la respuesta del fabricante, su abogado resolver\u00e1 el problema mediante negociaciones o litigios.<\/p>\n<p style=\"text-align: center;\">En \u00faltima instancia, el objetivo final es responsabilizar al fabricante de los defectos que le han costado tiempo, dinero y estr\u00e9s, y recuperar econ\u00f3micamente sus p\u00e9rdidas en la medida de lo posible.<\/p>\n\n\t\t<\/div>\n\t<\/div>\n<div class=\"vc_row wpb_row vc_inner vc_row-fluid steps-text vc_custom_1718236841573\"><div class=\"wpb_column vc_column_container vc_col-sm-12\"><div class=\"vc_column-inner\"><div class=\"wpb_wrapper\">\n\t<div class=\"wpb_text_column wpb_content_element\" >\n\t\t<div class=\"wpb_wrapper\">\n\t\t\t<h4>DOCUM\u00c9NTALO TODO<\/h4>\n<hr class=\"line fs-line\" \/>\n<p>Comience por documentar meticulosamente cada intento de reparaci\u00f3n, registro de servicio, factura, conversaci\u00f3n e interacci\u00f3n con el concesionario o el fabricante. Estos documentos son vitales, ya que establecen el historial de problemas e intentos de reparaci\u00f3n y sirven como prueba en caso de que sea necesario emprender acciones legales.<\/p>\n\n\t\t<\/div>\n\t<\/div>\n\n\t<div class=\"wpb_text_column wpb_content_element  mb0\" >\n\t\t<div class=\"wpb_wrapper\">\n\t\t\t<h4>CONSULTE A UN ABOGADO ESPECIALIZADO EN LA LEY DEL LIM\u00d3N<\/h4>\n<hr class=\"line fs-line\" \/>\n<p>Es crucial reunirse con un abogado experto en la ley del lim\u00f3n para veh\u00edculos recreativos de California. Un abogado puede proporcionar orientaci\u00f3n de expertos, evaluar la fuerza de su caso, y asesorar sobre la mejor acci\u00f3n.<\/p>\n\n\t\t<\/div>\n\t<\/div>\n<\/div><\/div><\/div><\/div><div class=\"vc_row wpb_row vc_inner vc_row-fluid steps-text vc_custom_1718236824509\"><div class=\"wpb_column vc_column_container vc_col-sm-12\"><div class=\"vc_column-inner\"><div class=\"wpb_wrapper\">\n\t<div class=\"wpb_text_column wpb_content_element\" >\n\t\t<div class=\"wpb_wrapper\">\n\t\t\t<h4>PRESENTACI\u00d3N FORMAL DE DENUNCIAS<\/h4>\n<hr class=\"line fs-line\" \/>\n<p>Su abogado redactar\u00e1 y presentar\u00e1 una reclamaci\u00f3n formal en su nombre. Este documento legal detallar\u00e1 los problemas del veh\u00edculo recreativo, enumerar\u00e1 los intentos de reparaci\u00f3n y solicitar\u00e1 formalmente una soluci\u00f3n al fabricante.<\/p>\n\n\t\t<\/div>\n\t<\/div>\n\n\t<div class=\"wpb_text_column wpb_content_element  mb0\" >\n\t\t<div class=\"wpb_wrapper\">\n\t\t\t<h4>NEGOCIACI\u00d3N PARA LA RESOLUCI\u00d3N<\/h4>\n<hr class=\"line fs-line\" \/>\n<p>Con la experiencia de su abogado, negocie con el fabricante una posible recompra o indemnizaci\u00f3n. El objetivo es llegar a un acuerdo que compense adecuadamente por el veh\u00edculo recreativo defectuoso.<\/p>\n\n\t\t<\/div>\n\t<\/div>\n<\/div><\/div><\/div><\/div><div class=\"vc_row wpb_row vc_inner vc_row-fluid steps-text\"><div class=\"wpb_column vc_column_container vc_col-sm-12\"><div class=\"vc_column-inner\"><div class=\"wpb_wrapper\">\n\t<div class=\"wpb_text_column wpb_content_element\" >\n\t\t<div class=\"wpb_wrapper\">\n\t\t\t<h4>RESOLUCI\u00d3N Y CIERRE<\/h4>\n<hr class=\"line fs-line\" \/>\n<p>Si las negociaciones tienen \u00e9xito, la resoluci\u00f3n suele desembocar en una recompra o compensaci\u00f3n econ\u00f3mica. Si el fabricante no est\u00e1 dispuesto a ofrecer un acuerdo justo, su abogado puede recomendarle que recurra al arbitraje o al litigio para resolver el conflicto.<\/p>\n\n\t\t<\/div>\n\t<\/div>\n<\/div><\/div><\/div><\/div><\/div><\/div><\/div><\/div><\/div><div id=\"4\" class=\"vc_row wpb_row fifty-fifty image-left dark1 flip-mobile\"><div class=\"container\"><div class=\"wpb_column vc_column_container vc_col-sm-6 vc_col-has-fill\"><div class=\"vc_column-inner vc_custom_1723226759927\"><div class=\"wpb_wrapper\"><\/div><\/div><\/div><div class=\"wpb_column vc_column_container vc_col-sm-6\"><div class=\"vc_column-inner\"><div class=\"wpb_wrapper\">\n\t<div class=\"wpb_text_column wpb_content_element  mb0\" >\n\t\t<div class=\"wpb_wrapper\">\n\t\t\t<h2>Posibles consecuencias de una reclamaci\u00f3n basada en la Ley del Lim\u00f3n para veh\u00edculos recreativos<\/h2>\n<p>Al perseguir una demanda de la ley del lim\u00f3n RV en California, los resultados potenciales incluyen:<\/p>\n<ul class=\"exclamation\">\n<li>Recompra: El fabricante puede recomprar el veh\u00edculo recreativo, devolvi\u00e9ndole el dinero y teniendo en cuenta el uso.<\/li>\n<li>Cobrar y qued\u00e1rselo: A veces, puede quedarse con el veh\u00edculo recreativo y recibir una compensaci\u00f3n monetaria por los defectos. Cada situaci\u00f3n depende de las caracter\u00edsticas espec\u00edficas de su caso y de la gravedad de los problemas del veh\u00edculo recreativo.<\/li>\n<\/ul>\n\n\t\t<\/div>\n\t<\/div>\n<\/div><\/div><\/div><\/div><\/div><div id=\"5\" class=\"vc_row wpb_row light1 blurb-row vc_custom_1723226060669\"><div class=\"container\"><div class=\"wpb_column vc_column_container vc_col-sm-12\"><div class=\"vc_column-inner\"><div class=\"wpb_wrapper\">\n\t<div class=\"wpb_text_column wpb_content_element  mb0\" >\n\t\t<div class=\"wpb_wrapper\">\n\t\t\t<h2 style=\"text-align: center;\">C\u00f3mo un abogado de la Ley del Lim\u00f3n puede ayudar con su reclamo RV<\/h2>\n<hr class=\"line\" \/>\n<p style=\"text-align: center;\">Asociarse con un abogado de confianza de California RV ley de lim\u00f3n es esencial cuando se trata de un RV lim\u00f3n. Los abogados experimentados entienden las complejidades de la ley y pueden abogar eficazmente en su nombre. Ellos se encargar\u00e1n de las presentaciones legales, negociar con los fabricantes, y, si es necesario, que lo represente en la corte para asegurar el mejor resultado posible.<\/p>\n<p style=\"text-align: center;\">Si usted sospecha que su RV es un lim\u00f3n, no dude en ponerse en contacto con Prestige Legal Solutions para una consulta gratuita y sin compromiso en <a href=\"tel:+1(310) 627-2665\">(310) 627-2665<\/a> para explorar sus opciones e iniciar el proceso hacia la resoluci\u00f3n.<\/p>\n\n\t\t<\/div>\n\t<\/div>\n<\/div><\/div><\/div><\/div><\/div><div class=\"vc_row wpb_row cta-row dark1\"><div class=\"container\"><div class=\"wpb_column vc_column_container vc_col-sm-12\"><div class=\"vc_column-inner\"><div class=\"wpb_wrapper\">\n\t<div class=\"wpb_text_column wpb_content_element  mb0\" >\n\t\t<div class=\"wpb_wrapper\">\n\t\t\t<h3>\u00bfSu veh\u00edculo recreativo es defectuoso? \u00a1Aver\u00edg\u00fcelo ahora!<\/h3>\n<p style=\"text-align: center;\"><button class=\"uk-button uk-button-primary\" data-tf-popup=\"DVNfUe4Z\" data-tf-iframe-props=\"title=Lemon Law: Pre-Qualification Form\" data-tf-medium=\"snippet\" data-tf-transitive-search-params=\"network, keyword, matchtype, targetid, utm_campaign, campaignid, campaignname, adgroupid, adgroupname, creative, creativeid, creativename, feeditemid, device, devicemodel, loc_interest_ms, loc_physical_ms, placement, lpurl, gclid, wbraid, gbraid, msclkid, fbclid, querystring, getemails, source, utm_source, utm_medium, contactmethod\" data-tf-hidden=\"source=,utm_campaign=,utm_term=,utm_content=,network=,keyword=,matchtype=,targetid=,campaignid=,campaignname=,adgroupid=,adgroupname=,creative=,creativeid=,creativename=,feeditemid=,device=,devicemodel=,loc_interest_ms=,loc_physical_ms=,placement=,lpurl=&#091;geturl&#093;,gclid=,wbraid=,gbraid=,msclkid=,fbclid=,querystring=,getemails=,utm_source=,utm_medium=,contactmethod=glphome\">VERIFIQUE SI CALIFICA<br \/>\n<\/button><\/p>\n<p><script src=\"\/\/embed.typeform.com\/next\/embed.js\"><\/script><\/p>\n\n\t\t<\/div>\n\t<\/div>\n<\/div><\/div><\/div><\/div><\/div><div class=\"vc_row wpb_row light1 other-services multi-row manual-products-grid blurb-row\"><div class=\"container\"><div class=\"wpb_column vc_column_container vc_col-sm-12\"><div class=\"vc_column-inner\"><div class=\"wpb_wrapper\">\n\t<div class=\"wpb_text_column wpb_content_element  mb0\" >\n\t\t<div class=\"wpb_wrapper\">\n\t\t\t<h3 style=\"text-align: center;\">M\u00e1s recursos sobre la Ley del Lim\u00f3n de California<\/h3>\n<hr class=\"line\" \/>\n\n\t\t<\/div>\n\t<\/div>\n<div class=\"vc_row wpb_row vc_inner vc_row-fluid\"><div class=\"wpb_column vc_column_container vc_col-sm-3\"><div class=\"vc_column-inner\"><div class=\"wpb_wrapper\">\n\t<div class=\"wpb_text_column wpb_content_element  vc_custom_1732740583805 mb0-desktop\" >\n\t\t<div class=\"wpb_wrapper\">\n\t\t\t<h4 style=\"text-align: center;\">ARCHIVAR UN LIM\u00d3N<br \/>\nRECLAMACI\u00d3N JUDICIAL<\/h4>\n<p style=\"text-align: center;\"><a class=\"btn-bt default\" title=\"Reclamaci\u00f3n de la Ley Lim\u00f3n en California\" href=\"https:\/\/lemonlaws.com\/california-lemon-law\/faq\/how-to-file-a-lemon-law-claim-ca\/\">M\u00c1S INFO<\/a><\/p>\n\n\t\t<\/div>\n\t<\/div>\n<\/div><\/div><\/div><div class=\"wpb_column vc_column_container vc_col-sm-3\"><div class=\"vc_column-inner\"><div class=\"wpb_wrapper\">\n\t<div class=\"wpb_text_column wpb_content_element  vc_custom_1732739721966 mb0-desktop\" >\n\t\t<div class=\"wpb_wrapper\">\n\t\t\t<h4 style=\"text-align: center;\">RECOMPRA<br \/>\nPROCESO<\/h4>\n<p style=\"text-align: center;\"><a class=\"btn-bt default\" title=\"Ley del Lim\u00f3n de recompra en California\" href=\"https:\/\/lemonlaws.com\/es\/california-ley-limon\/faq-preguntas\/ca-ley-limon-recompra\/\">M\u00c1S INFO<\/a><\/p>\n\n\t\t<\/div>\n\t<\/div>\n<\/div><\/div><\/div><div class=\"wpb_column vc_column_container vc_col-sm-3\"><div class=\"vc_column-inner\"><div class=\"wpb_wrapper\">\n\t<div class=\"wpb_text_column wpb_content_element  vc_custom_1732739758960 mb0-desktop\" >\n\t\t<div class=\"wpb_wrapper\">\n\t\t\t<h4 style=\"text-align: center;\">PLAZOS Y<br \/>\nESTATUTO<\/h4>\n<p style=\"text-align: center;\"><a class=\"btn-bt default\" title=\"California Ley del Lim\u00f3n Plazos y Estatuto\" href=\"https:\/\/lemonlaws.com\/es\/california-ley-limon\/faq-preguntas\/ley-del-limon-de-california-plazos-estatuto\/\">M\u00c1S INFO<\/a><\/p>\n\n\t\t<\/div>\n\t<\/div>\n<\/div><\/div><\/div><div class=\"wpb_column vc_column_container vc_col-sm-3\"><div class=\"vc_column-inner\"><div class=\"wpb_wrapper\">\n\t<div class=\"wpb_text_column wpb_content_element  vc_custom_1732739777233 mb0-desktop\" >\n\t\t<div class=\"wpb_wrapper\">\n\t\t\t<h4 style=\"text-align: center;\">PRESUNCI\u00d3N &amp;<br \/>\nCUALIFICACIONES<\/h4>\n<p style=\"text-align: center;\"><a class=\"btn-bt default\" title=\"Requisitos de la Ley del Lim\u00f3n en California\" href=\"https:\/\/lemonlaws.com\/es\/california-ley-limon\/faq-preguntas\/ca-ley-limon-cualificaciones\/\">M\u00c1S INFO<\/a><\/p>\n\n\t\t<\/div>\n\t<\/div>\n<\/div><\/div><\/div><\/div><\/div><\/div><\/div><\/div><\/div><div class=\"vc_row wpb_row light1 blurb-row vc_custom_1718212636471\"><div class=\"container\"><div class=\"wpb_column vc_column_container vc_col-sm-12\"><div class=\"vc_column-inner\"><div class=\"wpb_wrapper\">\n\t<div class=\"wpb_text_column wpb_content_element  mb0\" >\n\t\t<div class=\"wpb_wrapper\">\n\t\t\t<p style=\"text-align: right;\"><span style=\"color: #c7c7c7;\"><em>Cr\u00e9dito de la imagen: <a style=\"color: #c7c7c7;\" href=\"https:\/\/www.shutterstock.com\/g\/martinmark\" rel=\"nofollow\">Maridav<\/a> \/ Shutterstock<\/em><\/span><\/p>\n\n\t\t<\/div>\n\t<\/div>\n<\/div><\/div><\/div><\/div><\/div>\n<\/div>","protected":false},"excerpt":{"rendered":"Free Case Evaluations &amp; No Fees Until We Win SEE IF YOU QUALIFY RV Lemon Law in California Understanding RV lemon laws in California is key for RV owners with persistent vehicle issues. California consumers can seek compensation for defective vehicles thanks to the RV lemon law. Under the Song-Beverly Consumer Warranty Act, California provides&hellip; <a class=\"more-link\" href=\"https:\/\/lemonlaws.com\/es\/california-rv-lemon-law\/\">Seguir leyendo <span class=\"screen-reader-text\">Abogado de la Ley del Lim\u00f3n para Veh\u00edculos Recreativos en California<\/span><\/a>","protected":false},"author":1,"featured_media":0,"parent":0,"menu_order":0,"comment_status":"closed","ping_status":"closed","template":"","meta":{"_acf_changed":false,"content-type":"","h5ap_radio_sources":[],"footnotes":""},"class_list":["post-3861","page","type-page","status-publish","entry"],"acf":[],"aioseo_notices":[],"_links":{"self":[{"href":"https:\/\/lemonlaws.com\/es\/wp-json\/wp\/v2\/pages\/3861","targetHints":{"allow":["GET"]}}],"collection":[{"href":"https:\/\/lemonlaws.com\/es\/wp-json\/wp\/v2\/pages"}],"about":[{"href":"https:\/\/lemonlaws.com\/es\/wp-json\/wp\/v2\/types\/page"}],"author":[{"embeddable":true,"href":"https:\/\/lemonlaws.com\/es\/wp-json\/wp\/v2\/users\/1"}],"replies":[{"embeddable":true,"href":"https:\/\/lemonlaws.com\/es\/wp-json\/wp\/v2\/comments?post=3861"}],"version-history":[{"count":0,"href":"https:\/\/lemonlaws.com\/es\/wp-json\/wp\/v2\/pages\/3861\/revisions"}],"wp:attachment":[{"href":"https:\/\/lemonlaws.com\/es\/wp-json\/wp\/v2\/media?parent=3861"}],"curies":[{"name":"wp","href":"https:\/\/api.w.org\/{rel}","templated":true}]}}