{"id":3679,"date":"2024-07-02T13:51:15","date_gmt":"2024-07-02T20:51:15","guid":{"rendered":"https:\/\/lemonlaws2.vmgagencysites.com\/?page_id=3679"},"modified":"2026-04-08T18:00:46","modified_gmt":"2026-04-09T01:00:46","slug":"acerca-de","status":"publish","type":"page","link":"https:\/\/lemonlaws.com\/es\/about\/","title":{"rendered":"Sobre nosotros"},"content":{"rendered":"<div class=\"wpb-content-wrapper\"><div class=\"vc_row wpb_row cta-row dark1\"><div class=\"container\"><div class=\"wpb_column vc_column_container vc_col-sm-12\"><div class=\"vc_column-inner\"><div class=\"wpb_wrapper\">\n\t<div class=\"wpb_text_column wpb_content_element  mb0\" >\n\t\t<div class=\"wpb_wrapper\">\n\t\t\t<h3>Solicitar una consulta gratuita<\/h3>\n<p style=\"text-align: center;\"><button class=\"uk-button uk-button-primary\" data-tf-popup=\"DVNfUe4Z\" data-tf-iframe-props=\"title=Lemon Law: Pre-Qualification Form\" data-tf-medium=\"snippet\" data-tf-transitive-search-params=\"network, keyword, matchtype, targetid, utm_campaign, campaignid, campaignname, adgroupid, adgroupname, creative, creativeid, creativename, feeditemid, device, devicemodel, loc_interest_ms, loc_physical_ms, placement, lpurl, gclid, wbraid, gbraid, msclkid, fbclid, querystring, getemails, source, utm_source, utm_medium, contactmethod\" data-tf-hidden=\"source=,utm_campaign=,utm_term=,utm_content=,network=,keyword=,matchtype=,targetid=,campaignid=,campaignname=,adgroupid=,adgroupname=,creative=,creativeid=,creativename=,feeditemid=,device=,devicemodel=,loc_interest_ms=,loc_physical_ms=,placement=,lpurl=&#091;geturl&#093;,gclid=,wbraid=,gbraid=,msclkid=,fbclid=,querystring=,getemails=,utm_source=,utm_medium=,contactmethod=glphome\">EMPEZAR<\/button><\/p>\n<p><script src=\"\/\/embed.typeform.com\/next\/embed.js\"><\/script><\/p>\n\n\t\t<\/div>\n\t<\/div>\n<\/div><\/div><\/div><\/div><\/div><div class=\"vc_row wpb_row\"><div class=\"container\"><div class=\"wpb_column vc_column_container vc_col-sm-12\"><div class=\"vc_column-inner\"><div class=\"wpb_wrapper\">\n\t<div class=\"wpb_text_column wpb_content_element  mb0\" >\n\t\t<div class=\"wpb_wrapper\">\n\t\t\t<p style=\"text-align: center;\">Somos una firma de abogados que se especializa en buscar justicia para los consumidores que han comprado veh\u00edculos defectuosos. Nuestro equipo de abogados experimentados est\u00e1 dedicado a proporcionar a los clientes la representaci\u00f3n legal necesaria para enfrentarse a los abogados del fabricante del veh\u00edculo. Tenemos un historial exitoso en el manejo de reclamos bajo la Ley Lim\u00f3n y somos un defensor de confianza para los consumidores que enfrentan problemas con sus veh\u00edculos.<\/p>\n\n\t\t<\/div>\n\t<\/div>\n<\/div><\/div><\/div><\/div><\/div><div class=\"vc_row wpb_row fifty-fifty image-left dark1 flip-mobile\"><div class=\"container\"><div class=\"wpb_column vc_column_container vc_col-sm-6 vc_col-has-fill\"><div class=\"vc_column-inner vc_custom_1719938319002\"><div class=\"wpb_wrapper\"><\/div><\/div><\/div><div class=\"wpb_column vc_column_container vc_col-sm-6\"><div class=\"vc_column-inner\"><div class=\"wpb_wrapper\">\n\t<div class=\"wpb_text_column wpb_content_element  mb0\" >\n\t\t<div class=\"wpb_wrapper\">\n\t\t\t<h2><span style=\"vertical-align: inherit;\"><span style=\"vertical-align: inherit; color: #fff;\">First Lemon Law Law Firm in California<\/span><\/span><\/h2>\n<p><span style=\"vertical-align: inherit;\"><span style=\"vertical-align: inherit; color: #fff;\">At Cali Lemon Lawyers, we are a highly respected law firm handling Lemon Law cases in California. Our <a href=\"https:\/\/lemonlaws.com\/es\/california-lemon-law-attorney\/\">Abogado de la ley del lim\u00f3n de California<\/a> team<\/span><\/span><span style=\"vertical-align: inherit;\"><span style=\"vertical-align: inherit; color: #fff;\">&nbsp;built a solid reputation for our experience and extensive knowledge in this area of law. Customers trust us as the state&#8217;s top choice for lemon law cases. Our team is comprised of dedicated and knowledgeable attorneys committed to helping those who have purchased a defective vehicle covered by the Lemon Law in California. If you are facing the challenge of owning a defective car, Cali Lemon Lawyers is the firm you can trust to provide expert legal assistance and guidance.<\/span><\/span><\/p>\n\n\t\t<\/div>\n\t<\/div>\n<\/div><\/div><\/div><\/div><\/div><div class=\"vc_row wpb_row light1 blurb-row vc_custom_1666280653497\"><div class=\"container\"><div class=\"wpb_column vc_column_container vc_col-sm-1\"><div class=\"vc_column-inner\"><div class=\"wpb_wrapper\"><\/div><\/div><\/div><div class=\"wpb_column vc_column_container vc_col-sm-10\"><div class=\"vc_column-inner\"><div class=\"wpb_wrapper\">\n\t<div class=\"wpb_text_column wpb_content_element\" >\n\t\t<div class=\"wpb_wrapper\">\n\t\t\t<h3 style=\"text-align: center;\">Nuestro Compromiso con Nuestros Clientes<\/h3>\n<hr class=\"line\" \/>\n<p style=\"text-align: center;\">Cali Lemon Lawyers ofrece representaci\u00f3n legal experta y defensa del consumidor en casos de Ley Lim\u00f3n. Luchamos por los derechos de las personas que han comprado veh\u00edculos defectuosos, asegur\u00e1ndonos de que reciban la compensaci\u00f3n y justicia adecuadas. Con un s\u00f3lido historial de \u00e9xito y a\u00f1os de experiencia, Cali Lemon Lawyers proporciona un servicio y apoyo de primera calidad durante todo el proceso legal.<\/p>\n\n\t\t<\/div>\n\t<\/div>\n\n\t<div class=\"wpb_text_column wpb_content_element  mb0\" >\n\t\t<div class=\"wpb_wrapper\">\n\t\t\t<p style=\"text-align: center;\"><button class=\"uk-button uk-button-primary alternate\" data-tf-popup=\"DVNfUe4Z\" data-tf-iframe-props=\"title=Lemon Law: Pre-Qualification Form\" data-tf-medium=\"snippet\" data-tf-transitive-search-params=\"network, keyword, matchtype, targetid, utm_campaign, campaignid, campaignname, adgroupid, adgroupname, creative, creativeid, creativename, feeditemid, device, devicemodel, loc_interest_ms, loc_physical_ms, placement, lpurl, gclid, wbraid, gbraid, msclkid, fbclid, querystring, getemails, source, utm_source, utm_medium, contactmethod\" data-tf-hidden=\"source=,utm_campaign=,utm_term=,utm_content=,network=,keyword=,matchtype=,targetid=,campaignid=,campaignname=,adgroupid=,adgroupname=,creative=,creativeid=,creativename=,feeditemid=,device=,devicemodel=,loc_interest_ms=,loc_physical_ms=,placement=,lpurl=&#091;geturl&#093;,gclid=,wbraid=,gbraid=,msclkid=,fbclid=,querystring=,getemails=,utm_source=,utm_medium=,contactmethod=glphome\">SOLICITE UNA CONSULTA GRATUITA<\/button><br \/>\n<script src=\"\/\/embed.typeform.com\/next\/embed.js\"><\/script><\/p>\n\n\t\t<\/div>\n\t<\/div>\n<\/div><\/div><\/div><div class=\"wpb_column vc_column_container vc_col-sm-1\"><div class=\"vc_column-inner\"><div class=\"wpb_wrapper\"><\/div><\/div><\/div><\/div><\/div><div class=\"vc_row wpb_row fifty-fifty image-right dark1\"><div class=\"container\"><div class=\"wpb_column vc_column_container vc_col-sm-6\"><div class=\"vc_column-inner\"><div class=\"wpb_wrapper\">\n\t<div class=\"wpb_text_column wpb_content_element  mb0\" >\n\t\t<div class=\"wpb_wrapper\">\n\t\t\t<h2 style=\"text-align: right;\">Abogados Especializados en la Ley Lim\u00f3n que Sirven En Todo el Estado de California<\/h2>\n<p style=\"text-align: right;\">Si necesitas un abogado de Ley Lim\u00f3n en California, no busques m\u00e1s all\u00e1 de nuestro equipo, que sirve a todo California. Nuestros abogados experimentados est\u00e1n bien versados en casos de Ley Lim\u00f3n y luchar\u00e1n para asegurarse de que recibas la compensaci\u00f3n que mereces por tu veh\u00edculo. Ya sea que est\u00e9s en Los \u00c1ngeles, San Diego, Sacramento, San Francisco, el Condado de Orange o en cualquier otro lugar de California, nuestro equipo est\u00e1 aqu\u00ed para ayudarte a navegar las complejidades de la Ley Lim\u00f3n y buscar justicia en tu nombre.<\/p>\n\n\t\t<\/div>\n\t<\/div>\n<\/div><\/div><\/div><div class=\"wpb_column vc_column_container vc_col-sm-6 vc_col-has-fill\"><div class=\"vc_column-inner vc_custom_1718130082647\"><div class=\"wpb_wrapper\"><\/div><\/div><\/div><\/div><\/div><div class=\"vc_row wpb_row light1 blurb-row vc_custom_1666280653497\"><div class=\"container\"><div class=\"wpb_column vc_column_container vc_col-sm-1\"><div class=\"vc_column-inner\"><div class=\"wpb_wrapper\"><\/div><\/div><\/div><div class=\"wpb_column vc_column_container vc_col-sm-10\"><div class=\"vc_column-inner\"><div class=\"wpb_wrapper\">\n\t<div class=\"wpb_text_column wpb_content_element  mb0\" >\n\t\t<div class=\"wpb_wrapper\">\n\t\t\t<h2 style=\"text-align: center;\">Qu\u00e9 Esperar de Nuestra Firma de Abogados Ley Lim\u00f3n<\/h2>\n<hr class=\"line\" \/>\n<p style=\"text-align: center;\">En Cali Lemon Lawyers, nuestra firma de Ley Lim\u00f3n opera sobre una base de contingencia, lo que significa que solo nos pagan si ganamos su caso con \u00e9xito. Esto permite que las personas que han tenido problemas con sus veh\u00edculos cubiertos por la Ley Lim\u00f3n puedan buscar representaci\u00f3n legal sin preocuparse por los costos iniciales. Nuestro equipo est\u00e1 dedicado a ayudar a los clientes a navegar las complejidades de los casos de la Ley Lim\u00f3n y luchar por la compensaci\u00f3n que merecen.<\/p>\n\n\t\t<\/div>\n\t<\/div>\n<\/div><\/div><\/div><div class=\"wpb_column vc_column_container vc_col-sm-1\"><div class=\"vc_column-inner\"><div class=\"wpb_wrapper\"><\/div><\/div><\/div><\/div><\/div><div class=\"vc_row wpb_row vc_custom_1718131857476\"><div class=\"container\"><div class=\"wpb_column vc_column_container vc_col-sm-4\"><div class=\"vc_column-inner\"><div class=\"wpb_wrapper\">\n\t<div class=\"wpb_text_column wpb_content_element  mb0-desktop\" >\n\t\t<div class=\"wpb_wrapper\">\n\t\t\t<p><img decoding=\"async\" class=\"aligncenter size-thumbnail wp-image-3100\" src=\"https:\/\/lemonlaws.com\/wp-content\/uploads\/2024\/06\/icon-EXCEPTIONAL-SERVICE@2x-150x150.png\" alt=\"\" width=\"100\" height=\"100\" srcset=\"https:\/\/lemonlaws.com\/wp-content\/uploads\/2024\/06\/icon-EXCEPTIONAL-SERVICE@2x-150x150.png 150w, https:\/\/lemonlaws.com\/wp-content\/uploads\/2024\/06\/icon-EXCEPTIONAL-SERVICE@2x-75x75.png 75w, https:\/\/lemonlaws.com\/wp-content\/uploads\/2024\/06\/icon-EXCEPTIONAL-SERVICE@2x.png 210w\" sizes=\"(max-width: 100px) 100vw, 100px\" \/><\/p>\n<h4 style=\"text-align: center;\">SERVICIO<br \/>\nEXCEPCIONAL<\/h4>\n\n\t\t<\/div>\n\t<\/div>\n<\/div><\/div><\/div><div class=\"wpb_column vc_column_container vc_col-sm-4\"><div class=\"vc_column-inner\"><div class=\"wpb_wrapper\">\n\t<div class=\"wpb_text_column wpb_content_element  mb0-desktop\" >\n\t\t<div class=\"wpb_wrapper\">\n\t\t\t<p><img decoding=\"async\" class=\"aligncenter size-thumbnail wp-image-3101\" src=\"https:\/\/lemonlaws.com\/wp-content\/uploads\/2024\/06\/icon-EXPERIENCED-ATTORNEYS@2x-150x150.png\" alt=\"\" width=\"100\" height=\"100\" srcset=\"https:\/\/lemonlaws.com\/wp-content\/uploads\/2024\/06\/icon-EXPERIENCED-ATTORNEYS@2x-150x150.png 150w, https:\/\/lemonlaws.com\/wp-content\/uploads\/2024\/06\/icon-EXPERIENCED-ATTORNEYS@2x-75x75.png 75w, https:\/\/lemonlaws.com\/wp-content\/uploads\/2024\/06\/icon-EXPERIENCED-ATTORNEYS@2x.png 210w\" sizes=\"(max-width: 100px) 100vw, 100px\" \/><\/p>\n<h4 style=\"text-align: center;\">EXPERIENCED LAWYERS<\/h4>\n\n\t\t<\/div>\n\t<\/div>\n<\/div><\/div><\/div><div class=\"wpb_column vc_column_container vc_col-sm-4\"><div class=\"vc_column-inner\"><div class=\"wpb_wrapper\">\n\t<div class=\"wpb_text_column wpb_content_element  mb0\" >\n\t\t<div class=\"wpb_wrapper\">\n\t\t\t<p><img decoding=\"async\" class=\"aligncenter size-thumbnail wp-image-3102\" src=\"https:\/\/lemonlaws.com\/wp-content\/uploads\/2024\/06\/icon-TRUSTWORTHY-CARING@2x-150x150.png\" alt=\"\" width=\"100\" height=\"100\" srcset=\"https:\/\/lemonlaws.com\/wp-content\/uploads\/2024\/06\/icon-TRUSTWORTHY-CARING@2x-150x150.png 150w, https:\/\/lemonlaws.com\/wp-content\/uploads\/2024\/06\/icon-TRUSTWORTHY-CARING@2x-75x75.png 75w, https:\/\/lemonlaws.com\/wp-content\/uploads\/2024\/06\/icon-TRUSTWORTHY-CARING@2x.png 212w\" sizes=\"(max-width: 100px) 100vw, 100px\" \/><\/p>\n<h4 style=\"text-align: center;\">FIABLES Y CUIDADOSOS<\/h4>\n\n\t\t<\/div>\n\t<\/div>\n<\/div><\/div><\/div><\/div><\/div><div class=\"vc_row wpb_row light1 blurb-row vc_custom_1666280653497\"><div class=\"container\"><div class=\"wpb_column vc_column_container vc_col-sm-1\"><div class=\"vc_column-inner\"><div class=\"wpb_wrapper\"><\/div><\/div><\/div><div class=\"wpb_column vc_column_container vc_col-sm-10\"><div class=\"vc_column-inner\"><div class=\"wpb_wrapper\">\n\t<div class=\"wpb_text_column wpb_content_element  mb0\" >\n\t\t<div class=\"wpb_wrapper\">\n\t\t\t<p style=\"text-align: center;\"><button class=\"uk-button uk-button-primary alternate\" data-tf-popup=\"DVNfUe4Z\" data-tf-iframe-props=\"title=Lemon Law: Pre-Qualification Form\" data-tf-medium=\"snippet\" data-tf-transitive-search-params=\"network, keyword, matchtype, targetid, utm_campaign, campaignid, campaignname, adgroupid, adgroupname, creative, creativeid, creativename, feeditemid, device, devicemodel, loc_interest_ms, loc_physical_ms, placement, lpurl, gclid, wbraid, gbraid, msclkid, fbclid, querystring, getemails, source, utm_source, utm_medium, contactmethod\" data-tf-hidden=\"source=,utm_campaign=,utm_term=,utm_content=,network=,keyword=,matchtype=,targetid=,campaignid=,campaignname=,adgroupid=,adgroupname=,creative=,creativeid=,creativename=,feeditemid=,device=,devicemodel=,loc_interest_ms=,loc_physical_ms=,placement=,lpurl=&#091;geturl&#093;,gclid=,wbraid=,gbraid=,msclkid=,fbclid=,querystring=,getemails=,utm_source=,utm_medium=,contactmethod=glphome\">SOLICITE UNA CONSULTA GRATUITA<\/button><br \/>\n<script src=\"\/\/embed.typeform.com\/next\/embed.js\"><\/script><\/p>\n\n\t\t<\/div>\n\t<\/div>\n<\/div><\/div><\/div><div class=\"wpb_column vc_column_container vc_col-sm-1\"><div class=\"vc_column-inner\"><div class=\"wpb_wrapper\"><\/div><\/div><\/div><\/div><\/div><div class=\"vc_row wpb_row fifty-fifty image-right dark1\"><div class=\"container\"><div class=\"wpb_column vc_column_container vc_col-sm-6\"><div class=\"vc_column-inner\"><div class=\"wpb_wrapper\">\n\t<div class=\"wpb_text_column wpb_content_element  mb0\" >\n\t\t<div class=\"wpb_wrapper\">\n\t\t\t<h2 style=\"text-align: right;\">Nuestra Firma de Abogados Ley Lim\u00f3n Trabaja en Base a Contingencia<\/h2>\n<p style=\"text-align: right;\">En Cali Lemon Lawyers, nuestra firma de Ley Lim\u00f3n opera sobre una base de contingencia, lo que significa que solo nos pagan si ganamos su caso con \u00e9xito. Esto permite que las personas que han tenido problemas con sus veh\u00edculos cubiertos por la Ley Lim\u00f3n puedan buscar representaci\u00f3n legal sin preocuparse por los costos iniciales. Nuestro equipo est\u00e1 dedicado a ayudar a los clientes a navegar las complejidades de los casos de la Ley Lim\u00f3n y luchar por la compensaci\u00f3n que merecen.<\/p>\n\n\t\t<\/div>\n\t<\/div>\n<\/div><\/div><\/div><div class=\"wpb_column vc_column_container vc_col-sm-6 vc_col-has-fill\"><div class=\"vc_column-inner vc_custom_1719938352477\"><div class=\"wpb_wrapper\"><\/div><\/div><\/div><\/div><\/div><div class=\"vc_row wpb_row fifty-fifty image-left light1 flip-mobile\"><div class=\"container\"><div class=\"wpb_column vc_column_container vc_col-sm-6 vc_col-has-fill\"><div class=\"vc_column-inner vc_custom_1719938520618\"><div class=\"wpb_wrapper\"><\/div><\/div><\/div><div class=\"wpb_column vc_column_container vc_col-sm-6\"><div class=\"vc_column-inner\"><div class=\"wpb_wrapper\">\n\t<div class=\"wpb_text_column wpb_content_element  mb0\" >\n\t\t<div class=\"wpb_wrapper\">\n\t\t\t<h3>\u00a1Comience Hoy Su Revisi\u00f3n de Caso GRATIS!<\/h3>\n<p>Si tienes un auto &#8220;lim\u00f3n&#8221; en California, es importante buscar ayuda legal para proteger tus derechos y buscar compensaci\u00f3n. Los abogados de Cali Lemon Lawyers pueden revisar tu caso de forma gratuita y guiarte sobre c\u00f3mo proceder. No dudes en contactarlos para comenzar a buscar justicia y recuperaci\u00f3n financiera.<\/p>\n\n\t\t<\/div>\n\t<\/div>\n<\/div><\/div><\/div><\/div><\/div><div class=\"vc_row wpb_row cta-row dark1\"><div class=\"container\"><div class=\"wpb_column vc_column_container vc_col-sm-12\"><div class=\"vc_column-inner\"><div class=\"wpb_wrapper\">\n\t<div class=\"wpb_text_column wpb_content_element  mb0\" >\n\t\t<div class=\"wpb_wrapper\">\n\t\t\t<h3>Solicita una Consulta Gratis Hoy Mismo<\/h3>\n<p style=\"text-align: center;\"><button class=\"uk-button uk-button-primary\" data-tf-popup=\"DVNfUe4Z\" data-tf-iframe-props=\"title=Lemon Law: Pre-Qualification Form\" data-tf-medium=\"snippet\" data-tf-transitive-search-params=\"network, keyword, matchtype, targetid, utm_campaign, campaignid, campaignname, adgroupid, adgroupname, creative, creativeid, creativename, feeditemid, device, devicemodel, loc_interest_ms, loc_physical_ms, placement, lpurl, gclid, wbraid, gbraid, msclkid, fbclid, querystring, getemails, source, utm_source, utm_medium, contactmethod\" data-tf-hidden=\"source=,utm_campaign=,utm_term=,utm_content=,network=,keyword=,matchtype=,targetid=,campaignid=,campaignname=,adgroupid=,adgroupname=,creative=,creativeid=,creativename=,feeditemid=,device=,devicemodel=,loc_interest_ms=,loc_physical_ms=,placement=,lpurl=&#091;geturl&#093;,gclid=,wbraid=,gbraid=,msclkid=,fbclid=,querystring=,getemails=,utm_source=,utm_medium=,contactmethod=glphome\">EMPEZAR<\/button><\/p>\n<p><script src=\"\/\/embed.typeform.com\/next\/embed.js\"><\/script><\/p>\n\n\t\t<\/div>\n\t<\/div>\n<\/div><\/div><\/div><\/div><\/div>\n<\/div>","protected":false},"excerpt":{"rendered":"Solicita una Consulta Gratis EMPEZAR Somos una firma de abogados que se especializa en buscar justicia para los consumidores que han comprado veh\u00edculos defectuosos. Nuestro equipo de abogados experimentados est\u00e1 dedicado a proporcionar a los clientes la representaci\u00f3n legal necesaria para enfrentarse a los abogados del fabricante del veh\u00edculo. Tenemos un historial exitoso en el&hellip; <a class=\"more-link\" href=\"https:\/\/lemonlaws.com\/es\/about\/\">Seguir leyendo <span class=\"screen-reader-text\">Sobre nosotros<\/span><\/a>","protected":false},"author":1,"featured_media":0,"parent":0,"menu_order":0,"comment_status":"closed","ping_status":"closed","template":"","meta":{"_acf_changed":false,"content-type":"","h5ap_radio_sources":[],"footnotes":""},"class_list":["post-3679","page","type-page","status-publish","entry"],"acf":[],"aioseo_notices":[],"_links":{"self":[{"href":"https:\/\/lemonlaws.com\/es\/wp-json\/wp\/v2\/pages\/3679","targetHints":{"allow":["GET"]}}],"collection":[{"href":"https:\/\/lemonlaws.com\/es\/wp-json\/wp\/v2\/pages"}],"about":[{"href":"https:\/\/lemonlaws.com\/es\/wp-json\/wp\/v2\/types\/page"}],"author":[{"embeddable":true,"href":"https:\/\/lemonlaws.com\/es\/wp-json\/wp\/v2\/users\/1"}],"replies":[{"embeddable":true,"href":"https:\/\/lemonlaws.com\/es\/wp-json\/wp\/v2\/comments?post=3679"}],"version-history":[{"count":3,"href":"https:\/\/lemonlaws.com\/es\/wp-json\/wp\/v2\/pages\/3679\/revisions"}],"predecessor-version":[{"id":8801,"href":"https:\/\/lemonlaws.com\/es\/wp-json\/wp\/v2\/pages\/3679\/revisions\/8801"}],"wp:attachment":[{"href":"https:\/\/lemonlaws.com\/es\/wp-json\/wp\/v2\/media?parent=3679"}],"curies":[{"name":"wp","href":"https:\/\/api.w.org\/{rel}","templated":true}]}}