{"id":2494,"date":"2022-10-17T13:44:47","date_gmt":"2022-10-17T19:44:47","guid":{"rendered":"https:\/\/lemonlaws2.vmgagencysites.com\/?page_id=2494"},"modified":"2025-06-02T13:41:00","modified_gmt":"2025-06-02T20:41:00","slug":"fabricantes","status":"publish","type":"page","link":"https:\/\/lemonlaws.com\/es\/manufacturers\/","title":{"rendered":"Fabricantes"},"content":{"rendered":"<div class=\"wpb-content-wrapper\"><div class=\"vc_row wpb_row subpage-banner large vc_custom_1718124573702 vc_row-has-fill\"><div class=\"container\"><div class=\"wpb_column vc_column_container vc_col-sm-12\"><div class=\"vc_column-inner\"><div class=\"wpb_wrapper\">\n\t<div class=\"wpb_text_column wpb_content_element  mb0\" >\n\t\t<div class=\"wpb_wrapper\">\n\t\t\t<h1 style=\"text-align: center;\">California Lemon Fabricantes de autom\u00f3viles<\/h1>\n\n\t\t<\/div>\n\t<\/div>\n<\/div><\/div><\/div><\/div><\/div><div class=\"vc_row wpb_row cta-row dark1\"><div class=\"container\"><div class=\"wpb_column vc_column_container vc_col-sm-12\"><div class=\"vc_column-inner\"><div class=\"wpb_wrapper\">\n\t<div class=\"wpb_text_column wpb_content_element  mb0\" >\n\t\t<div class=\"wpb_wrapper\">\n\t\t\t<h3>Evaluamos su caso gratis y sin honorarios<\/h3>\n<!-- HFCM by 99 Robots - Snippet # 19: National &quot;See if You Qualify&quot; Button (EN+ES) -->\n<div data-tf-live=\"01JEEWYR1ZCXMY8M6WGKZTQK4Z\"><\/div><script src=\"\/\/embed.typeform.com\/next\/embed.js\"><\/script>\n<!-- \/end HFCM by 99 Robots -->\n\n\n\t\t<\/div>\n\t<\/div>\n<\/div><\/div><\/div><\/div><\/div><div class=\"vc_row wpb_row dark2\"><div class=\"container\"><div class=\"wpb_column vc_column_container vc_col-sm-12\"><div class=\"vc_column-inner\"><div class=\"wpb_wrapper\">\n\t<div class=\"wpb_text_column wpb_content_element  mb0\" >\n\t\t<div class=\"wpb_wrapper\">\n\t\t\t<p style=\"text-align: center;\">Los fabricantes de coches basura son empresas que fabrican veh\u00edculos con problemas o defectos recurrentes y sin soluci\u00f3n. Estos defectos pueden ir desde problemas mec\u00e1nicos a problemas de seguridad, causando frustraci\u00f3n y una carga financiera para los propietarios. Las leyes del lim\u00f3n de California est\u00e1n en vigor para proteger a los consumidores de la compra de veh\u00edculos defectuosos de los fabricantes, asegurando que reciban una compensaci\u00f3n adecuada o un veh\u00edculo de sustituci\u00f3n. Los consumidores deben investigar y tener cuidado con los fabricantes de coches de lim\u00f3n en California para evitar ser atrapado con un veh\u00edculo defectuoso.<\/p>\n\n\t\t<\/div>\n\t<\/div>\n<\/div><\/div><\/div><\/div><\/div><div class=\"vc_row wpb_row light1 blurb-row vc_custom_1718124794376\"><div class=\"container\"><div class=\"wpb_column vc_column_container vc_col-sm-1\"><div class=\"vc_column-inner\"><div class=\"wpb_wrapper\"><\/div><\/div><\/div><div class=\"wpb_column vc_column_container vc_col-sm-10\"><div class=\"vc_column-inner\"><div class=\"wpb_wrapper\">\n\t<div class=\"wpb_text_column wpb_content_element  mb0\" >\n\t\t<div class=\"wpb_wrapper\">\n\t\t\t<h2 style=\"text-align: center;\">Fabricantes de veh\u00edculos con los que trabajamos<\/h2>\n<hr class=\"line\" \/>\n<p style=\"text-align: center;\">Nuestro bufete trabaja con todos los fabricantes de veh\u00edculos para garantizar que nuestros clientes reciban la indemnizaci\u00f3n que merecen por una reclamaci\u00f3n v\u00e1lida. Si usted tiene un coche defectuoso de Ford, Toyota, <a title=\"Ley del Lim\u00f3n de Honda\" href=\"https:\/\/lemonlaws.com\/es\/fabricantes\/honda-ley-limon\/\">Honda<\/a>, <a title=\"Ley del Lim\u00f3n de Jeep\" href=\"https:\/\/lemonlaws.com\/es\/fabricantes\/jeep-ley-limon\/\">Jeep<\/a>, <a title=\"Ley del Lim\u00f3n de Kia\" href=\"https:\/\/lemonlaws.com\/es\/fabricantes\/kia-ley-limon\/\">Kia<\/a>, <a title=\"Ley del Lim\u00f3n de Tesla\" href=\"https:\/\/lemonlaws.com\/es\/fabricantes\/tesla-ley-limon\/\">Tesla<\/a>o cualquier otro fabricante, nuestros experimentados abogados est\u00e1n aqu\u00ed para ayudarle a navegar por el proceso legal. Los siguientes son algunos de los fabricantes de veh\u00edculos con los que trabajamos frecuentemente.<\/p>\n\n\t\t<\/div>\n\t<\/div>\n<\/div><\/div><\/div><div class=\"wpb_column vc_column_container vc_col-sm-1\"><div class=\"vc_column-inner\"><div class=\"wpb_wrapper\"><\/div><\/div><\/div><\/div><\/div><div class=\"vc_row wpb_row light1 manufactures vc_custom_1718127263733\"><div class=\"container\"><div class=\"wpb_column vc_column_container vc_col-sm-12\"><div class=\"vc_column-inner\"><div class=\"wpb_wrapper\"><div class=\"vc_row wpb_row vc_inner vc_row-fluid vc_custom_1718125145848\"><div class=\"wpb_column vc_column_container vc_col-sm-4\"><div class=\"vc_column-inner\"><div class=\"wpb_wrapper\">\n\t<div  class=\"wpb_single_image wpb_content_element vc_align_center\">\n\t\t\n\t\t<figure class=\"wpb_wrapper vc_figure\">\n\t\t\t<div class=\"vc_single_image-wrapper   vc_box_border_grey\"><img decoding=\"async\" class=\"vc_single_image-img\" src=\"https:\/\/lemonlaws.com\/wp-content\/uploads\/2024\/06\/logo-ford@2x-1.png\" width=\"480\" height=\"420\" alt=\"logo-ford@2x\" title=\"logo-ford@2x\" \/><\/div>\n\t\t<\/figure>\n\t<\/div>\n\n\t<div class=\"wpb_text_column wpb_content_element  vc_custom_1742530878196 mb0-desktop\" >\n\t\t<div class=\"wpb_wrapper\">\n\t\t\t<h3 style=\"text-align: center;\">FORD<\/h3>\n<p style=\"text-align: center;\">\u00bfHa tenido problemas con su veh\u00edculo Ford? Obt\u00e9n m\u00e1s informaci\u00f3n sobre la posible protecci\u00f3n de la Ley Lim\u00f3n aqu\u00ed.<\/p>\n<p style=\"text-align: center;\"><a class=\"btn-bt alternate\" title=\"Ley Lim\u00f3n de Ford\" href=\"https:\/\/lemonlaws.com\/es\/fabricantes\/ford-ley-limon\/\">SABER M\u00c1S<\/a><\/p>\n\n\t\t<\/div>\n\t<\/div>\n<\/div><\/div><\/div><div class=\"wpb_column vc_column_container vc_col-sm-4\"><div class=\"vc_column-inner\"><div class=\"wpb_wrapper\">\n\t<div  class=\"wpb_single_image wpb_content_element vc_align_center\">\n\t\t\n\t\t<figure class=\"wpb_wrapper vc_figure\">\n\t\t\t<div class=\"vc_single_image-wrapper   vc_box_border_grey\"><img decoding=\"async\" class=\"vc_single_image-img\" src=\"https:\/\/lemonlaws.com\/wp-content\/uploads\/2024\/06\/logo-chevrolet@2x-1.png\" width=\"480\" height=\"420\" alt=\"logo-chevrolet@2x\" title=\"logo-chevrolet@2x\" \/><\/div>\n\t\t<\/figure>\n\t<\/div>\n\n\t<div class=\"wpb_text_column wpb_content_element  vc_custom_1748454275584 mb0\" >\n\t\t<div class=\"wpb_wrapper\">\n\t\t\t<h3 style=\"text-align: center;\">CHEVROLET<\/h3>\n<p style=\"text-align: center;\">Si tu veh\u00edculo Chevrolet tiene problemas, debes conocer tus derechos en virtud de la protecci\u00f3n de la ley del lim\u00f3n. Revisa la informaci\u00f3n detallada que te ofrecemos aqu\u00ed.<\/p>\n<p style=\"text-align: center;\"><a class=\"btn-bt alternate\" title=\"Ley Lim\u00f3n de Chevrolet\" href=\"https:\/\/lemonlaws.com\/es\/fabricantes\/chevrolet-ley-limon\/\">SABER M\u00c1S<\/a><\/p>\n\n\t\t<\/div>\n\t<\/div>\n<\/div><\/div><\/div><div class=\"wpb_column vc_column_container vc_col-sm-4\"><div class=\"vc_column-inner\"><div class=\"wpb_wrapper\">\n\t<div  class=\"wpb_single_image wpb_content_element vc_align_center\">\n\t\t\n\t\t<figure class=\"wpb_wrapper vc_figure\">\n\t\t\t<div class=\"vc_single_image-wrapper   vc_box_border_grey\"><img decoding=\"async\" class=\"vc_single_image-img\" src=\"https:\/\/lemonlaws.com\/wp-content\/uploads\/2024\/06\/logo-hyundai@2x-480x420.png\" width=\"480\" height=\"420\" alt=\"logo hyundai\" title=\"logo hyundai\" \/><\/div>\n\t\t<\/figure>\n\t<\/div>\n\n\t<div class=\"wpb_text_column wpb_content_element  vc_custom_1742530822116 mb0-desktop\" >\n\t\t<div class=\"wpb_wrapper\">\n\t\t\t<h3 style=\"text-align: center;\">HYUNDAI<\/h3>\n<p style=\"text-align: center;\">Si su veh\u00edculo Hyundai tiene problemas, es imprescindible que conozca sus derechos en virtud de la protecci\u00f3n de la Ley Lim\u00f3n. Obtenga informaci\u00f3n detallada aqu\u00ed.<\/p>\n<p style=\"text-align: center;\"><a class=\"btn-bt alternate\" title=\"Ley Lim\u00f3n de Hyundai\" href=\"https:\/\/lemonlaws.com\/es\/fabricantes\/hyundai-ley-limon\/\">SABER M\u00c1S<\/a><\/p>\n\n\t\t<\/div>\n\t<\/div>\n<\/div><\/div><\/div><\/div><div class=\"vc_row wpb_row vc_inner vc_row-fluid three-column-row-manufacturers vc_custom_1742531103770 vc_column-gap-15\"><div class=\"wpb_column vc_column_container vc_col-sm-2\"><div class=\"vc_column-inner\"><div class=\"wpb_wrapper\"><\/div><\/div><\/div><div class=\"wpb_column vc_column_container vc_col-sm-4\"><div class=\"vc_column-inner vc_custom_1742531129931\"><div class=\"wpb_wrapper\">\n\t<div  class=\"wpb_single_image wpb_content_element vc_align_center\">\n\t\t\n\t\t<figure class=\"wpb_wrapper vc_figure\">\n\t\t\t<div class=\"vc_single_image-wrapper   vc_box_border_grey\"><img decoding=\"async\" class=\"vc_single_image-img\" src=\"https:\/\/lemonlaws.com\/wp-content\/uploads\/2024\/06\/logo-bmw@2x-1.png\" width=\"480\" height=\"420\" alt=\"logo-bmw@2x\" title=\"logo-bmw@2x\" \/><\/div>\n\t\t<\/figure>\n\t<\/div>\n\n\t<div class=\"wpb_text_column wpb_content_element  vc_custom_1742530611302 mb0-desktop\" >\n\t\t<div class=\"wpb_wrapper\">\n\t\t\t<h3 style=\"text-align: center;\">BMW<\/h3>\n<p style=\"text-align: center;\">Si su veh\u00edculo BMW tiene problemas, es fundamental que conozca a fondo sus derechos en virtud de la protecci\u00f3n de la Ley Lim\u00f3n. T\u00f3mese su tiempo para explorar la informaci\u00f3n detallada que le ofrecemos aqu\u00ed.<\/p>\n<p style=\"text-align: center;\"><a class=\"btn-bt alternate\" title=\"Ley Lim\u00f3n de BMW\" href=\"https:\/\/lemonlaws.com\/es\/fabricantes\/bmw-ley-limon\/\">SABER M\u00c1S<\/a><\/p>\n\n\t\t<\/div>\n\t<\/div>\n<\/div><\/div><\/div><div class=\"wpb_column vc_column_container vc_col-sm-4\"><div class=\"vc_column-inner vc_custom_1742531136710\"><div class=\"wpb_wrapper\">\n\t<div  class=\"wpb_single_image wpb_content_element vc_align_center\">\n\t\t\n\t\t<figure class=\"wpb_wrapper vc_figure\">\n\t\t\t<div class=\"vc_single_image-wrapper   vc_box_border_grey\"><img decoding=\"async\" class=\"vc_single_image-img\" src=\"https:\/\/lemonlaws.com\/wp-content\/uploads\/2024\/06\/logo-gmc@2x-1.png\" width=\"480\" height=\"420\" alt=\"logo-gmc@2x\" title=\"logo-gmc@2x\" \/><\/div>\n\t\t<\/figure>\n\t<\/div>\n\n\t<div class=\"wpb_text_column wpb_content_element  vc_custom_1742530737483 mb0-desktop\" >\n\t\t<div class=\"wpb_wrapper\">\n\t\t\t<h3 style=\"text-align: center;\">GMC<\/h3>\n<p style=\"text-align: center;\">Si su veh\u00edculo GMC tiene problemas, debe acogerse a la protecci\u00f3n de la Ley Lim\u00f3n. Revise la informaci\u00f3n detallada que se proporciona aqu\u00ed.<\/p>\n<p style=\"text-align: center;\"><a class=\"btn-bt alternate\" title=\"GMC Ley Lim\u00f3n\" href=\"https:\/\/lemonlaws.com\/es\/fabricantes\/gmc-ley-limon\/\">SABER M\u00c1S<\/a><\/p>\n\n\t\t<\/div>\n\t<\/div>\n<\/div><\/div><\/div><div class=\"wpb_column vc_column_container vc_col-sm-2\"><div class=\"vc_column-inner\"><div class=\"wpb_wrapper\"><\/div><\/div><\/div><\/div><\/div><\/div><\/div><\/div><\/div><div class=\"vc_row wpb_row fifty-fifty image-right dark2\"><div class=\"container\"><div class=\"wpb_column vc_column_container vc_col-sm-6\"><div class=\"vc_column-inner\"><div class=\"wpb_wrapper\">\n\t<div class=\"wpb_text_column wpb_content_element  mb0\" >\n\t\t<div class=\"wpb_wrapper\">\n\t\t\t<h2>\u00bfQu\u00e9 fabricantes de coches producen m\u00e1s \"Lim\u00f3nes\"?<\/h2>\n<p>Determinar qu\u00e9 fabricantes de coches producen m\u00e1s limones puede ser un tema subjetivo, ya que puede variar de una persona a otra en funci\u00f3n de sus experiencias personales. Sin embargo, algunos de los fabricantes de autom\u00f3viles que suelen producir limones son Fiat, <a title=\"Ley Lim\u00f3n de Ford\" href=\"https:\/\/lemonlaws.com\/es\/fabricantes\/ford-ley-limon\/\">Ford<\/a>, <a title=\"Ley Lim\u00f3n de Hyundai\" href=\"https:\/\/lemonlaws.com\/es\/fabricantes\/hyundai-ley-limon\/\">Hyundai<\/a>General Motors y <a title=\"Ley del Lim\u00f3n de Nissan\" href=\"https:\/\/lemonlaws.com\/es\/fabricantes\/nissan-ley-limon\/\">Nissan<\/a>. Estos fabricantes pueden tener un historial de producci\u00f3n de veh\u00edculos conocidos por tener constantes problemas mec\u00e1nicos o de rendimiento, lo que conduce a una mayor tasa de quejas de los clientes y de retiradas del mercado. Los consumidores deben investigar a fondo y tener en cuenta los \u00edndices de fiabilidad y las opiniones de los clientes antes de comprar un veh\u00edculo a los fabricantes.<\/p>\n\n\t\t<\/div>\n\t<\/div>\n<\/div><\/div><\/div><div class=\"which-car-column wpb_column vc_column_container vc_col-sm-6 vc_col-has-fill\"><div class=\"vc_column-inner vc_custom_1737497995185\"><div class=\"wpb_wrapper\"><\/div><\/div><\/div><\/div><\/div><div class=\"vc_row wpb_row light1 blurb-row bg-image vc_custom_1718127246236 vc_row-has-fill\"><div class=\"container\"><div class=\"wpb_column vc_column_container vc_col-sm-1\"><div class=\"vc_column-inner\"><div class=\"wpb_wrapper\"><\/div><\/div><\/div><div class=\"wpb_column vc_column_container vc_col-sm-10\"><div class=\"vc_column-inner\"><div class=\"wpb_wrapper\">\n\t<div class=\"wpb_text_column wpb_content_element  mb0\" >\n\t\t<div class=\"wpb_wrapper\">\n\t\t\t<h2 style=\"text-align: center;\">Obtenga una indemnizaci\u00f3n de su fabricante<\/h2>\n<hr class=\"line\" \/>\n<p style=\"text-align: center;\">Si ha adquirido un veh\u00edculo defectuoso que le da problemas constantemente, no dude en reclamar una indemnizaci\u00f3n al fabricante. La Ley Lim\u00f3n est\u00e1 en vigor para proteger a los consumidores de veh\u00edculos defectuosos y asegurar que usted reciba la compensaci\u00f3n que se merece. P\u00f3ngase en contacto con los abogados de la Ley Lim\u00f3n de Prestige Legal Solutions hoy para entender sus derechos y comenzar el proceso de obtener la compensaci\u00f3n que le corresponde. No se conforme con un veh\u00edculo defectuoso - act\u00fae y obtenga la compensaci\u00f3n que se merece.<\/p>\n\n\t\t<\/div>\n\t<\/div>\n<\/div><\/div><\/div><div class=\"wpb_column vc_column_container vc_col-sm-1\"><div class=\"vc_column-inner\"><div class=\"wpb_wrapper\"><\/div><\/div><\/div><\/div><\/div><div class=\"vc_row wpb_row cta-row dark1\"><div class=\"container\"><div class=\"wpb_column vc_column_container vc_col-sm-12\"><div class=\"vc_column-inner\"><div class=\"wpb_wrapper\">\n\t<div class=\"wpb_text_column wpb_content_element  mb0\" >\n\t\t<div class=\"wpb_wrapper\">\n\t\t\t<h3>Evaluamos su caso gratis y sin honorarios<\/h3>\n<!-- HFCM by 99 Robots - Snippet # 19: National &quot;See if You Qualify&quot; Button (EN+ES) -->\n<div data-tf-live=\"01JEEWYR1ZCXMY8M6WGKZTQK4Z\"><\/div><script src=\"\/\/embed.typeform.com\/next\/embed.js\"><\/script>\n<!-- \/end HFCM by 99 Robots -->\n\n\n\t\t<\/div>\n\t<\/div>\n<\/div><\/div><\/div><\/div><\/div><div class=\"vc_row wpb_row promo-row fifty-fifty dark1\"><div class=\"container\"><div class=\"our-attorneys wpb_column vc_column_container vc_col-sm-3 vc_col-has-fill\"><div class=\"vc_column-inner vc_custom_1737498007296\"><div class=\"wpb_wrapper\">\n\t<div class=\"wpb_text_column wpb_content_element  mb0\" >\n\t\t<div class=\"wpb_wrapper\">\n\t\t\t<h4 style=\"text-align: center;\">NUESTROS ABOGADOS<\/h4>\n<p style=\"text-align: center;\"><a class=\"btn-bt default\" title=\"conozca a nuestros expertos en la ley del lim\u00f3n\" href=\"#\">SABER M\u00c1S<\/a><\/p>\n\n\t\t<\/div>\n\t<\/div>\n<\/div><\/div><\/div><div class=\"lemon-law wpb_column vc_column_container vc_col-sm-3 vc_col-has-fill\"><div class=\"vc_column-inner vc_custom_1737498015305\"><div class=\"wpb_wrapper\">\n\t<div class=\"wpb_text_column wpb_content_element  mb0\" >\n\t\t<div class=\"wpb_wrapper\">\n\t\t\t<h4 style=\"text-align: center;\">LEY LIM\u00d3N<\/h4>\n<p style=\"text-align: center;\"><a class=\"btn-bt default\" title=\"ley federal del lim\u00f3n faq\" href=\"#\">SABER M\u00c1S<\/a><\/p>\n\n\t\t<\/div>\n\t<\/div>\n<\/div><\/div><\/div><div class=\"about-us wpb_column vc_column_container vc_col-sm-3 vc_col-has-fill\"><div class=\"vc_column-inner vc_custom_1737498022908\"><div class=\"wpb_wrapper\">\n\t<div class=\"wpb_text_column wpb_content_element  mb0\" >\n\t\t<div class=\"wpb_wrapper\">\n\t\t\t<h4 style=\"text-align: center;\">SOBRE NOSOTROS<\/h4>\n<p style=\"text-align: center;\"><a class=\"btn-bt default\" title=\"acerca de nuestro bufete de abogados\" href=\"#\">SABER M\u00c1S<\/a><\/p>\n\n\t\t<\/div>\n\t<\/div>\n<\/div><\/div><\/div><div class=\"locations wpb_column vc_column_container vc_col-sm-3 vc_col-has-fill\"><div class=\"vc_column-inner vc_custom_1737498030308\"><div class=\"wpb_wrapper\">\n\t<div class=\"wpb_text_column wpb_content_element  mb0\" >\n\t\t<div class=\"wpb_wrapper\">\n\t\t\t<h4 style=\"text-align: center;\">UBICACIONES<\/h4>\n<p style=\"text-align: center;\"><a class=\"btn-bt default\" title=\"estados en los que prestamos servicio\" href=\"#\">SABER M\u00c1S<\/a><\/p>\n\n\t\t<\/div>\n\t<\/div>\n<\/div><\/div><\/div><\/div><\/div>\n<\/div>","protected":false},"excerpt":{"rendered":"Fabricantes de Autos Lim\u00f3n de California Evaluaciones de Casos Gratuitas y Sin Honorarios Hasta que Ganemos Los fabricantes de autos lim\u00f3n son compa\u00f1\u00edas que producen veh\u00edculos con problemas o defectos recurrentes e imposibles de arreglar. Estos defectos pueden ir desde problemas mec\u00e1nicos a problemas de seguridad, causando frustraci\u00f3n y carga financiera para los propietarios. Las leyes de lim\u00f3n de California est\u00e1n en su lugar para proteger a los consumidores ... <a class=\"more-link\" href=\"https:\/\/lemonlaws.com\/es\/manufacturers\/\">Seguir leyendo <span class=\"screen-reader-text\">Fabricantes<\/span><\/a>","protected":false},"author":1,"featured_media":0,"parent":0,"menu_order":0,"comment_status":"closed","ping_status":"closed","template":"","meta":{"_acf_changed":false,"content-type":"","h5ap_radio_sources":[],"footnotes":""},"class_list":["post-2494","page","type-page","status-publish","entry"],"acf":[],"aioseo_notices":[],"_links":{"self":[{"href":"https:\/\/lemonlaws.com\/es\/wp-json\/wp\/v2\/pages\/2494","targetHints":{"allow":["GET"]}}],"collection":[{"href":"https:\/\/lemonlaws.com\/es\/wp-json\/wp\/v2\/pages"}],"about":[{"href":"https:\/\/lemonlaws.com\/es\/wp-json\/wp\/v2\/types\/page"}],"author":[{"embeddable":true,"href":"https:\/\/lemonlaws.com\/es\/wp-json\/wp\/v2\/users\/1"}],"replies":[{"embeddable":true,"href":"https:\/\/lemonlaws.com\/es\/wp-json\/wp\/v2\/comments?post=2494"}],"version-history":[{"count":0,"href":"https:\/\/lemonlaws.com\/es\/wp-json\/wp\/v2\/pages\/2494\/revisions"}],"wp:attachment":[{"href":"https:\/\/lemonlaws.com\/es\/wp-json\/wp\/v2\/media?parent=2494"}],"curies":[{"name":"wp","href":"https:\/\/api.w.org\/{rel}","templated":true}]}}