{"id":2486,"date":"2022-10-17T13:38:24","date_gmt":"2022-10-17T19:38:24","guid":{"rendered":"https:\/\/lemonlaws2.vmgagencysites.com\/?page_id=2486"},"modified":"2026-04-08T17:36:30","modified_gmt":"2026-04-09T00:36:30","slug":"about-2","status":"publish","type":"page","link":"https:\/\/lemonlaws.com\/es\/about-2\/","title":{"rendered":"Acerca de"},"content":{"rendered":"<div class=\"wpb-content-wrapper\"><div class=\"vc_row wpb_row cta-row dark1\"><div class=\"container\"><div class=\"wpb_column vc_column_container vc_col-sm-12\"><div class=\"vc_column-inner\"><div class=\"wpb_wrapper\">\n\t<div class=\"wpb_text_column wpb_content_element  mb0\" >\n\t\t<div class=\"wpb_wrapper\">\n\t\t\t<h3>Evaluamos su caso gratis y sin honorarios<\/h3>\n<!-- HFCM by 99 Robots - Snippet # 19: National &quot;See if You Qualify&quot; Button (EN+ES) -->\n<div data-tf-live=\"01JEEWYR1ZCXMY8M6WGKZTQK4Z\"><\/div><script src=\"\/\/embed.typeform.com\/next\/embed.js\"><\/script>\n<!-- \/end HFCM by 99 Robots -->\n\n\n\t\t<\/div>\n\t<\/div>\n<\/div><\/div><\/div><\/div><\/div><div class=\"vc_row wpb_row\"><div class=\"container\"><div class=\"wpb_column vc_column_container vc_col-sm-12\"><div class=\"vc_column-inner\"><div class=\"wpb_wrapper\">\n\t<div class=\"wpb_text_column wpb_content_element  mb0\" >\n\t\t<div class=\"wpb_wrapper\">\n\t\t\t<p style=\"text-align: center;\">Somos un bufete de abogados de California que se especializa en la b\u00fasqueda de justicia para los consumidores que han comprado veh\u00edculos defectuosos. Nuestro equipo de abogados experimentados se dedica a proporcionar a los clientes la representaci\u00f3n legal necesaria para ir cara a cara con los abogados del fabricante del veh\u00edculo. Tenemos un historial exitoso en el manejo de reclamaciones de la ley del lim\u00f3n y somos un defensor de confianza para los consumidores que enfrentan problemas de veh\u00edculos.<\/p>\n\n\t\t<\/div>\n\t<\/div>\n<\/div><\/div><\/div><\/div><\/div><div class=\"vc_row wpb_row fifty-fifty image-left dark1 flip-mobile\"><div class=\"container\"><div class=\"respect-column wpb_column vc_column_container vc_col-sm-6 vc_col-has-fill\"><div class=\"vc_column-inner vc_custom_1750178469973\"><div class=\"wpb_wrapper\"><\/div><\/div><\/div><div class=\"wpb_column vc_column_container vc_col-sm-6\"><div class=\"vc_column-inner\"><div class=\"wpb_wrapper\">\n\t<div class=\"wpb_text_column wpb_content_element  mb0\" >\n\t\t<div class=\"wpb_wrapper\">\n\t\t\t<h2>Una respetada firma de abogados de la Ley Lim\u00f3n<\/h2>\n<p>At Prestige Legal Solutions, we are a highly respected law firm that handles lemon law cases. Our <a href=\"https:\/\/lemonlaws.com\/es\/california-lemon-law-attorney\/\">Abogado de la ley del lim\u00f3n de California<\/a> team have built a solid reputation for our expertise and extensive experience in this area of law. Clients rely on us as California&#8217;s top choice for lemon law cases. Our team comprises dedicated and knowledgeable lawyers committed to helping those who have purchased a defective vehicle covered under federal and California lemon law. If you are facing the challenge of owning a lemon, Lemon Laws by Prestige Legal is the firm you can trust to provide expert legal assistance and guidance.<\/p>\n\n\t\t<\/div>\n\t<\/div>\n<\/div><\/div><\/div><\/div><\/div><div class=\"vc_row wpb_row accent1 blurb-row vc_custom_1734468459938\"><div class=\"container\"><div class=\"wpb_column vc_column_container vc_col-sm-1\"><div class=\"vc_column-inner\"><div class=\"wpb_wrapper\"><\/div><\/div><\/div><div class=\"wpb_column vc_column_container vc_col-sm-10\"><div class=\"vc_column-inner\"><div class=\"wpb_wrapper\">\n\t<div class=\"wpb_text_column wpb_content_element\" >\n\t\t<div class=\"wpb_wrapper\">\n\t\t\t<h2 style=\"text-align: center;\">Nuestra promesa a nuestros clientes<\/h2>\n<hr class=\"line\" \/>\n<p style=\"text-align: center;\">Prestige Legal Solutions ofrece experta representaci\u00f3n legal y defensa del consumidor en casos de la Ley Lim\u00f3n. Luchamos por los derechos de las personas que han comprado veh\u00edculos defectuosos, asegurando que reciban una compensaci\u00f3n adecuada y justicia. Con un s\u00f3lido historial de \u00e9xitos y a\u00f1os de experiencia, Prestige Legal Solutions ofrece un servicio de primera clase y apoyo durante todo el proceso legal.<\/p>\n\n\t\t<\/div>\n\t<\/div>\n\n\t<div class=\"wpb_text_column wpb_content_element  mb0 center-btn\" >\n\t\t<div class=\"wpb_wrapper\">\n\t\t\t<p><center><!-- HFCM by 99 Robots - Snippet # 19: National &quot;See if You Qualify&quot; Button (EN+ES) -->\n<div data-tf-live=\"01JEEWYR1ZCXMY8M6WGKZTQK4Z\"><\/div><script src=\"\/\/embed.typeform.com\/next\/embed.js\"><\/script>\n<!-- \/end HFCM by 99 Robots -->\n<\/center><\/p>\n\n\t\t<\/div>\n\t<\/div>\n<\/div><\/div><\/div><div class=\"wpb_column vc_column_container vc_col-sm-1\"><div class=\"vc_column-inner\"><div class=\"wpb_wrapper\"><\/div><\/div><\/div><\/div><\/div><div class=\"vc_row wpb_row fifty-fifty image-right dark1\"><div class=\"container\"><div class=\"wpb_column vc_column_container vc_col-sm-6\"><div class=\"vc_column-inner\"><div class=\"wpb_wrapper\">\n\t<div class=\"wpb_text_column wpb_content_element  mb0\" >\n\t\t<div class=\"wpb_wrapper\">\n\t\t\t<h2 style=\"text-align: right;\">Abogados de la Ley del Lim\u00f3n al Servicio de los Consumidores en Todo el Estado de California<\/h2>\n<p style=\"text-align: right;\">Si usted necesita un abogado de la ley del lim\u00f3n, no busque m\u00e1s all\u00e1 de nuestro equipo. Nuestros abogados experimentados est\u00e1n bien versados en casos de la ley del lim\u00f3n y luchar\u00e1n para asegurarse de que reciba la compensaci\u00f3n que se merece por su veh\u00edculo. Nuestro equipo est\u00e1 aqu\u00ed para ayudarle a navegar por las complejidades de la ley del lim\u00f3n y buscar la justicia en su nombre.<\/p>\n\n\t\t<\/div>\n\t<\/div>\n<\/div><\/div><\/div><div class=\"serving-column wpb_column vc_column_container vc_col-sm-6 vc_col-has-fill\"><div class=\"vc_column-inner vc_custom_1737488682825\"><div class=\"wpb_wrapper\"><\/div><\/div><\/div><\/div><\/div><div class=\"vc_row wpb_row light1 blurb-row vc_custom_1666280653497\"><div class=\"container\"><div class=\"wpb_column vc_column_container vc_col-sm-1\"><div class=\"vc_column-inner\"><div class=\"wpb_wrapper\"><\/div><\/div><\/div><div class=\"wpb_column vc_column_container vc_col-sm-10\"><div class=\"vc_column-inner\"><div class=\"wpb_wrapper\">\n\t<div class=\"wpb_text_column wpb_content_element  mb0\" >\n\t\t<div class=\"wpb_wrapper\">\n\t\t\t<h2 style=\"text-align: center;\">Qu\u00e9 esperar de nuestra firma de abogados de la Ley Lim\u00f3n<\/h2>\n<hr class=\"line\" \/>\n<p style=\"text-align: center;\">\n\n\t\t<\/div>\n\t<\/div>\n<\/div><\/div><\/div><div class=\"wpb_column vc_column_container vc_col-sm-1\"><div class=\"vc_column-inner\"><div class=\"wpb_wrapper\"><\/div><\/div><\/div><\/div><\/div><div class=\"vc_row wpb_row vc_custom_1718131857476\"><div class=\"container\"><div class=\"wpb_column vc_column_container vc_col-sm-4\"><div class=\"vc_column-inner\"><div class=\"wpb_wrapper\">\n\t<div class=\"wpb_text_column wpb_content_element  mb0-desktop\" >\n\t\t<div class=\"wpb_wrapper\">\n\t\t\t<p><img decoding=\"async\" class=\"aligncenter size-thumbnail wp-image-3100\" src=\"https:\/\/lemonlaws.com\/wp-content\/uploads\/2024\/06\/icon-EXCEPTIONAL-SERVICE@2x-150x150.png\" alt=\"\" width=\"100\" height=\"100\" srcset=\"https:\/\/lemonlaws.com\/wp-content\/uploads\/2024\/06\/icon-EXCEPTIONAL-SERVICE@2x-150x150.png 150w, https:\/\/lemonlaws.com\/wp-content\/uploads\/2024\/06\/icon-EXCEPTIONAL-SERVICE@2x-75x75.png 75w, https:\/\/lemonlaws.com\/wp-content\/uploads\/2024\/06\/icon-EXCEPTIONAL-SERVICE@2x.png 210w\" sizes=\"(max-width: 100px) 100vw, 100px\" \/><\/p>\n<h4 style=\"text-align: center;\">UN SERVICIO EXCEPCIONAL<\/h4>\n\n\t\t<\/div>\n\t<\/div>\n<\/div><\/div><\/div><div class=\"wpb_column vc_column_container vc_col-sm-4\"><div class=\"vc_column-inner\"><div class=\"wpb_wrapper\">\n\t<div class=\"wpb_text_column wpb_content_element  mb0-desktop\" >\n\t\t<div class=\"wpb_wrapper\">\n\t\t\t<p><img decoding=\"async\" class=\"aligncenter size-thumbnail wp-image-3101\" src=\"https:\/\/lemonlaws.com\/wp-content\/uploads\/2024\/06\/icon-EXPERIENCED-ATTORNEYS@2x-150x150.png\" alt=\"\" width=\"100\" height=\"100\" srcset=\"https:\/\/lemonlaws.com\/wp-content\/uploads\/2024\/06\/icon-EXPERIENCED-ATTORNEYS@2x-150x150.png 150w, https:\/\/lemonlaws.com\/wp-content\/uploads\/2024\/06\/icon-EXPERIENCED-ATTORNEYS@2x-75x75.png 75w, https:\/\/lemonlaws.com\/wp-content\/uploads\/2024\/06\/icon-EXPERIENCED-ATTORNEYS@2x.png 210w\" sizes=\"(max-width: 100px) 100vw, 100px\" \/><\/p>\n<h4 style=\"text-align: center;\">ABOGADOS CON EXPERIENCIA<\/h4>\n\n\t\t<\/div>\n\t<\/div>\n<\/div><\/div><\/div><div class=\"wpb_column vc_column_container vc_col-sm-4\"><div class=\"vc_column-inner\"><div class=\"wpb_wrapper\">\n\t<div class=\"wpb_text_column wpb_content_element  mb0\" >\n\t\t<div class=\"wpb_wrapper\">\n\t\t\t<p><img decoding=\"async\" class=\"aligncenter size-thumbnail wp-image-3102\" src=\"https:\/\/lemonlaws.com\/wp-content\/uploads\/2024\/06\/icon-TRUSTWORTHY-CARING@2x-150x150.png\" alt=\"\" width=\"100\" height=\"100\" srcset=\"https:\/\/lemonlaws.com\/wp-content\/uploads\/2024\/06\/icon-TRUSTWORTHY-CARING@2x-150x150.png 150w, https:\/\/lemonlaws.com\/wp-content\/uploads\/2024\/06\/icon-TRUSTWORTHY-CARING@2x-75x75.png 75w, https:\/\/lemonlaws.com\/wp-content\/uploads\/2024\/06\/icon-TRUSTWORTHY-CARING@2x.png 212w\" sizes=\"(max-width: 100px) 100vw, 100px\" \/><\/p>\n<h4 style=\"text-align: center;\">DIGNO DE CONFIANZA Y ATENTO<\/h4>\n\n\t\t<\/div>\n\t<\/div>\n<\/div><\/div><\/div><\/div><\/div><div class=\"vc_row wpb_row light1 blurb-row vc_custom_1748895471153 vc_row-o-content-middle vc_row-flex\"><div class=\"container\"><div class=\"wpb_column vc_column_container vc_col-sm-1\"><div class=\"vc_column-inner\"><div class=\"wpb_wrapper\"><\/div><\/div><\/div><div class=\"wpb_column vc_column_container vc_col-sm-10\"><div class=\"vc_column-inner\"><div class=\"wpb_wrapper\">\n\t<div class=\"wpb_text_column wpb_content_element  mb0 center-btn alt-btn\" >\n\t\t<div class=\"wpb_wrapper\">\n\t\t\t<p><center><!-- HFCM by 99 Robots - Snippet # 19: National &quot;See if You Qualify&quot; Button (EN+ES) -->\n<div data-tf-live=\"01JEEWYR1ZCXMY8M6WGKZTQK4Z\"><\/div><script src=\"\/\/embed.typeform.com\/next\/embed.js\"><\/script>\n<!-- \/end HFCM by 99 Robots -->\n<\/center><\/p>\n\n\t\t<\/div>\n\t<\/div>\n<\/div><\/div><\/div><div class=\"wpb_column vc_column_container vc_col-sm-1\"><div class=\"vc_column-inner\"><div class=\"wpb_wrapper\"><\/div><\/div><\/div><\/div><\/div><div class=\"vc_row wpb_row fifty-fifty image-right dark1\"><div class=\"container\"><div class=\"wpb_column vc_column_container vc_col-sm-6\"><div class=\"vc_column-inner\"><div class=\"wpb_wrapper\">\n\t<div class=\"wpb_text_column wpb_content_element  mb0\" >\n\t\t<div class=\"wpb_wrapper\">\n\t\t\t<h2 style=\"text-align: right;\">Nuestro bufete de abogados de la Ley Lim\u00f3n trabaja sobre una base de contingencia<\/h2>\n<p style=\"text-align: right;\">En Prestige Legal Solutions, nuestro bufete de abogados opera sobre una base de contingencia, lo que significa que s\u00f3lo nos pagan si ganamos con \u00e9xito su caso. Esto permite a las personas que han experimentado problemas con sus veh\u00edculos cubiertos por la Ley Lim\u00f3n a buscar representaci\u00f3n legal sin preocuparse por los costos iniciales. Nuestro equipo est\u00e1 dedicado a ayudar a los clientes a navegar por las complejidades de los casos de la Ley Lim\u00f3n y luchar por la compensaci\u00f3n que se merecen.<\/p>\n\n\t\t<\/div>\n\t<\/div>\n<\/div><\/div><\/div><div class=\"our-lemon-law-firm-column wpb_column vc_column_container vc_col-sm-6 vc_col-has-fill\"><div class=\"vc_column-inner vc_custom_1737488723451\"><div class=\"wpb_wrapper\"><\/div><\/div><\/div><\/div><\/div><div class=\"vc_row wpb_row fifty-fifty image-left light1 flip-mobile\"><div class=\"container\"><div class=\"start-your-free-column wpb_column vc_column_container vc_col-sm-6 vc_col-has-fill\"><div class=\"vc_column-inner vc_custom_1737488753237\"><div class=\"wpb_wrapper\"><\/div><\/div><\/div><div class=\"wpb_column vc_column_container vc_col-sm-6\"><div class=\"vc_column-inner\"><div class=\"wpb_wrapper\">\n\t<div class=\"wpb_text_column wpb_content_element  mb0\" >\n\t\t<div class=\"wpb_wrapper\">\n\t\t\t<h3>\u00a1Comience su revisi\u00f3n de caso GRATIS con nuestra firma hoy!<\/h3>\n<p>Si usted tiene un coche \"Lim\u00f3n\", la b\u00fasqueda de ayuda legal para proteger sus derechos y buscar una compensaci\u00f3n es importante. Los abogados especializados en \"Limones\" de Prestige Legal pueden revisar su caso de forma gratuita y orientarle sobre c\u00f3mo proceder. No dude en ponerse en contacto con ellos para empezar a buscar justicia y recuperaci\u00f3n financiera.<\/p>\n\n\t\t<\/div>\n\t<\/div>\n<\/div><\/div><\/div><\/div><\/div><div class=\"vc_row wpb_row cta-row dark1\"><div class=\"container\"><div class=\"wpb_column vc_column_container vc_col-sm-12\"><div class=\"vc_column-inner\"><div class=\"wpb_wrapper\">\n\t<div class=\"wpb_text_column wpb_content_element  mb0\" >\n\t\t<div class=\"wpb_wrapper\">\n\t\t\t<h3>Evaluamos su caso gratis y sin honorarios<\/h3>\n<!-- HFCM by 99 Robots - Snippet # 19: National &quot;See if You Qualify&quot; Button (EN+ES) -->\n<div data-tf-live=\"01JEEWYR1ZCXMY8M6WGKZTQK4Z\"><\/div><script src=\"\/\/embed.typeform.com\/next\/embed.js\"><\/script>\n<!-- \/end HFCM by 99 Robots -->\n\n\n\t\t<\/div>\n\t<\/div>\n<\/div><\/div><\/div><\/div><\/div><div class=\"vc_row wpb_row promo-row fifty-fifty dark1\"><div class=\"container\"><div class=\"our-attorneys wpb_column vc_column_container vc_col-sm-3 vc_col-has-fill\"><div class=\"vc_column-inner vc_custom_1737488786346\"><div class=\"wpb_wrapper\">\n\t<div class=\"wpb_text_column wpb_content_element  mb0\" >\n\t\t<div class=\"wpb_wrapper\">\n\t\t\t<h4 style=\"text-align: center;\">NUESTROS ABOGADOS<\/h4>\n<p style=\"text-align: center;\"><a class=\"btn-bt default\" title=\"conozca a nuestros expertos en la ley del lim\u00f3n\" href=\"#\">SABER M\u00c1S<\/a><\/p>\n\n\t\t<\/div>\n\t<\/div>\n<\/div><\/div><\/div><div class=\"lemon-law wpb_column vc_column_container vc_col-sm-3 vc_col-has-fill\"><div class=\"vc_column-inner vc_custom_1737488797785\"><div class=\"wpb_wrapper\">\n\t<div class=\"wpb_text_column wpb_content_element  mb0\" >\n\t\t<div class=\"wpb_wrapper\">\n\t\t\t<h4 style=\"text-align: center;\">LEY LIM\u00d3N<\/h4>\n<p style=\"text-align: center;\"><a class=\"btn-bt default\" title=\"ley federal del lim\u00f3n faq\" href=\"https:\/\/lemonlaws.com\/es\/faq-preguntas\/\">SABER M\u00c1S<\/a><\/p>\n\n\t\t<\/div>\n\t<\/div>\n<\/div><\/div><\/div><div class=\"about-us wpb_column vc_column_container vc_col-sm-3 vc_col-has-fill\"><div class=\"vc_column-inner vc_custom_1737488806213\"><div class=\"wpb_wrapper\">\n\t<div class=\"wpb_text_column wpb_content_element  mb0\" >\n\t\t<div class=\"wpb_wrapper\">\n\t\t\t<h4 style=\"text-align: center;\">SOBRE NOSOTROS<\/h4>\n<p style=\"text-align: center;\"><a class=\"btn-bt default\" title=\"acerca de nuestro bufete de abogados\" href=\"\/es\/acerca-de\/\">SABER M\u00c1S<\/a><\/p>\n\n\t\t<\/div>\n\t<\/div>\n<\/div><\/div><\/div><div class=\"locations wpb_column vc_column_container vc_col-sm-3 vc_col-has-fill\"><div class=\"vc_column-inner vc_custom_1737488813548\"><div class=\"wpb_wrapper\">\n\t<div class=\"wpb_text_column wpb_content_element  mb0\" >\n\t\t<div class=\"wpb_wrapper\">\n\t\t\t<h4 style=\"text-align: center;\">UBICACIONES<\/h4>\n<p style=\"text-align: center;\"><a class=\"btn-bt default\" title=\"estados en los que prestamos servicio\" href=\"#\">SABER M\u00c1S<\/a><\/p>\n\n\t\t<\/div>\n\t<\/div>\n<\/div><\/div><\/div><\/div><\/div>\n<\/div>","protected":false},"excerpt":{"rendered":"Somos un bufete de abogados de California que se especializa en la b\u00fasqueda de justicia para los consumidores que han comprado veh\u00edculos defectuosos. Nuestro equipo de abogados experimentados se dedica a proporcionar a los clientes la representaci\u00f3n legal necesaria para ir de cabeza a cabeza con los abogados del fabricante del veh\u00edculo. Contamos con un... <a class=\"more-link\" href=\"https:\/\/lemonlaws.com\/es\/about-2\/\">Seguir leyendo <span class=\"screen-reader-text\">Acerca de<\/span><\/a>","protected":false},"author":1,"featured_media":0,"parent":0,"menu_order":0,"comment_status":"closed","ping_status":"closed","template":"","meta":{"_acf_changed":false,"content-type":"","h5ap_radio_sources":[],"footnotes":""},"class_list":["post-2486","page","type-page","status-publish","entry"],"acf":[],"aioseo_notices":[],"_links":{"self":[{"href":"https:\/\/lemonlaws.com\/es\/wp-json\/wp\/v2\/pages\/2486","targetHints":{"allow":["GET"]}}],"collection":[{"href":"https:\/\/lemonlaws.com\/es\/wp-json\/wp\/v2\/pages"}],"about":[{"href":"https:\/\/lemonlaws.com\/es\/wp-json\/wp\/v2\/types\/page"}],"author":[{"embeddable":true,"href":"https:\/\/lemonlaws.com\/es\/wp-json\/wp\/v2\/users\/1"}],"replies":[{"embeddable":true,"href":"https:\/\/lemonlaws.com\/es\/wp-json\/wp\/v2\/comments?post=2486"}],"version-history":[{"count":1,"href":"https:\/\/lemonlaws.com\/es\/wp-json\/wp\/v2\/pages\/2486\/revisions"}],"predecessor-version":[{"id":8798,"href":"https:\/\/lemonlaws.com\/es\/wp-json\/wp\/v2\/pages\/2486\/revisions\/8798"}],"wp:attachment":[{"href":"https:\/\/lemonlaws.com\/es\/wp-json\/wp\/v2\/media?parent=2486"}],"curies":[{"name":"wp","href":"https:\/\/api.w.org\/{rel}","templated":true}]}}