{"id":226,"date":"2017-09-19T08:35:11","date_gmt":"2017-09-19T15:35:11","guid":{"rendered":"http:\/\/web-2018.vmgagencysites.com\/?page_id=226"},"modified":"2025-07-03T15:54:25","modified_gmt":"2025-07-03T22:54:25","slug":"pongase-en-contacto-con","status":"publish","type":"page","link":"https:\/\/lemonlaws.com\/es\/contact\/","title":{"rendered":"Cont\u00e1ctenos"},"content":{"rendered":"<div class=\"wpb-content-wrapper\"><div class=\"vc_row wpb_row dark1\"><div class=\"container\"><div class=\"wpb_column vc_column_container vc_col-sm-12\"><div class=\"vc_column-inner\"><div class=\"wpb_wrapper\">\n\t<div class=\"wpb_text_column wpb_content_element\" >\n\t\t<div class=\"wpb_wrapper\">\n\t\t\t<h3 style=\"text-align: center;\">P\u00f3ngase en contacto con nosotros<\/h3>\n<p style=\"text-align: center;\">\u00bfListo para resolver su caso de la ley del lim\u00f3n de California? Nuestro <a href=\"https:\/\/lemonlaws.com\/es\/abogados\/\">abogados expertos en la ley del lim\u00f3n en Los \u00c1ngeles<\/a> tienen un historial probado de ayudar a los clientes a obtener la compensaci\u00f3n que merecen. Conf\u00ede en nuestro experimentado equipo para luchar por sus derechos y asegurar la compensaci\u00f3n que se merece.<\/p>\n<p style=\"text-align: center;\"><strong>Ll\u00e1menos hoy mismo al\u00a0<a href=\"tel:+18446612669\">(844) 661-2669<\/a>\u00a0para una consulta gratuita y ver si re\u00fane los requisitos para recibir ayuda.<\/strong><\/p>\n\n\t\t<\/div>\n\t<\/div>\n\n\t<div class=\"wpb_raw_code wpb_raw_js\" >\n\t\t<div class=\"wpb_wrapper\">\n\t\t\t<script charset=\"utf-8\" type=\"text\/javascript\" src=\"\/\/js.hsforms.net\/forms\/embed\/v2.js\"><\/script>\n<script>\n  hbspt.forms.create({\n    region: \"na1\",\n    portalId: \"8932302\",\n    formId: \"0843527b-ee7b-48b5-ad10-2f7d3567927b\"\n  });\n<\/script>\n\t\t<\/div>\n\t<\/div>\n<\/div><\/div><\/div><\/div><\/div><div class=\"vc_row wpb_row fifty-fifty image-right dark2\"><div class=\"container\"><div class=\"nap-col wpb_column vc_column_container vc_col-sm-6\"><div class=\"vc_column-inner\"><div class=\"wpb_wrapper\">\n\t<div class=\"wpb_text_column wpb_content_element  mb0\" >\n\t\t<div class=\"wpb_wrapper\">\n\t\t\t<h3>Sede central<\/h3>\n<hr class=\"line fw-line\" \/>\n<h5><\/h5>\n<h5>UBICACI\u00d3N<\/h5>\n<p>\n\t\t\t\t\t<a class=\"shrtcde-lnk\" href=\"https:\/\/maps.app.goo.gl\/hfgJepjGRMfvaSHMA\" target=\"_blank\"><!--<br>-->6420 Wilshire Blvd.<br>Direcci\u00f3n 1400 <br>Los Angeles, CA , 90048<\/a>\n\t\t<br \/>\n<a href=\"https:\/\/www.google.com\/maps\/place\/LemonLaws.com+by+Prestige+Legal+Solutions,+P.C.\/@34.0634774,-118.3689819,17z\/data=!3m1!4b1!4m6!3m5!1s0x80c2b927983ee6a7:0x36d456508661401d!8m2!3d34.0634774!4d-118.3689819!16s%2Fg%2F11r9w0vsmt?entry=ttu&amp;g_ep=EgoyMDI0MTIxMS4wIKXMDSoASAFQAw%3D%3D\">C\u00f3mo llegar<\/a><\/p>\n<h5>TEL\u00c9FONO<\/h5>\n<p>Ll\u00e1menos: <a href=\"tel:+18446612669\">(844) 661-2669<\/a><\/p>\n<h5>HORAS<\/h5>\n<p>De lunes a domingo: de 8.00 a 20.00 horas<\/p>\n<div id=\"aircall-extension-app\"><\/div>\n<div id=\"aircall-extension-app\"><\/div>\n\n\t\t<\/div>\n\t<\/div>\n<\/div><\/div><\/div><div class=\"map-col wpb_column vc_column_container vc_col-sm-6\"><div class=\"vc_column-inner\"><div class=\"wpb_wrapper\"><div class=\"wpb_gmaps_widget wpb_content_element vc_map_responsive mb0 map-element\" >\n\t\t<div class=\"wpb_wrapper\">\n\t\t<div class=\"wpb_map_wraper\">\n\t\t\t<iframe src=\"https:\/\/www.google.com\/maps\/embed?pb=!1m14!1m8!1m3!1d13220.94190993398!2d-118.3689819!3d34.0634774!3m2!1i1024!2i768!4f13.1!3m3!1m2!1s0x80c2b927983ee6a7%3A0x36d456508661401d!2sCali%20Lemon%20Lawyers%20by%20Prestige%20Legal%20Solutions%2C%20P.C.!5e0!3m2!1sen!2sus!4v1718046701148!5m2!1sen!2sus\" width=\"600\" height=\"450\" style=\"border:0;\" allowfullscreen=\"\" loading=\"lazy\" referrerpolicy=\"no-referrer-when-downgrade\"><\/iframe>\t\t<\/div>\n\t<\/div>\n<\/div>\n<\/div><\/div><\/div><\/div><\/div><div class=\"vc_row wpb_row cta-row dark1\"><div class=\"container\"><div class=\"wpb_column vc_column_container vc_col-sm-12\"><div class=\"vc_column-inner\"><div class=\"wpb_wrapper\">\n\t<div class=\"wpb_text_column wpb_content_element  mb0\" >\n\t\t<div class=\"wpb_wrapper\">\n\t\t\t<h3 style=\"text-align: center;\">Evaluaciones de casos gratis | Sin honorarios hasta que ganemos<\/h3>\n<!-- HFCM by 99 Robots - Snippet # 17: CA &quot;See if You Qualify&quot; Button (EN+ES) -->\n<div data-tf-live=\"01JEEWYR1ZCXMY8M6WGKZTQK4Z\"><\/div><script src=\"\/\/embed.typeform.com\/next\/embed.js\"><\/script>\n<!-- \/end HFCM by 99 Robots -->\n\n<div id=\"aircall-extension-app\"><\/div>\n\n\t\t<\/div>\n\t<\/div>\n<\/div><\/div><\/div><\/div><\/div><div class=\"vc_row wpb_row fifty-fifty image-right dark2\"><div class=\"container\"><div class=\"nap-col wpb_column vc_column_container vc_col-sm-6\"><div class=\"vc_column-inner\"><div class=\"wpb_wrapper\">\n\t<div class=\"wpb_text_column wpb_content_element  mb0\" >\n\t\t<div class=\"wpb_wrapper\">\n\t\t\t<h3>Prensa y medios de comunicaci\u00f3n<\/h3>\n<hr class=\"line fw-line\" \/>\n<h5><\/h5>\n<h5>UBICACI\u00d3N<\/h5>\n<p>\n\t\t\t\t\t<a class=\"shrtcde-lnk\" href=\"https:\/\/maps.app.goo.gl\/hfgJepjGRMfvaSHMA\" target=\"_blank\"><!--<br>-->6420 Wilshire Blvd.<br>Direcci\u00f3n 1400 <br>Los Angeles, CA , 90048<\/a>\n\t\t<br \/>\n<a href=\"https:\/\/www.google.com\/maps\/place\/LemonLaws.com+by+Prestige+Legal+Solutions,+P.C.\/@34.0634774,-118.3689819,17z\/data=!3m1!4b1!4m6!3m5!1s0x80c2b927983ee6a7:0x36d456508661401d!8m2!3d34.0634774!4d-118.3689819!16s%2Fg%2F11r9w0vsmt?entry=ttu&amp;g_ep=EgoyMDI0MTIxMS4wIKXMDSoASAFQAw%3D%3D\">C\u00f3mo llegar<\/a><\/p>\n<h5>TEL\u00c9FONO<\/h5>\n<p>Ll\u00e1menos: <a href=\"tel:+13239918550\">(323) 991-8550<\/a><\/p>\n<h5>EMAIL<\/h5>\n<p>Env\u00edenos un correo electr\u00f3nico: <a href=\"mailto:marketing@plsfirm.com\">marketing@plsfirm.com<\/a><\/p>\n<h5>HORAS<\/h5>\n<p>Lunes - Viernes: 8AM - 5PM<\/p>\n<div id=\"aircall-extension-app\"><\/div>\n<div id=\"aircall-extension-app\"><\/div>\n\n\t\t<\/div>\n\t<\/div>\n<\/div><\/div><\/div><div class=\"map-col wpb_column vc_column_container vc_col-sm-6\"><div class=\"vc_column-inner\"><div class=\"wpb_wrapper\"><div class=\"wpb_gmaps_widget wpb_content_element vc_map_responsive mb0 map-element\" >\n\t\t<div class=\"wpb_wrapper\">\n\t\t<div class=\"wpb_map_wraper\">\n\t\t\t<iframe src=\"https:\/\/www.google.com\/maps\/embed?pb=!1m14!1m8!1m3!1d13220.94190993398!2d-118.3689819!3d34.0634774!3m2!1i1024!2i768!4f13.1!3m3!1m2!1s0x80c2b927983ee6a7%3A0x36d456508661401d!2sCali%20Lemon%20Lawyers%20by%20Prestige%20Legal%20Solutions%2C%20P.C.!5e0!3m2!1sen!2sus!4v1718046701148!5m2!1sen!2sus\" width=\"600\" height=\"450\" style=\"border:0;\" allowfullscreen=\"\" loading=\"lazy\" referrerpolicy=\"no-referrer-when-downgrade\"><\/iframe>\t\t<\/div>\n\t<\/div>\n<\/div>\n<\/div><\/div><\/div><\/div><\/div><div class=\"vc_row wpb_row cta-row dark1\"><div class=\"container\"><div class=\"wpb_column vc_column_container vc_col-sm-12\"><div class=\"vc_column-inner\"><div class=\"wpb_wrapper\">\n\t<div class=\"wpb_text_column wpb_content_element  mb0\" >\n\t\t<div class=\"wpb_wrapper\">\n\t\t\t<h3 style=\"text-align: center;\">Sus abogados<\/h3>\n<!-- HFCM by 99 Robots - Snippet # 17: CA &quot;See if You Qualify&quot; Button (EN+ES) -->\n<div data-tf-live=\"01JEEWYR1ZCXMY8M6WGKZTQK4Z\"><\/div><script src=\"\/\/embed.typeform.com\/next\/embed.js\"><\/script>\n<!-- \/end HFCM by 99 Robots -->\n\n<div id=\"aircall-extension-app\"><\/div>\n\n\t\t<\/div>\n\t<\/div>\n<\/div><\/div><\/div><\/div><\/div>\n<\/div>","protected":false},"excerpt":{"rendered":"P\u00f3ngase en contacto con nosotros ahora \u00bfListo para resolver su caso de la ley del lim\u00f3n de California? Nuestros experimentados abogados de la ley del lim\u00f3n en Los \u00c1ngeles tienen un historial probado de ayudar a los clientes a obtener la compensaci\u00f3n que merecen. Conf\u00ede en nuestro experimentado equipo para luchar por sus derechos y asegurar la compensaci\u00f3n que se merece. Ll\u00e1menos hoy al (844) 661-2669 para una consulta gratuita ... <a class=\"more-link\" href=\"https:\/\/lemonlaws.com\/es\/contact\/\">Seguir leyendo <span class=\"screen-reader-text\">Cont\u00e1ctenos<\/span><\/a>","protected":false},"author":1,"featured_media":0,"parent":0,"menu_order":0,"comment_status":"closed","ping_status":"closed","template":"","meta":{"_acf_changed":false,"content-type":"","h5ap_radio_sources":[],"footnotes":""},"class_list":["post-226","page","type-page","status-publish","entry"],"acf":[],"aioseo_notices":[],"_links":{"self":[{"href":"https:\/\/lemonlaws.com\/es\/wp-json\/wp\/v2\/pages\/226","targetHints":{"allow":["GET"]}}],"collection":[{"href":"https:\/\/lemonlaws.com\/es\/wp-json\/wp\/v2\/pages"}],"about":[{"href":"https:\/\/lemonlaws.com\/es\/wp-json\/wp\/v2\/types\/page"}],"author":[{"embeddable":true,"href":"https:\/\/lemonlaws.com\/es\/wp-json\/wp\/v2\/users\/1"}],"replies":[{"embeddable":true,"href":"https:\/\/lemonlaws.com\/es\/wp-json\/wp\/v2\/comments?post=226"}],"version-history":[{"count":0,"href":"https:\/\/lemonlaws.com\/es\/wp-json\/wp\/v2\/pages\/226\/revisions"}],"wp:attachment":[{"href":"https:\/\/lemonlaws.com\/es\/wp-json\/wp\/v2\/media?parent=226"}],"curies":[{"name":"wp","href":"https:\/\/api.w.org\/{rel}","templated":true}]}}